{"id":633,"date":"2019-03-18T17:15:58","date_gmt":"2019-03-18T17:15:58","guid":{"rendered":"http:\/\/instituciones2.gtm.sld.cu\/dmsmta\/?page_id=633"},"modified":"2019-03-18T17:15:58","modified_gmt":"2019-03-18T17:15:58","slug":"pami","status":"publish","type":"page","link":"https:\/\/instituciones.gtm.sld.cu\/dmsmta\/departamentos\/asistencia-medica\/pami\/","title":{"rendered":"PAMI"},"content":{"rendered":"\n<p><strong>Programa Materno-infantil en Cuba<\/strong>: El seguimiento a las  embarazadas consideradas de alto riesgo y la efectiva implementaci\u00f3n de  la gen\u00e9tica m\u00e9dica, constituyen prioridades del Programa <a href=\"https:\/\/www.ecured.cu\/index.php?title=Materno_Infantil&amp;action=edit&amp;redlink=1\">Materno Infantil<\/a>  que  garantiza la atenci\u00f3n m\u00e9dica integral a la madre y al ni\u00f1o, todo  esto ha contribuido a alcanzar indicadores que se encuentran  por encima  de los pa\u00edses del primer mundo, pese al bloqueo de Estados Unidos  contra la isla.<\/p>\n\n\n\n<p><strong>MISI\u00d3N<\/strong><\/p>\n\n\n\n<p>La secci\u00f3n materno Infantil provincial tiene como\nmisi\u00f3n brindar asesor\u00eda metodol\u00f3gica, controlar y fiscalizar los procesos que\nse desarrollan para garantizar atenci\u00f3n m\u00e9dica integral a la poblaci\u00f3n materna\ninfantil y de la mujer en edad f\u00e9rtil en todos los niveles del sistema,\ncomprometidos con el m\u00e1s alto sentido de humanismo, conciencia y compromiso con\nel pueblo, contando con recursos humanos calificados y formados con los valores\n\u00e9ticos deseados.<\/p>\n\n\n\n<p><strong>VISI\u00d3N<\/strong><\/p>\n\n\n\n<p>Somos un colectivo que trabaja con \u00e9tica y\nprofesionalidad. Asesora, controla y regula los procesos que se ejecutan, para\nlograr una calidad sostenible en la atenci\u00f3n y servicios de excelencia en la\nsalud materno infantil, sustentado en un elevado nivel cient\u00edfico t\u00e9cnico\nalcanzado por sus trabajadores, que han hecho posible alcanzar los objetivos\npropuestos y alto nivel de satisfacci\u00f3n de la poblaci\u00f3n.<\/p>\n\n\n\n<p><strong>Fuente:<\/strong> Departamento asistencia medica de la DMS.<\/p>\n","protected":false},"excerpt":{"rendered":"<p>Programa Materno-infantil en Cuba: El seguimiento a las embarazadas consideradas de alto riesgo y la efectiva implementaci\u00f3n de la gen\u00e9tica m\u00e9dica, constituyen prioridades del Programa Materno Infantil que garantiza la atenci\u00f3n m\u00e9dica integral a la madre y al ni\u00f1o, todo esto ha contribuido a alcanzar indicadores que se encuentran por encima de los pa\u00edses del &hellip; <\/p>\n<p><a class=\"more-link btn\" href=\"https:\/\/instituciones.gtm.sld.cu\/dmsmta\/departamentos\/asistencia-medica\/pami\/\">Seguir leyendo<\/a><\/p>\n","protected":false},"author":79,"featured_media":0,"parent":543,"menu_order":1,"comment_status":"closed","ping_status":"closed","template":"","meta":{"ngg_post_thumbnail":0,"_mc_calendar":[]},"yoast_head":"<!-- This site is optimized with the Yoast SEO plugin v21.8 - https:\/\/yoast.com\/wordpress\/plugins\/seo\/ -->\n<title>PAMI - Direcci\u00f3n General de Salud<\/title>\n<meta name=\"robots\" content=\"index, follow, max-snippet:-1, max-image-preview:large, max-video-preview:-1\" \/>\n<link rel=\"canonical\" href=\"https:\/\/instituciones.gtm.sld.cu\/dmsmta\/departamentos\/asistencia-medica\/pami\/\" \/>\n<meta property=\"og:locale\" content=\"es_ES\" \/>\n<meta property=\"og:type\" content=\"article\" \/>\n<meta property=\"og:title\" content=\"PAMI - Direcci\u00f3n General de Salud\" \/>\n<meta property=\"og:description\" content=\"Programa Materno-infantil en Cuba: El seguimiento a las embarazadas consideradas de alto riesgo y la efectiva implementaci\u00f3n de la gen\u00e9tica m\u00e9dica, constituyen prioridades del Programa Materno Infantil que garantiza la atenci\u00f3n m\u00e9dica integral a la madre y al ni\u00f1o, todo esto ha contribuido a alcanzar indicadores que se encuentran por encima de los pa\u00edses del &hellip; Seguir leyendo\" \/>\n<meta property=\"og:url\" content=\"https:\/\/instituciones.gtm.sld.cu\/dmsmta\/departamentos\/asistencia-medica\/pami\/\" \/>\n<meta property=\"og:site_name\" content=\"Direcci\u00f3n General de Salud\" \/>\n<meta name=\"twitter:card\" content=\"summary_large_image\" \/>\n<meta name=\"twitter:label1\" content=\"Tiempo de lectura\" \/>\n\t<meta name=\"twitter:data1\" content=\"1 minuto\" \/>\n<script type=\"application\/ld+json\" class=\"yoast-schema-graph\">{\"@context\":\"https:\/\/schema.org\",\"@graph\":[{\"@type\":\"WebPage\",\"@id\":\"https:\/\/instituciones.gtm.sld.cu\/dmsmta\/departamentos\/asistencia-medica\/pami\/\",\"url\":\"https:\/\/instituciones.gtm.sld.cu\/dmsmta\/departamentos\/asistencia-medica\/pami\/\",\"name\":\"PAMI - Direcci\u00f3n General de Salud\",\"isPartOf\":{\"@id\":\"https:\/\/instituciones.gtm.sld.cu\/dmsmta\/#website\"},\"datePublished\":\"2019-03-18T17:15:58+00:00\",\"dateModified\":\"2019-03-18T17:15:58+00:00\",\"breadcrumb\":{\"@id\":\"https:\/\/instituciones.gtm.sld.cu\/dmsmta\/departamentos\/asistencia-medica\/pami\/#breadcrumb\"},\"inLanguage\":\"es\",\"potentialAction\":[{\"@type\":\"ReadAction\",\"target\":[\"https:\/\/instituciones.gtm.sld.cu\/dmsmta\/departamentos\/asistencia-medica\/pami\/\"]}]},{\"@type\":\"BreadcrumbList\",\"@id\":\"https:\/\/instituciones.gtm.sld.cu\/dmsmta\/departamentos\/asistencia-medica\/pami\/#breadcrumb\",\"itemListElement\":[{\"@type\":\"ListItem\",\"position\":1,\"name\":\"Portada\",\"item\":\"https:\/\/instituciones.gtm.sld.cu\/dmsmta\/\"},{\"@type\":\"ListItem\",\"position\":2,\"name\":\"Director General\",\"item\":\"https:\/\/instituciones.gtm.sld.cu\/dmsmta\/departamentos\/\"},{\"@type\":\"ListItem\",\"position\":3,\"name\":\"Direcci\u00f3n de Asistencia M\u00e9dica\",\"item\":\"https:\/\/instituciones.gtm.sld.cu\/dmsmta\/departamentos\/asistencia-medica\/\"},{\"@type\":\"ListItem\",\"position\":4,\"name\":\"PAMI\"}]},{\"@type\":\"WebSite\",\"@id\":\"https:\/\/instituciones.gtm.sld.cu\/dmsmta\/#website\",\"url\":\"https:\/\/instituciones.gtm.sld.cu\/dmsmta\/\",\"name\":\"Direcci\u00f3n General de Salud\",\"description\":\"Manuel Tames\",\"potentialAction\":[{\"@type\":\"SearchAction\",\"target\":{\"@type\":\"EntryPoint\",\"urlTemplate\":\"https:\/\/instituciones.gtm.sld.cu\/dmsmta\/?s={search_term_string}\"},\"query-input\":\"required name=search_term_string\"}],\"inLanguage\":\"es\"}]}<\/script>\n<!-- \/ Yoast SEO plugin. -->","yoast_head_json":{"title":"PAMI - Direcci\u00f3n General de Salud","robots":{"index":"index","follow":"follow","max-snippet":"max-snippet:-1","max-image-preview":"max-image-preview:large","max-video-preview":"max-video-preview:-1"},"canonical":"https:\/\/instituciones.gtm.sld.cu\/dmsmta\/departamentos\/asistencia-medica\/pami\/","og_locale":"es_ES","og_type":"article","og_title":"PAMI - Direcci\u00f3n General de Salud","og_description":"Programa Materno-infantil en Cuba: El seguimiento a las embarazadas consideradas de alto riesgo y la efectiva implementaci\u00f3n de la gen\u00e9tica m\u00e9dica, constituyen prioridades del Programa Materno Infantil que garantiza la atenci\u00f3n m\u00e9dica integral a la madre y al ni\u00f1o, todo esto ha contribuido a alcanzar indicadores que se encuentran por encima de los pa\u00edses del &hellip; Seguir leyendo","og_url":"https:\/\/instituciones.gtm.sld.cu\/dmsmta\/departamentos\/asistencia-medica\/pami\/","og_site_name":"Direcci\u00f3n General de Salud","twitter_card":"summary_large_image","twitter_misc":{"Tiempo de lectura":"1 minuto"},"schema":{"@context":"https:\/\/schema.org","@graph":[{"@type":"WebPage","@id":"https:\/\/instituciones.gtm.sld.cu\/dmsmta\/departamentos\/asistencia-medica\/pami\/","url":"https:\/\/instituciones.gtm.sld.cu\/dmsmta\/departamentos\/asistencia-medica\/pami\/","name":"PAMI - Direcci\u00f3n General de Salud","isPartOf":{"@id":"https:\/\/instituciones.gtm.sld.cu\/dmsmta\/#website"},"datePublished":"2019-03-18T17:15:58+00:00","dateModified":"2019-03-18T17:15:58+00:00","breadcrumb":{"@id":"https:\/\/instituciones.gtm.sld.cu\/dmsmta\/departamentos\/asistencia-medica\/pami\/#breadcrumb"},"inLanguage":"es","potentialAction":[{"@type":"ReadAction","target":["https:\/\/instituciones.gtm.sld.cu\/dmsmta\/departamentos\/asistencia-medica\/pami\/"]}]},{"@type":"BreadcrumbList","@id":"https:\/\/instituciones.gtm.sld.cu\/dmsmta\/departamentos\/asistencia-medica\/pami\/#breadcrumb","itemListElement":[{"@type":"ListItem","position":1,"name":"Portada","item":"https:\/\/instituciones.gtm.sld.cu\/dmsmta\/"},{"@type":"ListItem","position":2,"name":"Director General","item":"https:\/\/instituciones.gtm.sld.cu\/dmsmta\/departamentos\/"},{"@type":"ListItem","position":3,"name":"Direcci\u00f3n de Asistencia M\u00e9dica","item":"https:\/\/instituciones.gtm.sld.cu\/dmsmta\/departamentos\/asistencia-medica\/"},{"@type":"ListItem","position":4,"name":"PAMI"}]},{"@type":"WebSite","@id":"https:\/\/instituciones.gtm.sld.cu\/dmsmta\/#website","url":"https:\/\/instituciones.gtm.sld.cu\/dmsmta\/","name":"Direcci\u00f3n General de Salud","description":"Manuel Tames","potentialAction":[{"@type":"SearchAction","target":{"@type":"EntryPoint","urlTemplate":"https:\/\/instituciones.gtm.sld.cu\/dmsmta\/?s={search_term_string}"},"query-input":"required name=search_term_string"}],"inLanguage":"es"}]}},"_links":{"self":[{"href":"https:\/\/instituciones.gtm.sld.cu\/dmsmta\/wp-json\/wp\/v2\/pages\/633"}],"collection":[{"href":"https:\/\/instituciones.gtm.sld.cu\/dmsmta\/wp-json\/wp\/v2\/pages"}],"about":[{"href":"https:\/\/instituciones.gtm.sld.cu\/dmsmta\/wp-json\/wp\/v2\/types\/page"}],"author":[{"embeddable":true,"href":"https:\/\/instituciones.gtm.sld.cu\/dmsmta\/wp-json\/wp\/v2\/users\/79"}],"replies":[{"embeddable":true,"href":"https:\/\/instituciones.gtm.sld.cu\/dmsmta\/wp-json\/wp\/v2\/comments?post=633"}],"version-history":[{"count":0,"href":"https:\/\/instituciones.gtm.sld.cu\/dmsmta\/wp-json\/wp\/v2\/pages\/633\/revisions"}],"up":[{"embeddable":true,"href":"https:\/\/instituciones.gtm.sld.cu\/dmsmta\/wp-json\/wp\/v2\/pages\/543"}],"wp:attachment":[{"href":"https:\/\/instituciones.gtm.sld.cu\/dmsmta\/wp-json\/wp\/v2\/media?parent=633"}],"curies":[{"name":"wp","href":"https:\/\/api.w.org\/{rel}","templated":true}]}}