{"id":635,"date":"2019-03-18T17:16:53","date_gmt":"2019-03-18T17:16:53","guid":{"rendered":"http:\/\/instituciones2.gtm.sld.cu\/dmsmta\/?page_id=635"},"modified":"2019-03-18T17:16:53","modified_gmt":"2019-03-18T17:16:53","slug":"farmacia","status":"publish","type":"page","link":"https:\/\/instituciones.gtm.sld.cu\/dmsmta\/departamentos\/asistencia-medica\/farmacia\/","title":{"rendered":"Farmacia"},"content":{"rendered":"\n<p><strong>Medicamentos<\/strong><\/p>\n\n\n\n<p><strong>MISI\u00d3N<\/strong><\/p>\n\n\n\n<p>Garantizar\nuna adecuada planificaci\u00f3n y an\u00e1lisis de medicamentos, reactivos, gastables,\nproductos naturales, m\u00e9todos tradicionales, as\u00ed como tecnolog\u00edas sanitarias,\ncon el objetivo de alcanzar un uso \u00f3ptimo de los recursos en los diferentes\nniveles del Sistema Nacional de Salud cubano.<\/p>\n\n\n\n<p><strong>VISI\u00d3N<\/strong><\/p>\n\n\n\n<p>Somos una\ndirecci\u00f3n que cumple con su encargo estatal dentro de la estructura\norganizativa del Ministerio de Salud P\u00fablica, que contribuye mejorar el estado\nde salud de la poblaci\u00f3n a trav\u00e9s de la planificaci\u00f3n y el an\u00e1lisis de las\ntecnolog\u00edas m\u00e9dicas, gastables, reactivos, insumos, medicamentos, productos\nnaturales y m\u00e9todos tradicionales necesarios en el sistema.<\/p>\n\n\n\n<p>Somos una direcci\u00f3n que cumple con su encargo estatal dentro de la estructura organizativa del Ministerio de Salud P\u00fablica, que contribuye mejorar el estado de salud de la poblaci\u00f3n a trav\u00e9s de la planificaci\u00f3n y el an\u00e1lisis de las tecnolog\u00edas m\u00e9dicas, gastables, reactivos, insumos, medicamentos, productos naturales y m\u00e9todos tradicionales necesarios en el sistema.<\/p>\n\n\n\n<p><strong>Fuente: <\/strong> Departamento Farmacia de la DMS. <\/p>\n","protected":false},"excerpt":{"rendered":"<p>Medicamentos MISI\u00d3N Garantizar una adecuada planificaci\u00f3n y an\u00e1lisis de medicamentos, reactivos, gastables, productos naturales, m\u00e9todos tradicionales, as\u00ed como tecnolog\u00edas sanitarias, con el objetivo de alcanzar un uso \u00f3ptimo de los recursos en los diferentes niveles del Sistema Nacional de Salud cubano. VISI\u00d3N Somos una direcci\u00f3n que cumple con su encargo estatal dentro de la estructura &hellip; <\/p>\n<p><a class=\"more-link btn\" href=\"https:\/\/instituciones.gtm.sld.cu\/dmsmta\/departamentos\/asistencia-medica\/farmacia\/\">Seguir leyendo<\/a><\/p>\n","protected":false},"author":79,"featured_media":0,"parent":543,"menu_order":6,"comment_status":"closed","ping_status":"closed","template":"","meta":{"ngg_post_thumbnail":0,"_mc_calendar":[]},"yoast_head":"<!-- This site is optimized with the Yoast SEO plugin v21.8 - https:\/\/yoast.com\/wordpress\/plugins\/seo\/ -->\n<title>Farmacia - Direcci\u00f3n General de Salud<\/title>\n<meta name=\"robots\" content=\"index, follow, max-snippet:-1, max-image-preview:large, max-video-preview:-1\" \/>\n<link rel=\"canonical\" href=\"https:\/\/instituciones.gtm.sld.cu\/dmsmta\/departamentos\/asistencia-medica\/farmacia\/\" \/>\n<meta property=\"og:locale\" content=\"es_ES\" \/>\n<meta property=\"og:type\" content=\"article\" \/>\n<meta property=\"og:title\" content=\"Farmacia - Direcci\u00f3n General de Salud\" \/>\n<meta property=\"og:description\" content=\"Medicamentos MISI\u00d3N Garantizar una adecuada planificaci\u00f3n y an\u00e1lisis de medicamentos, reactivos, gastables, productos naturales, m\u00e9todos tradicionales, as\u00ed como tecnolog\u00edas sanitarias, con el objetivo de alcanzar un uso \u00f3ptimo de los recursos en los diferentes niveles del Sistema Nacional de Salud cubano. VISI\u00d3N Somos una direcci\u00f3n que cumple con su encargo estatal dentro de la estructura &hellip; Seguir leyendo\" \/>\n<meta property=\"og:url\" content=\"https:\/\/instituciones.gtm.sld.cu\/dmsmta\/departamentos\/asistencia-medica\/farmacia\/\" \/>\n<meta property=\"og:site_name\" content=\"Direcci\u00f3n General de Salud\" \/>\n<meta name=\"twitter:card\" content=\"summary_large_image\" \/>\n<meta name=\"twitter:label1\" content=\"Tiempo de lectura\" \/>\n\t<meta name=\"twitter:data1\" content=\"1 minuto\" \/>\n<script type=\"application\/ld+json\" class=\"yoast-schema-graph\">{\"@context\":\"https:\/\/schema.org\",\"@graph\":[{\"@type\":\"WebPage\",\"@id\":\"https:\/\/instituciones.gtm.sld.cu\/dmsmta\/departamentos\/asistencia-medica\/farmacia\/\",\"url\":\"https:\/\/instituciones.gtm.sld.cu\/dmsmta\/departamentos\/asistencia-medica\/farmacia\/\",\"name\":\"Farmacia - Direcci\u00f3n General de Salud\",\"isPartOf\":{\"@id\":\"https:\/\/instituciones.gtm.sld.cu\/dmsmta\/#website\"},\"datePublished\":\"2019-03-18T17:16:53+00:00\",\"dateModified\":\"2019-03-18T17:16:53+00:00\",\"breadcrumb\":{\"@id\":\"https:\/\/instituciones.gtm.sld.cu\/dmsmta\/departamentos\/asistencia-medica\/farmacia\/#breadcrumb\"},\"inLanguage\":\"es\",\"potentialAction\":[{\"@type\":\"ReadAction\",\"target\":[\"https:\/\/instituciones.gtm.sld.cu\/dmsmta\/departamentos\/asistencia-medica\/farmacia\/\"]}]},{\"@type\":\"BreadcrumbList\",\"@id\":\"https:\/\/instituciones.gtm.sld.cu\/dmsmta\/departamentos\/asistencia-medica\/farmacia\/#breadcrumb\",\"itemListElement\":[{\"@type\":\"ListItem\",\"position\":1,\"name\":\"Portada\",\"item\":\"https:\/\/instituciones.gtm.sld.cu\/dmsmta\/\"},{\"@type\":\"ListItem\",\"position\":2,\"name\":\"Director General\",\"item\":\"https:\/\/instituciones.gtm.sld.cu\/dmsmta\/departamentos\/\"},{\"@type\":\"ListItem\",\"position\":3,\"name\":\"Direcci\u00f3n de Asistencia M\u00e9dica\",\"item\":\"https:\/\/instituciones.gtm.sld.cu\/dmsmta\/departamentos\/asistencia-medica\/\"},{\"@type\":\"ListItem\",\"position\":4,\"name\":\"Farmacia\"}]},{\"@type\":\"WebSite\",\"@id\":\"https:\/\/instituciones.gtm.sld.cu\/dmsmta\/#website\",\"url\":\"https:\/\/instituciones.gtm.sld.cu\/dmsmta\/\",\"name\":\"Direcci\u00f3n General de Salud\",\"description\":\"Manuel Tames\",\"potentialAction\":[{\"@type\":\"SearchAction\",\"target\":{\"@type\":\"EntryPoint\",\"urlTemplate\":\"https:\/\/instituciones.gtm.sld.cu\/dmsmta\/?s={search_term_string}\"},\"query-input\":\"required name=search_term_string\"}],\"inLanguage\":\"es\"}]}<\/script>\n<!-- \/ Yoast SEO plugin. -->","yoast_head_json":{"title":"Farmacia - Direcci\u00f3n General de Salud","robots":{"index":"index","follow":"follow","max-snippet":"max-snippet:-1","max-image-preview":"max-image-preview:large","max-video-preview":"max-video-preview:-1"},"canonical":"https:\/\/instituciones.gtm.sld.cu\/dmsmta\/departamentos\/asistencia-medica\/farmacia\/","og_locale":"es_ES","og_type":"article","og_title":"Farmacia - Direcci\u00f3n General de Salud","og_description":"Medicamentos MISI\u00d3N Garantizar una adecuada planificaci\u00f3n y an\u00e1lisis de medicamentos, reactivos, gastables, productos naturales, m\u00e9todos tradicionales, as\u00ed como tecnolog\u00edas sanitarias, con el objetivo de alcanzar un uso \u00f3ptimo de los recursos en los diferentes niveles del Sistema Nacional de Salud cubano. VISI\u00d3N Somos una direcci\u00f3n que cumple con su encargo estatal dentro de la estructura &hellip; Seguir leyendo","og_url":"https:\/\/instituciones.gtm.sld.cu\/dmsmta\/departamentos\/asistencia-medica\/farmacia\/","og_site_name":"Direcci\u00f3n General de Salud","twitter_card":"summary_large_image","twitter_misc":{"Tiempo de lectura":"1 minuto"},"schema":{"@context":"https:\/\/schema.org","@graph":[{"@type":"WebPage","@id":"https:\/\/instituciones.gtm.sld.cu\/dmsmta\/departamentos\/asistencia-medica\/farmacia\/","url":"https:\/\/instituciones.gtm.sld.cu\/dmsmta\/departamentos\/asistencia-medica\/farmacia\/","name":"Farmacia - Direcci\u00f3n General de Salud","isPartOf":{"@id":"https:\/\/instituciones.gtm.sld.cu\/dmsmta\/#website"},"datePublished":"2019-03-18T17:16:53+00:00","dateModified":"2019-03-18T17:16:53+00:00","breadcrumb":{"@id":"https:\/\/instituciones.gtm.sld.cu\/dmsmta\/departamentos\/asistencia-medica\/farmacia\/#breadcrumb"},"inLanguage":"es","potentialAction":[{"@type":"ReadAction","target":["https:\/\/instituciones.gtm.sld.cu\/dmsmta\/departamentos\/asistencia-medica\/farmacia\/"]}]},{"@type":"BreadcrumbList","@id":"https:\/\/instituciones.gtm.sld.cu\/dmsmta\/departamentos\/asistencia-medica\/farmacia\/#breadcrumb","itemListElement":[{"@type":"ListItem","position":1,"name":"Portada","item":"https:\/\/instituciones.gtm.sld.cu\/dmsmta\/"},{"@type":"ListItem","position":2,"name":"Director General","item":"https:\/\/instituciones.gtm.sld.cu\/dmsmta\/departamentos\/"},{"@type":"ListItem","position":3,"name":"Direcci\u00f3n de Asistencia M\u00e9dica","item":"https:\/\/instituciones.gtm.sld.cu\/dmsmta\/departamentos\/asistencia-medica\/"},{"@type":"ListItem","position":4,"name":"Farmacia"}]},{"@type":"WebSite","@id":"https:\/\/instituciones.gtm.sld.cu\/dmsmta\/#website","url":"https:\/\/instituciones.gtm.sld.cu\/dmsmta\/","name":"Direcci\u00f3n General de Salud","description":"Manuel Tames","potentialAction":[{"@type":"SearchAction","target":{"@type":"EntryPoint","urlTemplate":"https:\/\/instituciones.gtm.sld.cu\/dmsmta\/?s={search_term_string}"},"query-input":"required name=search_term_string"}],"inLanguage":"es"}]}},"_links":{"self":[{"href":"https:\/\/instituciones.gtm.sld.cu\/dmsmta\/wp-json\/wp\/v2\/pages\/635"}],"collection":[{"href":"https:\/\/instituciones.gtm.sld.cu\/dmsmta\/wp-json\/wp\/v2\/pages"}],"about":[{"href":"https:\/\/instituciones.gtm.sld.cu\/dmsmta\/wp-json\/wp\/v2\/types\/page"}],"author":[{"embeddable":true,"href":"https:\/\/instituciones.gtm.sld.cu\/dmsmta\/wp-json\/wp\/v2\/users\/79"}],"replies":[{"embeddable":true,"href":"https:\/\/instituciones.gtm.sld.cu\/dmsmta\/wp-json\/wp\/v2\/comments?post=635"}],"version-history":[{"count":0,"href":"https:\/\/instituciones.gtm.sld.cu\/dmsmta\/wp-json\/wp\/v2\/pages\/635\/revisions"}],"up":[{"embeddable":true,"href":"https:\/\/instituciones.gtm.sld.cu\/dmsmta\/wp-json\/wp\/v2\/pages\/543"}],"wp:attachment":[{"href":"https:\/\/instituciones.gtm.sld.cu\/dmsmta\/wp-json\/wp\/v2\/media?parent=635"}],"curies":[{"name":"wp","href":"https:\/\/api.w.org\/{rel}","templated":true}]}}