{"id":2016,"date":"2019-03-13T13:49:31","date_gmt":"2019-03-13T17:49:31","guid":{"rendered":"http:\/\/instituciones.gtm.sld.cu\/electromedicina\/?page_id=2016"},"modified":"2023-11-08T10:47:40","modified_gmt":"2023-11-08T15:47:40","slug":"subdireccion-tecnica","status":"publish","type":"page","link":"https:\/\/instituciones.gtm.sld.cu\/electromedicina\/departamentos\/dpto-administrativo\/subdireccion-tecnica\/","title":{"rendered":"Subdirecci\u00f3n T\u00e9cnica"},"content":{"rendered":"<p>El \u00e1rea de la subdirecci\u00f3n t\u00e9cnica de nuestro centro est\u00e1 dirigida por el Ing. Abel Morieira Ruiz, el cual encamida los esfuerzos al cumplimiento de los objetivos de trabajo para el presente a\u00f1o 2022.<\/p>\n<p>&nbsp;<\/p>\n<p><strong><span style=\"color: #008000\">Objetivos de Trabajo para el 2023.<\/span><\/strong><\/p>\n\n<table id=\"tablepress-4\" class=\"tablepress tablepress-id-4\">\n<thead>\n<tr class=\"row-1\">\n\t<th class=\"column-1\">Objetivo No. 1. Incrementar el estado de salud de la poblaci\u00f3n y su satisfacci\u00f3n con los servicios (L-24, 98, 99, 108, 109, 116, 119, 126-132, 255, 269-272)<\/th><th class=\"column-2\">Responsable de la Ejecuci\u00f3n<\/th>\n<\/tr>\n<\/thead>\n<tbody class=\"row-striping row-hover\">\n<tr class=\"row-2\">\n\t<td class=\"column-1\">Criterios de Medidas<\/td><td class=\"column-2\"><\/td>\n<\/tr>\n<tr class=\"row-3\">\n\t<td class=\"column-1\">1.5  Perfeccionada la estrategia nacional de gesti\u00f3n d calidad en el sector de salud (L-24, 98, 99, 109, 126)<\/td><td class=\"column-2\"><\/td>\n<\/tr>\n<tr class=\"row-4\">\n\t<td class=\"column-1\">1.24 Implementados los planes y proyectos inform\u00e1ticos para el desarrollo y uso de las TIC en las instituciones de salud (L-123, 128<\/td><td class=\"column-2\"><\/td>\n<\/tr>\n<tr class=\"row-5\">\n\t<td class=\"column-1\">Objetivo No. 5 Cumplir con las diferentes modalidades de exportaci\u00f3n de servicios y de la cooperaci\u00f3n internacional del sistema de salud Cubano (L-63, 64, 67, 68, 69, 70, 72, 83, 84, 85, 86, 126, 129, 130, 133)<\/td><td class=\"column-2\"><\/td>\n<\/tr>\n<tr class=\"row-6\">\n\t<td class=\"column-1\">Criterios de Medidas<\/td><td class=\"column-2\"><\/td>\n<\/tr>\n<tr class=\"row-7\">\n\t<td class=\"column-1\">5.1.Garantizado la cobertura de las posiciones asistenciales y docentes de los programas que se ejecutan en Venezuela (L-86)<\/td><td class=\"column-2\"><\/td>\n<\/tr>\n<tr class=\"row-8\">\n\t<td class=\"column-1\">5.2. Logrado el relevo en la misi\u00f3n m\u00e9dica de Venezuela del 100 % de los colaboradores con m\u00e1s de tres a\u00f1os en la brigada. (L-86)<\/td><td class=\"column-2\"><\/td>\n<\/tr>\n<tr class=\"row-9\">\n\t<td class=\"column-1\">5.3. Logrado el relevo del 100% de los colaboradores de operaci\u00f3n Milagro, Angola, Programa Integral de Salud, Servicios M\u00e9dicos Cubanos y Asistencia T\u00e9cnica Compensada. (L-68, 69, 70,  84, 86)<\/td><td class=\"column-2\"><\/td>\n<\/tr>\n<tr class=\"row-10\">\n\t<td class=\"column-1\">5.4. Garantizado el proceso y tramitaci\u00f3n de los colaboradores en los proyectos de Servicios M\u00e9dicos Cubanos. (L-68, 69, 70, 84)<\/td><td class=\"column-2\"><\/td>\n<\/tr>\n<tr class=\"row-11\">\n\t<td class=\"column-1\">5.8. Incrementar el plan de ventas y de ingresos reales por la exportaci\u00f3n de servicios en las 7 l\u00edneas de negocios en nuevos mercados. (L-67,69,70,72)<\/td><td class=\"column-2\"><\/td>\n<\/tr>\n<tr class=\"row-12\">\n\t<td class=\"column-1\">Objetivo No. 6. Incrementar la racionalidad y la eficiencia econ\u00f3mica en el sector (L-1, 7,14, 21, 23, 24, 26, 42, 53, 67-70, 72, 73, 74, 82, 84, 85, 88, 89, 90, 92, 101, 116, 118, 126-133, 204-207, 238, 244, 252, 255, 257, 258, 261, 271)<\/td><td class=\"column-2\"><\/td>\n<\/tr>\n<tr class=\"row-13\">\n\t<td class=\"column-1\">6.4 Implementado el Programa por el Empleo Eficiente y Racional de los Recursos (PEERR) en la toma de decisiones con la participaci\u00f3n de los colectivos laborales en las unidades del sector. <\/td><td class=\"column-2\"><\/td>\n<\/tr>\n<\/tbody>\n<\/table>\n<!-- #tablepress-4 from cache -->\n","protected":false},"excerpt":{"rendered":"<p>El \u00e1rea de la subdirecci\u00f3n t\u00e9cnica de nuestro centro est\u00e1 dirigida por el Ing. Abel Morieira Ruiz, el cual encamida los esfuerzos al cumplimiento de los objetivos de trabajo para el presente a\u00f1o 2022. &nbsp; Objetivos de Trabajo para el 2023.<\/p>\n","protected":false},"author":37,"featured_media":0,"parent":498,"menu_order":0,"comment_status":"closed","ping_status":"closed","template":"","meta":{"ngg_post_thumbnail":0,"_mc_calendar":[]},"yoast_head":"<!-- This site is optimized with the Yoast SEO plugin v21.8 - https:\/\/yoast.com\/wordpress\/plugins\/seo\/ -->\n<title>Subdirecci\u00f3n T\u00e9cnica - Centro Provincial de Electromedicina<\/title>\n<meta name=\"robots\" content=\"index, follow, max-snippet:-1, max-image-preview:large, max-video-preview:-1\" \/>\n<link rel=\"canonical\" href=\"https:\/\/instituciones.gtm.sld.cu\/electromedicina\/departamentos\/dpto-administrativo\/subdireccion-tecnica\/\" \/>\n<meta property=\"og:locale\" content=\"es_ES\" \/>\n<meta property=\"og:type\" content=\"article\" \/>\n<meta property=\"og:title\" content=\"Subdirecci\u00f3n T\u00e9cnica - Centro Provincial de Electromedicina\" \/>\n<meta property=\"og:description\" content=\"El \u00e1rea de la subdirecci\u00f3n t\u00e9cnica de nuestro centro est\u00e1 dirigida por el Ing. Abel Morieira Ruiz, el cual encamida los esfuerzos al cumplimiento de los objetivos de trabajo para el presente a\u00f1o 2022. &nbsp; Objetivos de Trabajo para el 2023.\" \/>\n<meta property=\"og:url\" content=\"https:\/\/instituciones.gtm.sld.cu\/electromedicina\/departamentos\/dpto-administrativo\/subdireccion-tecnica\/\" \/>\n<meta property=\"og:site_name\" content=\"Centro Provincial de Electromedicina\" \/>\n<meta property=\"article:modified_time\" content=\"2023-11-08T15:47:40+00:00\" \/>\n<meta name=\"twitter:card\" content=\"summary_large_image\" \/>\n<meta name=\"twitter:label1\" content=\"Tiempo de lectura\" \/>\n\t<meta name=\"twitter:data1\" content=\"1 minuto\" \/>\n<script type=\"application\/ld+json\" class=\"yoast-schema-graph\">{\"@context\":\"https:\/\/schema.org\",\"@graph\":[{\"@type\":\"WebPage\",\"@id\":\"https:\/\/instituciones.gtm.sld.cu\/electromedicina\/departamentos\/dpto-administrativo\/subdireccion-tecnica\/\",\"url\":\"https:\/\/instituciones.gtm.sld.cu\/electromedicina\/departamentos\/dpto-administrativo\/subdireccion-tecnica\/\",\"name\":\"Subdirecci\u00f3n T\u00e9cnica - Centro Provincial de Electromedicina\",\"isPartOf\":{\"@id\":\"https:\/\/instituciones.gtm.sld.cu\/electromedicina\/#website\"},\"datePublished\":\"2019-03-13T17:49:31+00:00\",\"dateModified\":\"2023-11-08T15:47:40+00:00\",\"breadcrumb\":{\"@id\":\"https:\/\/instituciones.gtm.sld.cu\/electromedicina\/departamentos\/dpto-administrativo\/subdireccion-tecnica\/#breadcrumb\"},\"inLanguage\":\"es\",\"potentialAction\":[{\"@type\":\"ReadAction\",\"target\":[\"https:\/\/instituciones.gtm.sld.cu\/electromedicina\/departamentos\/dpto-administrativo\/subdireccion-tecnica\/\"]}]},{\"@type\":\"BreadcrumbList\",\"@id\":\"https:\/\/instituciones.gtm.sld.cu\/electromedicina\/departamentos\/dpto-administrativo\/subdireccion-tecnica\/#breadcrumb\",\"itemListElement\":[{\"@type\":\"ListItem\",\"position\":1,\"name\":\"Inicio\",\"item\":\"https:\/\/instituciones.gtm.sld.cu\/electromedicina\/\"},{\"@type\":\"ListItem\",\"position\":2,\"name\":\"Departamentos\",\"item\":\"https:\/\/instituciones.gtm.sld.cu\/electromedicina\/departamentos\/\"},{\"@type\":\"ListItem\",\"position\":3,\"name\":\"Dpto. Administrativo\",\"item\":\"https:\/\/instituciones.gtm.sld.cu\/electromedicina\/departamentos\/dpto-administrativo\/\"},{\"@type\":\"ListItem\",\"position\":4,\"name\":\"Subdirecci\u00f3n T\u00e9cnica\"}]},{\"@type\":\"WebSite\",\"@id\":\"https:\/\/instituciones.gtm.sld.cu\/electromedicina\/#website\",\"url\":\"https:\/\/instituciones.gtm.sld.cu\/electromedicina\/\",\"name\":\"Centro Provincial de Electromedicina\",\"description\":\"Guant\u00e1namo\",\"potentialAction\":[{\"@type\":\"SearchAction\",\"target\":{\"@type\":\"EntryPoint\",\"urlTemplate\":\"https:\/\/instituciones.gtm.sld.cu\/electromedicina\/?s={search_term_string}\"},\"query-input\":\"required name=search_term_string\"}],\"inLanguage\":\"es\"}]}<\/script>\n<!-- \/ Yoast SEO plugin. -->","yoast_head_json":{"title":"Subdirecci\u00f3n T\u00e9cnica - Centro Provincial de Electromedicina","robots":{"index":"index","follow":"follow","max-snippet":"max-snippet:-1","max-image-preview":"max-image-preview:large","max-video-preview":"max-video-preview:-1"},"canonical":"https:\/\/instituciones.gtm.sld.cu\/electromedicina\/departamentos\/dpto-administrativo\/subdireccion-tecnica\/","og_locale":"es_ES","og_type":"article","og_title":"Subdirecci\u00f3n T\u00e9cnica - Centro Provincial de Electromedicina","og_description":"El \u00e1rea de la subdirecci\u00f3n t\u00e9cnica de nuestro centro est\u00e1 dirigida por el Ing. Abel Morieira Ruiz, el cual encamida los esfuerzos al cumplimiento de los objetivos de trabajo para el presente a\u00f1o 2022. &nbsp; Objetivos de Trabajo para el 2023.","og_url":"https:\/\/instituciones.gtm.sld.cu\/electromedicina\/departamentos\/dpto-administrativo\/subdireccion-tecnica\/","og_site_name":"Centro Provincial de Electromedicina","article_modified_time":"2023-11-08T15:47:40+00:00","twitter_card":"summary_large_image","twitter_misc":{"Tiempo de lectura":"1 minuto"},"schema":{"@context":"https:\/\/schema.org","@graph":[{"@type":"WebPage","@id":"https:\/\/instituciones.gtm.sld.cu\/electromedicina\/departamentos\/dpto-administrativo\/subdireccion-tecnica\/","url":"https:\/\/instituciones.gtm.sld.cu\/electromedicina\/departamentos\/dpto-administrativo\/subdireccion-tecnica\/","name":"Subdirecci\u00f3n T\u00e9cnica - Centro Provincial de Electromedicina","isPartOf":{"@id":"https:\/\/instituciones.gtm.sld.cu\/electromedicina\/#website"},"datePublished":"2019-03-13T17:49:31+00:00","dateModified":"2023-11-08T15:47:40+00:00","breadcrumb":{"@id":"https:\/\/instituciones.gtm.sld.cu\/electromedicina\/departamentos\/dpto-administrativo\/subdireccion-tecnica\/#breadcrumb"},"inLanguage":"es","potentialAction":[{"@type":"ReadAction","target":["https:\/\/instituciones.gtm.sld.cu\/electromedicina\/departamentos\/dpto-administrativo\/subdireccion-tecnica\/"]}]},{"@type":"BreadcrumbList","@id":"https:\/\/instituciones.gtm.sld.cu\/electromedicina\/departamentos\/dpto-administrativo\/subdireccion-tecnica\/#breadcrumb","itemListElement":[{"@type":"ListItem","position":1,"name":"Inicio","item":"https:\/\/instituciones.gtm.sld.cu\/electromedicina\/"},{"@type":"ListItem","position":2,"name":"Departamentos","item":"https:\/\/instituciones.gtm.sld.cu\/electromedicina\/departamentos\/"},{"@type":"ListItem","position":3,"name":"Dpto. Administrativo","item":"https:\/\/instituciones.gtm.sld.cu\/electromedicina\/departamentos\/dpto-administrativo\/"},{"@type":"ListItem","position":4,"name":"Subdirecci\u00f3n T\u00e9cnica"}]},{"@type":"WebSite","@id":"https:\/\/instituciones.gtm.sld.cu\/electromedicina\/#website","url":"https:\/\/instituciones.gtm.sld.cu\/electromedicina\/","name":"Centro Provincial de Electromedicina","description":"Guant\u00e1namo","potentialAction":[{"@type":"SearchAction","target":{"@type":"EntryPoint","urlTemplate":"https:\/\/instituciones.gtm.sld.cu\/electromedicina\/?s={search_term_string}"},"query-input":"required name=search_term_string"}],"inLanguage":"es"}]}},"_links":{"self":[{"href":"https:\/\/instituciones.gtm.sld.cu\/electromedicina\/wp-json\/wp\/v2\/pages\/2016"}],"collection":[{"href":"https:\/\/instituciones.gtm.sld.cu\/electromedicina\/wp-json\/wp\/v2\/pages"}],"about":[{"href":"https:\/\/instituciones.gtm.sld.cu\/electromedicina\/wp-json\/wp\/v2\/types\/page"}],"author":[{"embeddable":true,"href":"https:\/\/instituciones.gtm.sld.cu\/electromedicina\/wp-json\/wp\/v2\/users\/37"}],"replies":[{"embeddable":true,"href":"https:\/\/instituciones.gtm.sld.cu\/electromedicina\/wp-json\/wp\/v2\/comments?post=2016"}],"version-history":[{"count":3,"href":"https:\/\/instituciones.gtm.sld.cu\/electromedicina\/wp-json\/wp\/v2\/pages\/2016\/revisions"}],"predecessor-version":[{"id":2702,"href":"https:\/\/instituciones.gtm.sld.cu\/electromedicina\/wp-json\/wp\/v2\/pages\/2016\/revisions\/2702"}],"up":[{"embeddable":true,"href":"https:\/\/instituciones.gtm.sld.cu\/electromedicina\/wp-json\/wp\/v2\/pages\/498"}],"wp:attachment":[{"href":"https:\/\/instituciones.gtm.sld.cu\/electromedicina\/wp-json\/wp\/v2\/media?parent=2016"}],"curies":[{"name":"wp","href":"https:\/\/api.w.org\/{rel}","templated":true}]}}