{"id":2098,"date":"2019-04-04T08:37:57","date_gmt":"2019-04-04T12:37:57","guid":{"rendered":"http:\/\/instituciones.gtm.sld.cu\/electromedicina\/?page_id=2098"},"modified":"2022-02-03T09:14:52","modified_gmt":"2022-02-03T14:14:52","slug":"objetivo","status":"publish","type":"page","link":"https:\/\/instituciones.gtm.sld.cu\/electromedicina\/acerca-de\/objetivo\/","title":{"rendered":"Objetivo"},"content":{"rendered":"<p style=\"text-align: justify\"><span style=\"font-family: arial, helvetica, sans-serif\"><strong>U\/P Centro Provincial de Electromedicina Guant\u00e1namo <\/strong>es el nombre que identifica al portal web de la instituci\u00f3n que lleva el mismo nombre. El mismo tiene como objetivo, publicar los logros obtenidos por el sistema de electromedicina en nuestra provincia; los resultados en la innovaci\u00f3n tecnol\u00f3gica, la actividad cient\u00edfica, as\u00ed como en las organizaciones del centro. Adem\u00e1s promocionar los eventos que se realizan y brindar acceso a los recursos de informaci\u00f3n del sector y a los sistemas inform\u00e1tizados que se utilizan en el sistema de salud y electromedicina en nuestro pa\u00eds.<br><\/span><\/p>\n<p>&nbsp;<\/p>\n<p><strong>Comit\u00e9 Editorial del portal web Institucional:<\/strong><\/p>\n<p><strong>Editor Principal del Sitio:<\/strong><br><a title=\"Webmaster\" href=\"mailto:rycder.gtm@infomed.sld.cu\">Ing. Rycder G\u00f3mez P\u00e9rez<\/a><br>Ingeniero en Ciencias Inform\u00e1ticas<\/p>\n<p>&nbsp;<\/p>\n<p><strong>Consejo Cient\u00edfico del Centro.<\/strong><\/p>\n<p><strong>Presidente:<\/strong> Ing. Francisco Plaza Mart\u00ednez<\/p>\n<p><strong>Titulaci\u00f3n:<\/strong> Ingeniero Autom\u00e1tico<\/p>\n<p><strong>Contacto: <a class=\"cllinknaranja\" href=\"https:\/\/admincuentas.sld.cu\/site\/niveles\/anclar_cuenta.php?usuario=plaza\">plaza@infomed.sld.cu<\/a><\/strong><\/p>\n<p><strong>Miembro:<\/strong> Ing. Rolando Legr\u00e1 Sevila<\/p>\n<p><strong>Titulaci\u00f3n:<\/strong> Ingeniero en Telecomunicaciones y Electr\u00f3nica<\/p>\n<p><strong>Contacto:<\/strong> <a class=\"cllinknaranja\" href=\"https:\/\/admincuentas.sld.cu\/site\/niveles\/anclar_cuenta.php?usuario=rolandols\">rolandols<\/a><strong><a class=\"cllinknaranja\" href=\"https:\/\/admincuentas.sld.cu\/site\/niveles\/anclar_cuenta.php?usuario=plaza\">@infomed.sld.cu<\/a><\/strong><\/p>\n<p><strong>Miembro:<\/strong> Ing. Esperanza Maure Reynosa<\/p>\n<p><strong>Titulaci\u00f3n:<\/strong> Ingeniera Qu\u00edmica<\/p>\n<p><strong>Contacto: <\/strong>emaurer<strong><a class=\"cllinknaranja\" href=\"https:\/\/admincuentas.sld.cu\/site\/niveles\/anclar_cuenta.php?usuario=plaza\">@infomed.sld.cu<\/a><\/strong><\/p>\n<p>&nbsp;<\/p>\n<p>Puede encontrarnos en las redes sociales:<\/p>\n<p>facebook: https:\/\/www.facebook.com\/cpegtm.guantanamo<\/p>\n<p>twitter: @Cpegtm1<\/p>\n<p>&nbsp;<\/p>\n<p>&nbsp;<\/p>\n\n","protected":false},"excerpt":{"rendered":"<p>U\/P Centro Provincial de Electromedicina Guant\u00e1namo es el nombre que identifica al portal web de la instituci\u00f3n que lleva el mismo nombre. El mismo tiene como objetivo, publicar los logros obtenidos por el sistema de electromedicina en nuestra provincia; los resultados en la innovaci\u00f3n tecnol\u00f3gica, la actividad cient\u00edfica, as\u00ed como en las organizaciones del centro. &hellip; <\/p>\n<p><a class=\"more-link btn\" href=\"https:\/\/instituciones.gtm.sld.cu\/electromedicina\/acerca-de\/objetivo\/\">Seguir leyendo<\/a><\/p>\n","protected":false},"author":37,"featured_media":0,"parent":2103,"menu_order":0,"comment_status":"closed","ping_status":"closed","template":"","meta":{"ngg_post_thumbnail":0,"_mc_calendar":[]},"yoast_head":"<!-- This site is optimized with the Yoast SEO plugin v21.8 - https:\/\/yoast.com\/wordpress\/plugins\/seo\/ -->\n<title>Objetivo - Centro Provincial de Electromedicina<\/title>\n<meta name=\"robots\" content=\"index, follow, max-snippet:-1, max-image-preview:large, max-video-preview:-1\" \/>\n<link rel=\"canonical\" href=\"https:\/\/instituciones.gtm.sld.cu\/electromedicina\/acerca-de\/objetivo\/\" \/>\n<meta property=\"og:locale\" content=\"es_ES\" \/>\n<meta property=\"og:type\" content=\"article\" \/>\n<meta property=\"og:title\" content=\"Objetivo - Centro Provincial de Electromedicina\" \/>\n<meta property=\"og:description\" content=\"U\/P Centro Provincial de Electromedicina Guant\u00e1namo es el nombre que identifica al portal web de la instituci\u00f3n que lleva el mismo nombre. El mismo tiene como objetivo, publicar los logros obtenidos por el sistema de electromedicina en nuestra provincia; los resultados en la innovaci\u00f3n tecnol\u00f3gica, la actividad cient\u00edfica, as\u00ed como en las organizaciones del centro. &hellip; Seguir leyendo\" \/>\n<meta property=\"og:url\" content=\"https:\/\/instituciones.gtm.sld.cu\/electromedicina\/acerca-de\/objetivo\/\" \/>\n<meta property=\"og:site_name\" content=\"Centro Provincial de Electromedicina\" \/>\n<meta property=\"article:modified_time\" content=\"2022-02-03T14:14:52+00:00\" \/>\n<meta name=\"twitter:card\" content=\"summary_large_image\" \/>\n<meta name=\"twitter:label1\" content=\"Tiempo de lectura\" \/>\n\t<meta name=\"twitter:data1\" content=\"1 minuto\" \/>\n<script type=\"application\/ld+json\" class=\"yoast-schema-graph\">{\"@context\":\"https:\/\/schema.org\",\"@graph\":[{\"@type\":\"WebPage\",\"@id\":\"https:\/\/instituciones.gtm.sld.cu\/electromedicina\/acerca-de\/objetivo\/\",\"url\":\"https:\/\/instituciones.gtm.sld.cu\/electromedicina\/acerca-de\/objetivo\/\",\"name\":\"Objetivo - Centro Provincial de Electromedicina\",\"isPartOf\":{\"@id\":\"https:\/\/instituciones.gtm.sld.cu\/electromedicina\/#website\"},\"datePublished\":\"2019-04-04T12:37:57+00:00\",\"dateModified\":\"2022-02-03T14:14:52+00:00\",\"breadcrumb\":{\"@id\":\"https:\/\/instituciones.gtm.sld.cu\/electromedicina\/acerca-de\/objetivo\/#breadcrumb\"},\"inLanguage\":\"es\",\"potentialAction\":[{\"@type\":\"ReadAction\",\"target\":[\"https:\/\/instituciones.gtm.sld.cu\/electromedicina\/acerca-de\/objetivo\/\"]}]},{\"@type\":\"BreadcrumbList\",\"@id\":\"https:\/\/instituciones.gtm.sld.cu\/electromedicina\/acerca-de\/objetivo\/#breadcrumb\",\"itemListElement\":[{\"@type\":\"ListItem\",\"position\":1,\"name\":\"Inicio\",\"item\":\"https:\/\/instituciones.gtm.sld.cu\/electromedicina\/\"},{\"@type\":\"ListItem\",\"position\":2,\"name\":\"Acerca de\",\"item\":\"https:\/\/instituciones.gtm.sld.cu\/electromedicina\/acerca-de\/\"},{\"@type\":\"ListItem\",\"position\":3,\"name\":\"Objetivo\"}]},{\"@type\":\"WebSite\",\"@id\":\"https:\/\/instituciones.gtm.sld.cu\/electromedicina\/#website\",\"url\":\"https:\/\/instituciones.gtm.sld.cu\/electromedicina\/\",\"name\":\"Centro Provincial de Electromedicina\",\"description\":\"Guant\u00e1namo\",\"potentialAction\":[{\"@type\":\"SearchAction\",\"target\":{\"@type\":\"EntryPoint\",\"urlTemplate\":\"https:\/\/instituciones.gtm.sld.cu\/electromedicina\/?s={search_term_string}\"},\"query-input\":\"required name=search_term_string\"}],\"inLanguage\":\"es\"}]}<\/script>\n<!-- \/ Yoast SEO plugin. -->","yoast_head_json":{"title":"Objetivo - Centro Provincial de Electromedicina","robots":{"index":"index","follow":"follow","max-snippet":"max-snippet:-1","max-image-preview":"max-image-preview:large","max-video-preview":"max-video-preview:-1"},"canonical":"https:\/\/instituciones.gtm.sld.cu\/electromedicina\/acerca-de\/objetivo\/","og_locale":"es_ES","og_type":"article","og_title":"Objetivo - Centro Provincial de Electromedicina","og_description":"U\/P Centro Provincial de Electromedicina Guant\u00e1namo es el nombre que identifica al portal web de la instituci\u00f3n que lleva el mismo nombre. El mismo tiene como objetivo, publicar los logros obtenidos por el sistema de electromedicina en nuestra provincia; los resultados en la innovaci\u00f3n tecnol\u00f3gica, la actividad cient\u00edfica, as\u00ed como en las organizaciones del centro. &hellip; Seguir leyendo","og_url":"https:\/\/instituciones.gtm.sld.cu\/electromedicina\/acerca-de\/objetivo\/","og_site_name":"Centro Provincial de Electromedicina","article_modified_time":"2022-02-03T14:14:52+00:00","twitter_card":"summary_large_image","twitter_misc":{"Tiempo de lectura":"1 minuto"},"schema":{"@context":"https:\/\/schema.org","@graph":[{"@type":"WebPage","@id":"https:\/\/instituciones.gtm.sld.cu\/electromedicina\/acerca-de\/objetivo\/","url":"https:\/\/instituciones.gtm.sld.cu\/electromedicina\/acerca-de\/objetivo\/","name":"Objetivo - Centro Provincial de Electromedicina","isPartOf":{"@id":"https:\/\/instituciones.gtm.sld.cu\/electromedicina\/#website"},"datePublished":"2019-04-04T12:37:57+00:00","dateModified":"2022-02-03T14:14:52+00:00","breadcrumb":{"@id":"https:\/\/instituciones.gtm.sld.cu\/electromedicina\/acerca-de\/objetivo\/#breadcrumb"},"inLanguage":"es","potentialAction":[{"@type":"ReadAction","target":["https:\/\/instituciones.gtm.sld.cu\/electromedicina\/acerca-de\/objetivo\/"]}]},{"@type":"BreadcrumbList","@id":"https:\/\/instituciones.gtm.sld.cu\/electromedicina\/acerca-de\/objetivo\/#breadcrumb","itemListElement":[{"@type":"ListItem","position":1,"name":"Inicio","item":"https:\/\/instituciones.gtm.sld.cu\/electromedicina\/"},{"@type":"ListItem","position":2,"name":"Acerca de","item":"https:\/\/instituciones.gtm.sld.cu\/electromedicina\/acerca-de\/"},{"@type":"ListItem","position":3,"name":"Objetivo"}]},{"@type":"WebSite","@id":"https:\/\/instituciones.gtm.sld.cu\/electromedicina\/#website","url":"https:\/\/instituciones.gtm.sld.cu\/electromedicina\/","name":"Centro Provincial de Electromedicina","description":"Guant\u00e1namo","potentialAction":[{"@type":"SearchAction","target":{"@type":"EntryPoint","urlTemplate":"https:\/\/instituciones.gtm.sld.cu\/electromedicina\/?s={search_term_string}"},"query-input":"required name=search_term_string"}],"inLanguage":"es"}]}},"_links":{"self":[{"href":"https:\/\/instituciones.gtm.sld.cu\/electromedicina\/wp-json\/wp\/v2\/pages\/2098"}],"collection":[{"href":"https:\/\/instituciones.gtm.sld.cu\/electromedicina\/wp-json\/wp\/v2\/pages"}],"about":[{"href":"https:\/\/instituciones.gtm.sld.cu\/electromedicina\/wp-json\/wp\/v2\/types\/page"}],"author":[{"embeddable":true,"href":"https:\/\/instituciones.gtm.sld.cu\/electromedicina\/wp-json\/wp\/v2\/users\/37"}],"replies":[{"embeddable":true,"href":"https:\/\/instituciones.gtm.sld.cu\/electromedicina\/wp-json\/wp\/v2\/comments?post=2098"}],"version-history":[{"count":4,"href":"https:\/\/instituciones.gtm.sld.cu\/electromedicina\/wp-json\/wp\/v2\/pages\/2098\/revisions"}],"predecessor-version":[{"id":2504,"href":"https:\/\/instituciones.gtm.sld.cu\/electromedicina\/wp-json\/wp\/v2\/pages\/2098\/revisions\/2504"}],"up":[{"embeddable":true,"href":"https:\/\/instituciones.gtm.sld.cu\/electromedicina\/wp-json\/wp\/v2\/pages\/2103"}],"wp:attachment":[{"href":"https:\/\/instituciones.gtm.sld.cu\/electromedicina\/wp-json\/wp\/v2\/media?parent=2098"}],"curies":[{"name":"wp","href":"https:\/\/api.w.org\/{rel}","templated":true}]}}