{"id":406,"date":"2019-01-29T09:34:26","date_gmt":"2019-01-29T14:34:26","guid":{"rendered":"http:\/\/instituciones.gtm.sld.cu\/electromedicina\/?page_id=406"},"modified":"2019-09-06T11:13:59","modified_gmt":"2019-09-06T15:13:59","slug":"quienes-somos-2","status":"publish","type":"page","link":"https:\/\/instituciones.gtm.sld.cu\/electromedicina\/quienes-somos-2\/","title":{"rendered":"CPE Guant\u00e1namo"},"content":{"rendered":"<p><span style=\"font-family: arial, helvetica, sans-serif\">La Unidad Presupuestada Centro Provincial Electromedicina de Guant\u00e1namo cuenta con dos departamentos, el Departamento de Equipos m\u00e9dicos y el Departamento de pr\u00f3tesis y calzado ortop\u00e9dico y dos departamentos de apoyo a la actividad fundamental que son el departamento administrativo y econ\u00f3mico.<\/span><br \/>\n<span style=\"font-family: arial, helvetica, sans-serif\">La Red Provincial de Electromedicina cuenta hoy con un Departamento&nbsp; Provincial&nbsp; de equipos m\u00e9dicos, el cual realiza las funciones Normativas, Metodol\u00f3gicas y de control de la actividad de Electromedicina en toda la provincia, adem\u00e1s de realizar la instalaci\u00f3n, puesta en marcha, calibraci\u00f3n, mantenimiento y reparaci\u00f3n de los equipos m\u00e9dicos en todas las unidades asistenciales del Sistema&nbsp; de Salud. Cuenta adem\u00e1s con 1 Centro Territorial de Electromedicina (CTE, Baracoa), encargado de dar asistencia a 3 municipios, (Mais\u00ed, Imias y Baracoa) 3 Grupos T\u00e9cnicos de Electromedicina ubicados en los hospitales (Hospital A. Neto, Hospital Infantil y Hospital Octavio de la Concesi\u00f3n). A esto se suman en 10 Municipios Grupos T\u00e9cnicos Municipales de Electromedicina subordinados a las Direcciones Municipales de Salud.<\/span><br \/>\n<span style=\"font-family: arial, helvetica, sans-serif\">La Unidad Presupuestada Centro Provincial de Electromedicina cuenta con un Departamento Provincial de Ortopedia T\u00e9cnica y&nbsp; un Laboratorio&nbsp;&nbsp;&nbsp;&nbsp; de Calzado Ortop\u00e9dico Especializado, el mismo fue creado el 24 de febrero de 1984 por lo que en este a\u00f1o celebra su 34 Aniversario de su Fundaci\u00f3n, d\u00e1ndole&nbsp; continuidad del&nbsp; trabajo desplegado por Nuestro Comandante en Jefe&nbsp; y L\u00edder Hist\u00f3rico Fidel Castro Ruz, que fue el creador de la Ortopedia T\u00e9cnica en Cuba&nbsp; ya hace 52 anos de la fundaci\u00f3n del Laboratorio CUBA &#8211; RDA y la Ortopedia T\u00e9cnica Cubana en ciudad de la Habana. En la Provincia&nbsp; de Guant\u00e1namo en las Salas de Rehabilitaci\u00f3n se encuentran licenciados en la especialidad de Ortopr\u00f3tesis que brindan el servicio a la poblaci\u00f3n, al igual que en los Municipios&nbsp; Manuel Tames, El Salvador, Paraguay, y Baracoa brindando un&nbsp; servicio con excelencia y eficacia de nuestra especialidad para&nbsp; asegurar y acercar&nbsp; todos los servicios de Ortopedia T\u00e9cnica, a la poblaci\u00f3n, logrando una mejor calidad de vida de los pacientes como merece nuestro pueblo. A continuaci\u00f3n les damos a conocer el comportamiento de nuestros servicios.<\/span><br \/>\n<span style=\"font-family: arial, helvetica, sans-serif\">Se realizan ventas de ayudas t\u00e9cnicas tales como bastones de 1, 3 y cuatro apoyo, muletas, andadores, regatones, etc.<br \/>\n<\/span><\/p>\n<p><strong><br \/>\nDirector<\/strong> <strong>de la U\/P Centro Provincial de Electromedicina:<\/strong><\/p>\n<p>Ing. Miguel Angel Garz\u00f3n Quesada<\/p>\n<p><strong>Titulaci\u00f3n:<\/strong> Ingeniero El\u00e9ctrico<\/p>\n<p><strong>Contactos: e-mail: <a class=\"cllinknaranja\" href=\"https:\/\/admincuentas.sld.cu\/site\/niveles\/anclar_cuenta.php?usuario=magarzon\">magarzon<\/a>@infomed.sld.cu, <a class=\"cllinknaranja\" href=\"https:\/\/admincuentas.sld.cu\/site\/niveles\/anclar_cuenta.php?usuario=cpegt\">cpegt<\/a>@infomed.sld.cu Tel\u00e9fono:<\/strong> 21-366087<\/p>\n<p>&nbsp;<\/p>\n","protected":false},"excerpt":{"rendered":"<p>La Unidad Presupuestada Centro Provincial Electromedicina de Guant\u00e1namo cuenta con dos departamentos, el Departamento de Equipos m\u00e9dicos y el Departamento de pr\u00f3tesis y calzado ortop\u00e9dico y dos departamentos de apoyo a la actividad fundamental que son el departamento administrativo y econ\u00f3mico. La Red Provincial de Electromedicina cuenta hoy con un Departamento&nbsp; Provincial&nbsp; de equipos m\u00e9dicos, &hellip; <\/p>\n<p><a class=\"more-link btn\" href=\"https:\/\/instituciones.gtm.sld.cu\/electromedicina\/quienes-somos-2\/\">Seguir leyendo<\/a><\/p>\n","protected":false},"author":37,"featured_media":0,"parent":0,"menu_order":0,"comment_status":"closed","ping_status":"closed","template":"","meta":{"ngg_post_thumbnail":0,"_mc_calendar":[]},"yoast_head":"<!-- This site is optimized with the Yoast SEO plugin v21.8 - https:\/\/yoast.com\/wordpress\/plugins\/seo\/ -->\n<title>CPE Guant\u00e1namo - Centro Provincial de Electromedicina<\/title>\n<meta name=\"robots\" content=\"index, follow, max-snippet:-1, max-image-preview:large, max-video-preview:-1\" \/>\n<link rel=\"canonical\" href=\"https:\/\/instituciones.gtm.sld.cu\/electromedicina\/quienes-somos-2\/\" \/>\n<meta property=\"og:locale\" content=\"es_ES\" \/>\n<meta property=\"og:type\" content=\"article\" \/>\n<meta property=\"og:title\" content=\"CPE Guant\u00e1namo - Centro Provincial de Electromedicina\" \/>\n<meta property=\"og:description\" content=\"La Unidad Presupuestada Centro Provincial Electromedicina de Guant\u00e1namo cuenta con dos departamentos, el Departamento de Equipos m\u00e9dicos y el Departamento de pr\u00f3tesis y calzado ortop\u00e9dico y dos departamentos de apoyo a la actividad fundamental que son el departamento administrativo y econ\u00f3mico. La Red Provincial de Electromedicina cuenta hoy con un Departamento&nbsp; Provincial&nbsp; de equipos m\u00e9dicos, &hellip; Seguir leyendo\" \/>\n<meta property=\"og:url\" content=\"https:\/\/instituciones.gtm.sld.cu\/electromedicina\/quienes-somos-2\/\" \/>\n<meta property=\"og:site_name\" content=\"Centro Provincial de Electromedicina\" \/>\n<meta property=\"article:modified_time\" content=\"2019-09-06T15:13:59+00:00\" \/>\n<meta name=\"twitter:card\" content=\"summary_large_image\" \/>\n<meta name=\"twitter:label1\" content=\"Tiempo de lectura\" \/>\n\t<meta name=\"twitter:data1\" content=\"2 minutos\" \/>\n<script type=\"application\/ld+json\" class=\"yoast-schema-graph\">{\"@context\":\"https:\/\/schema.org\",\"@graph\":[{\"@type\":\"WebPage\",\"@id\":\"https:\/\/instituciones.gtm.sld.cu\/electromedicina\/quienes-somos-2\/\",\"url\":\"https:\/\/instituciones.gtm.sld.cu\/electromedicina\/quienes-somos-2\/\",\"name\":\"CPE Guant\u00e1namo - Centro Provincial de Electromedicina\",\"isPartOf\":{\"@id\":\"https:\/\/instituciones.gtm.sld.cu\/electromedicina\/#website\"},\"datePublished\":\"2019-01-29T14:34:26+00:00\",\"dateModified\":\"2019-09-06T15:13:59+00:00\",\"breadcrumb\":{\"@id\":\"https:\/\/instituciones.gtm.sld.cu\/electromedicina\/quienes-somos-2\/#breadcrumb\"},\"inLanguage\":\"es\",\"potentialAction\":[{\"@type\":\"ReadAction\",\"target\":[\"https:\/\/instituciones.gtm.sld.cu\/electromedicina\/quienes-somos-2\/\"]}]},{\"@type\":\"BreadcrumbList\",\"@id\":\"https:\/\/instituciones.gtm.sld.cu\/electromedicina\/quienes-somos-2\/#breadcrumb\",\"itemListElement\":[{\"@type\":\"ListItem\",\"position\":1,\"name\":\"Inicio\",\"item\":\"https:\/\/instituciones.gtm.sld.cu\/electromedicina\/\"},{\"@type\":\"ListItem\",\"position\":2,\"name\":\"CPE Guant\u00e1namo\"}]},{\"@type\":\"WebSite\",\"@id\":\"https:\/\/instituciones.gtm.sld.cu\/electromedicina\/#website\",\"url\":\"https:\/\/instituciones.gtm.sld.cu\/electromedicina\/\",\"name\":\"Centro Provincial de Electromedicina\",\"description\":\"Guant\u00e1namo\",\"potentialAction\":[{\"@type\":\"SearchAction\",\"target\":{\"@type\":\"EntryPoint\",\"urlTemplate\":\"https:\/\/instituciones.gtm.sld.cu\/electromedicina\/?s={search_term_string}\"},\"query-input\":\"required name=search_term_string\"}],\"inLanguage\":\"es\"}]}<\/script>\n<!-- \/ Yoast SEO plugin. -->","yoast_head_json":{"title":"CPE Guant\u00e1namo - Centro Provincial de Electromedicina","robots":{"index":"index","follow":"follow","max-snippet":"max-snippet:-1","max-image-preview":"max-image-preview:large","max-video-preview":"max-video-preview:-1"},"canonical":"https:\/\/instituciones.gtm.sld.cu\/electromedicina\/quienes-somos-2\/","og_locale":"es_ES","og_type":"article","og_title":"CPE Guant\u00e1namo - Centro Provincial de Electromedicina","og_description":"La Unidad Presupuestada Centro Provincial Electromedicina de Guant\u00e1namo cuenta con dos departamentos, el Departamento de Equipos m\u00e9dicos y el Departamento de pr\u00f3tesis y calzado ortop\u00e9dico y dos departamentos de apoyo a la actividad fundamental que son el departamento administrativo y econ\u00f3mico. La Red Provincial de Electromedicina cuenta hoy con un Departamento&nbsp; Provincial&nbsp; de equipos m\u00e9dicos, &hellip; Seguir leyendo","og_url":"https:\/\/instituciones.gtm.sld.cu\/electromedicina\/quienes-somos-2\/","og_site_name":"Centro Provincial de Electromedicina","article_modified_time":"2019-09-06T15:13:59+00:00","twitter_card":"summary_large_image","twitter_misc":{"Tiempo de lectura":"2 minutos"},"schema":{"@context":"https:\/\/schema.org","@graph":[{"@type":"WebPage","@id":"https:\/\/instituciones.gtm.sld.cu\/electromedicina\/quienes-somos-2\/","url":"https:\/\/instituciones.gtm.sld.cu\/electromedicina\/quienes-somos-2\/","name":"CPE Guant\u00e1namo - Centro Provincial de Electromedicina","isPartOf":{"@id":"https:\/\/instituciones.gtm.sld.cu\/electromedicina\/#website"},"datePublished":"2019-01-29T14:34:26+00:00","dateModified":"2019-09-06T15:13:59+00:00","breadcrumb":{"@id":"https:\/\/instituciones.gtm.sld.cu\/electromedicina\/quienes-somos-2\/#breadcrumb"},"inLanguage":"es","potentialAction":[{"@type":"ReadAction","target":["https:\/\/instituciones.gtm.sld.cu\/electromedicina\/quienes-somos-2\/"]}]},{"@type":"BreadcrumbList","@id":"https:\/\/instituciones.gtm.sld.cu\/electromedicina\/quienes-somos-2\/#breadcrumb","itemListElement":[{"@type":"ListItem","position":1,"name":"Inicio","item":"https:\/\/instituciones.gtm.sld.cu\/electromedicina\/"},{"@type":"ListItem","position":2,"name":"CPE Guant\u00e1namo"}]},{"@type":"WebSite","@id":"https:\/\/instituciones.gtm.sld.cu\/electromedicina\/#website","url":"https:\/\/instituciones.gtm.sld.cu\/electromedicina\/","name":"Centro Provincial de Electromedicina","description":"Guant\u00e1namo","potentialAction":[{"@type":"SearchAction","target":{"@type":"EntryPoint","urlTemplate":"https:\/\/instituciones.gtm.sld.cu\/electromedicina\/?s={search_term_string}"},"query-input":"required name=search_term_string"}],"inLanguage":"es"}]}},"_links":{"self":[{"href":"https:\/\/instituciones.gtm.sld.cu\/electromedicina\/wp-json\/wp\/v2\/pages\/406"}],"collection":[{"href":"https:\/\/instituciones.gtm.sld.cu\/electromedicina\/wp-json\/wp\/v2\/pages"}],"about":[{"href":"https:\/\/instituciones.gtm.sld.cu\/electromedicina\/wp-json\/wp\/v2\/types\/page"}],"author":[{"embeddable":true,"href":"https:\/\/instituciones.gtm.sld.cu\/electromedicina\/wp-json\/wp\/v2\/users\/37"}],"replies":[{"embeddable":true,"href":"https:\/\/instituciones.gtm.sld.cu\/electromedicina\/wp-json\/wp\/v2\/comments?post=406"}],"version-history":[{"count":1,"href":"https:\/\/instituciones.gtm.sld.cu\/electromedicina\/wp-json\/wp\/v2\/pages\/406\/revisions"}],"predecessor-version":[{"id":2268,"href":"https:\/\/instituciones.gtm.sld.cu\/electromedicina\/wp-json\/wp\/v2\/pages\/406\/revisions\/2268"}],"wp:attachment":[{"href":"https:\/\/instituciones.gtm.sld.cu\/electromedicina\/wp-json\/wp\/v2\/media?parent=406"}],"curies":[{"name":"wp","href":"https:\/\/api.w.org\/{rel}","templated":true}]}}