{"id":415,"date":"2019-01-29T09:36:40","date_gmt":"2019-01-29T14:36:40","guid":{"rendered":"http:\/\/instituciones.gtm.sld.cu\/electromedicina\/?page_id=415"},"modified":"2023-11-08T10:32:17","modified_gmt":"2023-11-08T15:32:17","slug":"vision","status":"publish","type":"page","link":"https:\/\/instituciones.gtm.sld.cu\/electromedicina\/acerca-de\/vision\/","title":{"rendered":"Visi\u00f3n"},"content":{"rendered":"<p><span style=\"font-family: arial, helvetica, sans-serif\">Seremos una organizaci\u00f3n bajo principios socialistas de la m\u00e1s alta calidad y competitibilidad a nivel mundial, mediante el uso adecuado de los RR\/HH, la tecnolog\u00eda m\u00e9dica y el aseguramiento de los diferentes recursos t\u00e9cnicos y materiales que eleven la calidad de nuestro pueblo cumpliendo as\u00ed el encargo social indicado por la m\u00e1xima direcci\u00f3n del pa\u00eds en las nuevas condiciones del Siglo XXI.<\/span><\/p>\n","protected":false},"excerpt":{"rendered":"<p>Seremos una organizaci\u00f3n bajo principios socialistas de la m\u00e1s alta calidad y competitibilidad a nivel mundial, mediante el uso adecuado de los RR\/HH, la tecnolog\u00eda m\u00e9dica y el aseguramiento de los diferentes recursos t\u00e9cnicos y materiales que eleven la calidad de nuestro pueblo cumpliendo as\u00ed el encargo social indicado por la m\u00e1xima direcci\u00f3n del pa\u00eds &hellip; <\/p>\n<p><a class=\"more-link btn\" href=\"https:\/\/instituciones.gtm.sld.cu\/electromedicina\/acerca-de\/vision\/\">Seguir leyendo<\/a><\/p>\n","protected":false},"author":37,"featured_media":0,"parent":2103,"menu_order":0,"comment_status":"closed","ping_status":"closed","template":"","meta":{"ngg_post_thumbnail":0,"_mc_calendar":[]},"yoast_head":"<!-- This site is optimized with the Yoast SEO plugin v21.8 - https:\/\/yoast.com\/wordpress\/plugins\/seo\/ -->\n<title>Visi\u00f3n - Centro Provincial de Electromedicina<\/title>\n<meta name=\"robots\" content=\"index, follow, max-snippet:-1, max-image-preview:large, max-video-preview:-1\" \/>\n<link rel=\"canonical\" href=\"https:\/\/instituciones.gtm.sld.cu\/electromedicina\/acerca-de\/vision\/\" \/>\n<meta property=\"og:locale\" content=\"es_ES\" \/>\n<meta property=\"og:type\" content=\"article\" \/>\n<meta property=\"og:title\" content=\"Visi\u00f3n - Centro Provincial de Electromedicina\" \/>\n<meta property=\"og:description\" content=\"Seremos una organizaci\u00f3n bajo principios socialistas de la m\u00e1s alta calidad y competitibilidad a nivel mundial, mediante el uso adecuado de los RR\/HH, la tecnolog\u00eda m\u00e9dica y el aseguramiento de los diferentes recursos t\u00e9cnicos y materiales que eleven la calidad de nuestro pueblo cumpliendo as\u00ed el encargo social indicado por la m\u00e1xima direcci\u00f3n del pa\u00eds &hellip; Seguir leyendo\" \/>\n<meta property=\"og:url\" content=\"https:\/\/instituciones.gtm.sld.cu\/electromedicina\/acerca-de\/vision\/\" \/>\n<meta property=\"og:site_name\" content=\"Centro Provincial de Electromedicina\" \/>\n<meta property=\"article:modified_time\" content=\"2023-11-08T15:32:17+00:00\" \/>\n<meta name=\"twitter:card\" content=\"summary_large_image\" \/>\n<meta name=\"twitter:label1\" content=\"Tiempo de lectura\" \/>\n\t<meta name=\"twitter:data1\" content=\"1 minuto\" \/>\n<script type=\"application\/ld+json\" class=\"yoast-schema-graph\">{\"@context\":\"https:\/\/schema.org\",\"@graph\":[{\"@type\":\"WebPage\",\"@id\":\"https:\/\/instituciones.gtm.sld.cu\/electromedicina\/acerca-de\/vision\/\",\"url\":\"https:\/\/instituciones.gtm.sld.cu\/electromedicina\/acerca-de\/vision\/\",\"name\":\"Visi\u00f3n - Centro Provincial de Electromedicina\",\"isPartOf\":{\"@id\":\"https:\/\/instituciones.gtm.sld.cu\/electromedicina\/#website\"},\"datePublished\":\"2019-01-29T14:36:40+00:00\",\"dateModified\":\"2023-11-08T15:32:17+00:00\",\"breadcrumb\":{\"@id\":\"https:\/\/instituciones.gtm.sld.cu\/electromedicina\/acerca-de\/vision\/#breadcrumb\"},\"inLanguage\":\"es\",\"potentialAction\":[{\"@type\":\"ReadAction\",\"target\":[\"https:\/\/instituciones.gtm.sld.cu\/electromedicina\/acerca-de\/vision\/\"]}]},{\"@type\":\"BreadcrumbList\",\"@id\":\"https:\/\/instituciones.gtm.sld.cu\/electromedicina\/acerca-de\/vision\/#breadcrumb\",\"itemListElement\":[{\"@type\":\"ListItem\",\"position\":1,\"name\":\"Inicio\",\"item\":\"https:\/\/instituciones.gtm.sld.cu\/electromedicina\/\"},{\"@type\":\"ListItem\",\"position\":2,\"name\":\"Acerca de\",\"item\":\"https:\/\/instituciones.gtm.sld.cu\/electromedicina\/acerca-de\/\"},{\"@type\":\"ListItem\",\"position\":3,\"name\":\"Visi\u00f3n\"}]},{\"@type\":\"WebSite\",\"@id\":\"https:\/\/instituciones.gtm.sld.cu\/electromedicina\/#website\",\"url\":\"https:\/\/instituciones.gtm.sld.cu\/electromedicina\/\",\"name\":\"Centro Provincial de Electromedicina\",\"description\":\"Guant\u00e1namo\",\"potentialAction\":[{\"@type\":\"SearchAction\",\"target\":{\"@type\":\"EntryPoint\",\"urlTemplate\":\"https:\/\/instituciones.gtm.sld.cu\/electromedicina\/?s={search_term_string}\"},\"query-input\":\"required name=search_term_string\"}],\"inLanguage\":\"es\"}]}<\/script>\n<!-- \/ Yoast SEO plugin. -->","yoast_head_json":{"title":"Visi\u00f3n - Centro Provincial de Electromedicina","robots":{"index":"index","follow":"follow","max-snippet":"max-snippet:-1","max-image-preview":"max-image-preview:large","max-video-preview":"max-video-preview:-1"},"canonical":"https:\/\/instituciones.gtm.sld.cu\/electromedicina\/acerca-de\/vision\/","og_locale":"es_ES","og_type":"article","og_title":"Visi\u00f3n - Centro Provincial de Electromedicina","og_description":"Seremos una organizaci\u00f3n bajo principios socialistas de la m\u00e1s alta calidad y competitibilidad a nivel mundial, mediante el uso adecuado de los RR\/HH, la tecnolog\u00eda m\u00e9dica y el aseguramiento de los diferentes recursos t\u00e9cnicos y materiales que eleven la calidad de nuestro pueblo cumpliendo as\u00ed el encargo social indicado por la m\u00e1xima direcci\u00f3n del pa\u00eds &hellip; Seguir leyendo","og_url":"https:\/\/instituciones.gtm.sld.cu\/electromedicina\/acerca-de\/vision\/","og_site_name":"Centro Provincial de Electromedicina","article_modified_time":"2023-11-08T15:32:17+00:00","twitter_card":"summary_large_image","twitter_misc":{"Tiempo de lectura":"1 minuto"},"schema":{"@context":"https:\/\/schema.org","@graph":[{"@type":"WebPage","@id":"https:\/\/instituciones.gtm.sld.cu\/electromedicina\/acerca-de\/vision\/","url":"https:\/\/instituciones.gtm.sld.cu\/electromedicina\/acerca-de\/vision\/","name":"Visi\u00f3n - Centro Provincial de Electromedicina","isPartOf":{"@id":"https:\/\/instituciones.gtm.sld.cu\/electromedicina\/#website"},"datePublished":"2019-01-29T14:36:40+00:00","dateModified":"2023-11-08T15:32:17+00:00","breadcrumb":{"@id":"https:\/\/instituciones.gtm.sld.cu\/electromedicina\/acerca-de\/vision\/#breadcrumb"},"inLanguage":"es","potentialAction":[{"@type":"ReadAction","target":["https:\/\/instituciones.gtm.sld.cu\/electromedicina\/acerca-de\/vision\/"]}]},{"@type":"BreadcrumbList","@id":"https:\/\/instituciones.gtm.sld.cu\/electromedicina\/acerca-de\/vision\/#breadcrumb","itemListElement":[{"@type":"ListItem","position":1,"name":"Inicio","item":"https:\/\/instituciones.gtm.sld.cu\/electromedicina\/"},{"@type":"ListItem","position":2,"name":"Acerca de","item":"https:\/\/instituciones.gtm.sld.cu\/electromedicina\/acerca-de\/"},{"@type":"ListItem","position":3,"name":"Visi\u00f3n"}]},{"@type":"WebSite","@id":"https:\/\/instituciones.gtm.sld.cu\/electromedicina\/#website","url":"https:\/\/instituciones.gtm.sld.cu\/electromedicina\/","name":"Centro Provincial de Electromedicina","description":"Guant\u00e1namo","potentialAction":[{"@type":"SearchAction","target":{"@type":"EntryPoint","urlTemplate":"https:\/\/instituciones.gtm.sld.cu\/electromedicina\/?s={search_term_string}"},"query-input":"required name=search_term_string"}],"inLanguage":"es"}]}},"_links":{"self":[{"href":"https:\/\/instituciones.gtm.sld.cu\/electromedicina\/wp-json\/wp\/v2\/pages\/415"}],"collection":[{"href":"https:\/\/instituciones.gtm.sld.cu\/electromedicina\/wp-json\/wp\/v2\/pages"}],"about":[{"href":"https:\/\/instituciones.gtm.sld.cu\/electromedicina\/wp-json\/wp\/v2\/types\/page"}],"author":[{"embeddable":true,"href":"https:\/\/instituciones.gtm.sld.cu\/electromedicina\/wp-json\/wp\/v2\/users\/37"}],"replies":[{"embeddable":true,"href":"https:\/\/instituciones.gtm.sld.cu\/electromedicina\/wp-json\/wp\/v2\/comments?post=415"}],"version-history":[{"count":1,"href":"https:\/\/instituciones.gtm.sld.cu\/electromedicina\/wp-json\/wp\/v2\/pages\/415\/revisions"}],"predecessor-version":[{"id":2695,"href":"https:\/\/instituciones.gtm.sld.cu\/electromedicina\/wp-json\/wp\/v2\/pages\/415\/revisions\/2695"}],"up":[{"embeddable":true,"href":"https:\/\/instituciones.gtm.sld.cu\/electromedicina\/wp-json\/wp\/v2\/pages\/2103"}],"wp:attachment":[{"href":"https:\/\/instituciones.gtm.sld.cu\/electromedicina\/wp-json\/wp\/v2\/media?parent=415"}],"curies":[{"name":"wp","href":"https:\/\/api.w.org\/{rel}","templated":true}]}}