{"id":420,"date":"2019-01-29T09:38:10","date_gmt":"2019-01-29T14:38:10","guid":{"rendered":"http:\/\/instituciones.gtm.sld.cu\/electromedicina\/?page_id=420"},"modified":"2019-04-06T08:17:56","modified_gmt":"2019-04-06T12:17:56","slug":"mision","status":"publish","type":"page","link":"https:\/\/instituciones.gtm.sld.cu\/electromedicina\/acerca-de\/mision\/","title":{"rendered":"Misi\u00f3n"},"content":{"rendered":"<p><span style=\"font-family: arial, helvetica, sans-serif\">Garantizar al Sistema nacional de salud la tecnolog\u00eda m\u00e9dica necesaria para proporcionar servicios m\u00e9dicos seguros garantizando el proceso de selecci\u00f3n, programaci\u00f3n, adquisici\u00f3n, almacenamiento, distribuci\u00f3n, instalaci\u00f3n, capacitaci\u00f3n, control, evaluaci\u00f3n, mantenimiento y reemplazo.&nbsp;<\/span><\/p>\n<p><span style=\"font-family: arial, helvetica, sans-serif\">Brindar servicio t\u00e9cnico competente y de \u00f3ptima calidad, que garantice la sostenibilidad de las tecnolog\u00edas m\u00e9dicas en beneficio de los pacientes<\/span><\/p>\n<p><span style=\"font-family: arial, helvetica, sans-serif\">Asegurar y circular todos los servicios de Ortopedia T\u00e9cnica y Calzado Especializado, logrando&nbsp; contribuir de forma directa al mejoramiento de la calidad de vida de la poblaci\u00f3n.<\/span><\/p>\n<p><span style=\"font-family: arial, helvetica, sans-serif\">Todo ello sobre la base de una correcta organizaci\u00f3n y utilizaci\u00f3n con una eficiencia de los recursos humanos, materiales y financieros. Logrando una alta productividad y calidad en los servicios prestados.<\/span><\/p>\n","protected":false},"excerpt":{"rendered":"<p>Garantizar al Sistema nacional de salud la tecnolog\u00eda m\u00e9dica necesaria para proporcionar servicios m\u00e9dicos seguros garantizando el proceso de selecci\u00f3n, programaci\u00f3n, adquisici\u00f3n, almacenamiento, distribuci\u00f3n, instalaci\u00f3n, capacitaci\u00f3n, control, evaluaci\u00f3n, mantenimiento y reemplazo.&nbsp; Brindar servicio t\u00e9cnico competente y de \u00f3ptima calidad, que garantice la sostenibilidad de las tecnolog\u00edas m\u00e9dicas en beneficio de los pacientes Asegurar y circular &hellip; <\/p>\n<p><a class=\"more-link btn\" href=\"https:\/\/instituciones.gtm.sld.cu\/electromedicina\/acerca-de\/mision\/\">Seguir leyendo<\/a><\/p>\n","protected":false},"author":37,"featured_media":0,"parent":2103,"menu_order":0,"comment_status":"closed","ping_status":"closed","template":"","meta":{"ngg_post_thumbnail":0,"_mc_calendar":[]},"yoast_head":"<!-- This site is optimized with the Yoast SEO plugin v21.8 - https:\/\/yoast.com\/wordpress\/plugins\/seo\/ -->\n<title>Misi\u00f3n - Centro Provincial de Electromedicina<\/title>\n<meta name=\"robots\" content=\"index, follow, max-snippet:-1, max-image-preview:large, max-video-preview:-1\" \/>\n<link rel=\"canonical\" href=\"https:\/\/instituciones.gtm.sld.cu\/electromedicina\/acerca-de\/mision\/\" \/>\n<meta property=\"og:locale\" content=\"es_ES\" \/>\n<meta property=\"og:type\" content=\"article\" \/>\n<meta property=\"og:title\" content=\"Misi\u00f3n - Centro Provincial de Electromedicina\" \/>\n<meta property=\"og:description\" content=\"Garantizar al Sistema nacional de salud la tecnolog\u00eda m\u00e9dica necesaria para proporcionar servicios m\u00e9dicos seguros garantizando el proceso de selecci\u00f3n, programaci\u00f3n, adquisici\u00f3n, almacenamiento, distribuci\u00f3n, instalaci\u00f3n, capacitaci\u00f3n, control, evaluaci\u00f3n, mantenimiento y reemplazo.&nbsp; Brindar servicio t\u00e9cnico competente y de \u00f3ptima calidad, que garantice la sostenibilidad de las tecnolog\u00edas m\u00e9dicas en beneficio de los pacientes Asegurar y circular &hellip; Seguir leyendo\" \/>\n<meta property=\"og:url\" content=\"https:\/\/instituciones.gtm.sld.cu\/electromedicina\/acerca-de\/mision\/\" \/>\n<meta property=\"og:site_name\" content=\"Centro Provincial de Electromedicina\" \/>\n<meta property=\"article:modified_time\" content=\"2019-04-06T12:17:56+00:00\" \/>\n<meta name=\"twitter:card\" content=\"summary_large_image\" \/>\n<meta name=\"twitter:label1\" content=\"Tiempo de lectura\" \/>\n\t<meta name=\"twitter:data1\" content=\"1 minuto\" \/>\n<script type=\"application\/ld+json\" class=\"yoast-schema-graph\">{\"@context\":\"https:\/\/schema.org\",\"@graph\":[{\"@type\":\"WebPage\",\"@id\":\"https:\/\/instituciones.gtm.sld.cu\/electromedicina\/acerca-de\/mision\/\",\"url\":\"https:\/\/instituciones.gtm.sld.cu\/electromedicina\/acerca-de\/mision\/\",\"name\":\"Misi\u00f3n - Centro Provincial de Electromedicina\",\"isPartOf\":{\"@id\":\"https:\/\/instituciones.gtm.sld.cu\/electromedicina\/#website\"},\"datePublished\":\"2019-01-29T14:38:10+00:00\",\"dateModified\":\"2019-04-06T12:17:56+00:00\",\"breadcrumb\":{\"@id\":\"https:\/\/instituciones.gtm.sld.cu\/electromedicina\/acerca-de\/mision\/#breadcrumb\"},\"inLanguage\":\"es\",\"potentialAction\":[{\"@type\":\"ReadAction\",\"target\":[\"https:\/\/instituciones.gtm.sld.cu\/electromedicina\/acerca-de\/mision\/\"]}]},{\"@type\":\"BreadcrumbList\",\"@id\":\"https:\/\/instituciones.gtm.sld.cu\/electromedicina\/acerca-de\/mision\/#breadcrumb\",\"itemListElement\":[{\"@type\":\"ListItem\",\"position\":1,\"name\":\"Inicio\",\"item\":\"https:\/\/instituciones.gtm.sld.cu\/electromedicina\/\"},{\"@type\":\"ListItem\",\"position\":2,\"name\":\"Acerca de\",\"item\":\"https:\/\/instituciones.gtm.sld.cu\/electromedicina\/acerca-de\/\"},{\"@type\":\"ListItem\",\"position\":3,\"name\":\"Misi\u00f3n\"}]},{\"@type\":\"WebSite\",\"@id\":\"https:\/\/instituciones.gtm.sld.cu\/electromedicina\/#website\",\"url\":\"https:\/\/instituciones.gtm.sld.cu\/electromedicina\/\",\"name\":\"Centro Provincial de Electromedicina\",\"description\":\"Guant\u00e1namo\",\"potentialAction\":[{\"@type\":\"SearchAction\",\"target\":{\"@type\":\"EntryPoint\",\"urlTemplate\":\"https:\/\/instituciones.gtm.sld.cu\/electromedicina\/?s={search_term_string}\"},\"query-input\":\"required name=search_term_string\"}],\"inLanguage\":\"es\"}]}<\/script>\n<!-- \/ Yoast SEO plugin. -->","yoast_head_json":{"title":"Misi\u00f3n - Centro Provincial de Electromedicina","robots":{"index":"index","follow":"follow","max-snippet":"max-snippet:-1","max-image-preview":"max-image-preview:large","max-video-preview":"max-video-preview:-1"},"canonical":"https:\/\/instituciones.gtm.sld.cu\/electromedicina\/acerca-de\/mision\/","og_locale":"es_ES","og_type":"article","og_title":"Misi\u00f3n - Centro Provincial de Electromedicina","og_description":"Garantizar al Sistema nacional de salud la tecnolog\u00eda m\u00e9dica necesaria para proporcionar servicios m\u00e9dicos seguros garantizando el proceso de selecci\u00f3n, programaci\u00f3n, adquisici\u00f3n, almacenamiento, distribuci\u00f3n, instalaci\u00f3n, capacitaci\u00f3n, control, evaluaci\u00f3n, mantenimiento y reemplazo.&nbsp; Brindar servicio t\u00e9cnico competente y de \u00f3ptima calidad, que garantice la sostenibilidad de las tecnolog\u00edas m\u00e9dicas en beneficio de los pacientes Asegurar y circular &hellip; Seguir leyendo","og_url":"https:\/\/instituciones.gtm.sld.cu\/electromedicina\/acerca-de\/mision\/","og_site_name":"Centro Provincial de Electromedicina","article_modified_time":"2019-04-06T12:17:56+00:00","twitter_card":"summary_large_image","twitter_misc":{"Tiempo de lectura":"1 minuto"},"schema":{"@context":"https:\/\/schema.org","@graph":[{"@type":"WebPage","@id":"https:\/\/instituciones.gtm.sld.cu\/electromedicina\/acerca-de\/mision\/","url":"https:\/\/instituciones.gtm.sld.cu\/electromedicina\/acerca-de\/mision\/","name":"Misi\u00f3n - Centro Provincial de Electromedicina","isPartOf":{"@id":"https:\/\/instituciones.gtm.sld.cu\/electromedicina\/#website"},"datePublished":"2019-01-29T14:38:10+00:00","dateModified":"2019-04-06T12:17:56+00:00","breadcrumb":{"@id":"https:\/\/instituciones.gtm.sld.cu\/electromedicina\/acerca-de\/mision\/#breadcrumb"},"inLanguage":"es","potentialAction":[{"@type":"ReadAction","target":["https:\/\/instituciones.gtm.sld.cu\/electromedicina\/acerca-de\/mision\/"]}]},{"@type":"BreadcrumbList","@id":"https:\/\/instituciones.gtm.sld.cu\/electromedicina\/acerca-de\/mision\/#breadcrumb","itemListElement":[{"@type":"ListItem","position":1,"name":"Inicio","item":"https:\/\/instituciones.gtm.sld.cu\/electromedicina\/"},{"@type":"ListItem","position":2,"name":"Acerca de","item":"https:\/\/instituciones.gtm.sld.cu\/electromedicina\/acerca-de\/"},{"@type":"ListItem","position":3,"name":"Misi\u00f3n"}]},{"@type":"WebSite","@id":"https:\/\/instituciones.gtm.sld.cu\/electromedicina\/#website","url":"https:\/\/instituciones.gtm.sld.cu\/electromedicina\/","name":"Centro Provincial de Electromedicina","description":"Guant\u00e1namo","potentialAction":[{"@type":"SearchAction","target":{"@type":"EntryPoint","urlTemplate":"https:\/\/instituciones.gtm.sld.cu\/electromedicina\/?s={search_term_string}"},"query-input":"required name=search_term_string"}],"inLanguage":"es"}]}},"_links":{"self":[{"href":"https:\/\/instituciones.gtm.sld.cu\/electromedicina\/wp-json\/wp\/v2\/pages\/420"}],"collection":[{"href":"https:\/\/instituciones.gtm.sld.cu\/electromedicina\/wp-json\/wp\/v2\/pages"}],"about":[{"href":"https:\/\/instituciones.gtm.sld.cu\/electromedicina\/wp-json\/wp\/v2\/types\/page"}],"author":[{"embeddable":true,"href":"https:\/\/instituciones.gtm.sld.cu\/electromedicina\/wp-json\/wp\/v2\/users\/37"}],"replies":[{"embeddable":true,"href":"https:\/\/instituciones.gtm.sld.cu\/electromedicina\/wp-json\/wp\/v2\/comments?post=420"}],"version-history":[{"count":0,"href":"https:\/\/instituciones.gtm.sld.cu\/electromedicina\/wp-json\/wp\/v2\/pages\/420\/revisions"}],"up":[{"embeddable":true,"href":"https:\/\/instituciones.gtm.sld.cu\/electromedicina\/wp-json\/wp\/v2\/pages\/2103"}],"wp:attachment":[{"href":"https:\/\/instituciones.gtm.sld.cu\/electromedicina\/wp-json\/wp\/v2\/media?parent=420"}],"curies":[{"name":"wp","href":"https:\/\/api.w.org\/{rel}","templated":true}]}}