{"id":19,"date":"2019-01-14T11:22:11","date_gmt":"2019-01-14T16:22:11","guid":{"rendered":"http:\/\/instituciones.gtm.sld.cu\/emprofarma\/?page_id=19"},"modified":"2019-01-15T11:50:06","modified_gmt":"2019-01-15T16:50:06","slug":"medicina-natural","status":"publish","type":"page","link":"https:\/\/instituciones.gtm.sld.cu\/emprofarma\/medicina-natural\/","title":{"rendered":"Medicina Natural"},"content":{"rendered":"<table width=\"1019\">\n<tbody>\n<tr>\n<td width=\"236\"><strong>Productos Naturales <\/strong><\/td>\n<td width=\"444\"><strong>Acci\u00f3n Farmacol\u00f3gica<\/strong><\/td>\n<td width=\"339\"><strong>Sustitutos Medicamentos Industrial<\/strong><\/td>\n<\/tr>\n<tr>\n<td width=\"236\">Ajo Tintura 20%<\/td>\n<td width=\"444\">Analg\u00e9sico, Antinflamatorio, Hipoglicemiante. Antiespasm\u00f3dico<\/td>\n<td width=\"339\">Pahomin gotas, Ppg tab, Naproxeno tab, Piroxican e Ibuprofeno tab.<\/td>\n<\/tr>\n<tr>\n<td width=\"236\">Cal\u00e9ndula Tintura 20%<\/td>\n<td width=\"444\">Flebotonico, Cicatrizante. Antinflamatorio, Analg\u00e9sico, Antiviral, Antiem\u00e9tico.<\/td>\n<td width=\"339\">Rutascorbin, Venaton, Piroxican tab y supositorio, Soluci\u00f3n Antis\u00e9ptica.<\/td>\n<\/tr>\n<tr>\n<td width=\"236\">Aloe Crema 25%<\/td>\n<td width=\"444\">Cicatrizante T\u00f3pico, Antiinflamatorio,Antibacteriana, Antiherp\u00e9tica, Antiulcerosa<\/td>\n<td width=\"339\">Nitrofurazona crema, Clobetazol crema,<\/p>\n<p>Triamcinolona crema,<\/td>\n<\/tr>\n<tr>\n<td width=\"236\">Aloe Ungto Rectal 2%<\/td>\n<td width=\"444\">Antihemorroidal, Antiinflamatorio<\/td>\n<td width=\"339\">Proctocaina crema, Venat\u00f3n gotas<\/td>\n<\/tr>\n<tr>\n<td width=\"236\">Llant\u00e9n Colutorio<\/td>\n<td width=\"444\">Antiinflamatorio, Antibacteriano, Antis\u00e9ptico, Fungicida,<\/td>\n<td width=\"339\">Soluci\u00f3n Antis\u00e9ptica, Halitol, Soluci\u00f3n Dobell.<\/td>\n<\/tr>\n<tr>\n<td width=\"236\">Llant\u00e9n Ext Fluido<\/td>\n<td width=\"444\">Antiartr\u00edtica, Antiinflamatoria, Antirreum\u00e1tica, Cicatrizante<\/td>\n<td width=\"339\">Mentol\u00e1n Crema, Soluci\u00f3n Antis\u00e9ptica, Ibuprofeno tab,Naproxeno tab<\/td>\n<\/tr>\n<tr>\n<td width=\"236\">Aloe Jarabe 50%<\/td>\n<td width=\"444\">Antiasm\u00e1tico, Hepatoprotector,Antianginosa,Antiulcerosa,Antihistaminica<\/td>\n<td width=\"339\">Salbutamol Jbe, Teofilina Jbe, Pancreatina<\/td>\n<\/tr>\n<tr>\n<td width=\"236\">Imefasma Jarabe 50%<\/td>\n<td width=\"444\">Antiasm\u00e1tico, Broncodilatador, Expectorante,Antitusigena<\/td>\n<td width=\"339\">Salbutamol, Jbe Teofilina, Ketotifeno Jbe<\/td>\n<\/tr>\n<tr>\n<td width=\"236\">Cebolla Jbe, Ajo Jarabe 10%<\/p>\n<p>Or\u00e9gano \/ Romerillo Jarabe<\/td>\n<td width=\"444\">Antiescorb\u00fatico, Antiasm\u00e1tico, Broncodilatador, Expectorante<\/td>\n<td width=\"339\">Salbutamol, Teofilina, Ketotifeno, Vitamina C<\/td>\n<\/tr>\n<tr>\n<td width=\"236\">Or\u00e9gano Jbe 10%<\/td>\n<td width=\"444\">Antiasm\u00e1tica,Expectorante, Anticatarral, Antitusivo,Sedante<\/td>\n<td width=\"339\">Jarabe de Salbutamol, Teofilina, Ketotifeno, y Vitamina C Tab<\/td>\n<\/tr>\n<tr>\n<td width=\"236\">Or\u00e9gano \/ Ca\u00f1a Santa Jbe.<\/td>\n<td width=\"444\">Expectorante, Anticatarral, Antiasm\u00e1tico.<\/td>\n<td width=\"339\">Teofilina, Ketotifeno<\/td>\n<\/tr>\n<tr>\n<td width=\"236\">Loci\u00f3n A\u00f1il Cimarr\u00f3n, Pl\u00e1tano 20%<\/td>\n<td width=\"444\">Pediculicida<\/td>\n<td width=\"339\">Permetrina, Benzoato De Bencilo Loci\u00f3n y Crema<\/td>\n<\/tr>\n<tr>\n<td width=\"236\">Pino Macho Crema 10%<\/td>\n<td width=\"444\">Antif\u00fangica<\/td>\n<td width=\"339\">Crema de Micocil\u00e9n, Terbirafina, Ketoconazol, Tolnaftato<\/td>\n<\/tr>\n<tr>\n<td width=\"236\">Pino Macho Ext&nbsp; Fluido<\/td>\n<td width=\"444\">Antibacteriano, Antif\u00fangico<\/td>\n<td width=\"339\">Micocil\u00e9n, Miconazol, Ketoconazol, Tolnaftato<\/td>\n<\/tr>\n<tr>\n<td width=\"236\">Toronjil Alcoholado 4%<\/td>\n<td width=\"444\">Antinflamatorio, Analg\u00e9sico, Antis\u00e9ptico<\/td>\n<td width=\"339\">Dipirona Tab y Susp., Paracetamol Tab.<\/td>\n<\/tr>\n<tr>\n<td width=\"236\">Naranja Agria Tintura<\/td>\n<td width=\"444\">Diur\u00e9tico, Vasoprotector, Flebot\u00f3nicos, Protector Vasos Sangu\u00edneo<\/td>\n<td width=\"339\">Hidroclorotiazida, Venaton,&nbsp; Vit C Rutascorbin.<\/td>\n<\/tr>\n<tr>\n<td width=\"236\">Te Ri\u00f1\u00f3n Ext. Fluido<\/td>\n<td width=\"444\">Diur\u00e9tico<\/td>\n<td width=\"339\">Clortalidona, HTC, Furosemida, Espironolactona.<\/td>\n<\/tr>\n<tr>\n<td width=\"236\">Ca\u00f1a Santa Tint. 20%<\/td>\n<td width=\"444\">Antihipertensivo, Diur\u00e9tico<\/td>\n<td width=\"339\">Captopril, Enalapril, Nifedipino, Propanolol<\/td>\n<\/tr>\n<tr>\n<td width=\"236\">Jarabe Ca\u00f1adonga<\/td>\n<td width=\"444\">Antian\u00e9mico, Laxante<\/td>\n<td width=\"339\">\u00c1cido F\u00f3lico, Fumarato Ferroso.<\/td>\n<\/tr>\n<tr>\n<td width=\"236\">Pasiflora, Tilo&nbsp; Ext Fldo<\/td>\n<td width=\"444\">Sedante,Analgesica,Antibacteriana,Antiseptica,Ansiolitica<\/td>\n<td width=\"339\">Nitrazepan, Diazepan, Clorodiazepoxido.<\/td>\n<\/tr>\n<tr>\n<td width=\"236\">Mangle Rojo Extracto Fluido<\/td>\n<td width=\"444\">Anti\u00e1cido, Antidiarreico<\/td>\n<td width=\"339\">Omeprazol, Cimetidina, Ranitidina, Reasec<\/td>\n<\/tr>\n<tr>\n<td width=\"236\">Manzanilla&nbsp; Tintura<\/td>\n<td width=\"444\">Anti\u00e1cido, Antidiarreico, Antiinflamatorio, Antimicrobiano, Astringente<\/td>\n<td width=\"339\">&nbsp;Pahomin, Novatrop\u00edn, Carb\u00f3n y Pepsina.<\/td>\n<\/tr>\n<tr>\n<td width=\"236\">Salvia Jarabe<\/td>\n<td width=\"444\">Antiinflamatorio, Expectorante, Antitusiv.<\/td>\n<td width=\"339\">Salbutamol jbe Teofilina, jbe Ketotifeno.<\/td>\n<\/tr>\n<tr>\n<td width=\"236\">&nbsp;Menta Japonesa Tintura<\/p>\n<p>Toronjil de&nbsp; Menta Tintura<\/td>\n<td width=\"444\">Antipasm\u00f3dico T\u00f3nico, Carminativo, Colagogo, Antis\u00e9ptico,<\/td>\n<td width=\"339\">Carb\u00f3n y Pepsina, Pepsiclor, Novatrop\u00edn, Sales Biliares, Pahom\u00edn<\/td>\n<\/tr>\n<tr>\n<td width=\"236\">Melito de Ajo (Hipolip)<\/td>\n<td width=\"444\">Hipocolesterol\u00e9mico,Amebicida, Antihipertensiva,<\/td>\n<td width=\"339\">Ppg, Colestiramina<\/td>\n<\/tr>\n<tr>\n<td width=\"236\">Prop\u00f3leos Tintura&nbsp;&nbsp;&nbsp;&nbsp;&nbsp;&nbsp;&nbsp;&nbsp;&nbsp;&nbsp;&nbsp;&nbsp;&nbsp;&nbsp; 5%&nbsp;&nbsp;&nbsp;&nbsp;&nbsp;&nbsp;&nbsp;&nbsp;&nbsp;&nbsp;&nbsp; 5,10%, 30 %<\/td>\n<td width=\"444\">Antiparasitario (Giardicida)<\/p>\n<p>Antibacteriano<\/td>\n<td width=\"339\">Tinidazol, Metronidazol, Secnidazol.<\/td>\n<\/tr>\n<tr>\n<td width=\"236\">Cebolla Crema 10%<\/td>\n<td width=\"444\">Fungicida, Antibacteriana, Antinflamatoria<\/td>\n<td width=\"339\">Nitrofurazona, Clobetazol, Triancinolona<\/td>\n<\/tr>\n<tr>\n<td width=\"236\">Fricci\u00f3n&nbsp; Jengibre, Muralla<\/td>\n<td width=\"444\">Antirreum\u00e1tico<\/td>\n<td width=\"339\">Mentol\u00e1n crema,&nbsp; Ibuprofeno, Indometacina, Naproxeno<\/td>\n<\/tr>\n<tr>\n<td width=\"236\">Cham&nbsp;&nbsp; Champ\u00fa Naranja, Manzanilla,<\/p>\n<p>Majagua, Aloe<\/td>\n<td width=\"444\">Revitalizador Del Cabello, Antiseborreico<\/td>\n<td width=\"339\">Champ\u00fa Brea, Champ\u00fa Placenta.<\/td>\n<\/tr>\n<tr>\n<td width=\"236\">Anam\u00fa Ungto<\/td>\n<td width=\"444\">Antiinflamatorio, Analg\u00e9sico, Antipir\u00e9tica, Anest\u00e9sica<\/td>\n<td width=\"339\">Mentol\u00e1n Crema, Vaposan Crema ,Ibuprofeno Tab Indometacina Tab&nbsp; Naproxeno Tab &nbsp;Nasolan Crema<\/td>\n<\/tr>\n<tr>\n<td width=\"236\">Calabaza C\u00e1psula<\/td>\n<td width=\"444\">Antioxidante, Antiinflamatorio, Anti prost\u00e1tica, Antied\u00e9mica, Diur\u00e9tica<\/td>\n<td width=\"339\">Secnidazol Tb, Metronidazol Tb Mebendazol Tb, Analg\u00e9sicos Orales<\/td>\n<\/tr>\n<tr>\n<td width=\"236\">Cal\u00e9ndula Jarabe 10%<\/td>\n<td width=\"444\">Antinflamatoria, Antiviral, Flebot\u00f3nica, Antiespasm\u00f3dica<\/td>\n<td width=\"339\">Ibuprofeno, Naproxeno, Piroxican, Venaton Gotas, Pahomin Gotas<\/td>\n<\/tr>\n<tr>\n<td width=\"236\">Ca\u00f1a Santa Crema 20%<\/td>\n<td width=\"444\">Analg\u00e9sica, Antibacteriana<\/td>\n<td width=\"339\">Mentolan, Nasolan, Ketoconazol, Tolnaftato, Micocilen.<\/td>\n<\/tr>\n<tr>\n<td width=\"236\">Ca\u00f1a Santa Jarabe 10%<\/td>\n<td width=\"444\">Antipir\u00e9tico, Diur\u00e9tico, Antioxidante, Antiespasm\u00f3dica.<\/td>\n<td width=\"339\">Dipirona, Paracetamol, Pahomin Gts<\/td>\n<\/tr>\n<tr>\n<td width=\"236\">Guayaba Tintura 20 %<\/td>\n<td width=\"444\">Antidiarreico, Antipasm\u00f3dico, Sedante, Hemol\u00edtico<\/td>\n<td width=\"339\">Sales&nbsp; Rehidratantes, Pahomin Gtas, Clorodiazepoxido<\/td>\n<\/tr>\n<tr>\n<td width=\"236\">Manzanilla Flores<\/td>\n<td width=\"444\">Antibacteriana, Fungicida.<\/td>\n<td width=\"339\">Triamcinolona, Ketoconazol, Tolnaftato, Micocilen &nbsp;<\/td>\n<\/tr>\n<tr>\n<td width=\"236\">Manzanilla Crema<\/td>\n<td width=\"444\">Antibacteriana, Antinflamatoria, Antis\u00e9ptico, Antioxidante<\/td>\n<td width=\"339\">Triancinolona, Ketoconazol, Tolnaftato, Micocilen Ungto, Clobetazol Crema<\/td>\n<\/tr>\n<tr>\n<td width=\"236\">Romerillo Ext Fluido<\/td>\n<td width=\"444\">Hipoglicemiante<\/td>\n<td width=\"339\">Glibenclamida, Tolbutamida, Glimepirida.<\/td>\n<\/tr>\n<tr>\n<td width=\"236\">Talco de Guayaba<\/td>\n<td width=\"444\">Antibacteriano, Fungicida<\/td>\n<td width=\"339\">Micocil\u00e9n Talco, Micocil\u00e9n Ugto<\/td>\n<\/tr>\n<tr>\n<td width=\"236\">Vimang Crema,Acuoso y Jarabe<\/td>\n<td width=\"444\">Antioxidante<\/td>\n<td width=\"339\">Complejo Vitam\u00ednico (Suplementos Nutricionales)<\/p>\n<p>&nbsp;<\/td>\n<\/tr>\n<\/tbody>\n<\/table>\n<p><strong>Departamento T\u00e9cnico Comercial &nbsp;&nbsp;Empresa Provincial Farmacias y \u00d3pticas. (EMPROFARMA)<\/strong><\/p>\n","protected":false},"excerpt":{"rendered":"<div class='heateorSssClear'><\/div><div  class='heateor_sss_sharing_container heateor_sss_horizontal_sharing' data-heateor-sss-href='https:\/\/instituciones.gtm.sld.cu\/emprofarma\/medicina-natural\/'><div class='heateor_sss_sharing_title' style=\"font-weight:bold\" >Comparte si te a gustado:<\/div><div class=\"heateor_sss_sharing_ul\"><a aria-label=\"Facebook\" class=\"heateor_sss_facebook\" href=\"https:\/\/www.facebook.com\/sharer\/sharer.php?u=https%3A%2F%2Finstituciones.gtm.sld.cu%2Femprofarma%2Fmedicina-natural%2F\" title=\"Facebook\" rel=\"nofollow noopener\" target=\"_blank\" style=\"font-size:32px!important;box-shadow:none;display:inline-block;vertical-align:middle\"><span class=\"heateor_sss_svg\" style=\"background-color:#0765FE;width:25px;height:25px;border-radius:999px;display:inline-block;opacity:1;float:left;font-size:32px;box-shadow:none;display:inline-block;font-size:16px;padding:0 4px;vertical-align:middle;background-repeat:repeat;overflow:hidden;padding:0;cursor:pointer;box-sizing:content-box\"><svg style=\"display:block;border-radius:999px;\" focusable=\"false\" aria-hidden=\"true\" xmlns=\"http:\/\/www.w3.org\/2000\/svg\" width=\"100%\" height=\"100%\" viewBox=\"0 0 32 32\"><path fill=\"#fff\" d=\"M28 16c0-6.627-5.373-12-12-12S4 9.373 4 16c0 5.628 3.875 10.35 9.101 11.647v-7.98h-2.474V16H13.1v-1.58c0-4.085 1.849-5.978 5.859-5.978.76 0 2.072.15 2.608.298v3.325c-.283-.03-.775-.045-1.386-.045-1.967 0-2.728.745-2.728 2.683V16h3.92l-.673 3.667h-3.247v8.245C23.395 27.195 28 22.135 28 16Z\"><\/path><\/svg><\/span><\/a><a aria-label=\"Whatsapp\" class=\"heateor_sss_whatsapp\" href=\"https:\/\/api.whatsapp.com\/send?text=Medicina%20Natural%20https%3A%2F%2Finstituciones.gtm.sld.cu%2Femprofarma%2Fmedicina-natural%2F\" title=\"Whatsapp\" rel=\"nofollow noopener\" target=\"_blank\" style=\"font-size:32px!important;box-shadow:none;display:inline-block;vertical-align:middle\"><span class=\"heateor_sss_svg\" style=\"background-color:#55eb4c;width:25px;height:25px;border-radius:999px;display:inline-block;opacity:1;float:left;font-size:32px;box-shadow:none;display:inline-block;font-size:16px;padding:0 4px;vertical-align:middle;background-repeat:repeat;overflow:hidden;padding:0;cursor:pointer;box-sizing:content-box\"><svg style=\"display:block;border-radius:999px;\" focusable=\"false\" aria-hidden=\"true\" xmlns=\"http:\/\/www.w3.org\/2000\/svg\" width=\"100%\" height=\"100%\" viewBox=\"-6 -5 40 40\"><path class=\"heateor_sss_svg_stroke heateor_sss_no_fill\" stroke=\"#fff\" stroke-width=\"2\" fill=\"none\" d=\"M 11.579798566743314 24.396926207859085 A 10 10 0 1 0 6.808479557110079 20.73576436351046\"><\/path><path d=\"M 7 19 l -1 6 l 6 -1\" class=\"heateor_sss_no_fill heateor_sss_svg_stroke\" stroke=\"#fff\" stroke-width=\"2\" fill=\"none\"><\/path><path d=\"M 10 10 q -1 8 8 11 c 5 -1 0 -6 -1 -3 q -4 -3 -5 -5 c 4 -2 -1 -5 -1 -4\" fill=\"#fff\"><\/path><\/svg><\/span><\/a><a aria-label=\"Telegram\" class=\"heateor_sss_button_telegram\" href=\"https:\/\/telegram.me\/share\/url?url=https%3A%2F%2Finstituciones.gtm.sld.cu%2Femprofarma%2Fmedicina-natural%2F&text=Medicina%20Natural\" title=\"Telegram\" rel=\"nofollow noopener\" target=\"_blank\" style=\"font-size:32px!important;box-shadow:none;display:inline-block;vertical-align:middle\"><span class=\"heateor_sss_svg heateor_sss_s__default heateor_sss_s_telegram\" style=\"background-color:#3da5f1;width:25px;height:25px;border-radius:999px;display:inline-block;opacity:1;float:left;font-size:32px;box-shadow:none;display:inline-block;font-size:16px;padding:0 4px;vertical-align:middle;background-repeat:repeat;overflow:hidden;padding:0;cursor:pointer;box-sizing:content-box\"><svg style=\"display:block;border-radius:999px;\" focusable=\"false\" aria-hidden=\"true\" xmlns=\"http:\/\/www.w3.org\/2000\/svg\" width=\"100%\" height=\"100%\" viewBox=\"0 0 32 32\"><path fill=\"#fff\" d=\"M25.515 6.896L6.027 14.41c-1.33.534-1.322 1.276-.243 1.606l5 1.56 1.72 5.66c.226.625.115.873.77.873.506 0 .73-.235 1.012-.51l2.43-2.363 5.056 3.734c.93.514 1.602.25 1.834-.863l3.32-15.638c.338-1.363-.52-1.98-1.41-1.577z\"><\/path><\/svg><\/span><\/a><a aria-label=\"X\" class=\"heateor_sss_button_x\" href=\"https:\/\/twitter.com\/intent\/tweet?text=Medicina%20Natural&url=https%3A%2F%2Finstituciones.gtm.sld.cu%2Femprofarma%2Fmedicina-natural%2F\" title=\"X\" rel=\"nofollow noopener\" target=\"_blank\" style=\"font-size:32px!important;box-shadow:none;display:inline-block;vertical-align:middle\"><span class=\"heateor_sss_svg heateor_sss_s__default heateor_sss_s_x\" style=\"background-color:#2a2a2a;width:25px;height:25px;border-radius:999px;display:inline-block;opacity:1;float:left;font-size:32px;box-shadow:none;display:inline-block;font-size:16px;padding:0 4px;vertical-align:middle;background-repeat:repeat;overflow:hidden;padding:0;cursor:pointer;box-sizing:content-box\"><svg width=\"100%\" height=\"100%\" style=\"display:block;border-radius:999px;\" focusable=\"false\" aria-hidden=\"true\" xmlns=\"http:\/\/www.w3.org\/2000\/svg\" viewBox=\"0 0 32 32\"><path fill=\"#fff\" d=\"M21.751 7h3.067l-6.7 7.658L26 25.078h-6.172l-4.833-6.32-5.531 6.32h-3.07l7.167-8.19L6 7h6.328l4.37 5.777L21.75 7Zm-1.076 16.242h1.7L11.404 8.74H9.58l11.094 14.503Z\"><\/path><\/svg><\/span><\/a><\/div><div class=\"heateorSssClear\"><\/div><\/div><div class='heateorSssClear'><\/div><p>Productos Naturales Acci\u00f3n Farmacol\u00f3gica Sustitutos Medicamentos Industrial Ajo Tintura 20% Analg\u00e9sico, Antinflamatorio, Hipoglicemiante. Antiespasm\u00f3dico Pahomin gotas, Ppg tab, Naproxeno tab, Piroxican e Ibuprofeno tab. Cal\u00e9ndula Tintura 20% Flebotonico, Cicatrizante. Antinflamatorio, Analg\u00e9sico, Antiviral, Antiem\u00e9tico. Rutascorbin, Venaton, Piroxican tab y supositorio, Soluci\u00f3n Antis\u00e9ptica. Aloe Crema 25% Cicatrizante T\u00f3pico, Antiinflamatorio,Antibacteriana, Antiherp\u00e9tica, Antiulcerosa Nitrofurazona crema, Clobetazol crema, Triamcinolona crema, &hellip; <\/p>\n<p><a class=\"more-link btn\" href=\"https:\/\/instituciones.gtm.sld.cu\/emprofarma\/medicina-natural\/\">Seguir leyendo<\/a><\/p>\n","protected":false},"author":9,"featured_media":0,"parent":0,"menu_order":0,"comment_status":"closed","ping_status":"closed","template":"","meta":{"ngg_post_thumbnail":0,"_mc_calendar":[]},"yoast_head":"<!-- This site is optimized with the Yoast SEO plugin v21.8 - https:\/\/yoast.com\/wordpress\/plugins\/seo\/ -->\n<title>Medicina Natural - Empresa Provincial de Farmacias y \u00d3pticas<\/title>\n<meta name=\"robots\" content=\"index, follow, max-snippet:-1, max-image-preview:large, max-video-preview:-1\" \/>\n<link rel=\"canonical\" href=\"https:\/\/instituciones.gtm.sld.cu\/emprofarma\/medicina-natural\/\" \/>\n<meta property=\"og:locale\" content=\"es_ES\" \/>\n<meta property=\"og:type\" content=\"article\" \/>\n<meta property=\"og:title\" content=\"Medicina Natural - Empresa Provincial de Farmacias y \u00d3pticas\" \/>\n<meta property=\"og:description\" content=\"Productos Naturales Acci\u00f3n Farmacol\u00f3gica Sustitutos Medicamentos Industrial Ajo Tintura 20% Analg\u00e9sico, Antinflamatorio, Hipoglicemiante. Antiespasm\u00f3dico Pahomin gotas, Ppg tab, Naproxeno tab, Piroxican e Ibuprofeno tab. Cal\u00e9ndula Tintura 20% Flebotonico, Cicatrizante. Antinflamatorio, Analg\u00e9sico, Antiviral, Antiem\u00e9tico. Rutascorbin, Venaton, Piroxican tab y supositorio, Soluci\u00f3n Antis\u00e9ptica. Aloe Crema 25% Cicatrizante T\u00f3pico, Antiinflamatorio,Antibacteriana, Antiherp\u00e9tica, Antiulcerosa Nitrofurazona crema, Clobetazol crema, Triamcinolona crema, &hellip; Seguir leyendo\" \/>\n<meta property=\"og:url\" content=\"https:\/\/instituciones.gtm.sld.cu\/emprofarma\/medicina-natural\/\" \/>\n<meta property=\"og:site_name\" content=\"Empresa Provincial de Farmacias y \u00d3pticas\" \/>\n<meta property=\"article:modified_time\" content=\"2019-01-15T16:50:06+00:00\" \/>\n<meta name=\"twitter:card\" content=\"summary_large_image\" \/>\n<meta name=\"twitter:label1\" content=\"Tiempo de lectura\" \/>\n\t<meta name=\"twitter:data1\" content=\"3 minutos\" \/>\n<script type=\"application\/ld+json\" class=\"yoast-schema-graph\">{\"@context\":\"https:\/\/schema.org\",\"@graph\":[{\"@type\":\"WebPage\",\"@id\":\"https:\/\/instituciones.gtm.sld.cu\/emprofarma\/medicina-natural\/\",\"url\":\"https:\/\/instituciones.gtm.sld.cu\/emprofarma\/medicina-natural\/\",\"name\":\"Medicina Natural - Empresa Provincial de Farmacias y \u00d3pticas\",\"isPartOf\":{\"@id\":\"https:\/\/instituciones.gtm.sld.cu\/emprofarma\/#website\"},\"datePublished\":\"2019-01-14T16:22:11+00:00\",\"dateModified\":\"2019-01-15T16:50:06+00:00\",\"breadcrumb\":{\"@id\":\"https:\/\/instituciones.gtm.sld.cu\/emprofarma\/medicina-natural\/#breadcrumb\"},\"inLanguage\":\"es\",\"potentialAction\":[{\"@type\":\"ReadAction\",\"target\":[\"https:\/\/instituciones.gtm.sld.cu\/emprofarma\/medicina-natural\/\"]}]},{\"@type\":\"BreadcrumbList\",\"@id\":\"https:\/\/instituciones.gtm.sld.cu\/emprofarma\/medicina-natural\/#breadcrumb\",\"itemListElement\":[{\"@type\":\"ListItem\",\"position\":1,\"name\":\"Inicio\",\"item\":\"https:\/\/instituciones.gtm.sld.cu\/emprofarma\/\"},{\"@type\":\"ListItem\",\"position\":2,\"name\":\"Medicina Natural\"}]},{\"@type\":\"WebSite\",\"@id\":\"https:\/\/instituciones.gtm.sld.cu\/emprofarma\/#website\",\"url\":\"https:\/\/instituciones.gtm.sld.cu\/emprofarma\/\",\"name\":\"Empresa Provincial de Farmacias y \u00d3pticas\",\"description\":\"EMPROFARMA\",\"potentialAction\":[{\"@type\":\"SearchAction\",\"target\":{\"@type\":\"EntryPoint\",\"urlTemplate\":\"https:\/\/instituciones.gtm.sld.cu\/emprofarma\/?s={search_term_string}\"},\"query-input\":\"required name=search_term_string\"}],\"inLanguage\":\"es\"}]}<\/script>\n<!-- \/ Yoast SEO plugin. -->","yoast_head_json":{"title":"Medicina Natural - Empresa Provincial de Farmacias y \u00d3pticas","robots":{"index":"index","follow":"follow","max-snippet":"max-snippet:-1","max-image-preview":"max-image-preview:large","max-video-preview":"max-video-preview:-1"},"canonical":"https:\/\/instituciones.gtm.sld.cu\/emprofarma\/medicina-natural\/","og_locale":"es_ES","og_type":"article","og_title":"Medicina Natural - Empresa Provincial de Farmacias y \u00d3pticas","og_description":"Productos Naturales Acci\u00f3n Farmacol\u00f3gica Sustitutos Medicamentos Industrial Ajo Tintura 20% Analg\u00e9sico, Antinflamatorio, Hipoglicemiante. Antiespasm\u00f3dico Pahomin gotas, Ppg tab, Naproxeno tab, Piroxican e Ibuprofeno tab. Cal\u00e9ndula Tintura 20% Flebotonico, Cicatrizante. Antinflamatorio, Analg\u00e9sico, Antiviral, Antiem\u00e9tico. Rutascorbin, Venaton, Piroxican tab y supositorio, Soluci\u00f3n Antis\u00e9ptica. Aloe Crema 25% Cicatrizante T\u00f3pico, Antiinflamatorio,Antibacteriana, Antiherp\u00e9tica, Antiulcerosa Nitrofurazona crema, Clobetazol crema, Triamcinolona crema, &hellip; Seguir leyendo","og_url":"https:\/\/instituciones.gtm.sld.cu\/emprofarma\/medicina-natural\/","og_site_name":"Empresa Provincial de Farmacias y \u00d3pticas","article_modified_time":"2019-01-15T16:50:06+00:00","twitter_card":"summary_large_image","twitter_misc":{"Tiempo de lectura":"3 minutos"},"schema":{"@context":"https:\/\/schema.org","@graph":[{"@type":"WebPage","@id":"https:\/\/instituciones.gtm.sld.cu\/emprofarma\/medicina-natural\/","url":"https:\/\/instituciones.gtm.sld.cu\/emprofarma\/medicina-natural\/","name":"Medicina Natural - Empresa Provincial de Farmacias y \u00d3pticas","isPartOf":{"@id":"https:\/\/instituciones.gtm.sld.cu\/emprofarma\/#website"},"datePublished":"2019-01-14T16:22:11+00:00","dateModified":"2019-01-15T16:50:06+00:00","breadcrumb":{"@id":"https:\/\/instituciones.gtm.sld.cu\/emprofarma\/medicina-natural\/#breadcrumb"},"inLanguage":"es","potentialAction":[{"@type":"ReadAction","target":["https:\/\/instituciones.gtm.sld.cu\/emprofarma\/medicina-natural\/"]}]},{"@type":"BreadcrumbList","@id":"https:\/\/instituciones.gtm.sld.cu\/emprofarma\/medicina-natural\/#breadcrumb","itemListElement":[{"@type":"ListItem","position":1,"name":"Inicio","item":"https:\/\/instituciones.gtm.sld.cu\/emprofarma\/"},{"@type":"ListItem","position":2,"name":"Medicina Natural"}]},{"@type":"WebSite","@id":"https:\/\/instituciones.gtm.sld.cu\/emprofarma\/#website","url":"https:\/\/instituciones.gtm.sld.cu\/emprofarma\/","name":"Empresa Provincial de Farmacias y \u00d3pticas","description":"EMPROFARMA","potentialAction":[{"@type":"SearchAction","target":{"@type":"EntryPoint","urlTemplate":"https:\/\/instituciones.gtm.sld.cu\/emprofarma\/?s={search_term_string}"},"query-input":"required name=search_term_string"}],"inLanguage":"es"}]}},"_links":{"self":[{"href":"https:\/\/instituciones.gtm.sld.cu\/emprofarma\/wp-json\/wp\/v2\/pages\/19"}],"collection":[{"href":"https:\/\/instituciones.gtm.sld.cu\/emprofarma\/wp-json\/wp\/v2\/pages"}],"about":[{"href":"https:\/\/instituciones.gtm.sld.cu\/emprofarma\/wp-json\/wp\/v2\/types\/page"}],"author":[{"embeddable":true,"href":"https:\/\/instituciones.gtm.sld.cu\/emprofarma\/wp-json\/wp\/v2\/users\/9"}],"replies":[{"embeddable":true,"href":"https:\/\/instituciones.gtm.sld.cu\/emprofarma\/wp-json\/wp\/v2\/comments?post=19"}],"version-history":[{"count":0,"href":"https:\/\/instituciones.gtm.sld.cu\/emprofarma\/wp-json\/wp\/v2\/pages\/19\/revisions"}],"wp:attachment":[{"href":"https:\/\/instituciones.gtm.sld.cu\/emprofarma\/wp-json\/wp\/v2\/media?parent=19"}],"curies":[{"name":"wp","href":"https:\/\/api.w.org\/{rel}","templated":true}]}}