{"id":66,"date":"2019-01-15T09:47:54","date_gmt":"2019-01-15T14:47:54","guid":{"rendered":"http:\/\/instituciones.gtm.sld.cu\/emprofarma\/?page_id=66"},"modified":"2019-03-19T11:03:58","modified_gmt":"2019-03-19T15:03:58","slug":"ueb-farmacias-territorial","status":"publish","type":"page","link":"https:\/\/instituciones.gtm.sld.cu\/emprofarma\/ueb-farmacias-territorial\/","title":{"rendered":"UEB Farmacias Territorial"},"content":{"rendered":"\n<p>En\nfecha 5 de Enero del a\u00f1o 2015 y seg\u00fan resoluci\u00f3n 06 del a\u00f1o antes mencionado, fue\ncreada al Unidad empresarial de Base Farmacias Territorial, perteneciente a la\nEmpresa Provincial de Farmacias y \u00d3pticas Guant\u00e1namo., el domicilio legal es\nAguilera n\u00famero 311 \/ Calixto Garc\u00eda y Los maceo. <\/p>\n\n\n\n<p>La\nUEB tiene un total de 60 unidades de Farmacia y un centro de Producci\u00f3n Local. Ubicados\nen los municipios de El Salvador, Yateras, Im\u00edas, San Antonio Sur, Manuel\nTames, Caimanera y Niceto P\u00e9rez.<\/p>\n\n\n\n<p><strong>OBJETIVOS ESTRATEGICOS DE LA UEB TERRITORIAL<\/strong><strong><\/strong><\/p>\n\n\n\n<p>Objetivo No.1 Elevar el nivel de satisfacci\u00f3n de la poblaci\u00f3n con la calidad de los servicios\u00a0 farmac\u00e9uticos como parte del proceso de transformaciones en el sector salud, garantizando el cumplimiento de los aseguramientos para el programa de recuperaci\u00f3n de los servicios farmac\u00e9uticos. (Lineamientos: 126., 131)\u00a0 (Obj. # 6 APPP y CAP)<\/p>\n\n\n\n<p>Objetivo No. 3 Lograr el cumplimiento de la producci\u00f3n de Medicina Natural en Unidades F\u00edsicas y en Valores, manteniendo una oferta estable y con calidad a la poblaci\u00f3n de los renglones planificados, garantizando el cumplimiento de los aseguramientos para el programa de recuperaci\u00f3n de la producci\u00f3n local y dispensarial. (Lineamientos: 132)\u00a0 (Obj. # 2\u00a0 y 6 APPP y CAP)<\/p>\n\n\n\n<p>Objetivo No. 4 Lograr un \u00f3ptimo\u00a0 proceso de reordenamiento laboral, a partir de la consolidaci\u00f3n de las UEB Territorial \u00a0, asegurando el cumplimiento de la legalidad socialista, relacionado con los planes econ\u00f3micos y sus derivaciones, as\u00ed como la capacitaci\u00f3n y preparaci\u00f3n del personal en aras de alcanzar las competencias requeridas. (Lineamientos: 08; 12; 23; 138; 167; 169; 170; 171; 172). <\/p>\n\n\n\n<p><strong>\u00bfA QUE ASPIRAMOS?<\/strong><\/p>\n\n\n\n<ul><li>Teniendo en cuenta los cambios y resultados\u00a0 que se avecinan al respecto, debemos redoblar nuestros esfuerzos para: <\/li><li>Elevar el nivel de satisfacci\u00f3n de la poblaci\u00f3n y la calidad de los servicios prestados.<\/li><li>Elevar la eficiencia a trav\u00e9s de la disminuci\u00f3n de los gastos.<\/li><li>Estimular el incremento de la producci\u00f3n y comercializaci\u00f3n de los productos naturales.<\/li><li>Aumentar la exigencia en el cumplimiento de la disciplina laboral. <\/li><\/ul>\n","protected":false},"excerpt":{"rendered":"<div class='heateorSssClear'><\/div><div  class='heateor_sss_sharing_container heateor_sss_horizontal_sharing' data-heateor-sss-href='https:\/\/instituciones.gtm.sld.cu\/emprofarma\/ueb-farmacias-territorial\/'><div class='heateor_sss_sharing_title' style=\"font-weight:bold\" >Comparte si te a gustado:<\/div><div class=\"heateor_sss_sharing_ul\"><a aria-label=\"Facebook\" class=\"heateor_sss_facebook\" href=\"https:\/\/www.facebook.com\/sharer\/sharer.php?u=https%3A%2F%2Finstituciones.gtm.sld.cu%2Femprofarma%2Fueb-farmacias-territorial%2F\" title=\"Facebook\" rel=\"nofollow noopener\" target=\"_blank\" style=\"font-size:32px!important;box-shadow:none;display:inline-block;vertical-align:middle\"><span class=\"heateor_sss_svg\" style=\"background-color:#0765FE;width:25px;height:25px;border-radius:999px;display:inline-block;opacity:1;float:left;font-size:32px;box-shadow:none;display:inline-block;font-size:16px;padding:0 4px;vertical-align:middle;background-repeat:repeat;overflow:hidden;padding:0;cursor:pointer;box-sizing:content-box\"><svg style=\"display:block;border-radius:999px;\" focusable=\"false\" aria-hidden=\"true\" xmlns=\"http:\/\/www.w3.org\/2000\/svg\" width=\"100%\" height=\"100%\" viewBox=\"0 0 32 32\"><path fill=\"#fff\" d=\"M28 16c0-6.627-5.373-12-12-12S4 9.373 4 16c0 5.628 3.875 10.35 9.101 11.647v-7.98h-2.474V16H13.1v-1.58c0-4.085 1.849-5.978 5.859-5.978.76 0 2.072.15 2.608.298v3.325c-.283-.03-.775-.045-1.386-.045-1.967 0-2.728.745-2.728 2.683V16h3.92l-.673 3.667h-3.247v8.245C23.395 27.195 28 22.135 28 16Z\"><\/path><\/svg><\/span><\/a><a aria-label=\"Whatsapp\" class=\"heateor_sss_whatsapp\" href=\"https:\/\/api.whatsapp.com\/send?text=UEB%20Farmacias%20Territorial%20https%3A%2F%2Finstituciones.gtm.sld.cu%2Femprofarma%2Fueb-farmacias-territorial%2F\" title=\"Whatsapp\" rel=\"nofollow noopener\" target=\"_blank\" style=\"font-size:32px!important;box-shadow:none;display:inline-block;vertical-align:middle\"><span class=\"heateor_sss_svg\" style=\"background-color:#55eb4c;width:25px;height:25px;border-radius:999px;display:inline-block;opacity:1;float:left;font-size:32px;box-shadow:none;display:inline-block;font-size:16px;padding:0 4px;vertical-align:middle;background-repeat:repeat;overflow:hidden;padding:0;cursor:pointer;box-sizing:content-box\"><svg style=\"display:block;border-radius:999px;\" focusable=\"false\" aria-hidden=\"true\" xmlns=\"http:\/\/www.w3.org\/2000\/svg\" width=\"100%\" height=\"100%\" viewBox=\"-6 -5 40 40\"><path class=\"heateor_sss_svg_stroke heateor_sss_no_fill\" stroke=\"#fff\" stroke-width=\"2\" fill=\"none\" d=\"M 11.579798566743314 24.396926207859085 A 10 10 0 1 0 6.808479557110079 20.73576436351046\"><\/path><path d=\"M 7 19 l -1 6 l 6 -1\" class=\"heateor_sss_no_fill heateor_sss_svg_stroke\" stroke=\"#fff\" stroke-width=\"2\" fill=\"none\"><\/path><path d=\"M 10 10 q -1 8 8 11 c 5 -1 0 -6 -1 -3 q -4 -3 -5 -5 c 4 -2 -1 -5 -1 -4\" fill=\"#fff\"><\/path><\/svg><\/span><\/a><a aria-label=\"Telegram\" class=\"heateor_sss_button_telegram\" href=\"https:\/\/telegram.me\/share\/url?url=https%3A%2F%2Finstituciones.gtm.sld.cu%2Femprofarma%2Fueb-farmacias-territorial%2F&text=UEB%20Farmacias%20Territorial\" title=\"Telegram\" rel=\"nofollow noopener\" target=\"_blank\" style=\"font-size:32px!important;box-shadow:none;display:inline-block;vertical-align:middle\"><span class=\"heateor_sss_svg heateor_sss_s__default heateor_sss_s_telegram\" style=\"background-color:#3da5f1;width:25px;height:25px;border-radius:999px;display:inline-block;opacity:1;float:left;font-size:32px;box-shadow:none;display:inline-block;font-size:16px;padding:0 4px;vertical-align:middle;background-repeat:repeat;overflow:hidden;padding:0;cursor:pointer;box-sizing:content-box\"><svg style=\"display:block;border-radius:999px;\" focusable=\"false\" aria-hidden=\"true\" xmlns=\"http:\/\/www.w3.org\/2000\/svg\" width=\"100%\" height=\"100%\" viewBox=\"0 0 32 32\"><path fill=\"#fff\" d=\"M25.515 6.896L6.027 14.41c-1.33.534-1.322 1.276-.243 1.606l5 1.56 1.72 5.66c.226.625.115.873.77.873.506 0 .73-.235 1.012-.51l2.43-2.363 5.056 3.734c.93.514 1.602.25 1.834-.863l3.32-15.638c.338-1.363-.52-1.98-1.41-1.577z\"><\/path><\/svg><\/span><\/a><a aria-label=\"X\" class=\"heateor_sss_button_x\" href=\"https:\/\/twitter.com\/intent\/tweet?text=UEB%20Farmacias%20Territorial&url=https%3A%2F%2Finstituciones.gtm.sld.cu%2Femprofarma%2Fueb-farmacias-territorial%2F\" title=\"X\" rel=\"nofollow noopener\" target=\"_blank\" style=\"font-size:32px!important;box-shadow:none;display:inline-block;vertical-align:middle\"><span class=\"heateor_sss_svg heateor_sss_s__default heateor_sss_s_x\" style=\"background-color:#2a2a2a;width:25px;height:25px;border-radius:999px;display:inline-block;opacity:1;float:left;font-size:32px;box-shadow:none;display:inline-block;font-size:16px;padding:0 4px;vertical-align:middle;background-repeat:repeat;overflow:hidden;padding:0;cursor:pointer;box-sizing:content-box\"><svg width=\"100%\" height=\"100%\" style=\"display:block;border-radius:999px;\" focusable=\"false\" aria-hidden=\"true\" xmlns=\"http:\/\/www.w3.org\/2000\/svg\" viewBox=\"0 0 32 32\"><path fill=\"#fff\" d=\"M21.751 7h3.067l-6.7 7.658L26 25.078h-6.172l-4.833-6.32-5.531 6.32h-3.07l7.167-8.19L6 7h6.328l4.37 5.777L21.75 7Zm-1.076 16.242h1.7L11.404 8.74H9.58l11.094 14.503Z\"><\/path><\/svg><\/span><\/a><\/div><div class=\"heateorSssClear\"><\/div><\/div><div class='heateorSssClear'><\/div><p>En fecha 5 de Enero del a\u00f1o 2015 y seg\u00fan resoluci\u00f3n 06 del a\u00f1o antes mencionado, fue creada al Unidad empresarial de Base Farmacias Territorial, perteneciente a la Empresa Provincial de Farmacias y \u00d3pticas Guant\u00e1namo., el domicilio legal es Aguilera n\u00famero 311 \/ Calixto Garc\u00eda y Los maceo. La UEB tiene un total de 60 &hellip; <\/p>\n<p><a class=\"more-link btn\" href=\"https:\/\/instituciones.gtm.sld.cu\/emprofarma\/ueb-farmacias-territorial\/\">Seguir leyendo<\/a><\/p>\n","protected":false},"author":9,"featured_media":0,"parent":0,"menu_order":0,"comment_status":"closed","ping_status":"closed","template":"","meta":{"ngg_post_thumbnail":0,"_mc_calendar":[]},"yoast_head":"<!-- This site is optimized with the Yoast SEO plugin v21.8 - https:\/\/yoast.com\/wordpress\/plugins\/seo\/ -->\n<title>UEB Farmacias Territorial - Empresa Provincial de Farmacias y \u00d3pticas<\/title>\n<meta name=\"robots\" content=\"index, follow, max-snippet:-1, max-image-preview:large, max-video-preview:-1\" \/>\n<link rel=\"canonical\" href=\"https:\/\/instituciones.gtm.sld.cu\/emprofarma\/ueb-farmacias-territorial\/\" \/>\n<meta property=\"og:locale\" content=\"es_ES\" \/>\n<meta property=\"og:type\" content=\"article\" \/>\n<meta property=\"og:title\" content=\"UEB Farmacias Territorial - Empresa Provincial de Farmacias y \u00d3pticas\" \/>\n<meta property=\"og:description\" content=\"En fecha 5 de Enero del a\u00f1o 2015 y seg\u00fan resoluci\u00f3n 06 del a\u00f1o antes mencionado, fue creada al Unidad empresarial de Base Farmacias Territorial, perteneciente a la Empresa Provincial de Farmacias y \u00d3pticas Guant\u00e1namo., el domicilio legal es Aguilera n\u00famero 311 \/ Calixto Garc\u00eda y Los maceo. La UEB tiene un total de 60 &hellip; Seguir leyendo\" \/>\n<meta property=\"og:url\" content=\"https:\/\/instituciones.gtm.sld.cu\/emprofarma\/ueb-farmacias-territorial\/\" \/>\n<meta property=\"og:site_name\" content=\"Empresa Provincial de Farmacias y \u00d3pticas\" \/>\n<meta property=\"article:modified_time\" content=\"2019-03-19T15:03:58+00:00\" \/>\n<meta name=\"twitter:card\" content=\"summary_large_image\" \/>\n<meta name=\"twitter:label1\" content=\"Tiempo de lectura\" \/>\n\t<meta name=\"twitter:data1\" content=\"2 minutos\" \/>\n<script type=\"application\/ld+json\" class=\"yoast-schema-graph\">{\"@context\":\"https:\/\/schema.org\",\"@graph\":[{\"@type\":\"WebPage\",\"@id\":\"https:\/\/instituciones.gtm.sld.cu\/emprofarma\/ueb-farmacias-territorial\/\",\"url\":\"https:\/\/instituciones.gtm.sld.cu\/emprofarma\/ueb-farmacias-territorial\/\",\"name\":\"UEB Farmacias Territorial - Empresa Provincial de Farmacias y \u00d3pticas\",\"isPartOf\":{\"@id\":\"https:\/\/instituciones.gtm.sld.cu\/emprofarma\/#website\"},\"datePublished\":\"2019-01-15T14:47:54+00:00\",\"dateModified\":\"2019-03-19T15:03:58+00:00\",\"breadcrumb\":{\"@id\":\"https:\/\/instituciones.gtm.sld.cu\/emprofarma\/ueb-farmacias-territorial\/#breadcrumb\"},\"inLanguage\":\"es\",\"potentialAction\":[{\"@type\":\"ReadAction\",\"target\":[\"https:\/\/instituciones.gtm.sld.cu\/emprofarma\/ueb-farmacias-territorial\/\"]}]},{\"@type\":\"BreadcrumbList\",\"@id\":\"https:\/\/instituciones.gtm.sld.cu\/emprofarma\/ueb-farmacias-territorial\/#breadcrumb\",\"itemListElement\":[{\"@type\":\"ListItem\",\"position\":1,\"name\":\"Inicio\",\"item\":\"https:\/\/instituciones.gtm.sld.cu\/emprofarma\/\"},{\"@type\":\"ListItem\",\"position\":2,\"name\":\"UEB Farmacias Territorial\"}]},{\"@type\":\"WebSite\",\"@id\":\"https:\/\/instituciones.gtm.sld.cu\/emprofarma\/#website\",\"url\":\"https:\/\/instituciones.gtm.sld.cu\/emprofarma\/\",\"name\":\"Empresa Provincial de Farmacias y \u00d3pticas\",\"description\":\"EMPROFARMA\",\"potentialAction\":[{\"@type\":\"SearchAction\",\"target\":{\"@type\":\"EntryPoint\",\"urlTemplate\":\"https:\/\/instituciones.gtm.sld.cu\/emprofarma\/?s={search_term_string}\"},\"query-input\":\"required name=search_term_string\"}],\"inLanguage\":\"es\"}]}<\/script>\n<!-- \/ Yoast SEO plugin. -->","yoast_head_json":{"title":"UEB Farmacias Territorial - Empresa Provincial de Farmacias y \u00d3pticas","robots":{"index":"index","follow":"follow","max-snippet":"max-snippet:-1","max-image-preview":"max-image-preview:large","max-video-preview":"max-video-preview:-1"},"canonical":"https:\/\/instituciones.gtm.sld.cu\/emprofarma\/ueb-farmacias-territorial\/","og_locale":"es_ES","og_type":"article","og_title":"UEB Farmacias Territorial - Empresa Provincial de Farmacias y \u00d3pticas","og_description":"En fecha 5 de Enero del a\u00f1o 2015 y seg\u00fan resoluci\u00f3n 06 del a\u00f1o antes mencionado, fue creada al Unidad empresarial de Base Farmacias Territorial, perteneciente a la Empresa Provincial de Farmacias y \u00d3pticas Guant\u00e1namo., el domicilio legal es Aguilera n\u00famero 311 \/ Calixto Garc\u00eda y Los maceo. La UEB tiene un total de 60 &hellip; Seguir leyendo","og_url":"https:\/\/instituciones.gtm.sld.cu\/emprofarma\/ueb-farmacias-territorial\/","og_site_name":"Empresa Provincial de Farmacias y \u00d3pticas","article_modified_time":"2019-03-19T15:03:58+00:00","twitter_card":"summary_large_image","twitter_misc":{"Tiempo de lectura":"2 minutos"},"schema":{"@context":"https:\/\/schema.org","@graph":[{"@type":"WebPage","@id":"https:\/\/instituciones.gtm.sld.cu\/emprofarma\/ueb-farmacias-territorial\/","url":"https:\/\/instituciones.gtm.sld.cu\/emprofarma\/ueb-farmacias-territorial\/","name":"UEB Farmacias Territorial - Empresa Provincial de Farmacias y \u00d3pticas","isPartOf":{"@id":"https:\/\/instituciones.gtm.sld.cu\/emprofarma\/#website"},"datePublished":"2019-01-15T14:47:54+00:00","dateModified":"2019-03-19T15:03:58+00:00","breadcrumb":{"@id":"https:\/\/instituciones.gtm.sld.cu\/emprofarma\/ueb-farmacias-territorial\/#breadcrumb"},"inLanguage":"es","potentialAction":[{"@type":"ReadAction","target":["https:\/\/instituciones.gtm.sld.cu\/emprofarma\/ueb-farmacias-territorial\/"]}]},{"@type":"BreadcrumbList","@id":"https:\/\/instituciones.gtm.sld.cu\/emprofarma\/ueb-farmacias-territorial\/#breadcrumb","itemListElement":[{"@type":"ListItem","position":1,"name":"Inicio","item":"https:\/\/instituciones.gtm.sld.cu\/emprofarma\/"},{"@type":"ListItem","position":2,"name":"UEB Farmacias Territorial"}]},{"@type":"WebSite","@id":"https:\/\/instituciones.gtm.sld.cu\/emprofarma\/#website","url":"https:\/\/instituciones.gtm.sld.cu\/emprofarma\/","name":"Empresa Provincial de Farmacias y \u00d3pticas","description":"EMPROFARMA","potentialAction":[{"@type":"SearchAction","target":{"@type":"EntryPoint","urlTemplate":"https:\/\/instituciones.gtm.sld.cu\/emprofarma\/?s={search_term_string}"},"query-input":"required name=search_term_string"}],"inLanguage":"es"}]}},"_links":{"self":[{"href":"https:\/\/instituciones.gtm.sld.cu\/emprofarma\/wp-json\/wp\/v2\/pages\/66"}],"collection":[{"href":"https:\/\/instituciones.gtm.sld.cu\/emprofarma\/wp-json\/wp\/v2\/pages"}],"about":[{"href":"https:\/\/instituciones.gtm.sld.cu\/emprofarma\/wp-json\/wp\/v2\/types\/page"}],"author":[{"embeddable":true,"href":"https:\/\/instituciones.gtm.sld.cu\/emprofarma\/wp-json\/wp\/v2\/users\/9"}],"replies":[{"embeddable":true,"href":"https:\/\/instituciones.gtm.sld.cu\/emprofarma\/wp-json\/wp\/v2\/comments?post=66"}],"version-history":[{"count":0,"href":"https:\/\/instituciones.gtm.sld.cu\/emprofarma\/wp-json\/wp\/v2\/pages\/66\/revisions"}],"wp:attachment":[{"href":"https:\/\/instituciones.gtm.sld.cu\/emprofarma\/wp-json\/wp\/v2\/media?parent=66"}],"curies":[{"name":"wp","href":"https:\/\/api.w.org\/{rel}","templated":true}]}}