{"id":972,"date":"2024-06-21T15:46:54","date_gmt":"2024-06-21T19:46:54","guid":{"rendered":"https:\/\/instituciones.gtm.sld.cu\/emprofarma\/?page_id=972"},"modified":"2024-06-21T15:48:54","modified_gmt":"2024-06-21T19:48:54","slug":"telefonos-de-farmacias-municipio-guantanamo","status":"publish","type":"page","link":"https:\/\/instituciones.gtm.sld.cu\/emprofarma\/telefonos-de-farmacias-municipio-guantanamo\/","title":{"rendered":"Tel\u00e9fonos de Farmacias. Municipio Guant\u00e1namo"},"content":{"rendered":"\n<table id=\"tablepress-4\" class=\"tablepress tablepress-id-4\">\n<thead>\n<tr class=\"row-1\">\n\t<th class=\"column-1\"><strong>Municipio<\/strong><\/th><th class=\"column-2\"><strong>Tipo de Farmacia<\/strong><\/th><th class=\"column-3\"><strong>Unidad de Farmacia<\/strong><\/th><th class=\"column-4\"><strong>Direcci\u00f3n<\/strong><\/th><th class=\"column-5\"><strong>Tel\u00e9fono <\/strong><\/th>\n<\/tr>\n<\/thead>\n<tbody class=\"row-striping row-hover\">\n<tr class=\"row-2\">\n\t<td class=\"column-1\">Guant\u00e1namo<\/td><td class=\"column-2\">Farmacia Comunitaria Normal<\/td><td class=\"column-3\">Farmacia 611<\/td><td class=\"column-4\">Terminal de \u00d3mnibus <\/td><td class=\"column-5\">21362190<\/td>\n<\/tr>\n<tr class=\"row-3\">\n\t<td class=\"column-1\">Guant\u00e1namo<\/td><td class=\"column-2\">Farmacia Especial de \u00c1rea<\/td><td class=\"column-3\">Farmacia 612<\/td><td class=\"column-4\">Reparto Obrero <\/td><td class=\"column-5\">21382905<\/td>\n<\/tr>\n<tr class=\"row-4\">\n\t<td class=\"column-1\">Guant\u00e1namo<\/td><td class=\"column-2\">Farmacia Comunitaria Normal<\/td><td class=\"column-3\">Farmacia 613<\/td><td class=\"column-4\">Los Maceos y 11 Norte<\/td><td class=\"column-5\">21383125<\/td>\n<\/tr>\n<tr class=\"row-5\">\n\t<td class=\"column-1\">Guant\u00e1namo<\/td><td class=\"column-2\">Farmacia Comunitaria Normal<\/td><td class=\"column-3\">Farmacia 614<\/td><td class=\"column-4\">P.A P\u00e9rez y Carretera<\/td><td class=\"column-5\">21322772<\/td>\n<\/tr>\n<tr class=\"row-6\">\n\t<td class=\"column-1\">Guant\u00e1namo<\/td><td class=\"column-2\">Farmacia Principal Municipal<\/td><td class=\"column-3\">Farmacia 615<\/td><td class=\"column-4\">Calixto garc\u00eca y aguilera<\/td><td class=\"column-5\">21324567<br \/>\n21323386<\/td>\n<\/tr>\n<tr class=\"row-7\">\n\t<td class=\"column-1\">Guant\u00e1namo<\/td><td class=\"column-2\">Farmacia Especial de \u00c1rea<\/td><td class=\"column-3\">Farmacia 616<\/td><td class=\"column-4\">Paseo entre Carlos M. y Beneficencia<\/td><td class=\"column-5\">21323471<\/td>\n<\/tr>\n<tr class=\"row-8\">\n\t<td class=\"column-1\">Guant\u00e1namo<\/td><td class=\"column-2\">Farmacia Vinculada a Hospital<\/td><td class=\"column-3\">Farmacia 617<\/td><td class=\"column-4\">8 oeste entre 4 y 6 sur<\/td><td class=\"column-5\">21363929<\/td>\n<\/tr>\n<tr class=\"row-9\">\n\t<td class=\"column-1\">Guant\u00e1namo<\/td><td class=\"column-2\">Farmacia Comunitaria Normal<\/td><td class=\"column-3\">Farmacia 618<\/td><td class=\"column-4\">Luz caballero y 3 Sur<\/td><td class=\"column-5\">21324083<\/td>\n<\/tr>\n<tr class=\"row-10\">\n\t<td class=\"column-1\">Guant\u00e1namo<\/td><td class=\"column-2\">Farmacia Comunitaria Normal<\/td><td class=\"column-3\">Farmacia 619<\/td><td class=\"column-4\">18 norte, esquina 3 Oeste<\/td><td class=\"column-5\">21382224<\/td>\n<\/tr>\n<tr class=\"row-11\">\n\t<td class=\"column-1\">Guant\u00e1namo<\/td><td class=\"column-2\">Farmacia Especial de \u00c1rea<\/td><td class=\"column-3\">Farmacia 620<\/td><td class=\"column-4\">Luz caballero y Pinto<\/td><td class=\"column-5\">21322329<\/td>\n<\/tr>\n<tr class=\"row-12\">\n\t<td class=\"column-1\">Guant\u00e1namo<\/td><td class=\"column-2\">Farmacia Comunitaria Normal<\/td><td class=\"column-3\">Farmacia 621<\/td><td class=\"column-4\">P.A. P\u00e9rez y Paseo<\/td><td class=\"column-5\">21323231<\/td>\n<\/tr>\n<tr class=\"row-13\">\n\t<td class=\"column-1\">Guant\u00e1namo<\/td><td class=\"column-2\">Farmacia Comunitaria Normal<\/td><td class=\"column-3\">Farmacia 622<\/td><td class=\"column-4\">Beneficencia y Carretera<\/td><td class=\"column-5\">21322808<\/td>\n<\/tr>\n<tr class=\"row-14\">\n\t<td class=\"column-1\">Guant\u00e1namo<\/td><td class=\"column-2\">Farmacia Especial de \u00c1rea<\/td><td class=\"column-3\">Farmacia 623<\/td><td class=\"column-4\">Ahogado y Avenida<\/td><td class=\"column-5\">21324439<\/td>\n<\/tr>\n<tr class=\"row-15\">\n\t<td class=\"column-1\">Guant\u00e1namo<\/td><td class=\"column-2\">Farmacia Comunitaria Normal<\/td><td class=\"column-3\">Farmacia 624<\/td><td class=\"column-4\"> Rparto pastorita<\/td><td class=\"column-5\">21386585<\/td>\n<\/tr>\n<tr class=\"row-16\">\n\t<td class=\"column-1\">Guant\u00e1namo<\/td><td class=\"column-2\">Farmacia Especial de \u00c1rea<\/td><td class=\"column-3\">Farmacia 625<\/td><td class=\"column-4\">San Gregorio y 15 Norte<\/td><td class=\"column-5\">21381604<\/td>\n<\/tr>\n<tr class=\"row-17\">\n\t<td class=\"column-1\">Guant\u00e1namo<\/td><td class=\"column-2\">Farmacia Comunitaria Normal<\/td><td class=\"column-3\">Farmacia 626<\/td><td class=\"column-4\">Ahogado y 3 Norte<\/td><td class=\"column-5\">21382636<\/td>\n<\/tr>\n<tr class=\"row-18\">\n\t<td class=\"column-1\">Guant\u00e1namo<\/td><td class=\"column-2\">Farmacia Comunitaria Normal<\/td><td class=\"column-3\">Farmacia 627<\/td><td class=\"column-4\">Paraguay<\/td><td class=\"column-5\">21392141<\/td>\n<\/tr>\n<tr class=\"row-19\">\n\t<td class=\"column-1\">Guant\u00e1namo<\/td><td class=\"column-2\">Farmacia Especial de \u00c1rea<\/td><td class=\"column-3\">Farmacia 630<\/td><td class=\"column-4\">Narciso l\u00f2pez y 8 este<\/td><td class=\"column-5\">21324364<\/td>\n<\/tr>\n<tr class=\"row-20\">\n\t<td class=\"column-1\">Guant\u00e1namo<\/td><td class=\"column-2\">Farmacia Especial de \u00c1rea<\/td><td class=\"column-3\">Farmacia 684<\/td><td class=\"column-4\">11Sur y 4 Oeste<\/td><td class=\"column-5\">21323923<\/td>\n<\/tr>\n<tr class=\"row-21\">\n\t<td class=\"column-1\">Guant\u00e1namo<\/td><td class=\"column-2\">Farmacia Vinculada a Hospital<\/td><td class=\"column-3\">Farmacia 691<\/td><td class=\"column-4\">5 oeste y 11 norte<\/td><td class=\"column-5\">21382116 <br \/>\n21381761<\/td>\n<\/tr>\n<tr class=\"row-22\">\n\t<td class=\"column-1\">Guant\u00e1namo<\/td><td class=\"column-2\">Farmacia Comunitaria Normal<\/td><td class=\"column-3\">Farmacia 702<\/td><td class=\"column-4\">Maqueisito<\/td><td class=\"column-5\">----<\/td>\n<\/tr>\n<tr class=\"row-23\">\n\t<td class=\"column-1\">Guant\u00e1namo<\/td><td class=\"column-2\">Farmacia Comunitaria Normal<\/td><td class=\"column-3\">Farmacia 704<\/td><td class=\"column-4\">Donato M\u00e1rmol y 4 Oeste<\/td><td class=\"column-5\">21324618<\/td>\n<\/tr>\n<tr class=\"row-24\">\n\t<td class=\"column-1\">Guant\u00e1namo<\/td><td class=\"column-2\">Farmacia Comunitaria Normal<\/td><td class=\"column-3\">Farmacia 708<\/td><td class=\"column-4\">Raposo<\/td><td class=\"column-5\">21362066<\/td>\n<\/tr>\n<tr class=\"row-25\">\n\t<td class=\"column-1\">Guant\u00e1namo<\/td><td class=\"column-2\">Farmacia Comunitaria Normal<\/td><td class=\"column-3\">Farmacia 709<\/td><td class=\"column-4\">Cecilia<\/td><td class=\"column-5\">21321431<\/td>\n<\/tr>\n<tr class=\"row-26\">\n\t<td class=\"column-1\">Guant\u00e1namo<\/td><td class=\"column-2\">Farmacia Comunitaria Normal<\/td><td class=\"column-3\">Farmacia 712<\/td><td class=\"column-4\">Confluente<\/td><td class=\"column-5\">21382368<\/td>\n<\/tr>\n<tr class=\"row-27\">\n\t<td class=\"column-1\">Guant\u00e1namo<\/td><td class=\"column-2\">Farmacia Comunitaria Normal<\/td><td class=\"column-3\">Farmacia 714<\/td><td class=\"column-4\">Los Cocos<\/td><td class=\"column-5\">21383565<\/td>\n<\/tr>\n<tr class=\"row-28\">\n\t<td class=\"column-1\">Guant\u00e1namo<\/td><td class=\"column-2\">Farmacia Hemeopatica<\/td><td class=\"column-3\">Farmacia 715<\/td><td class=\"column-4\">Los maceo esquina narciso Lopez<\/td><td class=\"column-5\">21324321<\/td>\n<\/tr>\n<tr class=\"row-29\">\n\t<td class=\"column-1\">Guant\u00e1namo<\/td><td class=\"column-2\">Farmacia Comunitaria Normal<\/td><td class=\"column-3\">Farmacia 716<\/td><td class=\"column-4\">Pedro A P\u00e8rez y 11 sur <\/td><td class=\"column-5\">21369003<\/td>\n<\/tr>\n<tr class=\"row-30\">\n\t<td class=\"column-1\">Guant\u00e1namo<\/td><td class=\"column-2\">Farmacia Comunitaria Normal<\/td><td class=\"column-3\">Farmacia 717<\/td><td class=\"column-4\">Santa Mar\u00eda<\/td><td class=\"column-5\">21311308<\/td>\n<\/tr>\n<tr class=\"row-31\">\n\t<td class=\"column-1\">Guant\u00e1namo<\/td><td class=\"column-2\">Farmacia Comunitaria Normal<\/td><td class=\"column-3\">Farmacia 720<\/td><td class=\"column-4\">Jabilla<\/td><td class=\"column-5\">-----<\/td>\n<\/tr>\n<tr class=\"row-32\">\n\t<td class=\"column-1\">Guant\u00e1namo<\/td><td class=\"column-2\">Farmacia Comunitaria Normal<\/td><td class=\"column-3\">Punto de venta M\u00e1rtires de Granada <\/td><td class=\"column-4\">Punto de venta de la U 612 Reparto Obrero Dabull<\/td><td class=\"column-5\">-----<\/td>\n<\/tr>\n<tr class=\"row-33\">\n\t<td class=\"column-1\">Guant\u00e1namo<\/td><td class=\"column-2\">Farmacia Comunitaria Normal<\/td><td class=\"column-3\">Punto de venta Villa Toa <\/td><td class=\"column-4\">Villa Toa<\/td><td class=\"column-5\">-----<\/td>\n<\/tr>\n<tr class=\"row-34\">\n\t<td class=\"column-1\">Guant\u00e1namo<\/td><td class=\"column-2\">Farmacia Comunitaria Normal<\/td><td class=\"column-3\">Punto de venta Arroyo Hondo<\/td><td class=\"column-4\">Punto de venta de Maqueisito<\/td><td class=\"column-5\">-----<\/td>\n<\/tr>\n<\/tbody>\n<\/table>\n<!-- #tablepress-4 from cache -->\n","protected":false},"excerpt":{"rendered":"<div class='heateorSssClear'><\/div><div  class='heateor_sss_sharing_container heateor_sss_horizontal_sharing' data-heateor-sss-href='https:\/\/instituciones.gtm.sld.cu\/emprofarma\/telefonos-de-farmacias-municipio-guantanamo\/'><div class='heateor_sss_sharing_title' style=\"font-weight:bold\" >Comparte si te a gustado:<\/div><div class=\"heateor_sss_sharing_ul\"><a aria-label=\"Facebook\" class=\"heateor_sss_facebook\" href=\"https:\/\/www.facebook.com\/sharer\/sharer.php?u=https%3A%2F%2Finstituciones.gtm.sld.cu%2Femprofarma%2Ftelefonos-de-farmacias-municipio-guantanamo%2F\" title=\"Facebook\" rel=\"nofollow noopener\" target=\"_blank\" style=\"font-size:32px!important;box-shadow:none;display:inline-block;vertical-align:middle\"><span class=\"heateor_sss_svg\" style=\"background-color:#0765FE;width:25px;height:25px;border-radius:999px;display:inline-block;opacity:1;float:left;font-size:32px;box-shadow:none;display:inline-block;font-size:16px;padding:0 4px;vertical-align:middle;background-repeat:repeat;overflow:hidden;padding:0;cursor:pointer;box-sizing:content-box\"><svg style=\"display:block;border-radius:999px;\" focusable=\"false\" aria-hidden=\"true\" xmlns=\"http:\/\/www.w3.org\/2000\/svg\" width=\"100%\" height=\"100%\" viewBox=\"0 0 32 32\"><path fill=\"#fff\" d=\"M28 16c0-6.627-5.373-12-12-12S4 9.373 4 16c0 5.628 3.875 10.35 9.101 11.647v-7.98h-2.474V16H13.1v-1.58c0-4.085 1.849-5.978 5.859-5.978.76 0 2.072.15 2.608.298v3.325c-.283-.03-.775-.045-1.386-.045-1.967 0-2.728.745-2.728 2.683V16h3.92l-.673 3.667h-3.247v8.245C23.395 27.195 28 22.135 28 16Z\"><\/path><\/svg><\/span><\/a><a aria-label=\"Whatsapp\" class=\"heateor_sss_whatsapp\" href=\"https:\/\/api.whatsapp.com\/send?text=Tel%C3%A9fonos%20de%20Farmacias.%20Municipio%20Guant%C3%A1namo%20https%3A%2F%2Finstituciones.gtm.sld.cu%2Femprofarma%2Ftelefonos-de-farmacias-municipio-guantanamo%2F\" title=\"Whatsapp\" rel=\"nofollow noopener\" target=\"_blank\" style=\"font-size:32px!important;box-shadow:none;display:inline-block;vertical-align:middle\"><span class=\"heateor_sss_svg\" style=\"background-color:#55eb4c;width:25px;height:25px;border-radius:999px;display:inline-block;opacity:1;float:left;font-size:32px;box-shadow:none;display:inline-block;font-size:16px;padding:0 4px;vertical-align:middle;background-repeat:repeat;overflow:hidden;padding:0;cursor:pointer;box-sizing:content-box\"><svg style=\"display:block;border-radius:999px;\" focusable=\"false\" aria-hidden=\"true\" xmlns=\"http:\/\/www.w3.org\/2000\/svg\" width=\"100%\" height=\"100%\" viewBox=\"-6 -5 40 40\"><path class=\"heateor_sss_svg_stroke heateor_sss_no_fill\" stroke=\"#fff\" stroke-width=\"2\" fill=\"none\" d=\"M 11.579798566743314 24.396926207859085 A 10 10 0 1 0 6.808479557110079 20.73576436351046\"><\/path><path d=\"M 7 19 l -1 6 l 6 -1\" class=\"heateor_sss_no_fill heateor_sss_svg_stroke\" stroke=\"#fff\" stroke-width=\"2\" fill=\"none\"><\/path><path d=\"M 10 10 q -1 8 8 11 c 5 -1 0 -6 -1 -3 q -4 -3 -5 -5 c 4 -2 -1 -5 -1 -4\" fill=\"#fff\"><\/path><\/svg><\/span><\/a><a aria-label=\"Telegram\" class=\"heateor_sss_button_telegram\" href=\"https:\/\/telegram.me\/share\/url?url=https%3A%2F%2Finstituciones.gtm.sld.cu%2Femprofarma%2Ftelefonos-de-farmacias-municipio-guantanamo%2F&text=Tel%C3%A9fonos%20de%20Farmacias.%20Municipio%20Guant%C3%A1namo\" title=\"Telegram\" rel=\"nofollow noopener\" target=\"_blank\" style=\"font-size:32px!important;box-shadow:none;display:inline-block;vertical-align:middle\"><span class=\"heateor_sss_svg heateor_sss_s__default heateor_sss_s_telegram\" style=\"background-color:#3da5f1;width:25px;height:25px;border-radius:999px;display:inline-block;opacity:1;float:left;font-size:32px;box-shadow:none;display:inline-block;font-size:16px;padding:0 4px;vertical-align:middle;background-repeat:repeat;overflow:hidden;padding:0;cursor:pointer;box-sizing:content-box\"><svg style=\"display:block;border-radius:999px;\" focusable=\"false\" aria-hidden=\"true\" xmlns=\"http:\/\/www.w3.org\/2000\/svg\" width=\"100%\" height=\"100%\" viewBox=\"0 0 32 32\"><path fill=\"#fff\" d=\"M25.515 6.896L6.027 14.41c-1.33.534-1.322 1.276-.243 1.606l5 1.56 1.72 5.66c.226.625.115.873.77.873.506 0 .73-.235 1.012-.51l2.43-2.363 5.056 3.734c.93.514 1.602.25 1.834-.863l3.32-15.638c.338-1.363-.52-1.98-1.41-1.577z\"><\/path><\/svg><\/span><\/a><a aria-label=\"X\" class=\"heateor_sss_button_x\" href=\"https:\/\/twitter.com\/intent\/tweet?text=Tel%C3%A9fonos%20de%20Farmacias.%20Municipio%20Guant%C3%A1namo&url=https%3A%2F%2Finstituciones.gtm.sld.cu%2Femprofarma%2Ftelefonos-de-farmacias-municipio-guantanamo%2F\" title=\"X\" rel=\"nofollow noopener\" target=\"_blank\" style=\"font-size:32px!important;box-shadow:none;display:inline-block;vertical-align:middle\"><span class=\"heateor_sss_svg heateor_sss_s__default heateor_sss_s_x\" style=\"background-color:#2a2a2a;width:25px;height:25px;border-radius:999px;display:inline-block;opacity:1;float:left;font-size:32px;box-shadow:none;display:inline-block;font-size:16px;padding:0 4px;vertical-align:middle;background-repeat:repeat;overflow:hidden;padding:0;cursor:pointer;box-sizing:content-box\"><svg width=\"100%\" height=\"100%\" style=\"display:block;border-radius:999px;\" focusable=\"false\" aria-hidden=\"true\" xmlns=\"http:\/\/www.w3.org\/2000\/svg\" viewBox=\"0 0 32 32\"><path fill=\"#fff\" d=\"M21.751 7h3.067l-6.7 7.658L26 25.078h-6.172l-4.833-6.32-5.531 6.32h-3.07l7.167-8.19L6 7h6.328l4.37 5.777L21.75 7Zm-1.076 16.242h1.7L11.404 8.74H9.58l11.094 14.503Z\"><\/path><\/svg><\/span><\/a><\/div><div class=\"heateorSssClear\"><\/div><\/div><div class='heateorSssClear'><\/div>","protected":false},"author":2,"featured_media":0,"parent":0,"menu_order":0,"comment_status":"closed","ping_status":"closed","template":"","meta":{"ngg_post_thumbnail":0,"_mc_calendar":[]},"yoast_head":"<!-- This site is optimized with the Yoast SEO plugin v21.8 - https:\/\/yoast.com\/wordpress\/plugins\/seo\/ -->\n<title>Tel\u00e9fonos de Farmacias. Municipio Guant\u00e1namo - Empresa Provincial de Farmacias y \u00d3pticas<\/title>\n<meta name=\"robots\" content=\"index, follow, max-snippet:-1, max-image-preview:large, max-video-preview:-1\" \/>\n<link rel=\"canonical\" href=\"https:\/\/instituciones.gtm.sld.cu\/emprofarma\/telefonos-de-farmacias-municipio-guantanamo\/\" \/>\n<meta property=\"og:locale\" content=\"es_ES\" \/>\n<meta property=\"og:type\" content=\"article\" \/>\n<meta property=\"og:title\" content=\"Tel\u00e9fonos de Farmacias. Municipio Guant\u00e1namo - Empresa Provincial de Farmacias y \u00d3pticas\" \/>\n<meta property=\"og:url\" content=\"https:\/\/instituciones.gtm.sld.cu\/emprofarma\/telefonos-de-farmacias-municipio-guantanamo\/\" \/>\n<meta property=\"og:site_name\" content=\"Empresa Provincial de Farmacias y \u00d3pticas\" \/>\n<meta property=\"article:modified_time\" content=\"2024-06-21T19:48:54+00:00\" \/>\n<meta name=\"twitter:card\" content=\"summary_large_image\" \/>\n<meta name=\"twitter:label1\" content=\"Tiempo de lectura\" \/>\n\t<meta name=\"twitter:data1\" content=\"1 minuto\" \/>\n<script type=\"application\/ld+json\" class=\"yoast-schema-graph\">{\"@context\":\"https:\/\/schema.org\",\"@graph\":[{\"@type\":\"WebPage\",\"@id\":\"https:\/\/instituciones.gtm.sld.cu\/emprofarma\/telefonos-de-farmacias-municipio-guantanamo\/\",\"url\":\"https:\/\/instituciones.gtm.sld.cu\/emprofarma\/telefonos-de-farmacias-municipio-guantanamo\/\",\"name\":\"Tel\u00e9fonos de Farmacias. Municipio Guant\u00e1namo - Empresa Provincial de Farmacias y \u00d3pticas\",\"isPartOf\":{\"@id\":\"https:\/\/instituciones.gtm.sld.cu\/emprofarma\/#website\"},\"datePublished\":\"2024-06-21T19:46:54+00:00\",\"dateModified\":\"2024-06-21T19:48:54+00:00\",\"breadcrumb\":{\"@id\":\"https:\/\/instituciones.gtm.sld.cu\/emprofarma\/telefonos-de-farmacias-municipio-guantanamo\/#breadcrumb\"},\"inLanguage\":\"es\",\"potentialAction\":[{\"@type\":\"ReadAction\",\"target\":[\"https:\/\/instituciones.gtm.sld.cu\/emprofarma\/telefonos-de-farmacias-municipio-guantanamo\/\"]}]},{\"@type\":\"BreadcrumbList\",\"@id\":\"https:\/\/instituciones.gtm.sld.cu\/emprofarma\/telefonos-de-farmacias-municipio-guantanamo\/#breadcrumb\",\"itemListElement\":[{\"@type\":\"ListItem\",\"position\":1,\"name\":\"Inicio\",\"item\":\"https:\/\/instituciones.gtm.sld.cu\/emprofarma\/\"},{\"@type\":\"ListItem\",\"position\":2,\"name\":\"Tel\u00e9fonos de Farmacias. Municipio Guant\u00e1namo\"}]},{\"@type\":\"WebSite\",\"@id\":\"https:\/\/instituciones.gtm.sld.cu\/emprofarma\/#website\",\"url\":\"https:\/\/instituciones.gtm.sld.cu\/emprofarma\/\",\"name\":\"Empresa Provincial de Farmacias y \u00d3pticas\",\"description\":\"EMPROFARMA\",\"potentialAction\":[{\"@type\":\"SearchAction\",\"target\":{\"@type\":\"EntryPoint\",\"urlTemplate\":\"https:\/\/instituciones.gtm.sld.cu\/emprofarma\/?s={search_term_string}\"},\"query-input\":\"required name=search_term_string\"}],\"inLanguage\":\"es\"}]}<\/script>\n<!-- \/ Yoast SEO plugin. -->","yoast_head_json":{"title":"Tel\u00e9fonos de Farmacias. Municipio Guant\u00e1namo - Empresa Provincial de Farmacias y \u00d3pticas","robots":{"index":"index","follow":"follow","max-snippet":"max-snippet:-1","max-image-preview":"max-image-preview:large","max-video-preview":"max-video-preview:-1"},"canonical":"https:\/\/instituciones.gtm.sld.cu\/emprofarma\/telefonos-de-farmacias-municipio-guantanamo\/","og_locale":"es_ES","og_type":"article","og_title":"Tel\u00e9fonos de Farmacias. Municipio Guant\u00e1namo - Empresa Provincial de Farmacias y \u00d3pticas","og_url":"https:\/\/instituciones.gtm.sld.cu\/emprofarma\/telefonos-de-farmacias-municipio-guantanamo\/","og_site_name":"Empresa Provincial de Farmacias y \u00d3pticas","article_modified_time":"2024-06-21T19:48:54+00:00","twitter_card":"summary_large_image","twitter_misc":{"Tiempo de lectura":"1 minuto"},"schema":{"@context":"https:\/\/schema.org","@graph":[{"@type":"WebPage","@id":"https:\/\/instituciones.gtm.sld.cu\/emprofarma\/telefonos-de-farmacias-municipio-guantanamo\/","url":"https:\/\/instituciones.gtm.sld.cu\/emprofarma\/telefonos-de-farmacias-municipio-guantanamo\/","name":"Tel\u00e9fonos de Farmacias. Municipio Guant\u00e1namo - Empresa Provincial de Farmacias y \u00d3pticas","isPartOf":{"@id":"https:\/\/instituciones.gtm.sld.cu\/emprofarma\/#website"},"datePublished":"2024-06-21T19:46:54+00:00","dateModified":"2024-06-21T19:48:54+00:00","breadcrumb":{"@id":"https:\/\/instituciones.gtm.sld.cu\/emprofarma\/telefonos-de-farmacias-municipio-guantanamo\/#breadcrumb"},"inLanguage":"es","potentialAction":[{"@type":"ReadAction","target":["https:\/\/instituciones.gtm.sld.cu\/emprofarma\/telefonos-de-farmacias-municipio-guantanamo\/"]}]},{"@type":"BreadcrumbList","@id":"https:\/\/instituciones.gtm.sld.cu\/emprofarma\/telefonos-de-farmacias-municipio-guantanamo\/#breadcrumb","itemListElement":[{"@type":"ListItem","position":1,"name":"Inicio","item":"https:\/\/instituciones.gtm.sld.cu\/emprofarma\/"},{"@type":"ListItem","position":2,"name":"Tel\u00e9fonos de Farmacias. Municipio Guant\u00e1namo"}]},{"@type":"WebSite","@id":"https:\/\/instituciones.gtm.sld.cu\/emprofarma\/#website","url":"https:\/\/instituciones.gtm.sld.cu\/emprofarma\/","name":"Empresa Provincial de Farmacias y \u00d3pticas","description":"EMPROFARMA","potentialAction":[{"@type":"SearchAction","target":{"@type":"EntryPoint","urlTemplate":"https:\/\/instituciones.gtm.sld.cu\/emprofarma\/?s={search_term_string}"},"query-input":"required name=search_term_string"}],"inLanguage":"es"}]}},"_links":{"self":[{"href":"https:\/\/instituciones.gtm.sld.cu\/emprofarma\/wp-json\/wp\/v2\/pages\/972"}],"collection":[{"href":"https:\/\/instituciones.gtm.sld.cu\/emprofarma\/wp-json\/wp\/v2\/pages"}],"about":[{"href":"https:\/\/instituciones.gtm.sld.cu\/emprofarma\/wp-json\/wp\/v2\/types\/page"}],"author":[{"embeddable":true,"href":"https:\/\/instituciones.gtm.sld.cu\/emprofarma\/wp-json\/wp\/v2\/users\/2"}],"replies":[{"embeddable":true,"href":"https:\/\/instituciones.gtm.sld.cu\/emprofarma\/wp-json\/wp\/v2\/comments?post=972"}],"version-history":[{"count":1,"href":"https:\/\/instituciones.gtm.sld.cu\/emprofarma\/wp-json\/wp\/v2\/pages\/972\/revisions"}],"predecessor-version":[{"id":974,"href":"https:\/\/instituciones.gtm.sld.cu\/emprofarma\/wp-json\/wp\/v2\/pages\/972\/revisions\/974"}],"wp:attachment":[{"href":"https:\/\/instituciones.gtm.sld.cu\/emprofarma\/wp-json\/wp\/v2\/media?parent=972"}],"curies":[{"name":"wp","href":"https:\/\/api.w.org\/{rel}","templated":true}]}}