{"id":107,"date":"2019-01-17T16:40:35","date_gmt":"2019-01-17T16:40:35","guid":{"rendered":"http:\/\/instituciones.gtm.sld.cu\/hgdan\/?page_id=107"},"modified":"2019-09-25T18:53:44","modified_gmt":"2019-09-25T22:53:44","slug":"quienes-somos","status":"publish","type":"page","link":"https:\/\/instituciones.gtm.sld.cu\/hgdan\/quienes-somos\/","title":{"rendered":"Qui\u00e9nes somos"},"content":{"rendered":"<h3>Rese\u00f1a Hist\u00f3rica del Centro<\/h3>\n<p style=\"text-align: justify\">Instituci\u00f3n de salud de Guant\u00e1namo fundada por resoluci\u00f3n ministerial el 24 de julio de 1980, aunque la instituci\u00f3n comenz\u00f3 a prestar servicios el 8 de marzo de 1981, el Comandante en Jefe Fidel Castro Ruz lo inaugur\u00f3 el 26 de Julio de 1985, durante el acto por el aniversario 32 del asalto a los cuarteles Moncada y Carlos Manuel de C\u00e9spedes.<\/p>\n<p style=\"text-align: justify\">La instituci\u00f3n, \u00fanica de su tipo en la provincia, ostenta el segundo nivel de la acreditaci\u00f3n nacional de hospitales. Es un centro de atenci\u00f3n m\u00e9dica especializada con servicios cl\u00ednicos, quir\u00fargicos, ginecobst\u00e9tricos, estomatol\u00f3gicos, y de medicina f\u00edsica y rehabilitaci\u00f3n. Avalada por el alto nivel cient\u00edfico de sus profesionales durante tres d\u00e9cadas, est\u00e1 consolidado como instituci\u00f3n de referencia en la atenci\u00f3n a pacientes. Posee modernos salones de operaci\u00f3n; unidad de cuidados progresivos con terapia intensiva y terapia intermedia; laboratorios cl\u00ednicos, de anatom\u00eda patol\u00f3gica y microbiolog\u00eda, con equipamiento de respuesta r\u00e1pida; un completo laboratorio de fisiolog\u00eda aplicada; y un moderno servicio de imagenolog\u00eda. La calidez humana y profesionalidad del personal, unidas a una moderna tecnolog\u00eda, permiten brindar servicios m\u00e9dicos en garant\u00eda de salud.<\/p>\n<p style=\"text-align: justify\">El hospital cuenta con el uso del exc\u00edmer l\u00e1ser en los servicios de cirug\u00eda refractiva de la instituci\u00f3n, la avanzada tecnolog\u00eda contribuye a mejorar los servicios de Oftalmolog\u00eda en el tratamiento de la miop\u00eda,&nbsp;Astigmatismo&nbsp;e&nbsp;Hipermetrop\u00eda. El Complejo Oftalmol\u00f3gico del hospital cuenta con avanzados equipos como son el ultrasonido ocular, top\u00f3grafo para hacer el mapa de las curvas del ojo, paqu\u00edmetro destinado a medir el grosor de la c\u00f3rnea, equipos para el c\u00e1lculo del lente intraocular y unidades de refracci\u00f3n. La instalaci\u00f3n dispone de nueve consultas especializadas sobre baja visi\u00f3n, rinoplastia, cornea, retina, cataratas, lentes de contacto y cirug\u00eda refractiva. En su Unidad Quir\u00fargica Polivalente existen adem\u00e1s siete posiciones convencionales para las operaciones de cataratas, glaucoma y estrabismo.<\/p>\n<p style=\"text-align: justify\">El Agostinho Neto presta todos los servicios m\u00e9dicos excepto los de cirug\u00eda cardiol\u00f3gica, cardiovascular y neonatal electiva de mayor complejidad y radioterapia.<\/p>\n<p><strong>Misi\u00f3n<\/strong><\/p>\n<p>Centro que garantiza&nbsp; asistencia m\u00e9dica mediante&nbsp; protocolos de atenci\u00f3n e integraci\u00f3n transdiciplinaria&nbsp; en todas las&nbsp; especialidades m\u00e9dicas, y servicios en la instituci\u00f3n&nbsp; y el uso de&nbsp; tecnolog\u00edas de avanzada.Desarrolla&nbsp; el capital humano mediante diversas modalidades&nbsp; de formaci\u00f3n y perfeccionamiento de profesionales y t\u00e9cnicos de la salud . Fomenta la obtenci\u00f3n de grados cient\u00edficos de sus profesionales.<\/p>\n<p><strong>Visi\u00f3n<\/strong><\/p>\n<p style=\"text-align: justify\">Unidad insigne de la salud guantanamera, d\u00f3nde&nbsp; sus cuadros dirigentes y dem\u00e1s trabajadores consagran sus esfuerzos en lograr la EXCELENCIA EN LOS SERVICIOS, con&nbsp; una elevada satisfacci\u00f3n de sus pacientes, familiares y trabajadores, a trav\u00e9s del perfeccionamiento continuado de la competencia profesional de su personal, la aplicaci\u00f3n de las gu\u00edas de buenas pr\u00e1cticas m\u00e9dica&nbsp; e introducci\u00f3n de novedosas t\u00e9cnicas en las \u00e1reas de atenci\u00f3n m\u00e9dica diagn\u00f3stica y curativa.Consolidada la capacitaci\u00f3n general y acad\u00e9mica del personal para la implementaci\u00f3n de sistemas de calidad y eficiencia de los servicios de salud.<\/p>\n","protected":false},"excerpt":{"rendered":"<p>Rese\u00f1a Hist\u00f3rica del Centro Instituci\u00f3n de salud de Guant\u00e1namo fundada por resoluci\u00f3n ministerial el 24 de julio de 1980, aunque la instituci\u00f3n comenz\u00f3 a prestar servicios el 8 de marzo de 1981, el Comandante en Jefe Fidel Castro Ruz lo inaugur\u00f3 el 26 de Julio de 1985, durante el acto por el aniversario 32 del &hellip; <\/p>\n<p><a class=\"more-link btn\" href=\"https:\/\/instituciones.gtm.sld.cu\/hgdan\/quienes-somos\/\">Seguir leyendo<\/a><\/p>\n","protected":false},"author":4,"featured_media":0,"parent":0,"menu_order":0,"comment_status":"closed","ping_status":"closed","template":"","meta":{"ngg_post_thumbnail":0,"_mc_calendar":[]},"yoast_head":"<!-- This site is optimized with the Yoast SEO plugin v21.8 - https:\/\/yoast.com\/wordpress\/plugins\/seo\/ -->\n<title>Qui\u00e9nes somos - Hospital General Docente \u201cDr. Agostinho Neto\u201d<\/title>\n<meta name=\"robots\" content=\"index, follow, max-snippet:-1, max-image-preview:large, max-video-preview:-1\" \/>\n<link rel=\"canonical\" href=\"https:\/\/instituciones.gtm.sld.cu\/hgdan\/quienes-somos\/\" \/>\n<meta property=\"og:locale\" content=\"es_ES\" \/>\n<meta property=\"og:type\" content=\"article\" \/>\n<meta property=\"og:title\" content=\"Qui\u00e9nes somos - Hospital General Docente \u201cDr. Agostinho Neto\u201d\" \/>\n<meta property=\"og:description\" content=\"Rese\u00f1a Hist\u00f3rica del Centro Instituci\u00f3n de salud de Guant\u00e1namo fundada por resoluci\u00f3n ministerial el 24 de julio de 1980, aunque la instituci\u00f3n comenz\u00f3 a prestar servicios el 8 de marzo de 1981, el Comandante en Jefe Fidel Castro Ruz lo inaugur\u00f3 el 26 de Julio de 1985, durante el acto por el aniversario 32 del &hellip; Seguir leyendo\" \/>\n<meta property=\"og:url\" content=\"https:\/\/instituciones.gtm.sld.cu\/hgdan\/quienes-somos\/\" \/>\n<meta property=\"og:site_name\" content=\"Hospital General Docente \u201cDr. Agostinho Neto\u201d\" \/>\n<meta property=\"article:modified_time\" content=\"2019-09-25T22:53:44+00:00\" \/>\n<meta name=\"twitter:card\" content=\"summary_large_image\" \/>\n<meta name=\"twitter:label1\" content=\"Tiempo de lectura\" \/>\n\t<meta name=\"twitter:data1\" content=\"3 minutos\" \/>\n<script type=\"application\/ld+json\" class=\"yoast-schema-graph\">{\"@context\":\"https:\/\/schema.org\",\"@graph\":[{\"@type\":\"WebPage\",\"@id\":\"https:\/\/instituciones.gtm.sld.cu\/hgdan\/quienes-somos\/\",\"url\":\"https:\/\/instituciones.gtm.sld.cu\/hgdan\/quienes-somos\/\",\"name\":\"Qui\u00e9nes somos - Hospital General Docente \u201cDr. Agostinho Neto\u201d\",\"isPartOf\":{\"@id\":\"https:\/\/instituciones.gtm.sld.cu\/hgdan\/#website\"},\"datePublished\":\"2019-01-17T16:40:35+00:00\",\"dateModified\":\"2019-09-25T22:53:44+00:00\",\"breadcrumb\":{\"@id\":\"https:\/\/instituciones.gtm.sld.cu\/hgdan\/quienes-somos\/#breadcrumb\"},\"inLanguage\":\"es\",\"potentialAction\":[{\"@type\":\"ReadAction\",\"target\":[\"https:\/\/instituciones.gtm.sld.cu\/hgdan\/quienes-somos\/\"]}]},{\"@type\":\"BreadcrumbList\",\"@id\":\"https:\/\/instituciones.gtm.sld.cu\/hgdan\/quienes-somos\/#breadcrumb\",\"itemListElement\":[{\"@type\":\"ListItem\",\"position\":1,\"name\":\"Portada\",\"item\":\"https:\/\/instituciones.gtm.sld.cu\/hgdan\/\"},{\"@type\":\"ListItem\",\"position\":2,\"name\":\"Qui\u00e9nes somos\"}]},{\"@type\":\"WebSite\",\"@id\":\"https:\/\/instituciones.gtm.sld.cu\/hgdan\/#website\",\"url\":\"https:\/\/instituciones.gtm.sld.cu\/hgdan\/\",\"name\":\"Hospital General Docente \u201cDr. Agostinho Neto\u201d\",\"description\":\"Hospital General Docente \u201cDr. Agostinho Neto\u201d\",\"potentialAction\":[{\"@type\":\"SearchAction\",\"target\":{\"@type\":\"EntryPoint\",\"urlTemplate\":\"https:\/\/instituciones.gtm.sld.cu\/hgdan\/?s={search_term_string}\"},\"query-input\":\"required name=search_term_string\"}],\"inLanguage\":\"es\"}]}<\/script>\n<!-- \/ Yoast SEO plugin. -->","yoast_head_json":{"title":"Qui\u00e9nes somos - Hospital General Docente \u201cDr. Agostinho Neto\u201d","robots":{"index":"index","follow":"follow","max-snippet":"max-snippet:-1","max-image-preview":"max-image-preview:large","max-video-preview":"max-video-preview:-1"},"canonical":"https:\/\/instituciones.gtm.sld.cu\/hgdan\/quienes-somos\/","og_locale":"es_ES","og_type":"article","og_title":"Qui\u00e9nes somos - Hospital General Docente \u201cDr. Agostinho Neto\u201d","og_description":"Rese\u00f1a Hist\u00f3rica del Centro Instituci\u00f3n de salud de Guant\u00e1namo fundada por resoluci\u00f3n ministerial el 24 de julio de 1980, aunque la instituci\u00f3n comenz\u00f3 a prestar servicios el 8 de marzo de 1981, el Comandante en Jefe Fidel Castro Ruz lo inaugur\u00f3 el 26 de Julio de 1985, durante el acto por el aniversario 32 del &hellip; Seguir leyendo","og_url":"https:\/\/instituciones.gtm.sld.cu\/hgdan\/quienes-somos\/","og_site_name":"Hospital General Docente \u201cDr. Agostinho Neto\u201d","article_modified_time":"2019-09-25T22:53:44+00:00","twitter_card":"summary_large_image","twitter_misc":{"Tiempo de lectura":"3 minutos"},"schema":{"@context":"https:\/\/schema.org","@graph":[{"@type":"WebPage","@id":"https:\/\/instituciones.gtm.sld.cu\/hgdan\/quienes-somos\/","url":"https:\/\/instituciones.gtm.sld.cu\/hgdan\/quienes-somos\/","name":"Qui\u00e9nes somos - Hospital General Docente \u201cDr. Agostinho Neto\u201d","isPartOf":{"@id":"https:\/\/instituciones.gtm.sld.cu\/hgdan\/#website"},"datePublished":"2019-01-17T16:40:35+00:00","dateModified":"2019-09-25T22:53:44+00:00","breadcrumb":{"@id":"https:\/\/instituciones.gtm.sld.cu\/hgdan\/quienes-somos\/#breadcrumb"},"inLanguage":"es","potentialAction":[{"@type":"ReadAction","target":["https:\/\/instituciones.gtm.sld.cu\/hgdan\/quienes-somos\/"]}]},{"@type":"BreadcrumbList","@id":"https:\/\/instituciones.gtm.sld.cu\/hgdan\/quienes-somos\/#breadcrumb","itemListElement":[{"@type":"ListItem","position":1,"name":"Portada","item":"https:\/\/instituciones.gtm.sld.cu\/hgdan\/"},{"@type":"ListItem","position":2,"name":"Qui\u00e9nes somos"}]},{"@type":"WebSite","@id":"https:\/\/instituciones.gtm.sld.cu\/hgdan\/#website","url":"https:\/\/instituciones.gtm.sld.cu\/hgdan\/","name":"Hospital General Docente \u201cDr. Agostinho Neto\u201d","description":"Hospital General Docente \u201cDr. Agostinho Neto\u201d","potentialAction":[{"@type":"SearchAction","target":{"@type":"EntryPoint","urlTemplate":"https:\/\/instituciones.gtm.sld.cu\/hgdan\/?s={search_term_string}"},"query-input":"required name=search_term_string"}],"inLanguage":"es"}]}},"_links":{"self":[{"href":"https:\/\/instituciones.gtm.sld.cu\/hgdan\/wp-json\/wp\/v2\/pages\/107"}],"collection":[{"href":"https:\/\/instituciones.gtm.sld.cu\/hgdan\/wp-json\/wp\/v2\/pages"}],"about":[{"href":"https:\/\/instituciones.gtm.sld.cu\/hgdan\/wp-json\/wp\/v2\/types\/page"}],"author":[{"embeddable":true,"href":"https:\/\/instituciones.gtm.sld.cu\/hgdan\/wp-json\/wp\/v2\/users\/4"}],"replies":[{"embeddable":true,"href":"https:\/\/instituciones.gtm.sld.cu\/hgdan\/wp-json\/wp\/v2\/comments?post=107"}],"version-history":[{"count":1,"href":"https:\/\/instituciones.gtm.sld.cu\/hgdan\/wp-json\/wp\/v2\/pages\/107\/revisions"}],"predecessor-version":[{"id":1891,"href":"https:\/\/instituciones.gtm.sld.cu\/hgdan\/wp-json\/wp\/v2\/pages\/107\/revisions\/1891"}],"wp:attachment":[{"href":"https:\/\/instituciones.gtm.sld.cu\/hgdan\/wp-json\/wp\/v2\/media?parent=107"}],"curies":[{"name":"wp","href":"https:\/\/api.w.org\/{rel}","templated":true}]}}