{"id":1179,"date":"2019-01-31T09:58:47","date_gmt":"2019-01-31T14:58:47","guid":{"rendered":"http:\/\/instituciones.gtm.sld.cu\/hgdan\/?page_id=1179"},"modified":"2019-02-04T15:23:26","modified_gmt":"2019-02-04T20:23:26","slug":"mapa-de-sitio","status":"publish","type":"page","link":"https:\/\/instituciones.gtm.sld.cu\/hgdan\/mapa-de-sitio\/","title":{"rendered":"Mapa del sitio"},"content":{"rendered":"\n<!-- Page-list plugin v.5.7 wordpress.org\/plugins\/page-list\/ -->\n<ul class=\"page-list \">\n<li class=\"page_item page-item-135\"><a href=\"https:\/\/instituciones.gtm.sld.cu\/hgdan\/asistencia-medica\/\">Asistencia M\u00e9dica<\/a><\/li>\n<li class=\"page_item page-item-2666\"><a href=\"https:\/\/instituciones.gtm.sld.cu\/hgdan\/atencion-a-la-poblacion\/\">Atenci\u00f3n a la Poblaci\u00f3n<\/a><\/li>\n<li class=\"page_item page-item-1689\"><a href=\"https:\/\/instituciones.gtm.sld.cu\/hgdan\/biblioteca-hgdan\/\">Biblioteca HGDAN<\/a><\/li>\n<li class=\"page_item page-item-2\"><a href=\"https:\/\/instituciones.gtm.sld.cu\/hgdan\/pagina-ejemplo\/\">Biograf\u00eda Agostinho Neto<\/a><\/li>\n<li class=\"page_item page-item-195\"><a href=\"https:\/\/instituciones.gtm.sld.cu\/hgdan\/comision-etica-medica\/\">Comisi\u00f3n \u00e9tica m\u00e9dica<\/a><\/li>\n<li class=\"page_item page-item-191\"><a href=\"https:\/\/instituciones.gtm.sld.cu\/hgdan\/comite-editorial\/\">Comit\u00e9 editorial<\/a><\/li>\n<li class=\"page_item page-item-197\"><a href=\"https:\/\/instituciones.gtm.sld.cu\/hgdan\/consejo-cientifico\/\">Consejo cient\u00edfico<\/a><\/li>\n<li class=\"page_item page-item-208\"><a href=\"https:\/\/instituciones.gtm.sld.cu\/hgdan\/consejo-de-direccion\/\">Consejo de Direcci\u00f3n<\/a><\/li>\n<li class=\"page_item page-item-156\"><a href=\"https:\/\/instituciones.gtm.sld.cu\/hgdan\/consultas-externas\/\">CONSULTAS EXTERNAS<\/a><\/li>\n<li class=\"page_item page-item-189\"><a href=\"https:\/\/instituciones.gtm.sld.cu\/hgdan\/contactenos\/\">Cont\u00e1ctenos<\/a><\/li>\n<li class=\"page_item page-item-1886\"><a href=\"https:\/\/instituciones.gtm.sld.cu\/hgdan\/cuerpo-de-guardia\/\">Cuerpo de Guardia<\/a><\/li>\n<li class=\"page_item page-item-187\"><a href=\"https:\/\/instituciones.gtm.sld.cu\/hgdan\/directorio-telefonico\/\">Directorio telef\u00f3nico<\/a><\/li>\n<li class=\"page_item page-item-137\"><a href=\"https:\/\/instituciones.gtm.sld.cu\/hgdan\/docencia-medica\/\">Docencia M\u00e9dica<\/a><\/li>\n<li class=\"page_item page-item-1496\"><a href=\"https:\/\/instituciones.gtm.sld.cu\/hgdan\/ensayos-clinicos\/\">Ensayos Cl\u00ednicos<\/a><\/li>\n<li class=\"page_item page-item-125\"><a href=\"https:\/\/instituciones.gtm.sld.cu\/hgdan\/formulario-de-contacto\/\">Formulario de Contacto<\/a><\/li>\n<li class=\"page_item page-item-1269\"><a href=\"https:\/\/instituciones.gtm.sld.cu\/hgdan\/galenclinicas\/\">GalenCl\u00ednicas<\/a><\/li>\n<li class=\"page_item page-item-298\"><a href=\"https:\/\/instituciones.gtm.sld.cu\/hgdan\/imedig\/\">Imedig<\/a><\/li>\n<li class=\"page_item page-item-139\"><a href=\"https:\/\/instituciones.gtm.sld.cu\/hgdan\/investigaciones\/\">Investigaciones<\/a><\/li>\n<li class=\"page_item page-item-1492\"><a href=\"https:\/\/instituciones.gtm.sld.cu\/hgdan\/lineas-de-investigacion\/\">L\u00edneas de Investigaci\u00f3n<\/a><\/li>\n<li class=\"page_item page-item-1179\"><a href=\"https:\/\/instituciones.gtm.sld.cu\/hgdan\/mapa-de-sitio\/\">Mapa del sitio<\/a><\/li>\n<li class=\"page_item page-item-1500\"><a href=\"https:\/\/instituciones.gtm.sld.cu\/hgdan\/metrologia\/\">Metrolog\u00eda<\/a><\/li>\n<li class=\"page_item page-item-85\"><a href=\"https:\/\/instituciones.gtm.sld.cu\/hgdan\/my-calendar\/\">My Calendar<\/a><\/li>\n<li class=\"page_item page-item-1892\"><a href=\"https:\/\/instituciones.gtm.sld.cu\/hgdan\/objetivos-del-sitio\/\">Objetivos del sitio<\/a><\/li>\n<li class=\"page_item page-item-2832\"><a href=\"https:\/\/instituciones.gtm.sld.cu\/hgdan\/organigrama\/\">Organigrama<\/a><\/li>\n<li class=\"page_item page-item-193\"><a href=\"https:\/\/instituciones.gtm.sld.cu\/hgdan\/organizaciones\/\">Organizaciones<\/a><\/li>\n<li class=\"page_item page-item-159\"><a href=\"https:\/\/instituciones.gtm.sld.cu\/hgdan\/para-los-pacientes\/\">PACIENTES<\/a><\/li>\n<li class=\"page_item page-item-1498\"><a href=\"https:\/\/instituciones.gtm.sld.cu\/hgdan\/potencial-cientifico\/\">Potencial Cient\u00edfico<\/a><\/li>\n<li class=\"page_item page-item-1494\"><a href=\"https:\/\/instituciones.gtm.sld.cu\/hgdan\/programas-y-proyectos\/\">Programas y Proyectos<\/a><\/li>\n<li class=\"page_item page-item-107\"><a href=\"https:\/\/instituciones.gtm.sld.cu\/hgdan\/quienes-somos\/\">Qui\u00e9nes somos<\/a><\/li>\n<li class=\"page_item page-item-127\"><a href=\"https:\/\/instituciones.gtm.sld.cu\/hgdan\/servicios-de-hospitalizacion\/\">Servicios de Hospitalizaci\u00f3n.<\/a><\/li>\n<li class=\"page_item page-item-2665\"><a href=\"https:\/\/instituciones.gtm.sld.cu\/hgdan\/servicios-medicos\/\">Servicios M\u00e9dicos<\/a><\/li>\n<li class=\"page_item page-item-141\"><a href=\"https:\/\/instituciones.gtm.sld.cu\/hgdan\/servicios-medicos-cubanos\/\">Servicios M\u00e9dicos Cubanos<\/a><\/li>\n<li class=\"page_item page-item-308\"><a href=\"https:\/\/instituciones.gtm.sld.cu\/hgdan\/sisalud\/\">SISalud<\/a><\/li>\n<li class=\"page_item page-item-312\"><a href=\"https:\/\/instituciones.gtm.sld.cu\/hgdan\/siscan\/\">SISCan<\/a><\/li>\n<li class=\"page_item page-item-1666\"><a href=\"https:\/\/instituciones.gtm.sld.cu\/hgdan\/ujc\/\">UJC<\/a><\/li>\n\n<\/ul>\n","protected":false},"excerpt":{"rendered":"","protected":false},"author":4,"featured_media":0,"parent":0,"menu_order":0,"comment_status":"closed","ping_status":"closed","template":"","meta":{"ngg_post_thumbnail":0,"_mc_calendar":[]},"yoast_head":"<!-- This site is optimized with the Yoast SEO plugin v21.8 - https:\/\/yoast.com\/wordpress\/plugins\/seo\/ -->\n<title>Mapa del sitio - Hospital General Docente \u201cDr. Agostinho Neto\u201d<\/title>\n<meta name=\"robots\" content=\"index, follow, max-snippet:-1, max-image-preview:large, max-video-preview:-1\" \/>\n<link rel=\"canonical\" href=\"https:\/\/instituciones.gtm.sld.cu\/hgdan\/mapa-de-sitio\/\" \/>\n<meta property=\"og:locale\" content=\"es_ES\" \/>\n<meta property=\"og:type\" content=\"article\" \/>\n<meta property=\"og:title\" content=\"Mapa del sitio - Hospital General Docente \u201cDr. Agostinho Neto\u201d\" \/>\n<meta property=\"og:url\" content=\"https:\/\/instituciones.gtm.sld.cu\/hgdan\/mapa-de-sitio\/\" \/>\n<meta property=\"og:site_name\" content=\"Hospital General Docente \u201cDr. Agostinho Neto\u201d\" \/>\n<meta property=\"article:modified_time\" content=\"2019-02-04T20:23:26+00:00\" \/>\n<meta name=\"twitter:card\" content=\"summary_large_image\" \/>\n<script type=\"application\/ld+json\" class=\"yoast-schema-graph\">{\"@context\":\"https:\/\/schema.org\",\"@graph\":[{\"@type\":\"WebPage\",\"@id\":\"https:\/\/instituciones.gtm.sld.cu\/hgdan\/mapa-de-sitio\/\",\"url\":\"https:\/\/instituciones.gtm.sld.cu\/hgdan\/mapa-de-sitio\/\",\"name\":\"Mapa del sitio - Hospital General Docente \u201cDr. Agostinho Neto\u201d\",\"isPartOf\":{\"@id\":\"https:\/\/instituciones.gtm.sld.cu\/hgdan\/#website\"},\"datePublished\":\"2019-01-31T14:58:47+00:00\",\"dateModified\":\"2019-02-04T20:23:26+00:00\",\"breadcrumb\":{\"@id\":\"https:\/\/instituciones.gtm.sld.cu\/hgdan\/mapa-de-sitio\/#breadcrumb\"},\"inLanguage\":\"es\",\"potentialAction\":[{\"@type\":\"ReadAction\",\"target\":[\"https:\/\/instituciones.gtm.sld.cu\/hgdan\/mapa-de-sitio\/\"]}]},{\"@type\":\"BreadcrumbList\",\"@id\":\"https:\/\/instituciones.gtm.sld.cu\/hgdan\/mapa-de-sitio\/#breadcrumb\",\"itemListElement\":[{\"@type\":\"ListItem\",\"position\":1,\"name\":\"Portada\",\"item\":\"https:\/\/instituciones.gtm.sld.cu\/hgdan\/\"},{\"@type\":\"ListItem\",\"position\":2,\"name\":\"Mapa del sitio\"}]},{\"@type\":\"WebSite\",\"@id\":\"https:\/\/instituciones.gtm.sld.cu\/hgdan\/#website\",\"url\":\"https:\/\/instituciones.gtm.sld.cu\/hgdan\/\",\"name\":\"Hospital General Docente \u201cDr. Agostinho Neto\u201d\",\"description\":\"Hospital General Docente \u201cDr. Agostinho Neto\u201d\",\"potentialAction\":[{\"@type\":\"SearchAction\",\"target\":{\"@type\":\"EntryPoint\",\"urlTemplate\":\"https:\/\/instituciones.gtm.sld.cu\/hgdan\/?s={search_term_string}\"},\"query-input\":\"required name=search_term_string\"}],\"inLanguage\":\"es\"}]}<\/script>\n<!-- \/ Yoast SEO plugin. -->","yoast_head_json":{"title":"Mapa del sitio - Hospital General Docente \u201cDr. Agostinho Neto\u201d","robots":{"index":"index","follow":"follow","max-snippet":"max-snippet:-1","max-image-preview":"max-image-preview:large","max-video-preview":"max-video-preview:-1"},"canonical":"https:\/\/instituciones.gtm.sld.cu\/hgdan\/mapa-de-sitio\/","og_locale":"es_ES","og_type":"article","og_title":"Mapa del sitio - Hospital General Docente \u201cDr. Agostinho Neto\u201d","og_url":"https:\/\/instituciones.gtm.sld.cu\/hgdan\/mapa-de-sitio\/","og_site_name":"Hospital General Docente \u201cDr. Agostinho Neto\u201d","article_modified_time":"2019-02-04T20:23:26+00:00","twitter_card":"summary_large_image","schema":{"@context":"https:\/\/schema.org","@graph":[{"@type":"WebPage","@id":"https:\/\/instituciones.gtm.sld.cu\/hgdan\/mapa-de-sitio\/","url":"https:\/\/instituciones.gtm.sld.cu\/hgdan\/mapa-de-sitio\/","name":"Mapa del sitio - Hospital General Docente \u201cDr. Agostinho Neto\u201d","isPartOf":{"@id":"https:\/\/instituciones.gtm.sld.cu\/hgdan\/#website"},"datePublished":"2019-01-31T14:58:47+00:00","dateModified":"2019-02-04T20:23:26+00:00","breadcrumb":{"@id":"https:\/\/instituciones.gtm.sld.cu\/hgdan\/mapa-de-sitio\/#breadcrumb"},"inLanguage":"es","potentialAction":[{"@type":"ReadAction","target":["https:\/\/instituciones.gtm.sld.cu\/hgdan\/mapa-de-sitio\/"]}]},{"@type":"BreadcrumbList","@id":"https:\/\/instituciones.gtm.sld.cu\/hgdan\/mapa-de-sitio\/#breadcrumb","itemListElement":[{"@type":"ListItem","position":1,"name":"Portada","item":"https:\/\/instituciones.gtm.sld.cu\/hgdan\/"},{"@type":"ListItem","position":2,"name":"Mapa del sitio"}]},{"@type":"WebSite","@id":"https:\/\/instituciones.gtm.sld.cu\/hgdan\/#website","url":"https:\/\/instituciones.gtm.sld.cu\/hgdan\/","name":"Hospital General Docente \u201cDr. Agostinho Neto\u201d","description":"Hospital General Docente \u201cDr. Agostinho Neto\u201d","potentialAction":[{"@type":"SearchAction","target":{"@type":"EntryPoint","urlTemplate":"https:\/\/instituciones.gtm.sld.cu\/hgdan\/?s={search_term_string}"},"query-input":"required name=search_term_string"}],"inLanguage":"es"}]}},"_links":{"self":[{"href":"https:\/\/instituciones.gtm.sld.cu\/hgdan\/wp-json\/wp\/v2\/pages\/1179"}],"collection":[{"href":"https:\/\/instituciones.gtm.sld.cu\/hgdan\/wp-json\/wp\/v2\/pages"}],"about":[{"href":"https:\/\/instituciones.gtm.sld.cu\/hgdan\/wp-json\/wp\/v2\/types\/page"}],"author":[{"embeddable":true,"href":"https:\/\/instituciones.gtm.sld.cu\/hgdan\/wp-json\/wp\/v2\/users\/4"}],"replies":[{"embeddable":true,"href":"https:\/\/instituciones.gtm.sld.cu\/hgdan\/wp-json\/wp\/v2\/comments?post=1179"}],"version-history":[{"count":0,"href":"https:\/\/instituciones.gtm.sld.cu\/hgdan\/wp-json\/wp\/v2\/pages\/1179\/revisions"}],"wp:attachment":[{"href":"https:\/\/instituciones.gtm.sld.cu\/hgdan\/wp-json\/wp\/v2\/media?parent=1179"}],"curies":[{"name":"wp","href":"https:\/\/api.w.org\/{rel}","templated":true}]}}