{"id":1269,"date":"2019-01-19T13:12:36","date_gmt":"2019-01-19T18:12:36","guid":{"rendered":"http:\/\/instituciones.gtm.sld.cu\/hgdan\/?page_id=1269"},"modified":"2019-02-04T13:18:33","modified_gmt":"2019-02-04T18:18:33","slug":"galenclinicas","status":"publish","type":"page","link":"https:\/\/instituciones.gtm.sld.cu\/hgdan\/galenclinicas\/","title":{"rendered":"GalenCl\u00ednicas"},"content":{"rendered":"<p style=\"text-align: justify\">Sistema de informaci\u00f3n que permite gestionar la actividad hospitalaria del paciente e informatiza los diferentes servicios que se brindan en los centros de atenci\u00f3n de salud, como hospitales y cl\u00ednicas. Permite mejorar la atenci\u00f3n m\u00e9dica, optimizar el uso del personal, aumentar la calidad de los servicios hospitalarios y disminuir sus costos.<\/p>\n<p>La soluci\u00f3n abarca tres vistas fundamentales:<\/p>\n<p><b>Atenci\u00f3n al paciente:<\/b> permite el registro de los datos relacionados a la atenci\u00f3n al paciente en cada servicio, sala, consulta, etc. Para esto garantiza el acceso, con seguridad, a la informaci\u00f3n del historial de paciente y a la posibilidad de solicitud de los servicios necesarios.<\/p>\n<p><b>Gesti\u00f3n de las \u00e1reas de la instituci\u00f3n:<\/b> automatiza los procesos en las \u00e1reas organizando los flujos, el registro de la informaci\u00f3n, los informes y la estad\u00edstica necesaria.<\/p>\n<p><b>Gerencia<\/b>: a partir de la informaci\u00f3n relacionada con los pacientes y las \u00e1reas, emite estad\u00edstica en diferentes formas (tablas, gr\u00e1ficas, informes) fundamentales para la toma de decisiones.<br \/>\n<strong><br \/>\nNombre Software:<\/strong> Galen Cl\u00ednicas<\/p>\n<p><strong>Sector al cual&nbsp;est\u00e1&nbsp;dirigido:<\/strong> Hospitales y Cl\u00ednicas de peque\u00f1o y gran tama\u00f1o<\/p>\n<p style=\"text-align: justify\"><strong>Tipo de software:<\/strong> M\u00e9dico<\/p>\n<p><a href=\"http:\/\/galen.hgdan.gtm.sld.cu\/Clinicas-2.0.0\/\" target=\"_blank\" rel=\"noopener\">http:\/\/galen.hgdan.gtm.sld.cu\/Clinicas-2.0.0\/<\/a>&nbsp;&nbsp; (Hospital General Docente Dr.Agostinho Neto)<\/p>\n","protected":false},"excerpt":{"rendered":"<p>Sistema de informaci\u00f3n que permite gestionar la actividad hospitalaria del paciente e informatiza los diferentes servicios que se brindan en los centros de atenci\u00f3n de salud, como hospitales y cl\u00ednicas. Permite mejorar la atenci\u00f3n m\u00e9dica, optimizar el uso del personal, aumentar la calidad de los servicios hospitalarios y disminuir sus costos. La soluci\u00f3n abarca tres &hellip; <\/p>\n<p><a class=\"more-link btn\" href=\"https:\/\/instituciones.gtm.sld.cu\/hgdan\/galenclinicas\/\">Seguir leyendo<\/a><\/p>\n","protected":false},"author":4,"featured_media":0,"parent":0,"menu_order":0,"comment_status":"closed","ping_status":"closed","template":"","meta":{"ngg_post_thumbnail":0,"_mc_calendar":[]},"yoast_head":"<!-- This site is optimized with the Yoast SEO plugin v21.8 - https:\/\/yoast.com\/wordpress\/plugins\/seo\/ -->\n<title>GalenCl\u00ednicas - Hospital General Docente \u201cDr. Agostinho Neto\u201d<\/title>\n<meta name=\"robots\" content=\"index, follow, max-snippet:-1, max-image-preview:large, max-video-preview:-1\" \/>\n<link rel=\"canonical\" href=\"https:\/\/instituciones.gtm.sld.cu\/hgdan\/galenclinicas\/\" \/>\n<meta property=\"og:locale\" content=\"es_ES\" \/>\n<meta property=\"og:type\" content=\"article\" \/>\n<meta property=\"og:title\" content=\"GalenCl\u00ednicas - Hospital General Docente \u201cDr. Agostinho Neto\u201d\" \/>\n<meta property=\"og:description\" content=\"Sistema de informaci\u00f3n que permite gestionar la actividad hospitalaria del paciente e informatiza los diferentes servicios que se brindan en los centros de atenci\u00f3n de salud, como hospitales y cl\u00ednicas. Permite mejorar la atenci\u00f3n m\u00e9dica, optimizar el uso del personal, aumentar la calidad de los servicios hospitalarios y disminuir sus costos. La soluci\u00f3n abarca tres &hellip; Seguir leyendo\" \/>\n<meta property=\"og:url\" content=\"https:\/\/instituciones.gtm.sld.cu\/hgdan\/galenclinicas\/\" \/>\n<meta property=\"og:site_name\" content=\"Hospital General Docente \u201cDr. Agostinho Neto\u201d\" \/>\n<meta property=\"article:modified_time\" content=\"2019-02-04T18:18:33+00:00\" \/>\n<meta name=\"twitter:card\" content=\"summary_large_image\" \/>\n<meta name=\"twitter:label1\" content=\"Tiempo de lectura\" \/>\n\t<meta name=\"twitter:data1\" content=\"1 minuto\" \/>\n<script type=\"application\/ld+json\" class=\"yoast-schema-graph\">{\"@context\":\"https:\/\/schema.org\",\"@graph\":[{\"@type\":\"WebPage\",\"@id\":\"https:\/\/instituciones.gtm.sld.cu\/hgdan\/galenclinicas\/\",\"url\":\"https:\/\/instituciones.gtm.sld.cu\/hgdan\/galenclinicas\/\",\"name\":\"GalenCl\u00ednicas - Hospital General Docente \u201cDr. Agostinho Neto\u201d\",\"isPartOf\":{\"@id\":\"https:\/\/instituciones.gtm.sld.cu\/hgdan\/#website\"},\"datePublished\":\"2019-01-19T18:12:36+00:00\",\"dateModified\":\"2019-02-04T18:18:33+00:00\",\"breadcrumb\":{\"@id\":\"https:\/\/instituciones.gtm.sld.cu\/hgdan\/galenclinicas\/#breadcrumb\"},\"inLanguage\":\"es\",\"potentialAction\":[{\"@type\":\"ReadAction\",\"target\":[\"https:\/\/instituciones.gtm.sld.cu\/hgdan\/galenclinicas\/\"]}]},{\"@type\":\"BreadcrumbList\",\"@id\":\"https:\/\/instituciones.gtm.sld.cu\/hgdan\/galenclinicas\/#breadcrumb\",\"itemListElement\":[{\"@type\":\"ListItem\",\"position\":1,\"name\":\"Portada\",\"item\":\"https:\/\/instituciones.gtm.sld.cu\/hgdan\/\"},{\"@type\":\"ListItem\",\"position\":2,\"name\":\"GalenCl\u00ednicas\"}]},{\"@type\":\"WebSite\",\"@id\":\"https:\/\/instituciones.gtm.sld.cu\/hgdan\/#website\",\"url\":\"https:\/\/instituciones.gtm.sld.cu\/hgdan\/\",\"name\":\"Hospital General Docente \u201cDr. Agostinho Neto\u201d\",\"description\":\"Hospital General Docente \u201cDr. Agostinho Neto\u201d\",\"potentialAction\":[{\"@type\":\"SearchAction\",\"target\":{\"@type\":\"EntryPoint\",\"urlTemplate\":\"https:\/\/instituciones.gtm.sld.cu\/hgdan\/?s={search_term_string}\"},\"query-input\":\"required name=search_term_string\"}],\"inLanguage\":\"es\"}]}<\/script>\n<!-- \/ Yoast SEO plugin. -->","yoast_head_json":{"title":"GalenCl\u00ednicas - Hospital General Docente \u201cDr. Agostinho Neto\u201d","robots":{"index":"index","follow":"follow","max-snippet":"max-snippet:-1","max-image-preview":"max-image-preview:large","max-video-preview":"max-video-preview:-1"},"canonical":"https:\/\/instituciones.gtm.sld.cu\/hgdan\/galenclinicas\/","og_locale":"es_ES","og_type":"article","og_title":"GalenCl\u00ednicas - Hospital General Docente \u201cDr. Agostinho Neto\u201d","og_description":"Sistema de informaci\u00f3n que permite gestionar la actividad hospitalaria del paciente e informatiza los diferentes servicios que se brindan en los centros de atenci\u00f3n de salud, como hospitales y cl\u00ednicas. Permite mejorar la atenci\u00f3n m\u00e9dica, optimizar el uso del personal, aumentar la calidad de los servicios hospitalarios y disminuir sus costos. La soluci\u00f3n abarca tres &hellip; Seguir leyendo","og_url":"https:\/\/instituciones.gtm.sld.cu\/hgdan\/galenclinicas\/","og_site_name":"Hospital General Docente \u201cDr. Agostinho Neto\u201d","article_modified_time":"2019-02-04T18:18:33+00:00","twitter_card":"summary_large_image","twitter_misc":{"Tiempo de lectura":"1 minuto"},"schema":{"@context":"https:\/\/schema.org","@graph":[{"@type":"WebPage","@id":"https:\/\/instituciones.gtm.sld.cu\/hgdan\/galenclinicas\/","url":"https:\/\/instituciones.gtm.sld.cu\/hgdan\/galenclinicas\/","name":"GalenCl\u00ednicas - Hospital General Docente \u201cDr. Agostinho Neto\u201d","isPartOf":{"@id":"https:\/\/instituciones.gtm.sld.cu\/hgdan\/#website"},"datePublished":"2019-01-19T18:12:36+00:00","dateModified":"2019-02-04T18:18:33+00:00","breadcrumb":{"@id":"https:\/\/instituciones.gtm.sld.cu\/hgdan\/galenclinicas\/#breadcrumb"},"inLanguage":"es","potentialAction":[{"@type":"ReadAction","target":["https:\/\/instituciones.gtm.sld.cu\/hgdan\/galenclinicas\/"]}]},{"@type":"BreadcrumbList","@id":"https:\/\/instituciones.gtm.sld.cu\/hgdan\/galenclinicas\/#breadcrumb","itemListElement":[{"@type":"ListItem","position":1,"name":"Portada","item":"https:\/\/instituciones.gtm.sld.cu\/hgdan\/"},{"@type":"ListItem","position":2,"name":"GalenCl\u00ednicas"}]},{"@type":"WebSite","@id":"https:\/\/instituciones.gtm.sld.cu\/hgdan\/#website","url":"https:\/\/instituciones.gtm.sld.cu\/hgdan\/","name":"Hospital General Docente \u201cDr. Agostinho Neto\u201d","description":"Hospital General Docente \u201cDr. Agostinho Neto\u201d","potentialAction":[{"@type":"SearchAction","target":{"@type":"EntryPoint","urlTemplate":"https:\/\/instituciones.gtm.sld.cu\/hgdan\/?s={search_term_string}"},"query-input":"required name=search_term_string"}],"inLanguage":"es"}]}},"_links":{"self":[{"href":"https:\/\/instituciones.gtm.sld.cu\/hgdan\/wp-json\/wp\/v2\/pages\/1269"}],"collection":[{"href":"https:\/\/instituciones.gtm.sld.cu\/hgdan\/wp-json\/wp\/v2\/pages"}],"about":[{"href":"https:\/\/instituciones.gtm.sld.cu\/hgdan\/wp-json\/wp\/v2\/types\/page"}],"author":[{"embeddable":true,"href":"https:\/\/instituciones.gtm.sld.cu\/hgdan\/wp-json\/wp\/v2\/users\/4"}],"replies":[{"embeddable":true,"href":"https:\/\/instituciones.gtm.sld.cu\/hgdan\/wp-json\/wp\/v2\/comments?post=1269"}],"version-history":[{"count":0,"href":"https:\/\/instituciones.gtm.sld.cu\/hgdan\/wp-json\/wp\/v2\/pages\/1269\/revisions"}],"wp:attachment":[{"href":"https:\/\/instituciones.gtm.sld.cu\/hgdan\/wp-json\/wp\/v2\/media?parent=1269"}],"curies":[{"name":"wp","href":"https:\/\/api.w.org\/{rel}","templated":true}]}}