{"id":127,"date":"2019-01-17T21:22:57","date_gmt":"2019-01-17T21:22:57","guid":{"rendered":"http:\/\/instituciones.gtm.sld.cu\/hgdan\/?page_id=127"},"modified":"2019-02-15T16:18:14","modified_gmt":"2019-02-15T21:18:14","slug":"servicios-de-hospitalizacion","status":"publish","type":"page","link":"https:\/\/instituciones.gtm.sld.cu\/hgdan\/servicios-de-hospitalizacion\/","title":{"rendered":"Servicios de Hospitalizaci\u00f3n."},"content":{"rendered":"<table>\n<tbody>\n<tr>\n<td width=\"299\">Alergolog\u00eda<\/td>\n<td width=\"299\">Medicina F\u00edsica y Rehabilitaci\u00f3n<\/td>\n<\/tr>\n<tr>\n<td width=\"299\">Anatom\u00eda Patol\u00f3gica<\/td>\n<td width=\"299\">Medicina General Integral<\/td>\n<\/tr>\n<tr>\n<td width=\"299\">Anestesiolog\u00eda<\/td>\n<td width=\"299\">Medicina Interna<\/td>\n<\/tr>\n<tr>\n<td width=\"299\">Angiolog\u00eda<\/td>\n<td width=\"299\">Medicina Legal<\/td>\n<\/tr>\n<tr>\n<td width=\"299\">Cardiolog\u00eda<\/td>\n<td width=\"299\">Medicina Tradicional<\/td>\n<\/tr>\n<tr>\n<td width=\"299\">Cirug\u00eda General<\/td>\n<td width=\"299\">Microbiolog\u00eda<\/td>\n<\/tr>\n<tr>\n<td width=\"299\">Cirug\u00eda Maxilo-Facial<\/td>\n<td width=\"299\">Nefrolog\u00eda<\/td>\n<\/tr>\n<tr>\n<td width=\"299\">Cirug\u00eda Reconstructiva y Quemados<\/td>\n<td width=\"299\">Neonatolog\u00eda<\/td>\n<\/tr>\n<tr>\n<td width=\"299\">Coloproctolog\u00eda<\/td>\n<td width=\"299\">Neumolog\u00eda<\/td>\n<\/tr>\n<tr>\n<td width=\"299\">Cuidados Intensivos<\/td>\n<td width=\"299\">Neurocirug\u00eda<\/td>\n<\/tr>\n<tr>\n<td width=\"299\">Dermatolog\u00eda<\/td>\n<td width=\"299\">Neurolog\u00eda<\/td>\n<\/tr>\n<tr>\n<td width=\"299\">Endocrinolog\u00eda<\/td>\n<td width=\"299\">Nutrici\u00f3n<\/td>\n<\/tr>\n<tr>\n<td width=\"299\">Estomatolog\u00eda General<\/td>\n<td width=\"299\">Obstetricia y Ginecolog\u00eda<\/td>\n<\/tr>\n<tr>\n<td width=\"299\">Estomatolog\u00eda General Integral<\/td>\n<td width=\"299\">Oftalmolog\u00eda<\/td>\n<\/tr>\n<tr>\n<td width=\"299\">Farmacolog\u00eda<\/td>\n<td width=\"299\">Oncolog\u00eda<\/td>\n<\/tr>\n<tr>\n<td width=\"299\">Gastroenterolog\u00eda<\/td>\n<td width=\"299\">Ortopedia y Traumatolog\u00eda<\/td>\n<\/tr>\n<tr>\n<td width=\"299\">Geriatr\u00eda<\/td>\n<td width=\"299\">Otorrinolaringolog\u00eda<\/td>\n<\/tr>\n<tr>\n<td width=\"299\">Hematolog\u00eda<\/td>\n<td width=\"299\">Psiquiatr\u00eda<\/td>\n<\/tr>\n<tr>\n<td width=\"299\">Higiene y Epidemiolog\u00eda<\/td>\n<td width=\"299\">Reumatolog\u00eda<\/td>\n<\/tr>\n<tr>\n<td width=\"299\">Inmunolog\u00eda<\/td>\n<td rowspan=\"2\" width=\"299\">Urolog\u00eda<\/td>\n<\/tr>\n<tr>\n<td width=\"299\">Laboratorio Cl\u00ednico<\/td>\n<\/tr>\n<\/tbody>\n<\/table>\n<p>&nbsp;<\/p>\n<p>&nbsp;<\/p>\n","protected":false},"excerpt":{"rendered":"<p>Alergolog\u00eda Medicina F\u00edsica y Rehabilitaci\u00f3n Anatom\u00eda Patol\u00f3gica Medicina General Integral Anestesiolog\u00eda Medicina Interna Angiolog\u00eda Medicina Legal Cardiolog\u00eda Medicina Tradicional Cirug\u00eda General Microbiolog\u00eda Cirug\u00eda Maxilo-Facial Nefrolog\u00eda Cirug\u00eda Reconstructiva y Quemados Neonatolog\u00eda Coloproctolog\u00eda Neumolog\u00eda Cuidados Intensivos Neurocirug\u00eda Dermatolog\u00eda Neurolog\u00eda Endocrinolog\u00eda Nutrici\u00f3n Estomatolog\u00eda General Obstetricia y Ginecolog\u00eda Estomatolog\u00eda General Integral Oftalmolog\u00eda Farmacolog\u00eda Oncolog\u00eda Gastroenterolog\u00eda Ortopedia y Traumatolog\u00eda Geriatr\u00eda &hellip; <\/p>\n<p><a class=\"more-link btn\" href=\"https:\/\/instituciones.gtm.sld.cu\/hgdan\/servicios-de-hospitalizacion\/\">Seguir leyendo<\/a><\/p>\n","protected":false},"author":4,"featured_media":0,"parent":0,"menu_order":0,"comment_status":"closed","ping_status":"closed","template":"","meta":{"ngg_post_thumbnail":0,"_mc_calendar":[]},"yoast_head":"<!-- This site is optimized with the Yoast SEO plugin v21.8 - https:\/\/yoast.com\/wordpress\/plugins\/seo\/ -->\n<title>Servicios de Hospitalizaci\u00f3n. - Hospital General Docente \u201cDr. Agostinho Neto\u201d<\/title>\n<meta name=\"robots\" content=\"index, follow, max-snippet:-1, max-image-preview:large, max-video-preview:-1\" \/>\n<link rel=\"canonical\" href=\"https:\/\/instituciones.gtm.sld.cu\/hgdan\/servicios-de-hospitalizacion\/\" \/>\n<meta property=\"og:locale\" content=\"es_ES\" \/>\n<meta property=\"og:type\" content=\"article\" \/>\n<meta property=\"og:title\" content=\"Servicios de Hospitalizaci\u00f3n. - Hospital General Docente \u201cDr. Agostinho Neto\u201d\" \/>\n<meta property=\"og:description\" content=\"Alergolog\u00eda Medicina F\u00edsica y Rehabilitaci\u00f3n Anatom\u00eda Patol\u00f3gica Medicina General Integral Anestesiolog\u00eda Medicina Interna Angiolog\u00eda Medicina Legal Cardiolog\u00eda Medicina Tradicional Cirug\u00eda General Microbiolog\u00eda Cirug\u00eda Maxilo-Facial Nefrolog\u00eda Cirug\u00eda Reconstructiva y Quemados Neonatolog\u00eda Coloproctolog\u00eda Neumolog\u00eda Cuidados Intensivos Neurocirug\u00eda Dermatolog\u00eda Neurolog\u00eda Endocrinolog\u00eda Nutrici\u00f3n Estomatolog\u00eda General Obstetricia y Ginecolog\u00eda Estomatolog\u00eda General Integral Oftalmolog\u00eda Farmacolog\u00eda Oncolog\u00eda Gastroenterolog\u00eda Ortopedia y Traumatolog\u00eda Geriatr\u00eda &hellip; Seguir leyendo\" \/>\n<meta property=\"og:url\" content=\"https:\/\/instituciones.gtm.sld.cu\/hgdan\/servicios-de-hospitalizacion\/\" \/>\n<meta property=\"og:site_name\" content=\"Hospital General Docente \u201cDr. Agostinho Neto\u201d\" \/>\n<meta property=\"article:modified_time\" content=\"2019-02-15T21:18:14+00:00\" \/>\n<meta name=\"twitter:card\" content=\"summary_large_image\" \/>\n<meta name=\"twitter:label1\" content=\"Tiempo de lectura\" \/>\n\t<meta name=\"twitter:data1\" content=\"1 minuto\" \/>\n<script type=\"application\/ld+json\" class=\"yoast-schema-graph\">{\"@context\":\"https:\/\/schema.org\",\"@graph\":[{\"@type\":\"WebPage\",\"@id\":\"https:\/\/instituciones.gtm.sld.cu\/hgdan\/servicios-de-hospitalizacion\/\",\"url\":\"https:\/\/instituciones.gtm.sld.cu\/hgdan\/servicios-de-hospitalizacion\/\",\"name\":\"Servicios de Hospitalizaci\u00f3n. - Hospital General Docente \u201cDr. Agostinho Neto\u201d\",\"isPartOf\":{\"@id\":\"https:\/\/instituciones.gtm.sld.cu\/hgdan\/#website\"},\"datePublished\":\"2019-01-17T21:22:57+00:00\",\"dateModified\":\"2019-02-15T21:18:14+00:00\",\"breadcrumb\":{\"@id\":\"https:\/\/instituciones.gtm.sld.cu\/hgdan\/servicios-de-hospitalizacion\/#breadcrumb\"},\"inLanguage\":\"es\",\"potentialAction\":[{\"@type\":\"ReadAction\",\"target\":[\"https:\/\/instituciones.gtm.sld.cu\/hgdan\/servicios-de-hospitalizacion\/\"]}]},{\"@type\":\"BreadcrumbList\",\"@id\":\"https:\/\/instituciones.gtm.sld.cu\/hgdan\/servicios-de-hospitalizacion\/#breadcrumb\",\"itemListElement\":[{\"@type\":\"ListItem\",\"position\":1,\"name\":\"Portada\",\"item\":\"https:\/\/instituciones.gtm.sld.cu\/hgdan\/\"},{\"@type\":\"ListItem\",\"position\":2,\"name\":\"Servicios de Hospitalizaci\u00f3n.\"}]},{\"@type\":\"WebSite\",\"@id\":\"https:\/\/instituciones.gtm.sld.cu\/hgdan\/#website\",\"url\":\"https:\/\/instituciones.gtm.sld.cu\/hgdan\/\",\"name\":\"Hospital General Docente \u201cDr. Agostinho Neto\u201d\",\"description\":\"Hospital General Docente \u201cDr. Agostinho Neto\u201d\",\"potentialAction\":[{\"@type\":\"SearchAction\",\"target\":{\"@type\":\"EntryPoint\",\"urlTemplate\":\"https:\/\/instituciones.gtm.sld.cu\/hgdan\/?s={search_term_string}\"},\"query-input\":\"required name=search_term_string\"}],\"inLanguage\":\"es\"}]}<\/script>\n<!-- \/ Yoast SEO plugin. -->","yoast_head_json":{"title":"Servicios de Hospitalizaci\u00f3n. - Hospital General Docente \u201cDr. Agostinho Neto\u201d","robots":{"index":"index","follow":"follow","max-snippet":"max-snippet:-1","max-image-preview":"max-image-preview:large","max-video-preview":"max-video-preview:-1"},"canonical":"https:\/\/instituciones.gtm.sld.cu\/hgdan\/servicios-de-hospitalizacion\/","og_locale":"es_ES","og_type":"article","og_title":"Servicios de Hospitalizaci\u00f3n. - Hospital General Docente \u201cDr. Agostinho Neto\u201d","og_description":"Alergolog\u00eda Medicina F\u00edsica y Rehabilitaci\u00f3n Anatom\u00eda Patol\u00f3gica Medicina General Integral Anestesiolog\u00eda Medicina Interna Angiolog\u00eda Medicina Legal Cardiolog\u00eda Medicina Tradicional Cirug\u00eda General Microbiolog\u00eda Cirug\u00eda Maxilo-Facial Nefrolog\u00eda Cirug\u00eda Reconstructiva y Quemados Neonatolog\u00eda Coloproctolog\u00eda Neumolog\u00eda Cuidados Intensivos Neurocirug\u00eda Dermatolog\u00eda Neurolog\u00eda Endocrinolog\u00eda Nutrici\u00f3n Estomatolog\u00eda General Obstetricia y Ginecolog\u00eda Estomatolog\u00eda General Integral Oftalmolog\u00eda Farmacolog\u00eda Oncolog\u00eda Gastroenterolog\u00eda Ortopedia y Traumatolog\u00eda Geriatr\u00eda &hellip; Seguir leyendo","og_url":"https:\/\/instituciones.gtm.sld.cu\/hgdan\/servicios-de-hospitalizacion\/","og_site_name":"Hospital General Docente \u201cDr. Agostinho Neto\u201d","article_modified_time":"2019-02-15T21:18:14+00:00","twitter_card":"summary_large_image","twitter_misc":{"Tiempo de lectura":"1 minuto"},"schema":{"@context":"https:\/\/schema.org","@graph":[{"@type":"WebPage","@id":"https:\/\/instituciones.gtm.sld.cu\/hgdan\/servicios-de-hospitalizacion\/","url":"https:\/\/instituciones.gtm.sld.cu\/hgdan\/servicios-de-hospitalizacion\/","name":"Servicios de Hospitalizaci\u00f3n. - Hospital General Docente \u201cDr. Agostinho Neto\u201d","isPartOf":{"@id":"https:\/\/instituciones.gtm.sld.cu\/hgdan\/#website"},"datePublished":"2019-01-17T21:22:57+00:00","dateModified":"2019-02-15T21:18:14+00:00","breadcrumb":{"@id":"https:\/\/instituciones.gtm.sld.cu\/hgdan\/servicios-de-hospitalizacion\/#breadcrumb"},"inLanguage":"es","potentialAction":[{"@type":"ReadAction","target":["https:\/\/instituciones.gtm.sld.cu\/hgdan\/servicios-de-hospitalizacion\/"]}]},{"@type":"BreadcrumbList","@id":"https:\/\/instituciones.gtm.sld.cu\/hgdan\/servicios-de-hospitalizacion\/#breadcrumb","itemListElement":[{"@type":"ListItem","position":1,"name":"Portada","item":"https:\/\/instituciones.gtm.sld.cu\/hgdan\/"},{"@type":"ListItem","position":2,"name":"Servicios de Hospitalizaci\u00f3n."}]},{"@type":"WebSite","@id":"https:\/\/instituciones.gtm.sld.cu\/hgdan\/#website","url":"https:\/\/instituciones.gtm.sld.cu\/hgdan\/","name":"Hospital General Docente \u201cDr. Agostinho Neto\u201d","description":"Hospital General Docente \u201cDr. Agostinho Neto\u201d","potentialAction":[{"@type":"SearchAction","target":{"@type":"EntryPoint","urlTemplate":"https:\/\/instituciones.gtm.sld.cu\/hgdan\/?s={search_term_string}"},"query-input":"required name=search_term_string"}],"inLanguage":"es"}]}},"_links":{"self":[{"href":"https:\/\/instituciones.gtm.sld.cu\/hgdan\/wp-json\/wp\/v2\/pages\/127"}],"collection":[{"href":"https:\/\/instituciones.gtm.sld.cu\/hgdan\/wp-json\/wp\/v2\/pages"}],"about":[{"href":"https:\/\/instituciones.gtm.sld.cu\/hgdan\/wp-json\/wp\/v2\/types\/page"}],"author":[{"embeddable":true,"href":"https:\/\/instituciones.gtm.sld.cu\/hgdan\/wp-json\/wp\/v2\/users\/4"}],"replies":[{"embeddable":true,"href":"https:\/\/instituciones.gtm.sld.cu\/hgdan\/wp-json\/wp\/v2\/comments?post=127"}],"version-history":[{"count":1,"href":"https:\/\/instituciones.gtm.sld.cu\/hgdan\/wp-json\/wp\/v2\/pages\/127\/revisions"}],"predecessor-version":[{"id":2896,"href":"https:\/\/instituciones.gtm.sld.cu\/hgdan\/wp-json\/wp\/v2\/pages\/127\/revisions\/2896"}],"wp:attachment":[{"href":"https:\/\/instituciones.gtm.sld.cu\/hgdan\/wp-json\/wp\/v2\/media?parent=127"}],"curies":[{"name":"wp","href":"https:\/\/api.w.org\/{rel}","templated":true}]}}