{"id":141,"date":"2019-01-17T22:11:10","date_gmt":"2019-01-17T22:11:10","guid":{"rendered":"http:\/\/instituciones.gtm.sld.cu\/hgdan\/?page_id=141"},"modified":"2021-12-21T14:53:19","modified_gmt":"2021-12-21T19:53:19","slug":"servicios-medicos-cubanos","status":"publish","type":"page","link":"https:\/\/instituciones.gtm.sld.cu\/hgdan\/servicios-medicos-cubanos\/","title":{"rendered":"Servicios M\u00e9dicos Cubanos"},"content":{"rendered":"<p style=\"text-align: justify\">La Sala de Atenci\u00f3n M\u00e9dica Internacional (AMI) del Hospital General Docente Dr. Agostinho Neto, brinda servicios m\u00e9dicos especializados y de urgencias, consultas, tratamientos, equipos de diagn\u00f3stico y salones quir\u00fargicos equipados con alta tecnolog\u00eda,\u00a0 atenci\u00f3n al paciente con c\u00e1ncer, etc.<\/p>\n<p style=\"text-align: justify\">Ubicada en el 5to piso del edificio, la sala dispone de habitaciones climatizadas independientes, cama hospitalaria y para acompa\u00f1ante, aire acondicionado, minibar, agua caliente, servicio de restaurante con men\u00fa a la carta, y TV.<\/p>\n<p style=\"text-align: justify\">Cuenta con una enfermera a disposici\u00f3n del paciente las 24 horas y atenci\u00f3n personalizada de la Dr. C. Dra. Irayma Cazull Imbert.<\/p>\n<p style=\"text-align: justify\">A trav\u00e9s de la consulta usted puede solicitar otros servicios como: chequeos m\u00e9dicos, servicios de estomatolog\u00eda, cirug\u00eda est\u00e9tica, oftalmolog\u00eda, rehabilitaci\u00f3n, masajes y otros.<\/p>\n<p style=\"text-align: justify\"><em>Sala Atenci\u00f3n M\u00e9dica Internacional (AMI)<\/em><\/p>\n<p>Hospital General Docente Dr. Agostino Neto<br \/>\nCalle 5 Oeste entre 10 y 11 norte.<br \/>\nReparto Caribe, Guant\u00e1namo<br \/>\nTel\u00e9fono: +53 21 382776<br \/>\nCorreo: smchgdan@infomed.sld.cu<\/p>\n<p><img decoding=\"async\" loading=\"lazy\" class=\"alignnone  wp-image-2432\" src=\"http:\/\/instituciones.gtm.sld.cu\/hgdan\/wp-content\/uploads\/sites\/5\/2021\/12\/7-Restaurante-1024x576.jpg\" alt=\"\" width=\"364\" height=\"205\" srcset=\"https:\/\/instituciones.gtm.sld.cu\/hgdan\/wp-content\/uploads\/sites\/33\/2021\/12\/7-Restaurante-1024x576.jpg 1024w, https:\/\/instituciones.gtm.sld.cu\/hgdan\/wp-content\/uploads\/sites\/33\/2021\/12\/7-Restaurante-1024x576-300x169.jpg 300w, https:\/\/instituciones.gtm.sld.cu\/hgdan\/wp-content\/uploads\/sites\/33\/2021\/12\/7-Restaurante-1024x576-768x432.jpg 768w\" sizes=\"(max-width: 364px) 100vw, 364px\" \/> <img decoding=\"async\" loading=\"lazy\" class=\"alignnone  wp-image-2431\" src=\"http:\/\/instituciones.gtm.sld.cu\/hgdan\/wp-content\/uploads\/sites\/5\/2021\/12\/6-Sala-Star-1024x576.jpg\" alt=\"\" width=\"370\" height=\"208\" srcset=\"https:\/\/instituciones.gtm.sld.cu\/hgdan\/wp-content\/uploads\/sites\/33\/2021\/12\/6-Sala-Star-1024x576.jpg 1024w, https:\/\/instituciones.gtm.sld.cu\/hgdan\/wp-content\/uploads\/sites\/33\/2021\/12\/6-Sala-Star-1024x576-300x169.jpg 300w, https:\/\/instituciones.gtm.sld.cu\/hgdan\/wp-content\/uploads\/sites\/33\/2021\/12\/6-Sala-Star-1024x576-768x432.jpg 768w\" sizes=\"(max-width: 370px) 100vw, 370px\" \/> <img decoding=\"async\" loading=\"lazy\" class=\"alignnone  wp-image-2430\" src=\"http:\/\/instituciones.gtm.sld.cu\/hgdan\/wp-content\/uploads\/sites\/5\/2021\/12\/5-Habitaciones-1024x576.jpg\" alt=\"\" width=\"372\" height=\"209\" srcset=\"https:\/\/instituciones.gtm.sld.cu\/hgdan\/wp-content\/uploads\/sites\/33\/2021\/12\/5-Habitaciones-1024x576.jpg 1024w, https:\/\/instituciones.gtm.sld.cu\/hgdan\/wp-content\/uploads\/sites\/33\/2021\/12\/5-Habitaciones-1024x576-300x169.jpg 300w, https:\/\/instituciones.gtm.sld.cu\/hgdan\/wp-content\/uploads\/sites\/33\/2021\/12\/5-Habitaciones-1024x576-768x432.jpg 768w\" sizes=\"(max-width: 372px) 100vw, 372px\" \/>\u00a0 <img decoding=\"async\" loading=\"lazy\" class=\"alignnone  wp-image-2429\" src=\"http:\/\/instituciones.gtm.sld.cu\/hgdan\/wp-content\/uploads\/sites\/5\/2021\/12\/4-Habitaciones-1024x576.jpg\" alt=\"\" width=\"371\" height=\"209\" srcset=\"https:\/\/instituciones.gtm.sld.cu\/hgdan\/wp-content\/uploads\/sites\/33\/2021\/12\/4-Habitaciones-1024x576.jpg 1024w, https:\/\/instituciones.gtm.sld.cu\/hgdan\/wp-content\/uploads\/sites\/33\/2021\/12\/4-Habitaciones-1024x576-300x169.jpg 300w, https:\/\/instituciones.gtm.sld.cu\/hgdan\/wp-content\/uploads\/sites\/33\/2021\/12\/4-Habitaciones-1024x576-768x432.jpg 768w\" sizes=\"(max-width: 371px) 100vw, 371px\" \/>\u00a0 <img decoding=\"async\" loading=\"lazy\" class=\"alignnone  wp-image-2426\" src=\"http:\/\/instituciones.gtm.sld.cu\/hgdan\/wp-content\/uploads\/sites\/5\/2021\/12\/1-Recepcion-1024x576.jpg\" alt=\"\" width=\"365\" height=\"205\" srcset=\"https:\/\/instituciones.gtm.sld.cu\/hgdan\/wp-content\/uploads\/sites\/33\/2021\/12\/1-Recepcion-1024x576.jpg 1024w, https:\/\/instituciones.gtm.sld.cu\/hgdan\/wp-content\/uploads\/sites\/33\/2021\/12\/1-Recepcion-1024x576-300x169.jpg 300w, https:\/\/instituciones.gtm.sld.cu\/hgdan\/wp-content\/uploads\/sites\/33\/2021\/12\/1-Recepcion-1024x576-768x432.jpg 768w\" sizes=\"(max-width: 365px) 100vw, 365px\" \/> <img decoding=\"async\" loading=\"lazy\" class=\"alignnone  wp-image-2427\" src=\"http:\/\/instituciones.gtm.sld.cu\/hgdan\/wp-content\/uploads\/sites\/5\/2021\/12\/2-Pasillo.jpg\" alt=\"\" width=\"209\" height=\"209\" srcset=\"https:\/\/instituciones.gtm.sld.cu\/hgdan\/wp-content\/uploads\/sites\/33\/2021\/12\/2-Pasillo.jpg 777w, https:\/\/instituciones.gtm.sld.cu\/hgdan\/wp-content\/uploads\/sites\/33\/2021\/12\/2-Pasillo-150x150.jpg 150w, https:\/\/instituciones.gtm.sld.cu\/hgdan\/wp-content\/uploads\/sites\/33\/2021\/12\/2-Pasillo-300x300.jpg 300w, https:\/\/instituciones.gtm.sld.cu\/hgdan\/wp-content\/uploads\/sites\/33\/2021\/12\/2-Pasillo-768x767.jpg 768w\" sizes=\"(max-width: 209px) 100vw, 209px\" \/><img decoding=\"async\" loading=\"lazy\" class=\"alignnone  wp-image-2428\" src=\"http:\/\/instituciones.gtm.sld.cu\/hgdan\/wp-content\/uploads\/sites\/5\/2021\/12\/3-Habitaciones-576x1024.jpg\" alt=\"\" width=\"119\" height=\"212\" srcset=\"https:\/\/instituciones.gtm.sld.cu\/hgdan\/wp-content\/uploads\/sites\/33\/2021\/12\/3-Habitaciones-576x1024.jpg 576w, https:\/\/instituciones.gtm.sld.cu\/hgdan\/wp-content\/uploads\/sites\/33\/2021\/12\/3-Habitaciones-576x1024-169x300.jpg 169w\" sizes=\"(max-width: 119px) 100vw, 119px\" \/><\/p>\n","protected":false},"excerpt":{"rendered":"<p>La Sala de Atenci\u00f3n M\u00e9dica Internacional (AMI) del Hospital General Docente Dr. Agostinho Neto, brinda servicios m\u00e9dicos especializados y de urgencias, consultas, tratamientos, equipos de diagn\u00f3stico y salones quir\u00fargicos equipados con alta tecnolog\u00eda,\u00a0 atenci\u00f3n al paciente con c\u00e1ncer, etc. Ubicada en el 5to piso del edificio, la sala dispone de habitaciones climatizadas independientes, cama hospitalaria &hellip; <\/p>\n<p><a class=\"more-link btn\" href=\"https:\/\/instituciones.gtm.sld.cu\/hgdan\/servicios-medicos-cubanos\/\">Seguir leyendo<\/a><\/p>\n","protected":false},"author":4,"featured_media":0,"parent":0,"menu_order":0,"comment_status":"closed","ping_status":"closed","template":"template-twocolumnsleft.php","meta":{"ngg_post_thumbnail":0,"_mc_calendar":[]},"yoast_head":"<!-- This site is optimized with the Yoast SEO plugin v21.8 - https:\/\/yoast.com\/wordpress\/plugins\/seo\/ -->\n<title>Servicios M\u00e9dicos Cubanos - Hospital General Docente \u201cDr. Agostinho Neto\u201d<\/title>\n<meta name=\"robots\" content=\"index, follow, max-snippet:-1, max-image-preview:large, max-video-preview:-1\" \/>\n<link rel=\"canonical\" href=\"https:\/\/instituciones.gtm.sld.cu\/hgdan\/servicios-medicos-cubanos\/\" \/>\n<meta property=\"og:locale\" content=\"es_ES\" \/>\n<meta property=\"og:type\" content=\"article\" \/>\n<meta property=\"og:title\" content=\"Servicios M\u00e9dicos Cubanos - Hospital General Docente \u201cDr. Agostinho Neto\u201d\" \/>\n<meta property=\"og:description\" content=\"La Sala de Atenci\u00f3n M\u00e9dica Internacional (AMI) del Hospital General Docente Dr. Agostinho Neto, brinda servicios m\u00e9dicos especializados y de urgencias, consultas, tratamientos, equipos de diagn\u00f3stico y salones quir\u00fargicos equipados con alta tecnolog\u00eda,\u00a0 atenci\u00f3n al paciente con c\u00e1ncer, etc. Ubicada en el 5to piso del edificio, la sala dispone de habitaciones climatizadas independientes, cama hospitalaria &hellip; Seguir leyendo\" \/>\n<meta property=\"og:url\" content=\"https:\/\/instituciones.gtm.sld.cu\/hgdan\/servicios-medicos-cubanos\/\" \/>\n<meta property=\"og:site_name\" content=\"Hospital General Docente \u201cDr. Agostinho Neto\u201d\" \/>\n<meta property=\"article:modified_time\" content=\"2021-12-21T19:53:19+00:00\" \/>\n<meta property=\"og:image\" content=\"http:\/\/instituciones.gtm.sld.cu\/hgdan\/wp-content\/uploads\/sites\/5\/2021\/12\/7-Restaurante-1024x576.jpg\" \/>\n<meta name=\"twitter:card\" content=\"summary_large_image\" \/>\n<meta name=\"twitter:label1\" content=\"Tiempo de lectura\" \/>\n\t<meta name=\"twitter:data1\" content=\"1 minuto\" \/>\n<script type=\"application\/ld+json\" class=\"yoast-schema-graph\">{\"@context\":\"https:\/\/schema.org\",\"@graph\":[{\"@type\":\"WebPage\",\"@id\":\"https:\/\/instituciones.gtm.sld.cu\/hgdan\/servicios-medicos-cubanos\/\",\"url\":\"https:\/\/instituciones.gtm.sld.cu\/hgdan\/servicios-medicos-cubanos\/\",\"name\":\"Servicios M\u00e9dicos Cubanos - Hospital General Docente \u201cDr. Agostinho Neto\u201d\",\"isPartOf\":{\"@id\":\"https:\/\/instituciones.gtm.sld.cu\/hgdan\/#website\"},\"datePublished\":\"2019-01-17T22:11:10+00:00\",\"dateModified\":\"2021-12-21T19:53:19+00:00\",\"breadcrumb\":{\"@id\":\"https:\/\/instituciones.gtm.sld.cu\/hgdan\/servicios-medicos-cubanos\/#breadcrumb\"},\"inLanguage\":\"es\",\"potentialAction\":[{\"@type\":\"ReadAction\",\"target\":[\"https:\/\/instituciones.gtm.sld.cu\/hgdan\/servicios-medicos-cubanos\/\"]}]},{\"@type\":\"BreadcrumbList\",\"@id\":\"https:\/\/instituciones.gtm.sld.cu\/hgdan\/servicios-medicos-cubanos\/#breadcrumb\",\"itemListElement\":[{\"@type\":\"ListItem\",\"position\":1,\"name\":\"Portada\",\"item\":\"https:\/\/instituciones.gtm.sld.cu\/hgdan\/\"},{\"@type\":\"ListItem\",\"position\":2,\"name\":\"Servicios M\u00e9dicos Cubanos\"}]},{\"@type\":\"WebSite\",\"@id\":\"https:\/\/instituciones.gtm.sld.cu\/hgdan\/#website\",\"url\":\"https:\/\/instituciones.gtm.sld.cu\/hgdan\/\",\"name\":\"Hospital General Docente \u201cDr. Agostinho Neto\u201d\",\"description\":\"Hospital General Docente \u201cDr. Agostinho Neto\u201d\",\"potentialAction\":[{\"@type\":\"SearchAction\",\"target\":{\"@type\":\"EntryPoint\",\"urlTemplate\":\"https:\/\/instituciones.gtm.sld.cu\/hgdan\/?s={search_term_string}\"},\"query-input\":\"required name=search_term_string\"}],\"inLanguage\":\"es\"}]}<\/script>\n<!-- \/ Yoast SEO plugin. -->","yoast_head_json":{"title":"Servicios M\u00e9dicos Cubanos - Hospital General Docente \u201cDr. Agostinho Neto\u201d","robots":{"index":"index","follow":"follow","max-snippet":"max-snippet:-1","max-image-preview":"max-image-preview:large","max-video-preview":"max-video-preview:-1"},"canonical":"https:\/\/instituciones.gtm.sld.cu\/hgdan\/servicios-medicos-cubanos\/","og_locale":"es_ES","og_type":"article","og_title":"Servicios M\u00e9dicos Cubanos - Hospital General Docente \u201cDr. Agostinho Neto\u201d","og_description":"La Sala de Atenci\u00f3n M\u00e9dica Internacional (AMI) del Hospital General Docente Dr. Agostinho Neto, brinda servicios m\u00e9dicos especializados y de urgencias, consultas, tratamientos, equipos de diagn\u00f3stico y salones quir\u00fargicos equipados con alta tecnolog\u00eda,\u00a0 atenci\u00f3n al paciente con c\u00e1ncer, etc. Ubicada en el 5to piso del edificio, la sala dispone de habitaciones climatizadas independientes, cama hospitalaria &hellip; Seguir leyendo","og_url":"https:\/\/instituciones.gtm.sld.cu\/hgdan\/servicios-medicos-cubanos\/","og_site_name":"Hospital General Docente \u201cDr. Agostinho Neto\u201d","article_modified_time":"2021-12-21T19:53:19+00:00","og_image":[{"url":"http:\/\/instituciones.gtm.sld.cu\/hgdan\/wp-content\/uploads\/sites\/5\/2021\/12\/7-Restaurante-1024x576.jpg"}],"twitter_card":"summary_large_image","twitter_misc":{"Tiempo de lectura":"1 minuto"},"schema":{"@context":"https:\/\/schema.org","@graph":[{"@type":"WebPage","@id":"https:\/\/instituciones.gtm.sld.cu\/hgdan\/servicios-medicos-cubanos\/","url":"https:\/\/instituciones.gtm.sld.cu\/hgdan\/servicios-medicos-cubanos\/","name":"Servicios M\u00e9dicos Cubanos - Hospital General Docente \u201cDr. Agostinho Neto\u201d","isPartOf":{"@id":"https:\/\/instituciones.gtm.sld.cu\/hgdan\/#website"},"datePublished":"2019-01-17T22:11:10+00:00","dateModified":"2021-12-21T19:53:19+00:00","breadcrumb":{"@id":"https:\/\/instituciones.gtm.sld.cu\/hgdan\/servicios-medicos-cubanos\/#breadcrumb"},"inLanguage":"es","potentialAction":[{"@type":"ReadAction","target":["https:\/\/instituciones.gtm.sld.cu\/hgdan\/servicios-medicos-cubanos\/"]}]},{"@type":"BreadcrumbList","@id":"https:\/\/instituciones.gtm.sld.cu\/hgdan\/servicios-medicos-cubanos\/#breadcrumb","itemListElement":[{"@type":"ListItem","position":1,"name":"Portada","item":"https:\/\/instituciones.gtm.sld.cu\/hgdan\/"},{"@type":"ListItem","position":2,"name":"Servicios M\u00e9dicos Cubanos"}]},{"@type":"WebSite","@id":"https:\/\/instituciones.gtm.sld.cu\/hgdan\/#website","url":"https:\/\/instituciones.gtm.sld.cu\/hgdan\/","name":"Hospital General Docente \u201cDr. Agostinho Neto\u201d","description":"Hospital General Docente \u201cDr. Agostinho Neto\u201d","potentialAction":[{"@type":"SearchAction","target":{"@type":"EntryPoint","urlTemplate":"https:\/\/instituciones.gtm.sld.cu\/hgdan\/?s={search_term_string}"},"query-input":"required name=search_term_string"}],"inLanguage":"es"}]}},"_links":{"self":[{"href":"https:\/\/instituciones.gtm.sld.cu\/hgdan\/wp-json\/wp\/v2\/pages\/141"}],"collection":[{"href":"https:\/\/instituciones.gtm.sld.cu\/hgdan\/wp-json\/wp\/v2\/pages"}],"about":[{"href":"https:\/\/instituciones.gtm.sld.cu\/hgdan\/wp-json\/wp\/v2\/types\/page"}],"author":[{"embeddable":true,"href":"https:\/\/instituciones.gtm.sld.cu\/hgdan\/wp-json\/wp\/v2\/users\/4"}],"replies":[{"embeddable":true,"href":"https:\/\/instituciones.gtm.sld.cu\/hgdan\/wp-json\/wp\/v2\/comments?post=141"}],"version-history":[{"count":10,"href":"https:\/\/instituciones.gtm.sld.cu\/hgdan\/wp-json\/wp\/v2\/pages\/141\/revisions"}],"predecessor-version":[{"id":2820,"href":"https:\/\/instituciones.gtm.sld.cu\/hgdan\/wp-json\/wp\/v2\/pages\/141\/revisions\/2820"}],"wp:attachment":[{"href":"https:\/\/instituciones.gtm.sld.cu\/hgdan\/wp-json\/wp\/v2\/media?parent=141"}],"curies":[{"name":"wp","href":"https:\/\/api.w.org\/{rel}","templated":true}]}}