{"id":156,"date":"2019-01-17T22:51:35","date_gmt":"2019-01-17T22:51:35","guid":{"rendered":"http:\/\/instituciones.gtm.sld.cu\/hgdan\/?page_id=156"},"modified":"2021-12-28T11:45:21","modified_gmt":"2021-12-28T16:45:21","slug":"consultas-externas","status":"publish","type":"page","link":"https:\/\/instituciones.gtm.sld.cu\/hgdan\/consultas-externas\/","title":{"rendered":"CONSULTAS EXTERNAS"},"content":{"rendered":"\n<p>La consulta externa se&nbsp; brinda en los hospitales con el prop\u00f3sito de ofrecer una atenci\u00f3n especializada de forma ambulatoria a los casos que por su complejidad&nbsp; no se les garantice&nbsp; en los policl\u00ednicos,&nbsp; as\u00ed como en aquellos pacientes egresados que su patolog\u00eda lo requiera de forma temporal.Las Consultas Externas se encuentran organizadas a nivel hospitalario seg\u00fan cronograma siguiente:<\/p>\n\n\n\n<table id=\"tablepress-18\" class=\"tablepress tablepress-id-18\">\n<thead>\n<tr class=\"row-1\">\n\t<th class=\"column-1\">Consultas<\/th><th class=\"column-2\">Tipo de Consulta<\/th><th class=\"column-3\">D\u00edas<\/th><th class=\"column-4\">Ubicaci\u00f3n y Hora<\/th>\n<\/tr>\n<\/thead>\n<tbody class=\"row-striping row-hover\">\n<tr class=\"row-2\">\n\t<td class=\"column-1\">\u00a0  Proctolog\u00eda <\/td><td class=\"column-2\">Consulta Programada  <\/td><td class=\"column-3\">Lunes<\/td><td class=\"column-4\">2do piso<\/td>\n<\/tr>\n<tr class=\"row-3\">\n\t<td class=\"column-1\"><\/td><td class=\"column-2\">Cirug\u00eda menor <\/td><td class=\"column-3\">Martes<\/td><td class=\"column-4\">2do piso<\/td>\n<\/tr>\n<tr class=\"row-4\">\n\t<td class=\"column-1\"><\/td><td class=\"column-2\">Rectosimoidoscop\u00eda  <\/td><td class=\"column-3\">Jueves<\/td><td class=\"column-4\">2do piso<\/td>\n<\/tr>\n<tr class=\"row-5\">\n\t<td class=\"column-1\"><\/td><td class=\"column-2\">Cura<\/td><td class=\"column-3\">Viernes<\/td><td class=\"column-4\">2do piso<\/td>\n<\/tr>\n<tr class=\"row-6\">\n\t<td class=\"column-1\">        Cardiolog\u00eda<\/td><td class=\"column-2\">Consulta de reabilitaci\u00f3n cardiovascular, ecocardiograma <\/td><td class=\"column-3\">Lunes<\/td><td class=\"column-4\">2do piso<\/td>\n<\/tr>\n<tr class=\"row-7\">\n\t<td class=\"column-1\"><\/td><td class=\"column-2\">Consulta de Valvulares y Pruebas Ergom\u00e9trica <\/td><td class=\"column-3\">Martes<\/td><td class=\"column-4\">2do piso<\/td>\n<\/tr>\n<tr class=\"row-8\">\n\t<td class=\"column-1\"><\/td><td class=\"column-2\">Cardiopat\u00eda Isqu\u00e9mica, pruebas ergom\u00e9tricas y ecocardiograma <\/td><td class=\"column-3\">Mi\u00e9rcoles<\/td><td class=\"column-4\">2do piso<\/td>\n<\/tr>\n<tr class=\"row-9\">\n\t<td class=\"column-1\"><\/td><td class=\"column-2\">Consulta de arritmia marcapaso y ecocardiograma y prueba ergom\u00e9trica <\/td><td class=\"column-3\">Jueves<\/td><td class=\"column-4\">2do piso<\/td>\n<\/tr>\n<tr class=\"row-10\">\n\t<td class=\"column-1\"><\/td><td class=\"column-2\">Ecocardiograma y prueba ergom\u00e9trica<\/td><td class=\"column-3\">Viernes<\/td><td class=\"column-4\">2do piso<\/td>\n<\/tr>\n<tr class=\"row-11\">\n\t<td class=\"column-1\"><\/td><td class=\"column-2\">Embarazadas ecocardiograma<\/td><td class=\"column-3\">Martes y jueves  <\/td><td class=\"column-4\">2do piso   1:00 pm<\/td>\n<\/tr>\n<tr class=\"row-12\">\n\t<td class=\"column-1\"> Patolog\u00eda de cuello      <\/td><td class=\"column-2\">Consulta y citolog\u00eda <\/td><td class=\"column-3\">Lunes <\/td><td class=\"column-4\">2do piso<\/td>\n<\/tr>\n<tr class=\"row-13\">\n\t<td class=\"column-1\"><\/td><td class=\"column-2\">Consulta y citolog\u00eda  <\/td><td class=\"column-3\">Martes  <\/td><td class=\"column-4\">2do piso    8:00 am<\/td>\n<\/tr>\n<tr class=\"row-14\">\n\t<td class=\"column-1\"><\/td><td class=\"column-2\">Consulta de patolog\u00eda de cuello, embarazadas  adolecentes y consultas de ginecolog\u00eda pre y post operatorio <\/td><td class=\"column-3\">Martes<\/td><td class=\"column-4\">2do piso   1:00 pm<\/td>\n<\/tr>\n<tr class=\"row-15\">\n\t<td class=\"column-1\"><\/td><td class=\"column-2\">Conciliaci\u00f3n de las \u00e1reas de salud con la consulta privincial <\/td><td class=\"column-3\">Mi\u00e9rcoles<\/td><td class=\"column-4\">2do piso<\/td>\n<\/tr>\n<tr class=\"row-16\">\n\t<td class=\"column-1\"><\/td><td class=\"column-2\">Consulta y citolog\u00eda <\/td><td class=\"column-3\">Jueves<\/td><td class=\"column-4\">2do piso   8:00am<\/td>\n<\/tr>\n<tr class=\"row-17\">\n\t<td class=\"column-1\"><\/td><td class=\"column-2\">Consulta de ginecolog\u00eda pre y post operatorio<\/td><td class=\"column-3\">Jueves<\/td><td class=\"column-4\">2do piso   1:00 pm <\/td>\n<\/tr>\n<tr class=\"row-18\">\n\t<td class=\"column-1\"><\/td><td class=\"column-2\">Citolog\u00eda y Radiocirug\u00eda <\/td><td class=\"column-3\">Viernes<\/td><td class=\"column-4\">2do piso<\/td>\n<\/tr>\n<tr class=\"row-19\">\n\t<td class=\"column-1\">\u00a0  Ortopedia<\/td><td class=\"column-2\">Consulta de Ortopedia <\/td><td class=\"column-3\">Lunes a Viernes<\/td><td class=\"column-4\">2do piso    8:00am<\/td>\n<\/tr>\n<tr class=\"row-20\">\n\t<td class=\"column-1\"><\/td><td class=\"column-2\">Consulta de Cirug\u00eda <\/td><td class=\"column-3\">Lunes a Viernes <\/td><td class=\"column-4\">2do piso    1:00pm<\/td>\n<\/tr>\n<tr class=\"row-21\">\n\t<td class=\"column-1\">\u00a0  Dermatolog\u00eda <\/td><td class=\"column-2\">Consulta de Electrofulguraci\u00f3n <\/td><td class=\"column-3\">Lunes <\/td><td class=\"column-4\">2do piso    9:00am<\/td>\n<\/tr>\n<tr class=\"row-22\">\n\t<td class=\"column-1\"><\/td><td class=\"column-2\">Egresados de Dermatolog\u00eda  <\/td><td class=\"column-3\">Martes<\/td><td class=\"column-4\">2do piso    9:00am<\/td>\n<\/tr>\n<tr class=\"row-23\">\n\t<td class=\"column-1\"><\/td><td class=\"column-2\">Dermatoscop\u00eda <\/td><td class=\"column-3\">Mi\u00e9rcoles<\/td><td class=\"column-4\">2do piso    9:00am<\/td>\n<\/tr>\n<tr class=\"row-24\">\n\t<td class=\"column-1\"><\/td><td class=\"column-2\">Psoriasis<\/td><td class=\"column-3\">Jueves<\/td><td class=\"column-4\">2do piso    9:00am<\/td>\n<\/tr>\n<tr class=\"row-25\">\n\t<td class=\"column-1\"><\/td><td class=\"column-2\">Fotoda\u00f1o <\/td><td class=\"column-3\">Viernes<\/td><td class=\"column-4\">2do piso    9:00am<\/td>\n<\/tr>\n<tr class=\"row-26\">\n\t<td class=\"column-1\">\u00a0  Otorrino <\/td><td class=\"column-2\">Consulta de otorrino <\/td><td class=\"column-3\">Lunes<\/td><td class=\"column-4\">2do piso    9:00am -1:00pm<\/td>\n<\/tr>\n<tr class=\"row-27\">\n\t<td class=\"column-1\"><\/td><td class=\"column-2\">Consulta abierta de municipios pasientes que vienen por primera vez <\/td><td class=\"column-3\">Jueves<\/td><td class=\"column-4\">2do piso    9:00pm<\/td>\n<\/tr>\n<tr class=\"row-28\">\n\t<td class=\"column-1\"><\/td><td class=\"column-2\">Consulta de otorrino <\/td><td class=\"column-3\">Jueves<\/td><td class=\"column-4\">2do piso    1:00pm <\/td>\n<\/tr>\n<tr class=\"row-29\">\n\t<td class=\"column-1\"><\/td><td class=\"column-2\">Foniatria <\/td><td class=\"column-3\">Viernes<\/td><td class=\"column-4\">2do piso     9:00am<\/td>\n<\/tr>\n<tr class=\"row-30\">\n\t<td class=\"column-1\">Urolog\u00eda <\/td><td class=\"column-2\">Consulta de Biopsia de Prostata <\/td><td class=\"column-3\">Lunes<\/td><td class=\"column-4\">2do piso     9:00am <\/td>\n<\/tr>\n<tr class=\"row-31\">\n\t<td class=\"column-1\"><\/td><td class=\"column-2\">Seguimiento de pr\u00f3stata <\/td><td class=\"column-3\">Lunes<\/td><td class=\"column-4\">2do piso     1:00pm<\/td>\n<\/tr>\n<tr class=\"row-32\">\n\t<td class=\"column-1\"><\/td><td class=\"column-2\">Consulta de c\u00e1ncer de vejiga<\/td><td class=\"column-3\">Mi\u00e9rcoles<\/td><td class=\"column-4\">2do piso     9:00am<\/td>\n<\/tr>\n<tr class=\"row-33\">\n\t<td class=\"column-1\"><\/td><td class=\"column-2\">Seguimiento de C\u00e1ncer de Pr\u00f3stata <\/td><td class=\"column-3\">Mi\u00e9rcoles<\/td><td class=\"column-4\">2do piso     2:00pm <\/td>\n<\/tr>\n<tr class=\"row-34\">\n\t<td class=\"column-1\"><\/td><td class=\"column-2\">Consulta de Litiasis <\/td><td class=\"column-3\">Viernes<\/td><td class=\"column-4\">2do piso     1:00pm <\/td>\n<\/tr>\n<tr class=\"row-35\">\n\t<td class=\"column-1\">Gastroenterolog\u00eda<\/td><td class=\"column-2\">Endoscopia  <\/td><td class=\"column-3\">Lunes<\/td><td class=\"column-4\">2do piso<\/td>\n<\/tr>\n<tr class=\"row-36\">\n\t<td class=\"column-1\"><\/td><td class=\"column-2\">Urgencia<\/td><td class=\"column-3\">S\u00e1bado<\/td><td class=\"column-4\">2do piso<\/td>\n<\/tr>\n<tr class=\"row-37\">\n\t<td class=\"column-1\">Legrado Programado<\/td><td class=\"column-2\">Programado<\/td><td class=\"column-3\">Lunes a Viernes<\/td><td class=\"column-4\">2do piso     8:00am  <\/td>\n<\/tr>\n<tr class=\"row-38\">\n\t<td class=\"column-1\"><\/td><td class=\"column-2\">Urgencia<\/td><td class=\"column-3\">S\u00e1bado y domingo<\/td><td class=\"column-4\">2do piso<\/td>\n<\/tr>\n<tr class=\"row-39\">\n\t<td class=\"column-1\">Pre comisiones M\u00e9dicas<\/td><td class=\"column-2\">Otorrino, Ortopedia<\/td><td class=\"column-3\">Lunes<\/td><td class=\"column-4\">2do piso    8:00am<\/td>\n<\/tr>\n<tr class=\"row-40\">\n\t<td class=\"column-1\"><\/td><td class=\"column-2\">Medicina, Reumatolog\u00eda, Dermatolog\u00eda y Neumolog\u00eda <\/td><td class=\"column-3\">Martes<\/td><td class=\"column-4\">2do piso    8:00am <\/td>\n<\/tr>\n<tr class=\"row-41\">\n\t<td class=\"column-1\"><\/td><td class=\"column-2\">Comisi\u00f3n Medica Laboral Municipal y Povincial  <\/td><td class=\"column-3\">Martes<\/td><td class=\"column-4\">2do piso    8:00am      <\/td>\n<\/tr>\n<tr class=\"row-42\">\n\t<td class=\"column-1\"><\/td><td class=\"column-2\">Neurocirug\u00eda, Cardiolog\u00eda<\/td><td class=\"column-3\">Miercoles<\/td><td class=\"column-4\">2do piso    8:00am <\/td>\n<\/tr>\n<tr class=\"row-43\">\n\t<td class=\"column-1\"><\/td><td class=\"column-2\">Neurolog\u00eda, Nefrolog\u00eda<\/td><td class=\"column-3\">Jueves<\/td><td class=\"column-4\">2do piso    8:00am <\/td>\n<\/tr>\n<tr class=\"row-44\">\n\t<td class=\"column-1\"><\/td><td class=\"column-2\">Comisi\u00f3n M\u00e9dica Laboral Municipal y Povincial  <\/td><td class=\"column-3\">Jueves<\/td><td class=\"column-4\">2do piso    8:00am <\/td>\n<\/tr>\n<tr class=\"row-45\">\n\t<td class=\"column-1\"><\/td><td class=\"column-2\">Psiquiatr\u00eda, Enfermedades Profesionales <\/td><td class=\"column-3\">Viernes<\/td><td class=\"column-4\">2do piso    8:00am <\/td>\n<\/tr>\n<tr class=\"row-46\">\n\t<td class=\"column-1\"><\/td><td class=\"column-2\">Urolog\u00eda <\/td><td class=\"column-3\">Viernes<\/td><td class=\"column-4\">2do piso    1:00pm <\/td>\n<\/tr>\n<tr class=\"row-47\">\n\t<td class=\"column-1\"><\/td><td class=\"column-2\">Chequeo M\u00e9dico de Ferrocarril  <br \/>\n<\/td><td class=\"column-3\">3er S\u00e1bado de cada mes <\/td><td class=\"column-4\">2do piso    8:00am<\/td>\n<\/tr>\n<tr class=\"row-48\">\n\t<td class=\"column-1\"><\/td><td class=\"column-2\">Chequeo a Colaboradores <\/td><td class=\"column-3\">Viernes<\/td><td class=\"column-4\">2do piso    1:00pm <\/td>\n<\/tr>\n<tr class=\"row-49\">\n\t<td class=\"column-1\"><\/td><td class=\"column-2\">Comisi\u00f3n M\u00e9dica provincial de Seguro de Vida <\/td><td class=\"column-3\">2do Jueves<\/td><td class=\"column-4\">2do piso    1:00pm<\/td>\n<\/tr>\n<tr class=\"row-50\">\n\t<td class=\"column-1\"><\/td><td class=\"column-2\">Comisi\u00f3n M\u00e9dica provincial de Seguro de Vida<\/td><td class=\"column-3\">2do Viernes<\/td><td class=\"column-4\">2do piso    1:00pm<\/td>\n<\/tr>\n<tr class=\"row-51\">\n\t<td class=\"column-1\">Multidisciplinarias<\/td><td class=\"column-2\">Oncolog\u00eda de seguimiento <\/td><td class=\"column-3\">Lunes- jueves <\/td><td class=\"column-4\">2do piso    8:00am<\/td>\n<\/tr>\n<tr class=\"row-52\">\n\t<td class=\"column-1\"><\/td><td class=\"column-2\">Mama <\/td><td class=\"column-3\">Martes<\/td><td class=\"column-4\">2do piso<\/td>\n<\/tr>\n<tr class=\"row-53\">\n\t<td class=\"column-1\"><\/td><td class=\"column-2\">Urolog\u00eda<\/td><td class=\"column-3\">Mi\u00e9rcoles<\/td><td class=\"column-4\">2do piso    8:00am<\/td>\n<\/tr>\n<tr class=\"row-54\">\n\t<td class=\"column-1\"><\/td><td class=\"column-2\">Medicina <\/td><td class=\"column-3\">Mi\u00e9rcoles<\/td><td class=\"column-4\">2do piso    10:00am<\/td>\n<\/tr>\n<tr class=\"row-55\">\n\t<td class=\"column-1\"><\/td><td class=\"column-2\">Tiroide <\/td><td class=\"column-3\">Mi\u00e9rcoles<\/td><td class=\"column-4\">2do piso    1:00pm<\/td>\n<\/tr>\n<tr class=\"row-56\">\n\t<td class=\"column-1\"><\/td><td class=\"column-2\">Pulm\u00f3n <\/td><td class=\"column-3\">Jueves <\/td><td class=\"column-4\">2do piso     8:00am<\/td>\n<\/tr>\n<tr class=\"row-57\">\n\t<td class=\"column-1\"><\/td><td class=\"column-2\">Cabeza y Cuello <\/td><td class=\"column-3\">Jueves <\/td><td class=\"column-4\">2do piso    10:00am<\/td>\n<\/tr>\n<tr class=\"row-58\">\n\t<td class=\"column-1\"><\/td><td class=\"column-2\">Tumores perif\u00e9ricos <\/td><td class=\"column-3\">Viernes<\/td><td class=\"column-4\">2do piso     8:00am<\/td>\n<\/tr>\n<tr class=\"row-59\">\n\t<td class=\"column-1\"><\/td><td class=\"column-2\">Vias digestivas y proctolog\u00eda<\/td><td class=\"column-3\">Viernes<\/td><td class=\"column-4\">2do piso    10:00am<\/td>\n<\/tr>\n<tr class=\"row-60\">\n\t<td class=\"column-1\">\u00a0  Cirug\u00eda Menor  <\/td><td class=\"column-2\">N\u00f3dulo de mama <\/td><td class=\"column-3\">Lunes-Mi\u00e9rcoles<\/td><td class=\"column-4\">2do piso<\/td>\n<\/tr>\n<tr class=\"row-61\">\n\t<td class=\"column-1\"><\/td><td class=\"column-2\">Hernia <\/td><td class=\"column-3\">Martes \u2013 Jueves<\/td><td class=\"column-4\">2do piso<\/td>\n<\/tr>\n<tr class=\"row-62\">\n\t<td class=\"column-1\"><\/td><td class=\"column-2\">Fistula <\/td><td class=\"column-3\">Viernes<\/td><td class=\"column-4\">2do piso<\/td>\n<\/tr>\n<tr class=\"row-63\">\n\t<td class=\"column-1\"><\/td><td class=\"column-2\"><\/td><td class=\"column-3\"><\/td><td class=\"column-4\">2do piso<\/td>\n<\/tr>\n<\/tbody>\n<\/table>\n<!-- #tablepress-18 from cache -->\n","protected":false},"excerpt":{"rendered":"<p>La consulta externa se&nbsp; brinda en los hospitales con el prop\u00f3sito de ofrecer una atenci\u00f3n especializada de forma ambulatoria a los casos que por su complejidad&nbsp; no se les garantice&nbsp; en los policl\u00ednicos,&nbsp; as\u00ed como en aquellos pacientes egresados que su patolog\u00eda lo requiera de forma temporal.Las Consultas Externas se encuentran organizadas a nivel hospitalario &hellip; <\/p>\n<p><a class=\"more-link btn\" href=\"https:\/\/instituciones.gtm.sld.cu\/hgdan\/consultas-externas\/\">Seguir leyendo<\/a><\/p>\n","protected":false},"author":4,"featured_media":0,"parent":0,"menu_order":0,"comment_status":"closed","ping_status":"closed","template":"template-onecolumn.php","meta":{"ngg_post_thumbnail":0,"_mc_calendar":[]},"yoast_head":"<!-- This site is optimized with the Yoast SEO plugin v21.8 - https:\/\/yoast.com\/wordpress\/plugins\/seo\/ -->\n<title>CONSULTAS EXTERNAS - Hospital General Docente \u201cDr. Agostinho Neto\u201d<\/title>\n<meta name=\"robots\" content=\"index, follow, max-snippet:-1, max-image-preview:large, max-video-preview:-1\" \/>\n<link rel=\"canonical\" href=\"https:\/\/instituciones.gtm.sld.cu\/hgdan\/consultas-externas\/\" \/>\n<meta property=\"og:locale\" content=\"es_ES\" \/>\n<meta property=\"og:type\" content=\"article\" \/>\n<meta property=\"og:title\" content=\"CONSULTAS EXTERNAS - Hospital General Docente \u201cDr. Agostinho Neto\u201d\" \/>\n<meta property=\"og:description\" content=\"La consulta externa se&nbsp; brinda en los hospitales con el prop\u00f3sito de ofrecer una atenci\u00f3n especializada de forma ambulatoria a los casos que por su complejidad&nbsp; no se les garantice&nbsp; en los policl\u00ednicos,&nbsp; as\u00ed como en aquellos pacientes egresados que su patolog\u00eda lo requiera de forma temporal.Las Consultas Externas se encuentran organizadas a nivel hospitalario &hellip; Seguir leyendo\" \/>\n<meta property=\"og:url\" content=\"https:\/\/instituciones.gtm.sld.cu\/hgdan\/consultas-externas\/\" \/>\n<meta property=\"og:site_name\" content=\"Hospital General Docente \u201cDr. Agostinho Neto\u201d\" \/>\n<meta property=\"article:modified_time\" content=\"2021-12-28T16:45:21+00:00\" \/>\n<meta name=\"twitter:card\" content=\"summary_large_image\" \/>\n<script type=\"application\/ld+json\" class=\"yoast-schema-graph\">{\"@context\":\"https:\/\/schema.org\",\"@graph\":[{\"@type\":\"WebPage\",\"@id\":\"https:\/\/instituciones.gtm.sld.cu\/hgdan\/consultas-externas\/\",\"url\":\"https:\/\/instituciones.gtm.sld.cu\/hgdan\/consultas-externas\/\",\"name\":\"CONSULTAS EXTERNAS - Hospital General Docente \u201cDr. Agostinho Neto\u201d\",\"isPartOf\":{\"@id\":\"https:\/\/instituciones.gtm.sld.cu\/hgdan\/#website\"},\"datePublished\":\"2019-01-17T22:51:35+00:00\",\"dateModified\":\"2021-12-28T16:45:21+00:00\",\"breadcrumb\":{\"@id\":\"https:\/\/instituciones.gtm.sld.cu\/hgdan\/consultas-externas\/#breadcrumb\"},\"inLanguage\":\"es\",\"potentialAction\":[{\"@type\":\"ReadAction\",\"target\":[\"https:\/\/instituciones.gtm.sld.cu\/hgdan\/consultas-externas\/\"]}]},{\"@type\":\"BreadcrumbList\",\"@id\":\"https:\/\/instituciones.gtm.sld.cu\/hgdan\/consultas-externas\/#breadcrumb\",\"itemListElement\":[{\"@type\":\"ListItem\",\"position\":1,\"name\":\"Portada\",\"item\":\"https:\/\/instituciones.gtm.sld.cu\/hgdan\/\"},{\"@type\":\"ListItem\",\"position\":2,\"name\":\"CONSULTAS EXTERNAS\"}]},{\"@type\":\"WebSite\",\"@id\":\"https:\/\/instituciones.gtm.sld.cu\/hgdan\/#website\",\"url\":\"https:\/\/instituciones.gtm.sld.cu\/hgdan\/\",\"name\":\"Hospital General Docente \u201cDr. Agostinho Neto\u201d\",\"description\":\"Hospital General Docente \u201cDr. Agostinho Neto\u201d\",\"potentialAction\":[{\"@type\":\"SearchAction\",\"target\":{\"@type\":\"EntryPoint\",\"urlTemplate\":\"https:\/\/instituciones.gtm.sld.cu\/hgdan\/?s={search_term_string}\"},\"query-input\":\"required name=search_term_string\"}],\"inLanguage\":\"es\"}]}<\/script>\n<!-- \/ Yoast SEO plugin. -->","yoast_head_json":{"title":"CONSULTAS EXTERNAS - Hospital General Docente \u201cDr. Agostinho Neto\u201d","robots":{"index":"index","follow":"follow","max-snippet":"max-snippet:-1","max-image-preview":"max-image-preview:large","max-video-preview":"max-video-preview:-1"},"canonical":"https:\/\/instituciones.gtm.sld.cu\/hgdan\/consultas-externas\/","og_locale":"es_ES","og_type":"article","og_title":"CONSULTAS EXTERNAS - Hospital General Docente \u201cDr. Agostinho Neto\u201d","og_description":"La consulta externa se&nbsp; brinda en los hospitales con el prop\u00f3sito de ofrecer una atenci\u00f3n especializada de forma ambulatoria a los casos que por su complejidad&nbsp; no se les garantice&nbsp; en los policl\u00ednicos,&nbsp; as\u00ed como en aquellos pacientes egresados que su patolog\u00eda lo requiera de forma temporal.Las Consultas Externas se encuentran organizadas a nivel hospitalario &hellip; Seguir leyendo","og_url":"https:\/\/instituciones.gtm.sld.cu\/hgdan\/consultas-externas\/","og_site_name":"Hospital General Docente \u201cDr. Agostinho Neto\u201d","article_modified_time":"2021-12-28T16:45:21+00:00","twitter_card":"summary_large_image","schema":{"@context":"https:\/\/schema.org","@graph":[{"@type":"WebPage","@id":"https:\/\/instituciones.gtm.sld.cu\/hgdan\/consultas-externas\/","url":"https:\/\/instituciones.gtm.sld.cu\/hgdan\/consultas-externas\/","name":"CONSULTAS EXTERNAS - Hospital General Docente \u201cDr. Agostinho Neto\u201d","isPartOf":{"@id":"https:\/\/instituciones.gtm.sld.cu\/hgdan\/#website"},"datePublished":"2019-01-17T22:51:35+00:00","dateModified":"2021-12-28T16:45:21+00:00","breadcrumb":{"@id":"https:\/\/instituciones.gtm.sld.cu\/hgdan\/consultas-externas\/#breadcrumb"},"inLanguage":"es","potentialAction":[{"@type":"ReadAction","target":["https:\/\/instituciones.gtm.sld.cu\/hgdan\/consultas-externas\/"]}]},{"@type":"BreadcrumbList","@id":"https:\/\/instituciones.gtm.sld.cu\/hgdan\/consultas-externas\/#breadcrumb","itemListElement":[{"@type":"ListItem","position":1,"name":"Portada","item":"https:\/\/instituciones.gtm.sld.cu\/hgdan\/"},{"@type":"ListItem","position":2,"name":"CONSULTAS EXTERNAS"}]},{"@type":"WebSite","@id":"https:\/\/instituciones.gtm.sld.cu\/hgdan\/#website","url":"https:\/\/instituciones.gtm.sld.cu\/hgdan\/","name":"Hospital General Docente \u201cDr. Agostinho Neto\u201d","description":"Hospital General Docente \u201cDr. Agostinho Neto\u201d","potentialAction":[{"@type":"SearchAction","target":{"@type":"EntryPoint","urlTemplate":"https:\/\/instituciones.gtm.sld.cu\/hgdan\/?s={search_term_string}"},"query-input":"required name=search_term_string"}],"inLanguage":"es"}]}},"_links":{"self":[{"href":"https:\/\/instituciones.gtm.sld.cu\/hgdan\/wp-json\/wp\/v2\/pages\/156"}],"collection":[{"href":"https:\/\/instituciones.gtm.sld.cu\/hgdan\/wp-json\/wp\/v2\/pages"}],"about":[{"href":"https:\/\/instituciones.gtm.sld.cu\/hgdan\/wp-json\/wp\/v2\/types\/page"}],"author":[{"embeddable":true,"href":"https:\/\/instituciones.gtm.sld.cu\/hgdan\/wp-json\/wp\/v2\/users\/4"}],"replies":[{"embeddable":true,"href":"https:\/\/instituciones.gtm.sld.cu\/hgdan\/wp-json\/wp\/v2\/comments?post=156"}],"version-history":[{"count":20,"href":"https:\/\/instituciones.gtm.sld.cu\/hgdan\/wp-json\/wp\/v2\/pages\/156\/revisions"}],"predecessor-version":[{"id":2957,"href":"https:\/\/instituciones.gtm.sld.cu\/hgdan\/wp-json\/wp\/v2\/pages\/156\/revisions\/2957"}],"wp:attachment":[{"href":"https:\/\/instituciones.gtm.sld.cu\/hgdan\/wp-json\/wp\/v2\/media?parent=156"}],"curies":[{"name":"wp","href":"https:\/\/api.w.org\/{rel}","templated":true}]}}