{"id":159,"date":"2019-01-17T23:06:53","date_gmt":"2019-01-17T23:06:53","guid":{"rendered":"http:\/\/instituciones.gtm.sld.cu\/hgdan\/?page_id=159"},"modified":"2019-01-17T23:09:47","modified_gmt":"2019-01-17T23:09:47","slug":"para-los-pacientes","status":"publish","type":"page","link":"https:\/\/instituciones.gtm.sld.cu\/hgdan\/para-los-pacientes\/","title":{"rendered":"PACIENTES"},"content":{"rendered":"<p>En esta p\u00e1gina usted puede encontrar informaciones de inter\u00e9s sobre temas de salud.<\/p>\n<p><img decoding=\"async\" loading=\"lazy\" class=\"\" src=\"http:\/\/www.hospitalameijeiras.sld.cu\/site_web\/sites\/all\/images\/todas\/2015\/DCP_2842.jpg\" alt=\"\" height=\"179\" width=\"269\"><\/p>\n<ul>\n<li>Atenci\u00f3n a la poblaci\u00f3n<\/li>\n<li>Educaci\u00f3n para la salud<\/li>\n<li>Consulta m\u00e9dica<\/li>\n<\/ul>\n<p><strong>Otros sitios de inter\u00e9s<\/strong><\/p>\n<ul>\n<li><a href=\"http:\/\/es.familydoctor.org\/familydoctor\/es.html\" target=\"_blank\" rel=\"noopener\">Educaci\u00f3n sobre la salud<\/a><\/li>\n<li><a href=\"http:\/\/www.nlm.nih.gov\/medlineplus\/spanish\/encyclopedia.html\" target=\"_blank\" rel=\"noopener\">Enciclopedia m\u00e9dica<\/a><\/li>\n<\/ul>\n","protected":false},"excerpt":{"rendered":"<p>En esta p\u00e1gina usted puede encontrar informaciones de inter\u00e9s sobre temas de salud. Atenci\u00f3n a la poblaci\u00f3n Educaci\u00f3n para la salud Consulta m\u00e9dica Otros sitios de inter\u00e9s Educaci\u00f3n sobre la salud Enciclopedia m\u00e9dica<\/p>\n","protected":false},"author":4,"featured_media":0,"parent":0,"menu_order":0,"comment_status":"closed","ping_status":"closed","template":"","meta":{"ngg_post_thumbnail":0,"_mc_calendar":[]},"yoast_head":"<!-- This site is optimized with the Yoast SEO plugin v21.8 - https:\/\/yoast.com\/wordpress\/plugins\/seo\/ -->\n<title>PACIENTES - Hospital General Docente \u201cDr. Agostinho Neto\u201d<\/title>\n<meta name=\"robots\" content=\"index, follow, max-snippet:-1, max-image-preview:large, max-video-preview:-1\" \/>\n<link rel=\"canonical\" href=\"https:\/\/instituciones.gtm.sld.cu\/hgdan\/para-los-pacientes\/\" \/>\n<meta property=\"og:locale\" content=\"es_ES\" \/>\n<meta property=\"og:type\" content=\"article\" \/>\n<meta property=\"og:title\" content=\"PACIENTES - Hospital General Docente \u201cDr. Agostinho Neto\u201d\" \/>\n<meta property=\"og:description\" content=\"En esta p\u00e1gina usted puede encontrar informaciones de inter\u00e9s sobre temas de salud. Atenci\u00f3n a la poblaci\u00f3n Educaci\u00f3n para la salud Consulta m\u00e9dica Otros sitios de inter\u00e9s Educaci\u00f3n sobre la salud Enciclopedia m\u00e9dica\" \/>\n<meta property=\"og:url\" content=\"https:\/\/instituciones.gtm.sld.cu\/hgdan\/para-los-pacientes\/\" \/>\n<meta property=\"og:site_name\" content=\"Hospital General Docente \u201cDr. Agostinho Neto\u201d\" \/>\n<meta property=\"article:modified_time\" content=\"2019-01-17T23:09:47+00:00\" \/>\n<meta property=\"og:image\" content=\"http:\/\/www.hospitalameijeiras.sld.cu\/site_web\/sites\/all\/images\/todas\/2015\/DCP_2842.jpg\" \/>\n<meta name=\"twitter:card\" content=\"summary_large_image\" \/>\n<script type=\"application\/ld+json\" class=\"yoast-schema-graph\">{\"@context\":\"https:\/\/schema.org\",\"@graph\":[{\"@type\":\"WebPage\",\"@id\":\"https:\/\/instituciones.gtm.sld.cu\/hgdan\/para-los-pacientes\/\",\"url\":\"https:\/\/instituciones.gtm.sld.cu\/hgdan\/para-los-pacientes\/\",\"name\":\"PACIENTES - Hospital General Docente \u201cDr. Agostinho Neto\u201d\",\"isPartOf\":{\"@id\":\"https:\/\/instituciones.gtm.sld.cu\/hgdan\/#website\"},\"datePublished\":\"2019-01-17T23:06:53+00:00\",\"dateModified\":\"2019-01-17T23:09:47+00:00\",\"breadcrumb\":{\"@id\":\"https:\/\/instituciones.gtm.sld.cu\/hgdan\/para-los-pacientes\/#breadcrumb\"},\"inLanguage\":\"es\",\"potentialAction\":[{\"@type\":\"ReadAction\",\"target\":[\"https:\/\/instituciones.gtm.sld.cu\/hgdan\/para-los-pacientes\/\"]}]},{\"@type\":\"BreadcrumbList\",\"@id\":\"https:\/\/instituciones.gtm.sld.cu\/hgdan\/para-los-pacientes\/#breadcrumb\",\"itemListElement\":[{\"@type\":\"ListItem\",\"position\":1,\"name\":\"Portada\",\"item\":\"https:\/\/instituciones.gtm.sld.cu\/hgdan\/\"},{\"@type\":\"ListItem\",\"position\":2,\"name\":\"PACIENTES\"}]},{\"@type\":\"WebSite\",\"@id\":\"https:\/\/instituciones.gtm.sld.cu\/hgdan\/#website\",\"url\":\"https:\/\/instituciones.gtm.sld.cu\/hgdan\/\",\"name\":\"Hospital General Docente \u201cDr. Agostinho Neto\u201d\",\"description\":\"Hospital General Docente \u201cDr. Agostinho Neto\u201d\",\"potentialAction\":[{\"@type\":\"SearchAction\",\"target\":{\"@type\":\"EntryPoint\",\"urlTemplate\":\"https:\/\/instituciones.gtm.sld.cu\/hgdan\/?s={search_term_string}\"},\"query-input\":\"required name=search_term_string\"}],\"inLanguage\":\"es\"}]}<\/script>\n<!-- \/ Yoast SEO plugin. -->","yoast_head_json":{"title":"PACIENTES - Hospital General Docente \u201cDr. Agostinho Neto\u201d","robots":{"index":"index","follow":"follow","max-snippet":"max-snippet:-1","max-image-preview":"max-image-preview:large","max-video-preview":"max-video-preview:-1"},"canonical":"https:\/\/instituciones.gtm.sld.cu\/hgdan\/para-los-pacientes\/","og_locale":"es_ES","og_type":"article","og_title":"PACIENTES - Hospital General Docente \u201cDr. Agostinho Neto\u201d","og_description":"En esta p\u00e1gina usted puede encontrar informaciones de inter\u00e9s sobre temas de salud. Atenci\u00f3n a la poblaci\u00f3n Educaci\u00f3n para la salud Consulta m\u00e9dica Otros sitios de inter\u00e9s Educaci\u00f3n sobre la salud Enciclopedia m\u00e9dica","og_url":"https:\/\/instituciones.gtm.sld.cu\/hgdan\/para-los-pacientes\/","og_site_name":"Hospital General Docente \u201cDr. Agostinho Neto\u201d","article_modified_time":"2019-01-17T23:09:47+00:00","og_image":[{"url":"http:\/\/www.hospitalameijeiras.sld.cu\/site_web\/sites\/all\/images\/todas\/2015\/DCP_2842.jpg"}],"twitter_card":"summary_large_image","schema":{"@context":"https:\/\/schema.org","@graph":[{"@type":"WebPage","@id":"https:\/\/instituciones.gtm.sld.cu\/hgdan\/para-los-pacientes\/","url":"https:\/\/instituciones.gtm.sld.cu\/hgdan\/para-los-pacientes\/","name":"PACIENTES - Hospital General Docente \u201cDr. Agostinho Neto\u201d","isPartOf":{"@id":"https:\/\/instituciones.gtm.sld.cu\/hgdan\/#website"},"datePublished":"2019-01-17T23:06:53+00:00","dateModified":"2019-01-17T23:09:47+00:00","breadcrumb":{"@id":"https:\/\/instituciones.gtm.sld.cu\/hgdan\/para-los-pacientes\/#breadcrumb"},"inLanguage":"es","potentialAction":[{"@type":"ReadAction","target":["https:\/\/instituciones.gtm.sld.cu\/hgdan\/para-los-pacientes\/"]}]},{"@type":"BreadcrumbList","@id":"https:\/\/instituciones.gtm.sld.cu\/hgdan\/para-los-pacientes\/#breadcrumb","itemListElement":[{"@type":"ListItem","position":1,"name":"Portada","item":"https:\/\/instituciones.gtm.sld.cu\/hgdan\/"},{"@type":"ListItem","position":2,"name":"PACIENTES"}]},{"@type":"WebSite","@id":"https:\/\/instituciones.gtm.sld.cu\/hgdan\/#website","url":"https:\/\/instituciones.gtm.sld.cu\/hgdan\/","name":"Hospital General Docente \u201cDr. Agostinho Neto\u201d","description":"Hospital General Docente \u201cDr. Agostinho Neto\u201d","potentialAction":[{"@type":"SearchAction","target":{"@type":"EntryPoint","urlTemplate":"https:\/\/instituciones.gtm.sld.cu\/hgdan\/?s={search_term_string}"},"query-input":"required name=search_term_string"}],"inLanguage":"es"}]}},"_links":{"self":[{"href":"https:\/\/instituciones.gtm.sld.cu\/hgdan\/wp-json\/wp\/v2\/pages\/159"}],"collection":[{"href":"https:\/\/instituciones.gtm.sld.cu\/hgdan\/wp-json\/wp\/v2\/pages"}],"about":[{"href":"https:\/\/instituciones.gtm.sld.cu\/hgdan\/wp-json\/wp\/v2\/types\/page"}],"author":[{"embeddable":true,"href":"https:\/\/instituciones.gtm.sld.cu\/hgdan\/wp-json\/wp\/v2\/users\/4"}],"replies":[{"embeddable":true,"href":"https:\/\/instituciones.gtm.sld.cu\/hgdan\/wp-json\/wp\/v2\/comments?post=159"}],"version-history":[{"count":0,"href":"https:\/\/instituciones.gtm.sld.cu\/hgdan\/wp-json\/wp\/v2\/pages\/159\/revisions"}],"wp:attachment":[{"href":"https:\/\/instituciones.gtm.sld.cu\/hgdan\/wp-json\/wp\/v2\/media?parent=159"}],"curies":[{"name":"wp","href":"https:\/\/api.w.org\/{rel}","templated":true}]}}