{"id":1666,"date":"2019-04-05T13:36:25","date_gmt":"2019-04-05T17:36:25","guid":{"rendered":"http:\/\/instituciones.gtm.sld.cu\/hgdan\/?page_id=1666"},"modified":"2022-04-12T11:44:17","modified_gmt":"2022-04-12T15:44:17","slug":"ujc","status":"publish","type":"page","link":"https:\/\/instituciones.gtm.sld.cu\/hgdan\/ujc\/","title":{"rendered":"UJC"},"content":{"rendered":"\n<p><img decoding=\"async\" loading=\"lazy\" class=\"size-full wp-image-1675 alignleft\" src=\"http:\/\/instituciones.gtm.sld.cu\/hgdan\/wp-content\/uploads\/sites\/33\/2019\/04\/image-1.png\" alt=\"\" width=\"165\" height=\"139\" \/>En nuestra instituci\u00f3n contamos con 14 organizaciones de base, un \u00a0Comit\u00e9 Primario de la UJC que est\u00e1 integrado por 7 miembros del Comit\u00e9 y 13 comit\u00e9 de base de trabajadores diseminados por los diferentes servicios. Contamos con 15 dobles militantes que van a la vanguardia en el trabajo de la organizaci\u00f3n, nos hemos trazado un conjunto de acciones a desarrollar en funci\u00f3n de atender a los j\u00f3venes militantes y los del Universo Juvenil de la instituci\u00f3n, estamos realizando un trabajo pol\u00edtico e ideol\u00f3gico en la organizaci\u00f3n bajo un sistema de influencias pol\u00edtico y organizativos encaminado a la profundizaci\u00f3n de la conciencia pol\u00edtica, la formaci\u00f3n de las aptitudes y conductas de los j\u00f3venes, para dar cumplimiento a la misi\u00f3n de la UJC desde los C\/B, que se concreta a trav\u00e9s de la actuaci\u00f3n de militantes y j\u00f3venes en cada servicio o Departamento, logrando el compromiso con el estudio, el trabajo, la defensa de la Patria y los m\u00e1s altos valores del Socialismo, en correspondencia con la ideolog\u00eda de la Revoluci\u00f3n Cubana.<\/p>\n","protected":false},"excerpt":{"rendered":"<p>En nuestra instituci\u00f3n contamos con 14 organizaciones de base, un \u00a0Comit\u00e9 Primario de la UJC que est\u00e1 integrado por 7 miembros del Comit\u00e9 y 13 comit\u00e9 de base de trabajadores diseminados por los diferentes servicios. Contamos con 15 dobles militantes que van a la vanguardia en el trabajo de la organizaci\u00f3n, nos hemos trazado un &hellip; <\/p>\n<p><a class=\"more-link btn\" href=\"https:\/\/instituciones.gtm.sld.cu\/hgdan\/ujc\/\">Seguir leyendo<\/a><\/p>\n","protected":false},"author":4,"featured_media":0,"parent":0,"menu_order":0,"comment_status":"closed","ping_status":"closed","template":"","meta":{"ngg_post_thumbnail":0,"_mc_calendar":[]},"yoast_head":"<!-- This site is optimized with the Yoast SEO plugin v21.8 - https:\/\/yoast.com\/wordpress\/plugins\/seo\/ -->\n<title>UJC - Hospital General Docente \u201cDr. Agostinho Neto\u201d<\/title>\n<meta name=\"robots\" content=\"index, follow, max-snippet:-1, max-image-preview:large, max-video-preview:-1\" \/>\n<link rel=\"canonical\" href=\"https:\/\/instituciones.gtm.sld.cu\/hgdan\/ujc\/\" \/>\n<meta property=\"og:locale\" content=\"es_ES\" \/>\n<meta property=\"og:type\" content=\"article\" \/>\n<meta property=\"og:title\" content=\"UJC - Hospital General Docente \u201cDr. Agostinho Neto\u201d\" \/>\n<meta property=\"og:description\" content=\"En nuestra instituci\u00f3n contamos con 14 organizaciones de base, un \u00a0Comit\u00e9 Primario de la UJC que est\u00e1 integrado por 7 miembros del Comit\u00e9 y 13 comit\u00e9 de base de trabajadores diseminados por los diferentes servicios. Contamos con 15 dobles militantes que van a la vanguardia en el trabajo de la organizaci\u00f3n, nos hemos trazado un &hellip; Seguir leyendo\" \/>\n<meta property=\"og:url\" content=\"https:\/\/instituciones.gtm.sld.cu\/hgdan\/ujc\/\" \/>\n<meta property=\"og:site_name\" content=\"Hospital General Docente \u201cDr. Agostinho Neto\u201d\" \/>\n<meta property=\"article:modified_time\" content=\"2022-04-12T15:44:17+00:00\" \/>\n<meta property=\"og:image\" content=\"http:\/\/instituciones.gtm.sld.cu\/hgdan\/wp-content\/uploads\/sites\/33\/2019\/04\/image-1.png\" \/>\n<meta name=\"twitter:card\" content=\"summary_large_image\" \/>\n<meta name=\"twitter:label1\" content=\"Tiempo de lectura\" \/>\n\t<meta name=\"twitter:data1\" content=\"1 minuto\" \/>\n<script type=\"application\/ld+json\" class=\"yoast-schema-graph\">{\"@context\":\"https:\/\/schema.org\",\"@graph\":[{\"@type\":\"WebPage\",\"@id\":\"https:\/\/instituciones.gtm.sld.cu\/hgdan\/ujc\/\",\"url\":\"https:\/\/instituciones.gtm.sld.cu\/hgdan\/ujc\/\",\"name\":\"UJC - Hospital General Docente \u201cDr. Agostinho Neto\u201d\",\"isPartOf\":{\"@id\":\"https:\/\/instituciones.gtm.sld.cu\/hgdan\/#website\"},\"datePublished\":\"2019-04-05T17:36:25+00:00\",\"dateModified\":\"2022-04-12T15:44:17+00:00\",\"breadcrumb\":{\"@id\":\"https:\/\/instituciones.gtm.sld.cu\/hgdan\/ujc\/#breadcrumb\"},\"inLanguage\":\"es\",\"potentialAction\":[{\"@type\":\"ReadAction\",\"target\":[\"https:\/\/instituciones.gtm.sld.cu\/hgdan\/ujc\/\"]}]},{\"@type\":\"BreadcrumbList\",\"@id\":\"https:\/\/instituciones.gtm.sld.cu\/hgdan\/ujc\/#breadcrumb\",\"itemListElement\":[{\"@type\":\"ListItem\",\"position\":1,\"name\":\"Portada\",\"item\":\"https:\/\/instituciones.gtm.sld.cu\/hgdan\/\"},{\"@type\":\"ListItem\",\"position\":2,\"name\":\"UJC\"}]},{\"@type\":\"WebSite\",\"@id\":\"https:\/\/instituciones.gtm.sld.cu\/hgdan\/#website\",\"url\":\"https:\/\/instituciones.gtm.sld.cu\/hgdan\/\",\"name\":\"Hospital General Docente \u201cDr. Agostinho Neto\u201d\",\"description\":\"Hospital General Docente \u201cDr. Agostinho Neto\u201d\",\"potentialAction\":[{\"@type\":\"SearchAction\",\"target\":{\"@type\":\"EntryPoint\",\"urlTemplate\":\"https:\/\/instituciones.gtm.sld.cu\/hgdan\/?s={search_term_string}\"},\"query-input\":\"required name=search_term_string\"}],\"inLanguage\":\"es\"}]}<\/script>\n<!-- \/ Yoast SEO plugin. -->","yoast_head_json":{"title":"UJC - Hospital General Docente \u201cDr. Agostinho Neto\u201d","robots":{"index":"index","follow":"follow","max-snippet":"max-snippet:-1","max-image-preview":"max-image-preview:large","max-video-preview":"max-video-preview:-1"},"canonical":"https:\/\/instituciones.gtm.sld.cu\/hgdan\/ujc\/","og_locale":"es_ES","og_type":"article","og_title":"UJC - Hospital General Docente \u201cDr. Agostinho Neto\u201d","og_description":"En nuestra instituci\u00f3n contamos con 14 organizaciones de base, un \u00a0Comit\u00e9 Primario de la UJC que est\u00e1 integrado por 7 miembros del Comit\u00e9 y 13 comit\u00e9 de base de trabajadores diseminados por los diferentes servicios. Contamos con 15 dobles militantes que van a la vanguardia en el trabajo de la organizaci\u00f3n, nos hemos trazado un &hellip; Seguir leyendo","og_url":"https:\/\/instituciones.gtm.sld.cu\/hgdan\/ujc\/","og_site_name":"Hospital General Docente \u201cDr. Agostinho Neto\u201d","article_modified_time":"2022-04-12T15:44:17+00:00","og_image":[{"url":"http:\/\/instituciones.gtm.sld.cu\/hgdan\/wp-content\/uploads\/sites\/33\/2019\/04\/image-1.png"}],"twitter_card":"summary_large_image","twitter_misc":{"Tiempo de lectura":"1 minuto"},"schema":{"@context":"https:\/\/schema.org","@graph":[{"@type":"WebPage","@id":"https:\/\/instituciones.gtm.sld.cu\/hgdan\/ujc\/","url":"https:\/\/instituciones.gtm.sld.cu\/hgdan\/ujc\/","name":"UJC - Hospital General Docente \u201cDr. Agostinho Neto\u201d","isPartOf":{"@id":"https:\/\/instituciones.gtm.sld.cu\/hgdan\/#website"},"datePublished":"2019-04-05T17:36:25+00:00","dateModified":"2022-04-12T15:44:17+00:00","breadcrumb":{"@id":"https:\/\/instituciones.gtm.sld.cu\/hgdan\/ujc\/#breadcrumb"},"inLanguage":"es","potentialAction":[{"@type":"ReadAction","target":["https:\/\/instituciones.gtm.sld.cu\/hgdan\/ujc\/"]}]},{"@type":"BreadcrumbList","@id":"https:\/\/instituciones.gtm.sld.cu\/hgdan\/ujc\/#breadcrumb","itemListElement":[{"@type":"ListItem","position":1,"name":"Portada","item":"https:\/\/instituciones.gtm.sld.cu\/hgdan\/"},{"@type":"ListItem","position":2,"name":"UJC"}]},{"@type":"WebSite","@id":"https:\/\/instituciones.gtm.sld.cu\/hgdan\/#website","url":"https:\/\/instituciones.gtm.sld.cu\/hgdan\/","name":"Hospital General Docente \u201cDr. Agostinho Neto\u201d","description":"Hospital General Docente \u201cDr. Agostinho Neto\u201d","potentialAction":[{"@type":"SearchAction","target":{"@type":"EntryPoint","urlTemplate":"https:\/\/instituciones.gtm.sld.cu\/hgdan\/?s={search_term_string}"},"query-input":"required name=search_term_string"}],"inLanguage":"es"}]}},"_links":{"self":[{"href":"https:\/\/instituciones.gtm.sld.cu\/hgdan\/wp-json\/wp\/v2\/pages\/1666"}],"collection":[{"href":"https:\/\/instituciones.gtm.sld.cu\/hgdan\/wp-json\/wp\/v2\/pages"}],"about":[{"href":"https:\/\/instituciones.gtm.sld.cu\/hgdan\/wp-json\/wp\/v2\/types\/page"}],"author":[{"embeddable":true,"href":"https:\/\/instituciones.gtm.sld.cu\/hgdan\/wp-json\/wp\/v2\/users\/4"}],"replies":[{"embeddable":true,"href":"https:\/\/instituciones.gtm.sld.cu\/hgdan\/wp-json\/wp\/v2\/comments?post=1666"}],"version-history":[{"count":1,"href":"https:\/\/instituciones.gtm.sld.cu\/hgdan\/wp-json\/wp\/v2\/pages\/1666\/revisions"}],"predecessor-version":[{"id":3262,"href":"https:\/\/instituciones.gtm.sld.cu\/hgdan\/wp-json\/wp\/v2\/pages\/1666\/revisions\/3262"}],"wp:attachment":[{"href":"https:\/\/instituciones.gtm.sld.cu\/hgdan\/wp-json\/wp\/v2\/media?parent=1666"}],"curies":[{"name":"wp","href":"https:\/\/api.w.org\/{rel}","templated":true}]}}