{"id":1689,"date":"2019-04-05T16:36:36","date_gmt":"2019-04-05T20:36:36","guid":{"rendered":"http:\/\/instituciones.gtm.sld.cu\/hgdan\/?page_id=1689"},"modified":"2019-04-05T17:01:46","modified_gmt":"2019-04-05T21:01:46","slug":"biblioteca-hgdan","status":"publish","type":"page","link":"https:\/\/instituciones.gtm.sld.cu\/hgdan\/biblioteca-hgdan\/","title":{"rendered":"Biblioteca HGDAN"},"content":{"rendered":"\n<p> Las  bibliotecas m\u00e9dicas especializadas son necesarias en el proceso del  desarrollo del conocimiento cient\u00edfico t\u00e9cnico de los usuarios del  sector de la medicina. En Cuba la Biblioteca M\u00e9dica Nacional (BMN) unido  a Infomed han logrado desarrollarse y servir de paradigma a las  restantes bibliotecas de la red. <br>La  biblioteca del Hospital General Docenre Dr.Agostinho Neto es una  biblioteca&nbsp; especializada con funciones docentes, es el espacio donde  profesores y&nbsp; residentes (alumnos) gestionan la informaci\u00f3n y el  conocimiento, donde se fusiona de manera interactiva el conocimiento que  el profesor transmite y que el alumno de manera independiente debe  profundizar para apropiarse del saber.  <\/p>\n\n\n\n<p><strong>Misi\u00f3n: <\/strong>Garantizar el aprendizaje continuo y la gesti\u00f3n de conocimiento\u00a0 en funci\u00f3n de la calidad de la docencia la asistencia, la investigaci\u00f3n y gerencia en salud.<\/p>\n\n\n\n<p><strong>Visi\u00f3n:<\/strong>Convertir la biblioteca l\u00edder para el desarrollo de la informaci\u00f3n cient\u00edfica medica brindando a los profesionales y t\u00e9cnicos de la salud servicios informativos de excelencia<\/p>\n\n\n\n<p><\/p>\n\n\n\n<p><strong>Prestamos los siguientes servicios.<\/strong><\/p>\n\n\n\n<p>Pr\u00e9stamos en sala.<\/p>\n\n\n\n<p>B\u00fasquedas automatizadas&nbsp; <\/p>\n\n\n\n<p>Asesor\u00eda en la redacci\u00f3n de trabajos cient\u00edficos.<\/p>\n\n\n\n<p>Extensi\u00f3n bibliotecaria (Charlas educativas, apoyo&nbsp; al proyecto de ALFIN y proyecto de\nITS\/VIH\/Sida.<\/p>\n\n\n\n<p>Pr\u00e9stamo circulante restringido.<\/p>\n\n\n\n<p>Pr\u00e9stamo interbibliotecario<strong>.<\/strong><\/p>\n\n\n\n<p>Servicio de referencia tradicional y virtual<\/p>\n\n\n\n<p>B\u00fasquedas bibliogr\u00e1ficas en dabases de datos <\/p>\n\n\n\n<p>Copia de documentos en formato no impreso .<\/p>\n\n\n\n<p>Diseminaci\u00f3n selectiva de la informaci\u00f3n.(DSI)<\/p>\n\n\n\n<p>Catalogaci\u00f3n, Clasificaci\u00f3n, Indizaci\u00f3n de\ndocumentos.<\/p>\n\n\n\n<p>Preparaci\u00f3n y desarrollo de seminarios para la\nformaci\u00f3n de usuarios.<\/p>\n\n\n\n<p>Organizaci\u00f3n de referencias bibliogr\u00e1ficas.( Norma Vancouver).<\/p>\n\n\n\n<p><strong>Punto de presencia( Laboratorio) <\/strong>  Horario Lunes \u2013Viernes&nbsp;&nbsp; 8.00 am &#8211; 8:00 pm  <\/p>\n\n\n\n<p>Donde se realizan actividades como :&nbsp; B\u00fasquedas Bibliogr\u00e1ficas (uso de las bases de datos, infomed), realizaci\u00f3n de trabajos, otras actividades dentro de la actividad docente.<\/p>\n","protected":false},"excerpt":{"rendered":"<p>Las bibliotecas m\u00e9dicas especializadas son necesarias en el proceso del desarrollo del conocimiento cient\u00edfico t\u00e9cnico de los usuarios del sector de la medicina. En Cuba la Biblioteca M\u00e9dica Nacional (BMN) unido a Infomed han logrado desarrollarse y servir de paradigma a las restantes bibliotecas de la red. La biblioteca del Hospital General Docenre Dr.Agostinho Neto &hellip; <\/p>\n<p><a class=\"more-link btn\" href=\"https:\/\/instituciones.gtm.sld.cu\/hgdan\/biblioteca-hgdan\/\">Seguir leyendo<\/a><\/p>\n","protected":false},"author":4,"featured_media":0,"parent":0,"menu_order":0,"comment_status":"closed","ping_status":"closed","template":"","meta":{"ngg_post_thumbnail":0,"_mc_calendar":[]},"yoast_head":"<!-- This site is optimized with the Yoast SEO plugin v21.8 - https:\/\/yoast.com\/wordpress\/plugins\/seo\/ -->\n<title>Biblioteca HGDAN - Hospital General Docente \u201cDr. Agostinho Neto\u201d<\/title>\n<meta name=\"robots\" content=\"index, follow, max-snippet:-1, max-image-preview:large, max-video-preview:-1\" \/>\n<link rel=\"canonical\" href=\"https:\/\/instituciones.gtm.sld.cu\/hgdan\/biblioteca-hgdan\/\" \/>\n<meta property=\"og:locale\" content=\"es_ES\" \/>\n<meta property=\"og:type\" content=\"article\" \/>\n<meta property=\"og:title\" content=\"Biblioteca HGDAN - Hospital General Docente \u201cDr. Agostinho Neto\u201d\" \/>\n<meta property=\"og:description\" content=\"Las bibliotecas m\u00e9dicas especializadas son necesarias en el proceso del desarrollo del conocimiento cient\u00edfico t\u00e9cnico de los usuarios del sector de la medicina. En Cuba la Biblioteca M\u00e9dica Nacional (BMN) unido a Infomed han logrado desarrollarse y servir de paradigma a las restantes bibliotecas de la red. La biblioteca del Hospital General Docenre Dr.Agostinho Neto &hellip; Seguir leyendo\" \/>\n<meta property=\"og:url\" content=\"https:\/\/instituciones.gtm.sld.cu\/hgdan\/biblioteca-hgdan\/\" \/>\n<meta property=\"og:site_name\" content=\"Hospital General Docente \u201cDr. Agostinho Neto\u201d\" \/>\n<meta property=\"article:modified_time\" content=\"2019-04-05T21:01:46+00:00\" \/>\n<meta name=\"twitter:card\" content=\"summary_large_image\" \/>\n<meta name=\"twitter:label1\" content=\"Tiempo de lectura\" \/>\n\t<meta name=\"twitter:data1\" content=\"2 minutos\" \/>\n<script type=\"application\/ld+json\" class=\"yoast-schema-graph\">{\"@context\":\"https:\/\/schema.org\",\"@graph\":[{\"@type\":\"WebPage\",\"@id\":\"https:\/\/instituciones.gtm.sld.cu\/hgdan\/biblioteca-hgdan\/\",\"url\":\"https:\/\/instituciones.gtm.sld.cu\/hgdan\/biblioteca-hgdan\/\",\"name\":\"Biblioteca HGDAN - Hospital General Docente \u201cDr. Agostinho Neto\u201d\",\"isPartOf\":{\"@id\":\"https:\/\/instituciones.gtm.sld.cu\/hgdan\/#website\"},\"datePublished\":\"2019-04-05T20:36:36+00:00\",\"dateModified\":\"2019-04-05T21:01:46+00:00\",\"breadcrumb\":{\"@id\":\"https:\/\/instituciones.gtm.sld.cu\/hgdan\/biblioteca-hgdan\/#breadcrumb\"},\"inLanguage\":\"es\",\"potentialAction\":[{\"@type\":\"ReadAction\",\"target\":[\"https:\/\/instituciones.gtm.sld.cu\/hgdan\/biblioteca-hgdan\/\"]}]},{\"@type\":\"BreadcrumbList\",\"@id\":\"https:\/\/instituciones.gtm.sld.cu\/hgdan\/biblioteca-hgdan\/#breadcrumb\",\"itemListElement\":[{\"@type\":\"ListItem\",\"position\":1,\"name\":\"Portada\",\"item\":\"https:\/\/instituciones.gtm.sld.cu\/hgdan\/\"},{\"@type\":\"ListItem\",\"position\":2,\"name\":\"Biblioteca HGDAN\"}]},{\"@type\":\"WebSite\",\"@id\":\"https:\/\/instituciones.gtm.sld.cu\/hgdan\/#website\",\"url\":\"https:\/\/instituciones.gtm.sld.cu\/hgdan\/\",\"name\":\"Hospital General Docente \u201cDr. Agostinho Neto\u201d\",\"description\":\"Hospital General Docente \u201cDr. Agostinho Neto\u201d\",\"potentialAction\":[{\"@type\":\"SearchAction\",\"target\":{\"@type\":\"EntryPoint\",\"urlTemplate\":\"https:\/\/instituciones.gtm.sld.cu\/hgdan\/?s={search_term_string}\"},\"query-input\":\"required name=search_term_string\"}],\"inLanguage\":\"es\"}]}<\/script>\n<!-- \/ Yoast SEO plugin. -->","yoast_head_json":{"title":"Biblioteca HGDAN - Hospital General Docente \u201cDr. Agostinho Neto\u201d","robots":{"index":"index","follow":"follow","max-snippet":"max-snippet:-1","max-image-preview":"max-image-preview:large","max-video-preview":"max-video-preview:-1"},"canonical":"https:\/\/instituciones.gtm.sld.cu\/hgdan\/biblioteca-hgdan\/","og_locale":"es_ES","og_type":"article","og_title":"Biblioteca HGDAN - Hospital General Docente \u201cDr. Agostinho Neto\u201d","og_description":"Las bibliotecas m\u00e9dicas especializadas son necesarias en el proceso del desarrollo del conocimiento cient\u00edfico t\u00e9cnico de los usuarios del sector de la medicina. En Cuba la Biblioteca M\u00e9dica Nacional (BMN) unido a Infomed han logrado desarrollarse y servir de paradigma a las restantes bibliotecas de la red. La biblioteca del Hospital General Docenre Dr.Agostinho Neto &hellip; Seguir leyendo","og_url":"https:\/\/instituciones.gtm.sld.cu\/hgdan\/biblioteca-hgdan\/","og_site_name":"Hospital General Docente \u201cDr. Agostinho Neto\u201d","article_modified_time":"2019-04-05T21:01:46+00:00","twitter_card":"summary_large_image","twitter_misc":{"Tiempo de lectura":"2 minutos"},"schema":{"@context":"https:\/\/schema.org","@graph":[{"@type":"WebPage","@id":"https:\/\/instituciones.gtm.sld.cu\/hgdan\/biblioteca-hgdan\/","url":"https:\/\/instituciones.gtm.sld.cu\/hgdan\/biblioteca-hgdan\/","name":"Biblioteca HGDAN - Hospital General Docente \u201cDr. Agostinho Neto\u201d","isPartOf":{"@id":"https:\/\/instituciones.gtm.sld.cu\/hgdan\/#website"},"datePublished":"2019-04-05T20:36:36+00:00","dateModified":"2019-04-05T21:01:46+00:00","breadcrumb":{"@id":"https:\/\/instituciones.gtm.sld.cu\/hgdan\/biblioteca-hgdan\/#breadcrumb"},"inLanguage":"es","potentialAction":[{"@type":"ReadAction","target":["https:\/\/instituciones.gtm.sld.cu\/hgdan\/biblioteca-hgdan\/"]}]},{"@type":"BreadcrumbList","@id":"https:\/\/instituciones.gtm.sld.cu\/hgdan\/biblioteca-hgdan\/#breadcrumb","itemListElement":[{"@type":"ListItem","position":1,"name":"Portada","item":"https:\/\/instituciones.gtm.sld.cu\/hgdan\/"},{"@type":"ListItem","position":2,"name":"Biblioteca HGDAN"}]},{"@type":"WebSite","@id":"https:\/\/instituciones.gtm.sld.cu\/hgdan\/#website","url":"https:\/\/instituciones.gtm.sld.cu\/hgdan\/","name":"Hospital General Docente \u201cDr. Agostinho Neto\u201d","description":"Hospital General Docente \u201cDr. Agostinho Neto\u201d","potentialAction":[{"@type":"SearchAction","target":{"@type":"EntryPoint","urlTemplate":"https:\/\/instituciones.gtm.sld.cu\/hgdan\/?s={search_term_string}"},"query-input":"required name=search_term_string"}],"inLanguage":"es"}]}},"_links":{"self":[{"href":"https:\/\/instituciones.gtm.sld.cu\/hgdan\/wp-json\/wp\/v2\/pages\/1689"}],"collection":[{"href":"https:\/\/instituciones.gtm.sld.cu\/hgdan\/wp-json\/wp\/v2\/pages"}],"about":[{"href":"https:\/\/instituciones.gtm.sld.cu\/hgdan\/wp-json\/wp\/v2\/types\/page"}],"author":[{"embeddable":true,"href":"https:\/\/instituciones.gtm.sld.cu\/hgdan\/wp-json\/wp\/v2\/users\/4"}],"replies":[{"embeddable":true,"href":"https:\/\/instituciones.gtm.sld.cu\/hgdan\/wp-json\/wp\/v2\/comments?post=1689"}],"version-history":[{"count":0,"href":"https:\/\/instituciones.gtm.sld.cu\/hgdan\/wp-json\/wp\/v2\/pages\/1689\/revisions"}],"wp:attachment":[{"href":"https:\/\/instituciones.gtm.sld.cu\/hgdan\/wp-json\/wp\/v2\/media?parent=1689"}],"curies":[{"name":"wp","href":"https:\/\/api.w.org\/{rel}","templated":true}]}}