{"id":1886,"date":"2019-09-25T16:17:50","date_gmt":"2019-09-25T20:17:50","guid":{"rendered":"http:\/\/instituciones.gtm.sld.cu\/hgdan\/?page_id=1886"},"modified":"2019-09-25T16:17:51","modified_gmt":"2019-09-25T20:17:51","slug":"cuerpo-de-guardia","status":"publish","type":"page","link":"https:\/\/instituciones.gtm.sld.cu\/hgdan\/cuerpo-de-guardia\/","title":{"rendered":"Cuerpo de Guardia"},"content":{"rendered":"<p style=\"text-align: justify\">El servicio de urgencias tiene como funci\u00f3n fundamental brindar <strong>atenci\u00f3n m\u00e9dica<\/strong> al enfermo o lesionado (real o supuesto ) que acuda o sea remitido a cualquiera de los niveles establecidos sin una planificaci\u00f3n previa para la soluci\u00f3n de un problema de salud ,consider\u00e1ndose como urgencia, con la calidad requerida en el <strong>menor tiempo posible, <\/strong>con alta profesionalidad, dominio de procedimientos t\u00e9cnicos y medios diagn\u00f3sticos y terap\u00e9uticos de punta, que&nbsp; en la pr\u00e1ctica se traduce en 3 categor\u00edas, con conductas diferentes para cada uno de los 3 niveles de atenci\u00f3n seg\u00fan el c\u00f3digo internacional de colores (verde, amarillo, rojo y negro).<\/p>\n<p style=\"text-align: justify\"><strong>Ubicaci\u00f3n:<\/strong><\/p>\n<p style=\"text-align: justify\">El servicio de urgencias&nbsp; se encuentra ubicado en el 2do piso del primer bloque de la instituci\u00f3n.<\/p>\n<p style=\"text-align: justify\"><strong>Composici\u00f3n:<\/strong><\/p>\n<ul>\n<li style=\"text-align: justify\">9 Cuerpos de Guardia de especialidades cl\u00ednicas y quir\u00fargicas.<\/li>\n<li style=\"text-align: justify\">4 Cuerpos de guardia de especialidades relacionadas con los medios diagn\u00f3sticos.<\/li>\n<li style=\"text-align: justify\">1 Sala de UCIE.<\/li>\n<li style=\"text-align: justify\">1Sala de Observaciones.<\/li>\n<li style=\"text-align: justify\">1 Area de Emergencias.<\/li>\n<li style=\"text-align: justify\">2 Salones de politrauma.<\/li>\n<\/ul>\n","protected":false},"excerpt":{"rendered":"<p>El servicio de urgencias tiene como funci\u00f3n fundamental brindar atenci\u00f3n m\u00e9dica al enfermo o lesionado (real o supuesto ) que acuda o sea remitido a cualquiera de los niveles establecidos sin una planificaci\u00f3n previa para la soluci\u00f3n de un problema de salud ,consider\u00e1ndose como urgencia, con la calidad requerida en el menor tiempo posible, con &hellip; <\/p>\n<p><a class=\"more-link btn\" href=\"https:\/\/instituciones.gtm.sld.cu\/hgdan\/cuerpo-de-guardia\/\">Seguir leyendo<\/a><\/p>\n","protected":false},"author":4,"featured_media":0,"parent":0,"menu_order":0,"comment_status":"closed","ping_status":"closed","template":"","meta":{"ngg_post_thumbnail":0,"_mc_calendar":[]},"yoast_head":"<!-- This site is optimized with the Yoast SEO plugin v21.8 - https:\/\/yoast.com\/wordpress\/plugins\/seo\/ -->\n<title>Cuerpo de Guardia - Hospital General Docente \u201cDr. Agostinho Neto\u201d<\/title>\n<meta name=\"robots\" content=\"index, follow, max-snippet:-1, max-image-preview:large, max-video-preview:-1\" \/>\n<link rel=\"canonical\" href=\"https:\/\/instituciones.gtm.sld.cu\/hgdan\/cuerpo-de-guardia\/\" \/>\n<meta property=\"og:locale\" content=\"es_ES\" \/>\n<meta property=\"og:type\" content=\"article\" \/>\n<meta property=\"og:title\" content=\"Cuerpo de Guardia - Hospital General Docente \u201cDr. Agostinho Neto\u201d\" \/>\n<meta property=\"og:description\" content=\"El servicio de urgencias tiene como funci\u00f3n fundamental brindar atenci\u00f3n m\u00e9dica al enfermo o lesionado (real o supuesto ) que acuda o sea remitido a cualquiera de los niveles establecidos sin una planificaci\u00f3n previa para la soluci\u00f3n de un problema de salud ,consider\u00e1ndose como urgencia, con la calidad requerida en el menor tiempo posible, con &hellip; Seguir leyendo\" \/>\n<meta property=\"og:url\" content=\"https:\/\/instituciones.gtm.sld.cu\/hgdan\/cuerpo-de-guardia\/\" \/>\n<meta property=\"og:site_name\" content=\"Hospital General Docente \u201cDr. Agostinho Neto\u201d\" \/>\n<meta property=\"article:modified_time\" content=\"2019-09-25T20:17:51+00:00\" \/>\n<meta name=\"twitter:card\" content=\"summary_large_image\" \/>\n<meta name=\"twitter:label1\" content=\"Tiempo de lectura\" \/>\n\t<meta name=\"twitter:data1\" content=\"1 minuto\" \/>\n<script type=\"application\/ld+json\" class=\"yoast-schema-graph\">{\"@context\":\"https:\/\/schema.org\",\"@graph\":[{\"@type\":\"WebPage\",\"@id\":\"https:\/\/instituciones.gtm.sld.cu\/hgdan\/cuerpo-de-guardia\/\",\"url\":\"https:\/\/instituciones.gtm.sld.cu\/hgdan\/cuerpo-de-guardia\/\",\"name\":\"Cuerpo de Guardia - Hospital General Docente \u201cDr. Agostinho Neto\u201d\",\"isPartOf\":{\"@id\":\"https:\/\/instituciones.gtm.sld.cu\/hgdan\/#website\"},\"datePublished\":\"2019-09-25T20:17:50+00:00\",\"dateModified\":\"2019-09-25T20:17:51+00:00\",\"breadcrumb\":{\"@id\":\"https:\/\/instituciones.gtm.sld.cu\/hgdan\/cuerpo-de-guardia\/#breadcrumb\"},\"inLanguage\":\"es\",\"potentialAction\":[{\"@type\":\"ReadAction\",\"target\":[\"https:\/\/instituciones.gtm.sld.cu\/hgdan\/cuerpo-de-guardia\/\"]}]},{\"@type\":\"BreadcrumbList\",\"@id\":\"https:\/\/instituciones.gtm.sld.cu\/hgdan\/cuerpo-de-guardia\/#breadcrumb\",\"itemListElement\":[{\"@type\":\"ListItem\",\"position\":1,\"name\":\"Portada\",\"item\":\"https:\/\/instituciones.gtm.sld.cu\/hgdan\/\"},{\"@type\":\"ListItem\",\"position\":2,\"name\":\"Cuerpo de Guardia\"}]},{\"@type\":\"WebSite\",\"@id\":\"https:\/\/instituciones.gtm.sld.cu\/hgdan\/#website\",\"url\":\"https:\/\/instituciones.gtm.sld.cu\/hgdan\/\",\"name\":\"Hospital General Docente \u201cDr. Agostinho Neto\u201d\",\"description\":\"Hospital General Docente \u201cDr. Agostinho Neto\u201d\",\"potentialAction\":[{\"@type\":\"SearchAction\",\"target\":{\"@type\":\"EntryPoint\",\"urlTemplate\":\"https:\/\/instituciones.gtm.sld.cu\/hgdan\/?s={search_term_string}\"},\"query-input\":\"required name=search_term_string\"}],\"inLanguage\":\"es\"}]}<\/script>\n<!-- \/ Yoast SEO plugin. -->","yoast_head_json":{"title":"Cuerpo de Guardia - Hospital General Docente \u201cDr. Agostinho Neto\u201d","robots":{"index":"index","follow":"follow","max-snippet":"max-snippet:-1","max-image-preview":"max-image-preview:large","max-video-preview":"max-video-preview:-1"},"canonical":"https:\/\/instituciones.gtm.sld.cu\/hgdan\/cuerpo-de-guardia\/","og_locale":"es_ES","og_type":"article","og_title":"Cuerpo de Guardia - Hospital General Docente \u201cDr. Agostinho Neto\u201d","og_description":"El servicio de urgencias tiene como funci\u00f3n fundamental brindar atenci\u00f3n m\u00e9dica al enfermo o lesionado (real o supuesto ) que acuda o sea remitido a cualquiera de los niveles establecidos sin una planificaci\u00f3n previa para la soluci\u00f3n de un problema de salud ,consider\u00e1ndose como urgencia, con la calidad requerida en el menor tiempo posible, con &hellip; Seguir leyendo","og_url":"https:\/\/instituciones.gtm.sld.cu\/hgdan\/cuerpo-de-guardia\/","og_site_name":"Hospital General Docente \u201cDr. Agostinho Neto\u201d","article_modified_time":"2019-09-25T20:17:51+00:00","twitter_card":"summary_large_image","twitter_misc":{"Tiempo de lectura":"1 minuto"},"schema":{"@context":"https:\/\/schema.org","@graph":[{"@type":"WebPage","@id":"https:\/\/instituciones.gtm.sld.cu\/hgdan\/cuerpo-de-guardia\/","url":"https:\/\/instituciones.gtm.sld.cu\/hgdan\/cuerpo-de-guardia\/","name":"Cuerpo de Guardia - Hospital General Docente \u201cDr. Agostinho Neto\u201d","isPartOf":{"@id":"https:\/\/instituciones.gtm.sld.cu\/hgdan\/#website"},"datePublished":"2019-09-25T20:17:50+00:00","dateModified":"2019-09-25T20:17:51+00:00","breadcrumb":{"@id":"https:\/\/instituciones.gtm.sld.cu\/hgdan\/cuerpo-de-guardia\/#breadcrumb"},"inLanguage":"es","potentialAction":[{"@type":"ReadAction","target":["https:\/\/instituciones.gtm.sld.cu\/hgdan\/cuerpo-de-guardia\/"]}]},{"@type":"BreadcrumbList","@id":"https:\/\/instituciones.gtm.sld.cu\/hgdan\/cuerpo-de-guardia\/#breadcrumb","itemListElement":[{"@type":"ListItem","position":1,"name":"Portada","item":"https:\/\/instituciones.gtm.sld.cu\/hgdan\/"},{"@type":"ListItem","position":2,"name":"Cuerpo de Guardia"}]},{"@type":"WebSite","@id":"https:\/\/instituciones.gtm.sld.cu\/hgdan\/#website","url":"https:\/\/instituciones.gtm.sld.cu\/hgdan\/","name":"Hospital General Docente \u201cDr. Agostinho Neto\u201d","description":"Hospital General Docente \u201cDr. Agostinho Neto\u201d","potentialAction":[{"@type":"SearchAction","target":{"@type":"EntryPoint","urlTemplate":"https:\/\/instituciones.gtm.sld.cu\/hgdan\/?s={search_term_string}"},"query-input":"required name=search_term_string"}],"inLanguage":"es"}]}},"_links":{"self":[{"href":"https:\/\/instituciones.gtm.sld.cu\/hgdan\/wp-json\/wp\/v2\/pages\/1886"}],"collection":[{"href":"https:\/\/instituciones.gtm.sld.cu\/hgdan\/wp-json\/wp\/v2\/pages"}],"about":[{"href":"https:\/\/instituciones.gtm.sld.cu\/hgdan\/wp-json\/wp\/v2\/types\/page"}],"author":[{"embeddable":true,"href":"https:\/\/instituciones.gtm.sld.cu\/hgdan\/wp-json\/wp\/v2\/users\/4"}],"replies":[{"embeddable":true,"href":"https:\/\/instituciones.gtm.sld.cu\/hgdan\/wp-json\/wp\/v2\/comments?post=1886"}],"version-history":[{"count":1,"href":"https:\/\/instituciones.gtm.sld.cu\/hgdan\/wp-json\/wp\/v2\/pages\/1886\/revisions"}],"predecessor-version":[{"id":1887,"href":"https:\/\/instituciones.gtm.sld.cu\/hgdan\/wp-json\/wp\/v2\/pages\/1886\/revisions\/1887"}],"wp:attachment":[{"href":"https:\/\/instituciones.gtm.sld.cu\/hgdan\/wp-json\/wp\/v2\/media?parent=1886"}],"curies":[{"name":"wp","href":"https:\/\/api.w.org\/{rel}","templated":true}]}}