{"id":197,"date":"2019-01-18T01:13:12","date_gmt":"2019-01-18T01:13:12","guid":{"rendered":"http:\/\/instituciones.gtm.sld.cu\/hgdan\/?page_id=197"},"modified":"2019-04-11T14:10:25","modified_gmt":"2019-04-11T18:10:25","slug":"consejo-cientifico","status":"publish","type":"page","link":"https:\/\/instituciones.gtm.sld.cu\/hgdan\/consejo-cientifico\/","title":{"rendered":"Consejo cient\u00edfico"},"content":{"rendered":"\n<p>\nEl\n Consejo Cient\u00edfico (CC), es un \u00f3rgano asesor de la Direcci\u00f3n del \nHospital para las Investigaciones Cient\u00edficas. Est\u00e1 integrado por un \ncolectivo de cient\u00edficos, subordinados directamente a la Direcci\u00f3n \nGeneral, que analiza y eval\u00faa la pol\u00edtica cient\u00edfica de la Instituci\u00f3n, \nanaliza temas de inter\u00e9s para el desarrollo cient\u00edfico y tecnol\u00f3gico del\n hospital y elabora recomendaciones para su aplicaci\u00f3n en el Sistema \nNacional De Salud.\n\n<\/p>\n","protected":false},"excerpt":{"rendered":"<p>El Consejo Cient\u00edfico (CC), es un \u00f3rgano asesor de la Direcci\u00f3n del Hospital para las Investigaciones Cient\u00edficas. Est\u00e1 integrado por un colectivo de cient\u00edficos, subordinados directamente a la Direcci\u00f3n General, que analiza y eval\u00faa la pol\u00edtica cient\u00edfica de la Instituci\u00f3n, analiza temas de inter\u00e9s para el desarrollo cient\u00edfico y tecnol\u00f3gico del hospital y elabora recomendaciones &hellip; <\/p>\n<p><a class=\"more-link btn\" href=\"https:\/\/instituciones.gtm.sld.cu\/hgdan\/consejo-cientifico\/\">Seguir leyendo<\/a><\/p>\n","protected":false},"author":4,"featured_media":0,"parent":0,"menu_order":0,"comment_status":"closed","ping_status":"closed","template":"","meta":{"ngg_post_thumbnail":0,"_mc_calendar":[]},"yoast_head":"<!-- This site is optimized with the Yoast SEO plugin v21.8 - https:\/\/yoast.com\/wordpress\/plugins\/seo\/ -->\n<title>Consejo cient\u00edfico - Hospital General Docente \u201cDr. Agostinho Neto\u201d<\/title>\n<meta name=\"robots\" content=\"index, follow, max-snippet:-1, max-image-preview:large, max-video-preview:-1\" \/>\n<link rel=\"canonical\" href=\"https:\/\/instituciones.gtm.sld.cu\/hgdan\/consejo-cientifico\/\" \/>\n<meta property=\"og:locale\" content=\"es_ES\" \/>\n<meta property=\"og:type\" content=\"article\" \/>\n<meta property=\"og:title\" content=\"Consejo cient\u00edfico - Hospital General Docente \u201cDr. Agostinho Neto\u201d\" \/>\n<meta property=\"og:description\" content=\"El Consejo Cient\u00edfico (CC), es un \u00f3rgano asesor de la Direcci\u00f3n del Hospital para las Investigaciones Cient\u00edficas. Est\u00e1 integrado por un colectivo de cient\u00edficos, subordinados directamente a la Direcci\u00f3n General, que analiza y eval\u00faa la pol\u00edtica cient\u00edfica de la Instituci\u00f3n, analiza temas de inter\u00e9s para el desarrollo cient\u00edfico y tecnol\u00f3gico del hospital y elabora recomendaciones &hellip; Seguir leyendo\" \/>\n<meta property=\"og:url\" content=\"https:\/\/instituciones.gtm.sld.cu\/hgdan\/consejo-cientifico\/\" \/>\n<meta property=\"og:site_name\" content=\"Hospital General Docente \u201cDr. Agostinho Neto\u201d\" \/>\n<meta property=\"article:modified_time\" content=\"2019-04-11T18:10:25+00:00\" \/>\n<meta name=\"twitter:card\" content=\"summary_large_image\" \/>\n<script type=\"application\/ld+json\" class=\"yoast-schema-graph\">{\"@context\":\"https:\/\/schema.org\",\"@graph\":[{\"@type\":\"WebPage\",\"@id\":\"https:\/\/instituciones.gtm.sld.cu\/hgdan\/consejo-cientifico\/\",\"url\":\"https:\/\/instituciones.gtm.sld.cu\/hgdan\/consejo-cientifico\/\",\"name\":\"Consejo cient\u00edfico - Hospital General Docente \u201cDr. Agostinho Neto\u201d\",\"isPartOf\":{\"@id\":\"https:\/\/instituciones.gtm.sld.cu\/hgdan\/#website\"},\"datePublished\":\"2019-01-18T01:13:12+00:00\",\"dateModified\":\"2019-04-11T18:10:25+00:00\",\"breadcrumb\":{\"@id\":\"https:\/\/instituciones.gtm.sld.cu\/hgdan\/consejo-cientifico\/#breadcrumb\"},\"inLanguage\":\"es\",\"potentialAction\":[{\"@type\":\"ReadAction\",\"target\":[\"https:\/\/instituciones.gtm.sld.cu\/hgdan\/consejo-cientifico\/\"]}]},{\"@type\":\"BreadcrumbList\",\"@id\":\"https:\/\/instituciones.gtm.sld.cu\/hgdan\/consejo-cientifico\/#breadcrumb\",\"itemListElement\":[{\"@type\":\"ListItem\",\"position\":1,\"name\":\"Portada\",\"item\":\"https:\/\/instituciones.gtm.sld.cu\/hgdan\/\"},{\"@type\":\"ListItem\",\"position\":2,\"name\":\"Consejo cient\u00edfico\"}]},{\"@type\":\"WebSite\",\"@id\":\"https:\/\/instituciones.gtm.sld.cu\/hgdan\/#website\",\"url\":\"https:\/\/instituciones.gtm.sld.cu\/hgdan\/\",\"name\":\"Hospital General Docente \u201cDr. Agostinho Neto\u201d\",\"description\":\"Hospital General Docente \u201cDr. Agostinho Neto\u201d\",\"potentialAction\":[{\"@type\":\"SearchAction\",\"target\":{\"@type\":\"EntryPoint\",\"urlTemplate\":\"https:\/\/instituciones.gtm.sld.cu\/hgdan\/?s={search_term_string}\"},\"query-input\":\"required name=search_term_string\"}],\"inLanguage\":\"es\"}]}<\/script>\n<!-- \/ Yoast SEO plugin. -->","yoast_head_json":{"title":"Consejo cient\u00edfico - Hospital General Docente \u201cDr. Agostinho Neto\u201d","robots":{"index":"index","follow":"follow","max-snippet":"max-snippet:-1","max-image-preview":"max-image-preview:large","max-video-preview":"max-video-preview:-1"},"canonical":"https:\/\/instituciones.gtm.sld.cu\/hgdan\/consejo-cientifico\/","og_locale":"es_ES","og_type":"article","og_title":"Consejo cient\u00edfico - Hospital General Docente \u201cDr. Agostinho Neto\u201d","og_description":"El Consejo Cient\u00edfico (CC), es un \u00f3rgano asesor de la Direcci\u00f3n del Hospital para las Investigaciones Cient\u00edficas. Est\u00e1 integrado por un colectivo de cient\u00edficos, subordinados directamente a la Direcci\u00f3n General, que analiza y eval\u00faa la pol\u00edtica cient\u00edfica de la Instituci\u00f3n, analiza temas de inter\u00e9s para el desarrollo cient\u00edfico y tecnol\u00f3gico del hospital y elabora recomendaciones &hellip; Seguir leyendo","og_url":"https:\/\/instituciones.gtm.sld.cu\/hgdan\/consejo-cientifico\/","og_site_name":"Hospital General Docente \u201cDr. Agostinho Neto\u201d","article_modified_time":"2019-04-11T18:10:25+00:00","twitter_card":"summary_large_image","schema":{"@context":"https:\/\/schema.org","@graph":[{"@type":"WebPage","@id":"https:\/\/instituciones.gtm.sld.cu\/hgdan\/consejo-cientifico\/","url":"https:\/\/instituciones.gtm.sld.cu\/hgdan\/consejo-cientifico\/","name":"Consejo cient\u00edfico - Hospital General Docente \u201cDr. Agostinho Neto\u201d","isPartOf":{"@id":"https:\/\/instituciones.gtm.sld.cu\/hgdan\/#website"},"datePublished":"2019-01-18T01:13:12+00:00","dateModified":"2019-04-11T18:10:25+00:00","breadcrumb":{"@id":"https:\/\/instituciones.gtm.sld.cu\/hgdan\/consejo-cientifico\/#breadcrumb"},"inLanguage":"es","potentialAction":[{"@type":"ReadAction","target":["https:\/\/instituciones.gtm.sld.cu\/hgdan\/consejo-cientifico\/"]}]},{"@type":"BreadcrumbList","@id":"https:\/\/instituciones.gtm.sld.cu\/hgdan\/consejo-cientifico\/#breadcrumb","itemListElement":[{"@type":"ListItem","position":1,"name":"Portada","item":"https:\/\/instituciones.gtm.sld.cu\/hgdan\/"},{"@type":"ListItem","position":2,"name":"Consejo cient\u00edfico"}]},{"@type":"WebSite","@id":"https:\/\/instituciones.gtm.sld.cu\/hgdan\/#website","url":"https:\/\/instituciones.gtm.sld.cu\/hgdan\/","name":"Hospital General Docente \u201cDr. Agostinho Neto\u201d","description":"Hospital General Docente \u201cDr. Agostinho Neto\u201d","potentialAction":[{"@type":"SearchAction","target":{"@type":"EntryPoint","urlTemplate":"https:\/\/instituciones.gtm.sld.cu\/hgdan\/?s={search_term_string}"},"query-input":"required name=search_term_string"}],"inLanguage":"es"}]}},"_links":{"self":[{"href":"https:\/\/instituciones.gtm.sld.cu\/hgdan\/wp-json\/wp\/v2\/pages\/197"}],"collection":[{"href":"https:\/\/instituciones.gtm.sld.cu\/hgdan\/wp-json\/wp\/v2\/pages"}],"about":[{"href":"https:\/\/instituciones.gtm.sld.cu\/hgdan\/wp-json\/wp\/v2\/types\/page"}],"author":[{"embeddable":true,"href":"https:\/\/instituciones.gtm.sld.cu\/hgdan\/wp-json\/wp\/v2\/users\/4"}],"replies":[{"embeddable":true,"href":"https:\/\/instituciones.gtm.sld.cu\/hgdan\/wp-json\/wp\/v2\/comments?post=197"}],"version-history":[{"count":0,"href":"https:\/\/instituciones.gtm.sld.cu\/hgdan\/wp-json\/wp\/v2\/pages\/197\/revisions"}],"wp:attachment":[{"href":"https:\/\/instituciones.gtm.sld.cu\/hgdan\/wp-json\/wp\/v2\/media?parent=197"}],"curies":[{"name":"wp","href":"https:\/\/api.w.org\/{rel}","templated":true}]}}