{"id":2,"date":"2019-01-11T18:49:48","date_gmt":"2019-01-11T18:49:48","guid":{"rendered":"http:\/\/instituciones.gtm.sld.cu\/hgdan\/?page_id=2"},"modified":"2019-01-17T16:57:41","modified_gmt":"2019-01-17T16:57:41","slug":"pagina-ejemplo","status":"publish","type":"page","link":"https:\/\/instituciones.gtm.sld.cu\/hgdan\/pagina-ejemplo\/","title":{"rendered":"Biograf\u00eda Agostinho Neto"},"content":{"rendered":"<p><img decoding=\"async\" loading=\"lazy\" class=\"alignnone  wp-image-116\" src=\"http:\/\/instituciones.gtm.sld.cu\/hgdan\/wp-content\/uploads\/sites\/5\/2019\/01\/neto-300x176.png\" alt=\"\" height=\"162\" width=\"276\" srcset=\"https:\/\/instituciones.gtm.sld.cu\/hgdan\/wp-content\/uploads\/sites\/33\/2019\/01\/neto-300x176.png 300w, https:\/\/instituciones.gtm.sld.cu\/hgdan\/wp-content\/uploads\/sites\/33\/2019\/01\/neto.png 500w\" sizes=\"(max-width: 276px) 100vw, 276px\" \/><\/p>\n<p style=\"margin: 0cm;margin-bottom: .0001pt;text-align: justify\"><strong><span style=\"font-family: 'Arial','sans-serif'\">Ant\u00f3nio Agostin<\/span><\/strong><strong><span style=\"font-family: 'Arial','sans-serif'\">ho Neto Kilamba<\/span><\/strong><span style=\"font-family: 'Arial','sans-serif'\"> (Icolo y Bengo, Angola, 17 de septiembre de 1922 \u2013 Mosc\u00fa, Uni\u00f3n Sovi\u00e9tica, 10 de septiembre de 1979, ) fue el primer Presidente de Angola y del Movimiento Popular de Liberaci\u00f3n de Angola.<\/span><\/p>\n<p style=\"margin: 0cm;margin-bottom: .0001pt;text-align: justify\"><span style=\"font-family: 'Arial','sans-serif'\">Neto era hijo de un p<\/span><span style=\"font-family: 'Arial','sans-serif'\">astor metodista. Estudia medicina en las Universidades de Coimbra y Lisboa. En la capital colonial portuguesa, es un habitual en los medios angole\u00f1os en el exilio. Neto forma parte de un movimiento que trata de revivir la cultura angole\u00f1a tradicional. Neto, adem\u00e1s, es autor de poemas que exaltan la cultura angole\u00f1a y participa tambi\u00e9n en diversos movimientos nacionalistas angole\u00f1os.<\/span><\/p>\n<p style=\"margin: 0cm;margin-bottom: .0001pt;text-align: justify\"><span style=\"font-family: 'Arial','sans-serif'\">Una vez finaliza sus estudios de medicina, Neto vuelve a Angola. Su oposici\u00f3n al colonialismo portugu\u00e9s y a la represi\u00f3n militar hace que sea condenado a prisi\u00f3n en 1960. Pasa dos a\u00f1os encarcelado en Cabo Verde (por entonces, parte tambi\u00e9n del Imperio colonial portugu\u00e9s), y en Portugal pero consigue escapar y se exilia a Marruecos. Desde all\u00ed dirigir\u00e1 el MPLA, movimiento anticolonialista independentista y marxista angole\u00f1o.<\/span><\/p>\n<p style=\"margin: 0cm;margin-bottom: .0001pt;text-align: justify\"><span style=\"font-family: 'Arial','sans-serif'\">La Revoluci\u00f3n de los claveles en Lisboa en 1974 acaba con el r\u00e9gimen colonial y dictatorial de Oliveira Salazar. La brutal represi\u00f3n del ej\u00e9rcito portugu\u00e9s en Angola cesa. Los militares, que han llegado al poder en Lisboa, ofrecen la independencia a la mayor parte de las colonias portuguesas. La fecha para la declaraci\u00f3n de independencia de Angola se fija para el 11 de noviembre de 1975. Las autoridades portuguesas no desean oficialmente elegir entre los grupos militares que se disputan el papel en Angola para instalarlos en el poder. Se entablan conversaciones con los tres movimientos militares m\u00e1s importantes: el FNLA, apoyado por Estados Unidos y Francia y la UNITA, que recib\u00eda, a trav\u00e9s de su jefe Jon\u00e1s Savimbi, respaldo in<\/span><span style=\"font-family: 'Arial','sans-serif'\">icial de China y despu\u00e9s de la Rep\u00fablica de Sud\u00e1frica; y el MPLA que, por su parte, contaba con el apoyo de todo el bloque sovi\u00e9tico. Neto representar\u00e1 al MPLA y firmar\u00e1 los acuerdos de Alvor el 10 de enero de 1975 conforme a los cuales se nombra un gobierno de transici\u00f3n el 31 de enero.<\/span><\/p>\n<p style=\"margin: 0cm;margin-bottom: .0001pt;text-align: justify\"><span style=\"font-family: 'Arial','sans-serif'\">El gobierno provisional se derrumba el 14 de agosto y se inicia una guerra civil. Cada una de las tres facciones controla una parte del pa\u00eds y la capital Luanda est\u00e1 en manos del MPLA. El 10 de noviembre Neto se proclama presidente de Angola. El 11, Portugal ofrece a Angola la independencia, no a un gobierno sino al <em>pueblo de Angola<\/em>. El reconocimiento internacional del r\u00e9gimen del MPLA, a pesar de no controlar inicialmente m\u00e1s que una parte del pa\u00eds es bastante r\u00e1pido. El MPLA se hace con los mandos del Estado angole\u00f1o y crea v\u00ednculos militares y econ\u00f3micos muy estrechos con la Uni\u00f3n de Rep\u00fablicas Socialistas Sovi\u00e9ticas y Cuba, lo que tendr\u00e1 como consecuencia la presencia de tropas cubanas en Angola.<\/span><span style=\"font-family: 'Arial','sans-serif'\">Gravemente enfermo, Neto es trasladado a Mosc\u00fa para ser tratado. Muere el 10 de septiembre de 1979. Jos\u00e9 Eduardo dos Santos le suceder\u00e1 como presidente del pa\u00eds y secretario general del MPLA.<\/span><\/p>\n","protected":false},"excerpt":{"rendered":"<p>Ant\u00f3nio Agostinho Neto Kilamba (Icolo y Bengo, Angola, 17 de septiembre de 1922 \u2013 Mosc\u00fa, Uni\u00f3n Sovi\u00e9tica, 10 de septiembre de 1979, ) fue el primer Presidente de Angola y del Movimiento Popular de Liberaci\u00f3n de Angola. Neto era hijo de un pastor metodista. Estudia medicina en las Universidades de Coimbra y Lisboa. En la &hellip; <\/p>\n<p><a class=\"more-link btn\" href=\"https:\/\/instituciones.gtm.sld.cu\/hgdan\/pagina-ejemplo\/\">Seguir leyendo<\/a><\/p>\n","protected":false},"author":1,"featured_media":0,"parent":0,"menu_order":0,"comment_status":"closed","ping_status":"open","template":"","meta":{"ngg_post_thumbnail":0,"_mc_calendar":[]},"yoast_head":"<!-- This site is optimized with the Yoast SEO plugin v21.8 - https:\/\/yoast.com\/wordpress\/plugins\/seo\/ -->\n<title>Biograf\u00eda Agostinho Neto - Hospital General Docente \u201cDr. Agostinho Neto\u201d<\/title>\n<meta name=\"robots\" content=\"index, follow, max-snippet:-1, max-image-preview:large, max-video-preview:-1\" \/>\n<link rel=\"canonical\" href=\"https:\/\/instituciones.gtm.sld.cu\/hgdan\/pagina-ejemplo\/\" \/>\n<meta property=\"og:locale\" content=\"es_ES\" \/>\n<meta property=\"og:type\" content=\"article\" \/>\n<meta property=\"og:title\" content=\"Biograf\u00eda Agostinho Neto - Hospital General Docente \u201cDr. Agostinho Neto\u201d\" \/>\n<meta property=\"og:description\" content=\"Ant\u00f3nio Agostinho Neto Kilamba (Icolo y Bengo, Angola, 17 de septiembre de 1922 \u2013 Mosc\u00fa, Uni\u00f3n Sovi\u00e9tica, 10 de septiembre de 1979, ) fue el primer Presidente de Angola y del Movimiento Popular de Liberaci\u00f3n de Angola. Neto era hijo de un pastor metodista. Estudia medicina en las Universidades de Coimbra y Lisboa. En la &hellip; Seguir leyendo\" \/>\n<meta property=\"og:url\" content=\"https:\/\/instituciones.gtm.sld.cu\/hgdan\/pagina-ejemplo\/\" \/>\n<meta property=\"og:site_name\" content=\"Hospital General Docente \u201cDr. Agostinho Neto\u201d\" \/>\n<meta property=\"article:modified_time\" content=\"2019-01-17T16:57:41+00:00\" \/>\n<meta property=\"og:image\" content=\"http:\/\/instituciones.gtm.sld.cu\/hgdan\/wp-content\/uploads\/sites\/5\/2019\/01\/neto-300x176.png\" \/>\n<meta name=\"twitter:card\" content=\"summary_large_image\" \/>\n<meta name=\"twitter:label1\" content=\"Tiempo de lectura\" \/>\n\t<meta name=\"twitter:data1\" content=\"3 minutos\" \/>\n<script type=\"application\/ld+json\" class=\"yoast-schema-graph\">{\"@context\":\"https:\/\/schema.org\",\"@graph\":[{\"@type\":\"WebPage\",\"@id\":\"https:\/\/instituciones.gtm.sld.cu\/hgdan\/pagina-ejemplo\/\",\"url\":\"https:\/\/instituciones.gtm.sld.cu\/hgdan\/pagina-ejemplo\/\",\"name\":\"Biograf\u00eda Agostinho Neto - Hospital General Docente \u201cDr. Agostinho Neto\u201d\",\"isPartOf\":{\"@id\":\"https:\/\/instituciones.gtm.sld.cu\/hgdan\/#website\"},\"datePublished\":\"2019-01-11T18:49:48+00:00\",\"dateModified\":\"2019-01-17T16:57:41+00:00\",\"breadcrumb\":{\"@id\":\"https:\/\/instituciones.gtm.sld.cu\/hgdan\/pagina-ejemplo\/#breadcrumb\"},\"inLanguage\":\"es\",\"potentialAction\":[{\"@type\":\"ReadAction\",\"target\":[\"https:\/\/instituciones.gtm.sld.cu\/hgdan\/pagina-ejemplo\/\"]}]},{\"@type\":\"BreadcrumbList\",\"@id\":\"https:\/\/instituciones.gtm.sld.cu\/hgdan\/pagina-ejemplo\/#breadcrumb\",\"itemListElement\":[{\"@type\":\"ListItem\",\"position\":1,\"name\":\"Portada\",\"item\":\"https:\/\/instituciones.gtm.sld.cu\/hgdan\/\"},{\"@type\":\"ListItem\",\"position\":2,\"name\":\"Biograf\u00eda Agostinho Neto\"}]},{\"@type\":\"WebSite\",\"@id\":\"https:\/\/instituciones.gtm.sld.cu\/hgdan\/#website\",\"url\":\"https:\/\/instituciones.gtm.sld.cu\/hgdan\/\",\"name\":\"Hospital General Docente \u201cDr. Agostinho Neto\u201d\",\"description\":\"Hospital General Docente \u201cDr. Agostinho Neto\u201d\",\"potentialAction\":[{\"@type\":\"SearchAction\",\"target\":{\"@type\":\"EntryPoint\",\"urlTemplate\":\"https:\/\/instituciones.gtm.sld.cu\/hgdan\/?s={search_term_string}\"},\"query-input\":\"required name=search_term_string\"}],\"inLanguage\":\"es\"}]}<\/script>\n<!-- \/ Yoast SEO plugin. -->","yoast_head_json":{"title":"Biograf\u00eda Agostinho Neto - Hospital General Docente \u201cDr. Agostinho Neto\u201d","robots":{"index":"index","follow":"follow","max-snippet":"max-snippet:-1","max-image-preview":"max-image-preview:large","max-video-preview":"max-video-preview:-1"},"canonical":"https:\/\/instituciones.gtm.sld.cu\/hgdan\/pagina-ejemplo\/","og_locale":"es_ES","og_type":"article","og_title":"Biograf\u00eda Agostinho Neto - Hospital General Docente \u201cDr. Agostinho Neto\u201d","og_description":"Ant\u00f3nio Agostinho Neto Kilamba (Icolo y Bengo, Angola, 17 de septiembre de 1922 \u2013 Mosc\u00fa, Uni\u00f3n Sovi\u00e9tica, 10 de septiembre de 1979, ) fue el primer Presidente de Angola y del Movimiento Popular de Liberaci\u00f3n de Angola. Neto era hijo de un pastor metodista. Estudia medicina en las Universidades de Coimbra y Lisboa. En la &hellip; Seguir leyendo","og_url":"https:\/\/instituciones.gtm.sld.cu\/hgdan\/pagina-ejemplo\/","og_site_name":"Hospital General Docente \u201cDr. Agostinho Neto\u201d","article_modified_time":"2019-01-17T16:57:41+00:00","og_image":[{"url":"http:\/\/instituciones.gtm.sld.cu\/hgdan\/wp-content\/uploads\/sites\/5\/2019\/01\/neto-300x176.png"}],"twitter_card":"summary_large_image","twitter_misc":{"Tiempo de lectura":"3 minutos"},"schema":{"@context":"https:\/\/schema.org","@graph":[{"@type":"WebPage","@id":"https:\/\/instituciones.gtm.sld.cu\/hgdan\/pagina-ejemplo\/","url":"https:\/\/instituciones.gtm.sld.cu\/hgdan\/pagina-ejemplo\/","name":"Biograf\u00eda Agostinho Neto - Hospital General Docente \u201cDr. Agostinho Neto\u201d","isPartOf":{"@id":"https:\/\/instituciones.gtm.sld.cu\/hgdan\/#website"},"datePublished":"2019-01-11T18:49:48+00:00","dateModified":"2019-01-17T16:57:41+00:00","breadcrumb":{"@id":"https:\/\/instituciones.gtm.sld.cu\/hgdan\/pagina-ejemplo\/#breadcrumb"},"inLanguage":"es","potentialAction":[{"@type":"ReadAction","target":["https:\/\/instituciones.gtm.sld.cu\/hgdan\/pagina-ejemplo\/"]}]},{"@type":"BreadcrumbList","@id":"https:\/\/instituciones.gtm.sld.cu\/hgdan\/pagina-ejemplo\/#breadcrumb","itemListElement":[{"@type":"ListItem","position":1,"name":"Portada","item":"https:\/\/instituciones.gtm.sld.cu\/hgdan\/"},{"@type":"ListItem","position":2,"name":"Biograf\u00eda Agostinho Neto"}]},{"@type":"WebSite","@id":"https:\/\/instituciones.gtm.sld.cu\/hgdan\/#website","url":"https:\/\/instituciones.gtm.sld.cu\/hgdan\/","name":"Hospital General Docente \u201cDr. Agostinho Neto\u201d","description":"Hospital General Docente \u201cDr. Agostinho Neto\u201d","potentialAction":[{"@type":"SearchAction","target":{"@type":"EntryPoint","urlTemplate":"https:\/\/instituciones.gtm.sld.cu\/hgdan\/?s={search_term_string}"},"query-input":"required name=search_term_string"}],"inLanguage":"es"}]}},"_links":{"self":[{"href":"https:\/\/instituciones.gtm.sld.cu\/hgdan\/wp-json\/wp\/v2\/pages\/2"}],"collection":[{"href":"https:\/\/instituciones.gtm.sld.cu\/hgdan\/wp-json\/wp\/v2\/pages"}],"about":[{"href":"https:\/\/instituciones.gtm.sld.cu\/hgdan\/wp-json\/wp\/v2\/types\/page"}],"author":[{"embeddable":true,"href":"https:\/\/instituciones.gtm.sld.cu\/hgdan\/wp-json\/wp\/v2\/users\/1"}],"replies":[{"embeddable":true,"href":"https:\/\/instituciones.gtm.sld.cu\/hgdan\/wp-json\/wp\/v2\/comments?post=2"}],"version-history":[{"count":0,"href":"https:\/\/instituciones.gtm.sld.cu\/hgdan\/wp-json\/wp\/v2\/pages\/2\/revisions"}],"wp:attachment":[{"href":"https:\/\/instituciones.gtm.sld.cu\/hgdan\/wp-json\/wp\/v2\/media?parent=2"}],"curies":[{"name":"wp","href":"https:\/\/api.w.org\/{rel}","templated":true}]}}