{"id":208,"date":"2019-01-18T01:22:05","date_gmt":"2019-01-18T01:22:05","guid":{"rendered":"http:\/\/instituciones.gtm.sld.cu\/hgdan\/?page_id=208"},"modified":"2021-12-21T13:56:21","modified_gmt":"2021-12-21T18:56:21","slug":"consejo-de-direccion","status":"publish","type":"page","link":"https:\/\/instituciones.gtm.sld.cu\/hgdan\/consejo-de-direccion\/","title":{"rendered":"Consejo de Direcci\u00f3n"},"content":{"rendered":"<p><span style=\"font-size: 12pt\"><strong>Miembros del Consejo De Direcci\u00f3n<\/strong><\/span><\/p>\n<p><span style=\"font-size: 12pt\"><strong>\u00a0<\/strong><\/span><\/p>\n\n\n<table id=\"tablepress-8\" class=\"tablepress tablepress-id-8\">\n<thead>\n<tr class=\"row-1\">\n\t<th class=\"column-1\">No.<\/th><th class=\"column-2\">NOMBRES Y APELLIDOS<\/th><th class=\"column-3\">CARGO<\/th>\n<\/tr>\n<\/thead>\n<tbody class=\"row-striping row-hover\">\n<tr class=\"row-2\">\n\t<td class=\"column-1\">1. \u00a0<\/td><td class=\"column-2\">Dr. Jos\u00e9 Alfredo Estevan Soto<\/td><td class=\"column-3\">Director<\/td>\n<\/tr>\n<tr class=\"row-3\">\n\t<td class=\"column-1\">2. \u00a0<\/td><td class=\"column-2\">Dr. Luis A. Ramirez D\u00edaz<\/td><td class=\"column-3\">Subdirector para atender los servicios quir\u00fargicos<\/td>\n<\/tr>\n<tr class=\"row-4\">\n\t<td class=\"column-1\">3. \u00a0<\/td><td class=\"column-2\">Dr. Maikel Rodr\u00edguez Cobas<\/td><td class=\"column-3\">Subdirector para atender el PAMI<\/td>\n<\/tr>\n<tr class=\"row-5\">\n\t<td class=\"column-1\">4. \u00a0<\/td><td class=\"column-2\">Dr. Rom\u00e1n Sav\u00f3n Plut\u00edn<\/td><td class=\"column-3\">Subdirector para atender los serviios cl\u00ednicos<\/td>\n<\/tr>\n<tr class=\"row-6\">\n\t<td class=\"column-1\">5. \u00a0<\/td><td class=\"column-2\">Dra. Odeili Mart\u00ednez Say\u00f9<\/td><td class=\"column-3\">Subdirectora para atender los medios Diagn\u00f3sticos<\/td>\n<\/tr>\n<tr class=\"row-7\">\n\t<td class=\"column-1\">6. \u00a0<\/td><td class=\"column-2\">Lic. Carelia Mart\u00ednez Torriente<\/td><td class=\"column-3\">Subdirector para atender la administraci\u00f3n.<\/td>\n<\/tr>\n<tr class=\"row-8\">\n\t<td class=\"column-1\">7. \u00a0<\/td><td class=\"column-2\">Dr. Jos\u00e9 Alexis \u00c1lvarez Trutie<\/td><td class=\"column-3\">Jefe CUEAG<\/td>\n<\/tr>\n<tr class=\"row-9\">\n\t<td class=\"column-1\">8.\u00a0\u00a0\u00a0 \u00a0<\/td><td class=\"column-2\">Dra. Alicia Verdec\u00eda Charad\u00e1n<\/td><td class=\"column-3\">J. Dpto Epidemiolog\u00eda Hospitalaria<\/td>\n<\/tr>\n<tr class=\"row-10\">\n\t<td class=\"column-1\">9. \u00a0<\/td><td class=\"column-2\">Dra. Idalmis Quevedo Palomo<\/td><td class=\"column-3\">Unidad Organizativa Calidad<\/td>\n<\/tr>\n<tr class=\"row-11\">\n\t<td class=\"column-1\">10. \u00a0<\/td><td class=\"column-2\">Lic. Omaida Reyna Savig\u00f1\u00f3n<\/td><td class=\"column-3\">J. Dpto Enfermer\u00eda<\/td>\n<\/tr>\n<tr class=\"row-12\">\n\t<td class=\"column-1\">11. \u00a0<\/td><td class=\"column-2\">Lic. Yurkis Moren Moreira<\/td><td class=\"column-3\">J. Dpto Registros M\u00e9dicos<\/td>\n<\/tr>\n<tr class=\"row-13\">\n\t<td class=\"column-1\">12. \u00a0<\/td><td class=\"column-2\">Dra. Yanet Blanco Robles<\/td><td class=\"column-3\">J. Dpto Docencia, Investigaci\u00f3n y Metrologo<\/td>\n<\/tr>\n<tr class=\"row-14\">\n\t<td class=\"column-1\">13. \u00a0<\/td><td class=\"column-2\">Lic. Yadira Rodr\u00edguez Fern\u00e1ndez<\/td><td class=\"column-3\">Secretaria del CD<\/td>\n<\/tr>\n<tr class=\"row-15\">\n\t<td class=\"column-1\">14. \u00a0<\/td><td class=\"column-2\">Lic. Mil\u00e9n Correa Colom\u00e9<\/td><td class=\"column-3\">J. Dpto Consulta externa<\/td>\n<\/tr>\n<tr class=\"row-16\">\n\t<td class=\"column-1\">15. \u00a0<\/td><td class=\"column-2\">Lic. Eddy Leyva Mart\u00ednez<\/td><td class=\"column-3\">J. Dpto Econ\u00f3mico<\/td>\n<\/tr>\n<tr class=\"row-17\">\n\t<td class=\"column-1\">16. \u00a0<\/td><td class=\"column-2\">Lic. Yasnay P\u00e9rez Cano<\/td><td class=\"column-3\">Secretaria Bur\u00f3 Sindical<\/td>\n<\/tr>\n<tr class=\"row-18\">\n\t<td class=\"column-1\">17. \u00a0<\/td><td class=\"column-2\">Dr. Julio Omar Ja\u00f1ez<\/td><td class=\"column-3\">Secretario Ct\u00e9 PCC<\/td>\n<\/tr>\n<\/tbody>\n<\/table>\n<!-- #tablepress-8 from cache -->\n","protected":false},"excerpt":{"rendered":"<p>Miembros del Consejo De Direcci\u00f3n \u00a0<\/p>\n","protected":false},"author":4,"featured_media":0,"parent":0,"menu_order":0,"comment_status":"closed","ping_status":"closed","template":"","meta":{"ngg_post_thumbnail":0,"_mc_calendar":[]},"yoast_head":"<!-- This site is optimized with the Yoast SEO plugin v21.8 - https:\/\/yoast.com\/wordpress\/plugins\/seo\/ -->\n<title>Consejo de Direcci\u00f3n - Hospital General Docente \u201cDr. Agostinho Neto\u201d<\/title>\n<meta name=\"robots\" content=\"index, follow, max-snippet:-1, max-image-preview:large, max-video-preview:-1\" \/>\n<link rel=\"canonical\" href=\"https:\/\/instituciones.gtm.sld.cu\/hgdan\/consejo-de-direccion\/\" \/>\n<meta property=\"og:locale\" content=\"es_ES\" \/>\n<meta property=\"og:type\" content=\"article\" \/>\n<meta property=\"og:title\" content=\"Consejo de Direcci\u00f3n - Hospital General Docente \u201cDr. Agostinho Neto\u201d\" \/>\n<meta property=\"og:description\" content=\"Miembros del Consejo De Direcci\u00f3n \u00a0\" \/>\n<meta property=\"og:url\" content=\"https:\/\/instituciones.gtm.sld.cu\/hgdan\/consejo-de-direccion\/\" \/>\n<meta property=\"og:site_name\" content=\"Hospital General Docente \u201cDr. Agostinho Neto\u201d\" \/>\n<meta property=\"article:modified_time\" content=\"2021-12-21T18:56:21+00:00\" \/>\n<meta name=\"twitter:card\" content=\"summary_large_image\" \/>\n<script type=\"application\/ld+json\" class=\"yoast-schema-graph\">{\"@context\":\"https:\/\/schema.org\",\"@graph\":[{\"@type\":\"WebPage\",\"@id\":\"https:\/\/instituciones.gtm.sld.cu\/hgdan\/consejo-de-direccion\/\",\"url\":\"https:\/\/instituciones.gtm.sld.cu\/hgdan\/consejo-de-direccion\/\",\"name\":\"Consejo de Direcci\u00f3n - Hospital General Docente \u201cDr. Agostinho Neto\u201d\",\"isPartOf\":{\"@id\":\"https:\/\/instituciones.gtm.sld.cu\/hgdan\/#website\"},\"datePublished\":\"2019-01-18T01:22:05+00:00\",\"dateModified\":\"2021-12-21T18:56:21+00:00\",\"breadcrumb\":{\"@id\":\"https:\/\/instituciones.gtm.sld.cu\/hgdan\/consejo-de-direccion\/#breadcrumb\"},\"inLanguage\":\"es\",\"potentialAction\":[{\"@type\":\"ReadAction\",\"target\":[\"https:\/\/instituciones.gtm.sld.cu\/hgdan\/consejo-de-direccion\/\"]}]},{\"@type\":\"BreadcrumbList\",\"@id\":\"https:\/\/instituciones.gtm.sld.cu\/hgdan\/consejo-de-direccion\/#breadcrumb\",\"itemListElement\":[{\"@type\":\"ListItem\",\"position\":1,\"name\":\"Portada\",\"item\":\"https:\/\/instituciones.gtm.sld.cu\/hgdan\/\"},{\"@type\":\"ListItem\",\"position\":2,\"name\":\"Consejo de Direcci\u00f3n\"}]},{\"@type\":\"WebSite\",\"@id\":\"https:\/\/instituciones.gtm.sld.cu\/hgdan\/#website\",\"url\":\"https:\/\/instituciones.gtm.sld.cu\/hgdan\/\",\"name\":\"Hospital General Docente \u201cDr. Agostinho Neto\u201d\",\"description\":\"Hospital General Docente \u201cDr. Agostinho Neto\u201d\",\"potentialAction\":[{\"@type\":\"SearchAction\",\"target\":{\"@type\":\"EntryPoint\",\"urlTemplate\":\"https:\/\/instituciones.gtm.sld.cu\/hgdan\/?s={search_term_string}\"},\"query-input\":\"required name=search_term_string\"}],\"inLanguage\":\"es\"}]}<\/script>\n<!-- \/ Yoast SEO plugin. -->","yoast_head_json":{"title":"Consejo de Direcci\u00f3n - Hospital General Docente \u201cDr. Agostinho Neto\u201d","robots":{"index":"index","follow":"follow","max-snippet":"max-snippet:-1","max-image-preview":"max-image-preview:large","max-video-preview":"max-video-preview:-1"},"canonical":"https:\/\/instituciones.gtm.sld.cu\/hgdan\/consejo-de-direccion\/","og_locale":"es_ES","og_type":"article","og_title":"Consejo de Direcci\u00f3n - Hospital General Docente \u201cDr. Agostinho Neto\u201d","og_description":"Miembros del Consejo De Direcci\u00f3n \u00a0","og_url":"https:\/\/instituciones.gtm.sld.cu\/hgdan\/consejo-de-direccion\/","og_site_name":"Hospital General Docente \u201cDr. Agostinho Neto\u201d","article_modified_time":"2021-12-21T18:56:21+00:00","twitter_card":"summary_large_image","schema":{"@context":"https:\/\/schema.org","@graph":[{"@type":"WebPage","@id":"https:\/\/instituciones.gtm.sld.cu\/hgdan\/consejo-de-direccion\/","url":"https:\/\/instituciones.gtm.sld.cu\/hgdan\/consejo-de-direccion\/","name":"Consejo de Direcci\u00f3n - Hospital General Docente \u201cDr. Agostinho Neto\u201d","isPartOf":{"@id":"https:\/\/instituciones.gtm.sld.cu\/hgdan\/#website"},"datePublished":"2019-01-18T01:22:05+00:00","dateModified":"2021-12-21T18:56:21+00:00","breadcrumb":{"@id":"https:\/\/instituciones.gtm.sld.cu\/hgdan\/consejo-de-direccion\/#breadcrumb"},"inLanguage":"es","potentialAction":[{"@type":"ReadAction","target":["https:\/\/instituciones.gtm.sld.cu\/hgdan\/consejo-de-direccion\/"]}]},{"@type":"BreadcrumbList","@id":"https:\/\/instituciones.gtm.sld.cu\/hgdan\/consejo-de-direccion\/#breadcrumb","itemListElement":[{"@type":"ListItem","position":1,"name":"Portada","item":"https:\/\/instituciones.gtm.sld.cu\/hgdan\/"},{"@type":"ListItem","position":2,"name":"Consejo de Direcci\u00f3n"}]},{"@type":"WebSite","@id":"https:\/\/instituciones.gtm.sld.cu\/hgdan\/#website","url":"https:\/\/instituciones.gtm.sld.cu\/hgdan\/","name":"Hospital General Docente \u201cDr. Agostinho Neto\u201d","description":"Hospital General Docente \u201cDr. Agostinho Neto\u201d","potentialAction":[{"@type":"SearchAction","target":{"@type":"EntryPoint","urlTemplate":"https:\/\/instituciones.gtm.sld.cu\/hgdan\/?s={search_term_string}"},"query-input":"required name=search_term_string"}],"inLanguage":"es"}]}},"_links":{"self":[{"href":"https:\/\/instituciones.gtm.sld.cu\/hgdan\/wp-json\/wp\/v2\/pages\/208"}],"collection":[{"href":"https:\/\/instituciones.gtm.sld.cu\/hgdan\/wp-json\/wp\/v2\/pages"}],"about":[{"href":"https:\/\/instituciones.gtm.sld.cu\/hgdan\/wp-json\/wp\/v2\/types\/page"}],"author":[{"embeddable":true,"href":"https:\/\/instituciones.gtm.sld.cu\/hgdan\/wp-json\/wp\/v2\/users\/4"}],"replies":[{"embeddable":true,"href":"https:\/\/instituciones.gtm.sld.cu\/hgdan\/wp-json\/wp\/v2\/comments?post=208"}],"version-history":[{"count":18,"href":"https:\/\/instituciones.gtm.sld.cu\/hgdan\/wp-json\/wp\/v2\/pages\/208\/revisions"}],"predecessor-version":[{"id":2808,"href":"https:\/\/instituciones.gtm.sld.cu\/hgdan\/wp-json\/wp\/v2\/pages\/208\/revisions\/2808"}],"wp:attachment":[{"href":"https:\/\/instituciones.gtm.sld.cu\/hgdan\/wp-json\/wp\/v2\/media?parent=208"}],"curies":[{"name":"wp","href":"https:\/\/api.w.org\/{rel}","templated":true}]}}