{"id":308,"date":"2019-01-19T21:17:30","date_gmt":"2019-01-19T21:17:30","guid":{"rendered":"http:\/\/instituciones.gtm.sld.cu\/hgdan\/?page_id=308"},"modified":"2019-01-19T21:18:13","modified_gmt":"2019-01-19T21:18:13","slug":"sisalud","status":"publish","type":"page","link":"https:\/\/instituciones.gtm.sld.cu\/hgdan\/sisalud\/","title":{"rendered":"SISalud"},"content":{"rendered":"<p style=\"text-align: justify\"><strong><img decoding=\"async\" loading=\"lazy\" class=\"alignleft\" src=\"https:\/\/www.ecured.cu\/images\/7\/74\/Logo_sisalud.jpg\" alt=\"Archivo:Logo sisalud.jpg\" height=\"69\" width=\"199\">\u00bfQu\u00e9 es SISalud?<\/strong><\/p>\n<p style=\"text-align: justify\">SISalud como soluci\u00f3n integral significa la articulaci\u00f3n de un nuevo paradigma en la prestaci\u00f3n de servicios de salud, que contempla: la Atenci\u00f3n Primaria, Secundaria y Terciaria, el Sistema Integrado de Urgencia M\u00e9dica, la Vigilancia en Salud, Docencia M\u00e9dica, Telemedicina, Medicamentos y F\u00e1rmacos, Epidemiolog\u00eda, entre otros.<br \/>\n&nbsp;<br \/>\nEsta nueva estrategia del MINSAP est\u00e1 alineada al proceso de Informatizaci\u00f3n de la Sociedad Cubana, poniendo como centro de la misma al paciente y utilizando para su construcci\u00f3n las Tecnolog\u00edas de la Informaci\u00f3n y las Comunicaciones (TIC) para el desarrollo de aplicaciones y componentes con un alto nivel de integraci\u00f3n e interoperabilidad que permitan obtener la informaci\u00f3n oportuna, consistente y confiable para los procesos de administraci\u00f3n de salud y la toma de decisiones en los diferentes niveles de direcci\u00f3n y atenci\u00f3n m\u00e9dica.<br \/>\n&nbsp;<br \/>\nSISalud, m\u00e1s que un sistema, es una plataforma de aplicaciones, abierta y con una interfaz de programaci\u00f3n que permite incorporar nuevos m\u00f3dulos compatibles entre s\u00ed, permitiendo la integraci\u00f3n de componentes. Asume la misma arquitectura del Registro Informatizado de la Salud (RIS), que garantiza la m\u00e1xima disponibilidad de cada uno de sus componentes, y permita la recuperaci\u00f3n del sistema ante posibles fallos de conectividad o resolver problemas tales como la recuperaci\u00f3n de la informaci\u00f3n, independientemente de su ubicaci\u00f3n.<\/p>\n","protected":false},"excerpt":{"rendered":"<p>\u00bfQu\u00e9 es SISalud? SISalud como soluci\u00f3n integral significa la articulaci\u00f3n de un nuevo paradigma en la prestaci\u00f3n de servicios de salud, que contempla: la Atenci\u00f3n Primaria, Secundaria y Terciaria, el Sistema Integrado de Urgencia M\u00e9dica, la Vigilancia en Salud, Docencia M\u00e9dica, Telemedicina, Medicamentos y F\u00e1rmacos, Epidemiolog\u00eda, entre otros. &nbsp; Esta nueva estrategia del MINSAP est\u00e1 &hellip; <\/p>\n<p><a class=\"more-link btn\" href=\"https:\/\/instituciones.gtm.sld.cu\/hgdan\/sisalud\/\">Seguir leyendo<\/a><\/p>\n","protected":false},"author":4,"featured_media":0,"parent":0,"menu_order":0,"comment_status":"closed","ping_status":"closed","template":"","meta":{"ngg_post_thumbnail":0,"_mc_calendar":[]},"yoast_head":"<!-- This site is optimized with the Yoast SEO plugin v21.8 - https:\/\/yoast.com\/wordpress\/plugins\/seo\/ -->\n<title>SISalud - Hospital General Docente \u201cDr. Agostinho Neto\u201d<\/title>\n<meta name=\"robots\" content=\"index, follow, max-snippet:-1, max-image-preview:large, max-video-preview:-1\" \/>\n<link rel=\"canonical\" href=\"https:\/\/instituciones.gtm.sld.cu\/hgdan\/sisalud\/\" \/>\n<meta property=\"og:locale\" content=\"es_ES\" \/>\n<meta property=\"og:type\" content=\"article\" \/>\n<meta property=\"og:title\" content=\"SISalud - Hospital General Docente \u201cDr. Agostinho Neto\u201d\" \/>\n<meta property=\"og:description\" content=\"\u00bfQu\u00e9 es SISalud? SISalud como soluci\u00f3n integral significa la articulaci\u00f3n de un nuevo paradigma en la prestaci\u00f3n de servicios de salud, que contempla: la Atenci\u00f3n Primaria, Secundaria y Terciaria, el Sistema Integrado de Urgencia M\u00e9dica, la Vigilancia en Salud, Docencia M\u00e9dica, Telemedicina, Medicamentos y F\u00e1rmacos, Epidemiolog\u00eda, entre otros. &nbsp; Esta nueva estrategia del MINSAP est\u00e1 &hellip; Seguir leyendo\" \/>\n<meta property=\"og:url\" content=\"https:\/\/instituciones.gtm.sld.cu\/hgdan\/sisalud\/\" \/>\n<meta property=\"og:site_name\" content=\"Hospital General Docente \u201cDr. Agostinho Neto\u201d\" \/>\n<meta property=\"article:modified_time\" content=\"2019-01-19T21:18:13+00:00\" \/>\n<meta property=\"og:image\" content=\"https:\/\/www.ecured.cu\/images\/7\/74\/Logo_sisalud.jpg\" \/>\n<meta name=\"twitter:card\" content=\"summary_large_image\" \/>\n<meta name=\"twitter:label1\" content=\"Tiempo de lectura\" \/>\n\t<meta name=\"twitter:data1\" content=\"1 minuto\" \/>\n<script type=\"application\/ld+json\" class=\"yoast-schema-graph\">{\"@context\":\"https:\/\/schema.org\",\"@graph\":[{\"@type\":\"WebPage\",\"@id\":\"https:\/\/instituciones.gtm.sld.cu\/hgdan\/sisalud\/\",\"url\":\"https:\/\/instituciones.gtm.sld.cu\/hgdan\/sisalud\/\",\"name\":\"SISalud - Hospital General Docente \u201cDr. Agostinho Neto\u201d\",\"isPartOf\":{\"@id\":\"https:\/\/instituciones.gtm.sld.cu\/hgdan\/#website\"},\"datePublished\":\"2019-01-19T21:17:30+00:00\",\"dateModified\":\"2019-01-19T21:18:13+00:00\",\"breadcrumb\":{\"@id\":\"https:\/\/instituciones.gtm.sld.cu\/hgdan\/sisalud\/#breadcrumb\"},\"inLanguage\":\"es\",\"potentialAction\":[{\"@type\":\"ReadAction\",\"target\":[\"https:\/\/instituciones.gtm.sld.cu\/hgdan\/sisalud\/\"]}]},{\"@type\":\"BreadcrumbList\",\"@id\":\"https:\/\/instituciones.gtm.sld.cu\/hgdan\/sisalud\/#breadcrumb\",\"itemListElement\":[{\"@type\":\"ListItem\",\"position\":1,\"name\":\"Portada\",\"item\":\"https:\/\/instituciones.gtm.sld.cu\/hgdan\/\"},{\"@type\":\"ListItem\",\"position\":2,\"name\":\"SISalud\"}]},{\"@type\":\"WebSite\",\"@id\":\"https:\/\/instituciones.gtm.sld.cu\/hgdan\/#website\",\"url\":\"https:\/\/instituciones.gtm.sld.cu\/hgdan\/\",\"name\":\"Hospital General Docente \u201cDr. Agostinho Neto\u201d\",\"description\":\"Hospital General Docente \u201cDr. Agostinho Neto\u201d\",\"potentialAction\":[{\"@type\":\"SearchAction\",\"target\":{\"@type\":\"EntryPoint\",\"urlTemplate\":\"https:\/\/instituciones.gtm.sld.cu\/hgdan\/?s={search_term_string}\"},\"query-input\":\"required name=search_term_string\"}],\"inLanguage\":\"es\"}]}<\/script>\n<!-- \/ Yoast SEO plugin. -->","yoast_head_json":{"title":"SISalud - Hospital General Docente \u201cDr. Agostinho Neto\u201d","robots":{"index":"index","follow":"follow","max-snippet":"max-snippet:-1","max-image-preview":"max-image-preview:large","max-video-preview":"max-video-preview:-1"},"canonical":"https:\/\/instituciones.gtm.sld.cu\/hgdan\/sisalud\/","og_locale":"es_ES","og_type":"article","og_title":"SISalud - Hospital General Docente \u201cDr. Agostinho Neto\u201d","og_description":"\u00bfQu\u00e9 es SISalud? SISalud como soluci\u00f3n integral significa la articulaci\u00f3n de un nuevo paradigma en la prestaci\u00f3n de servicios de salud, que contempla: la Atenci\u00f3n Primaria, Secundaria y Terciaria, el Sistema Integrado de Urgencia M\u00e9dica, la Vigilancia en Salud, Docencia M\u00e9dica, Telemedicina, Medicamentos y F\u00e1rmacos, Epidemiolog\u00eda, entre otros. &nbsp; Esta nueva estrategia del MINSAP est\u00e1 &hellip; Seguir leyendo","og_url":"https:\/\/instituciones.gtm.sld.cu\/hgdan\/sisalud\/","og_site_name":"Hospital General Docente \u201cDr. Agostinho Neto\u201d","article_modified_time":"2019-01-19T21:18:13+00:00","og_image":[{"url":"https:\/\/www.ecured.cu\/images\/7\/74\/Logo_sisalud.jpg"}],"twitter_card":"summary_large_image","twitter_misc":{"Tiempo de lectura":"1 minuto"},"schema":{"@context":"https:\/\/schema.org","@graph":[{"@type":"WebPage","@id":"https:\/\/instituciones.gtm.sld.cu\/hgdan\/sisalud\/","url":"https:\/\/instituciones.gtm.sld.cu\/hgdan\/sisalud\/","name":"SISalud - Hospital General Docente \u201cDr. Agostinho Neto\u201d","isPartOf":{"@id":"https:\/\/instituciones.gtm.sld.cu\/hgdan\/#website"},"datePublished":"2019-01-19T21:17:30+00:00","dateModified":"2019-01-19T21:18:13+00:00","breadcrumb":{"@id":"https:\/\/instituciones.gtm.sld.cu\/hgdan\/sisalud\/#breadcrumb"},"inLanguage":"es","potentialAction":[{"@type":"ReadAction","target":["https:\/\/instituciones.gtm.sld.cu\/hgdan\/sisalud\/"]}]},{"@type":"BreadcrumbList","@id":"https:\/\/instituciones.gtm.sld.cu\/hgdan\/sisalud\/#breadcrumb","itemListElement":[{"@type":"ListItem","position":1,"name":"Portada","item":"https:\/\/instituciones.gtm.sld.cu\/hgdan\/"},{"@type":"ListItem","position":2,"name":"SISalud"}]},{"@type":"WebSite","@id":"https:\/\/instituciones.gtm.sld.cu\/hgdan\/#website","url":"https:\/\/instituciones.gtm.sld.cu\/hgdan\/","name":"Hospital General Docente \u201cDr. Agostinho Neto\u201d","description":"Hospital General Docente \u201cDr. Agostinho Neto\u201d","potentialAction":[{"@type":"SearchAction","target":{"@type":"EntryPoint","urlTemplate":"https:\/\/instituciones.gtm.sld.cu\/hgdan\/?s={search_term_string}"},"query-input":"required name=search_term_string"}],"inLanguage":"es"}]}},"_links":{"self":[{"href":"https:\/\/instituciones.gtm.sld.cu\/hgdan\/wp-json\/wp\/v2\/pages\/308"}],"collection":[{"href":"https:\/\/instituciones.gtm.sld.cu\/hgdan\/wp-json\/wp\/v2\/pages"}],"about":[{"href":"https:\/\/instituciones.gtm.sld.cu\/hgdan\/wp-json\/wp\/v2\/types\/page"}],"author":[{"embeddable":true,"href":"https:\/\/instituciones.gtm.sld.cu\/hgdan\/wp-json\/wp\/v2\/users\/4"}],"replies":[{"embeddable":true,"href":"https:\/\/instituciones.gtm.sld.cu\/hgdan\/wp-json\/wp\/v2\/comments?post=308"}],"version-history":[{"count":0,"href":"https:\/\/instituciones.gtm.sld.cu\/hgdan\/wp-json\/wp\/v2\/pages\/308\/revisions"}],"wp:attachment":[{"href":"https:\/\/instituciones.gtm.sld.cu\/hgdan\/wp-json\/wp\/v2\/media?parent=308"}],"curies":[{"name":"wp","href":"https:\/\/api.w.org\/{rel}","templated":true}]}}