{"id":312,"date":"2019-01-19T22:21:10","date_gmt":"2019-01-19T22:21:10","guid":{"rendered":"http:\/\/instituciones.gtm.sld.cu\/hgdan\/?page_id=312"},"modified":"2019-01-19T22:51:04","modified_gmt":"2019-01-19T22:51:04","slug":"siscan","status":"publish","type":"page","link":"https:\/\/instituciones.gtm.sld.cu\/hgdan\/siscan\/","title":{"rendered":"SISCan"},"content":{"rendered":"<p style=\"text-align: justify\"><img decoding=\"async\" loading=\"lazy\" class=\"size-full wp-image-319 alignleft\" src=\"http:\/\/instituciones.gtm.sld.cu\/hgdan\/wp-content\/uploads\/sites\/5\/2019\/01\/SISCAN1.png\" alt=\"\" height=\"79\" width=\"269\">El sistema <strong>SISCan<\/strong> es una aplicaci\u00f3n Web destinada al registro en tiempo real, de pacientes diagnosticados con alguna enfermedad oncol\u00f3gica.<\/p>\n<p style=\"text-align: justify\">Cuenta con una arquitectura que permite su escalabilidad en el tiempo,&nbsp; un sistema de seguridad basado en la autentificaci\u00f3n, autorizaci\u00f3n y auditor\u00eda, niveles de validaci\u00f3n que impiden la entrada de datos il\u00f3gicos para evitar informaci\u00f3n err\u00f3nea, est\u00e1 dise\u00f1ado para registrar todas las patolog\u00edas oncol\u00f3gicas, as\u00ed como datagramas que permiten el acceso a la informaci\u00f3n a todos los especialistas.<\/p>\n<p style=\"text-align: justify\">Dentro de sus funcionalidades se incluyen el uso de los nomencladores internacionales CIEO-3 y CIE-10, es de f\u00e1cil uso e implementaci\u00f3n, tiene un alto nivel para validar la informaci\u00f3n, y funciona en cualquier dispositivo conectado a la red INFOMED, que cuente con navegador Web.<\/p>\n","protected":false},"excerpt":{"rendered":"<p>El sistema SISCan es una aplicaci\u00f3n Web destinada al registro en tiempo real, de pacientes diagnosticados con alguna enfermedad oncol\u00f3gica. Cuenta con una arquitectura que permite su escalabilidad en el tiempo,&nbsp; un sistema de seguridad basado en la autentificaci\u00f3n, autorizaci\u00f3n y auditor\u00eda, niveles de validaci\u00f3n que impiden la entrada de datos il\u00f3gicos para evitar informaci\u00f3n &hellip; <\/p>\n<p><a class=\"more-link btn\" href=\"https:\/\/instituciones.gtm.sld.cu\/hgdan\/siscan\/\">Seguir leyendo<\/a><\/p>\n","protected":false},"author":4,"featured_media":0,"parent":0,"menu_order":0,"comment_status":"closed","ping_status":"closed","template":"","meta":{"ngg_post_thumbnail":0,"_mc_calendar":[]},"yoast_head":"<!-- This site is optimized with the Yoast SEO plugin v21.8 - https:\/\/yoast.com\/wordpress\/plugins\/seo\/ -->\n<title>SISCan - Hospital General Docente \u201cDr. Agostinho Neto\u201d<\/title>\n<meta name=\"robots\" content=\"index, follow, max-snippet:-1, max-image-preview:large, max-video-preview:-1\" \/>\n<link rel=\"canonical\" href=\"https:\/\/instituciones.gtm.sld.cu\/hgdan\/siscan\/\" \/>\n<meta property=\"og:locale\" content=\"es_ES\" \/>\n<meta property=\"og:type\" content=\"article\" \/>\n<meta property=\"og:title\" content=\"SISCan - Hospital General Docente \u201cDr. Agostinho Neto\u201d\" \/>\n<meta property=\"og:description\" content=\"El sistema SISCan es una aplicaci\u00f3n Web destinada al registro en tiempo real, de pacientes diagnosticados con alguna enfermedad oncol\u00f3gica. Cuenta con una arquitectura que permite su escalabilidad en el tiempo,&nbsp; un sistema de seguridad basado en la autentificaci\u00f3n, autorizaci\u00f3n y auditor\u00eda, niveles de validaci\u00f3n que impiden la entrada de datos il\u00f3gicos para evitar informaci\u00f3n &hellip; Seguir leyendo\" \/>\n<meta property=\"og:url\" content=\"https:\/\/instituciones.gtm.sld.cu\/hgdan\/siscan\/\" \/>\n<meta property=\"og:site_name\" content=\"Hospital General Docente \u201cDr. Agostinho Neto\u201d\" \/>\n<meta property=\"article:modified_time\" content=\"2019-01-19T22:51:04+00:00\" \/>\n<meta property=\"og:image\" content=\"http:\/\/instituciones.gtm.sld.cu\/hgdan\/wp-content\/uploads\/sites\/5\/2019\/01\/SISCAN1.png\" \/>\n<meta name=\"twitter:card\" content=\"summary_large_image\" \/>\n<meta name=\"twitter:label1\" content=\"Tiempo de lectura\" \/>\n\t<meta name=\"twitter:data1\" content=\"1 minuto\" \/>\n<script type=\"application\/ld+json\" class=\"yoast-schema-graph\">{\"@context\":\"https:\/\/schema.org\",\"@graph\":[{\"@type\":\"WebPage\",\"@id\":\"https:\/\/instituciones.gtm.sld.cu\/hgdan\/siscan\/\",\"url\":\"https:\/\/instituciones.gtm.sld.cu\/hgdan\/siscan\/\",\"name\":\"SISCan - Hospital General Docente \u201cDr. Agostinho Neto\u201d\",\"isPartOf\":{\"@id\":\"https:\/\/instituciones.gtm.sld.cu\/hgdan\/#website\"},\"datePublished\":\"2019-01-19T22:21:10+00:00\",\"dateModified\":\"2019-01-19T22:51:04+00:00\",\"breadcrumb\":{\"@id\":\"https:\/\/instituciones.gtm.sld.cu\/hgdan\/siscan\/#breadcrumb\"},\"inLanguage\":\"es\",\"potentialAction\":[{\"@type\":\"ReadAction\",\"target\":[\"https:\/\/instituciones.gtm.sld.cu\/hgdan\/siscan\/\"]}]},{\"@type\":\"BreadcrumbList\",\"@id\":\"https:\/\/instituciones.gtm.sld.cu\/hgdan\/siscan\/#breadcrumb\",\"itemListElement\":[{\"@type\":\"ListItem\",\"position\":1,\"name\":\"Portada\",\"item\":\"https:\/\/instituciones.gtm.sld.cu\/hgdan\/\"},{\"@type\":\"ListItem\",\"position\":2,\"name\":\"SISCan\"}]},{\"@type\":\"WebSite\",\"@id\":\"https:\/\/instituciones.gtm.sld.cu\/hgdan\/#website\",\"url\":\"https:\/\/instituciones.gtm.sld.cu\/hgdan\/\",\"name\":\"Hospital General Docente \u201cDr. Agostinho Neto\u201d\",\"description\":\"Hospital General Docente \u201cDr. Agostinho Neto\u201d\",\"potentialAction\":[{\"@type\":\"SearchAction\",\"target\":{\"@type\":\"EntryPoint\",\"urlTemplate\":\"https:\/\/instituciones.gtm.sld.cu\/hgdan\/?s={search_term_string}\"},\"query-input\":\"required name=search_term_string\"}],\"inLanguage\":\"es\"}]}<\/script>\n<!-- \/ Yoast SEO plugin. -->","yoast_head_json":{"title":"SISCan - Hospital General Docente \u201cDr. Agostinho Neto\u201d","robots":{"index":"index","follow":"follow","max-snippet":"max-snippet:-1","max-image-preview":"max-image-preview:large","max-video-preview":"max-video-preview:-1"},"canonical":"https:\/\/instituciones.gtm.sld.cu\/hgdan\/siscan\/","og_locale":"es_ES","og_type":"article","og_title":"SISCan - Hospital General Docente \u201cDr. Agostinho Neto\u201d","og_description":"El sistema SISCan es una aplicaci\u00f3n Web destinada al registro en tiempo real, de pacientes diagnosticados con alguna enfermedad oncol\u00f3gica. Cuenta con una arquitectura que permite su escalabilidad en el tiempo,&nbsp; un sistema de seguridad basado en la autentificaci\u00f3n, autorizaci\u00f3n y auditor\u00eda, niveles de validaci\u00f3n que impiden la entrada de datos il\u00f3gicos para evitar informaci\u00f3n &hellip; Seguir leyendo","og_url":"https:\/\/instituciones.gtm.sld.cu\/hgdan\/siscan\/","og_site_name":"Hospital General Docente \u201cDr. Agostinho Neto\u201d","article_modified_time":"2019-01-19T22:51:04+00:00","og_image":[{"url":"http:\/\/instituciones.gtm.sld.cu\/hgdan\/wp-content\/uploads\/sites\/5\/2019\/01\/SISCAN1.png"}],"twitter_card":"summary_large_image","twitter_misc":{"Tiempo de lectura":"1 minuto"},"schema":{"@context":"https:\/\/schema.org","@graph":[{"@type":"WebPage","@id":"https:\/\/instituciones.gtm.sld.cu\/hgdan\/siscan\/","url":"https:\/\/instituciones.gtm.sld.cu\/hgdan\/siscan\/","name":"SISCan - Hospital General Docente \u201cDr. Agostinho Neto\u201d","isPartOf":{"@id":"https:\/\/instituciones.gtm.sld.cu\/hgdan\/#website"},"datePublished":"2019-01-19T22:21:10+00:00","dateModified":"2019-01-19T22:51:04+00:00","breadcrumb":{"@id":"https:\/\/instituciones.gtm.sld.cu\/hgdan\/siscan\/#breadcrumb"},"inLanguage":"es","potentialAction":[{"@type":"ReadAction","target":["https:\/\/instituciones.gtm.sld.cu\/hgdan\/siscan\/"]}]},{"@type":"BreadcrumbList","@id":"https:\/\/instituciones.gtm.sld.cu\/hgdan\/siscan\/#breadcrumb","itemListElement":[{"@type":"ListItem","position":1,"name":"Portada","item":"https:\/\/instituciones.gtm.sld.cu\/hgdan\/"},{"@type":"ListItem","position":2,"name":"SISCan"}]},{"@type":"WebSite","@id":"https:\/\/instituciones.gtm.sld.cu\/hgdan\/#website","url":"https:\/\/instituciones.gtm.sld.cu\/hgdan\/","name":"Hospital General Docente \u201cDr. Agostinho Neto\u201d","description":"Hospital General Docente \u201cDr. Agostinho Neto\u201d","potentialAction":[{"@type":"SearchAction","target":{"@type":"EntryPoint","urlTemplate":"https:\/\/instituciones.gtm.sld.cu\/hgdan\/?s={search_term_string}"},"query-input":"required name=search_term_string"}],"inLanguage":"es"}]}},"_links":{"self":[{"href":"https:\/\/instituciones.gtm.sld.cu\/hgdan\/wp-json\/wp\/v2\/pages\/312"}],"collection":[{"href":"https:\/\/instituciones.gtm.sld.cu\/hgdan\/wp-json\/wp\/v2\/pages"}],"about":[{"href":"https:\/\/instituciones.gtm.sld.cu\/hgdan\/wp-json\/wp\/v2\/types\/page"}],"author":[{"embeddable":true,"href":"https:\/\/instituciones.gtm.sld.cu\/hgdan\/wp-json\/wp\/v2\/users\/4"}],"replies":[{"embeddable":true,"href":"https:\/\/instituciones.gtm.sld.cu\/hgdan\/wp-json\/wp\/v2\/comments?post=312"}],"version-history":[{"count":0,"href":"https:\/\/instituciones.gtm.sld.cu\/hgdan\/wp-json\/wp\/v2\/pages\/312\/revisions"}],"wp:attachment":[{"href":"https:\/\/instituciones.gtm.sld.cu\/hgdan\/wp-json\/wp\/v2\/media?parent=312"}],"curies":[{"name":"wp","href":"https:\/\/api.w.org\/{rel}","templated":true}]}}