{"id":349,"date":"2019-08-06T10:28:04","date_gmt":"2019-08-06T14:28:04","guid":{"rendered":"http:\/\/instituciones2.gtm.sld.cu\/hplrl\/?page_id=349"},"modified":"2019-08-16T10:10:19","modified_gmt":"2019-08-16T14:10:19","slug":"objetivos-del-sitio","status":"publish","type":"page","link":"https:\/\/instituciones.gtm.sld.cu\/hplrl\/objetivos-del-sitio\/","title":{"rendered":"Objetivos del sitio"},"content":{"rendered":"\n<p>Nuestra web fue creada con el objetivo de brindar\ninformaci\u00f3n a todos los trabajadores de la instituci\u00f3n y la poblaci\u00f3n en general,\ncon la finalidad de dar a conocer las actividades que se realizan en la\ninstituci\u00f3n as\u00ed como los servicios que se prestan a la poblaci\u00f3n, promover\neventos cient\u00edficos y docentes que se realizan cada a\u00f1o en el sector, mejorar\nlos servicios de salud encaminados a garantizar la satisfacci\u00f3n de la poblaci\u00f3n<\/p>\n","protected":false},"excerpt":{"rendered":"<p>Nuestra web fue creada con el objetivo de brindar informaci\u00f3n a todos los trabajadores de la instituci\u00f3n y la poblaci\u00f3n en general, con la finalidad de dar a conocer las actividades que se realizan en la instituci\u00f3n as\u00ed como los servicios que se prestan a la poblaci\u00f3n, promover eventos cient\u00edficos y docentes que se realizan &hellip; <\/p>\n<p><a class=\"more-link btn\" href=\"https:\/\/instituciones.gtm.sld.cu\/hplrl\/objetivos-del-sitio\/\">Seguir leyendo<\/a><\/p>\n","protected":false},"author":35,"featured_media":0,"parent":0,"menu_order":0,"comment_status":"closed","ping_status":"closed","template":"","meta":{"ngg_post_thumbnail":0,"_mc_calendar":[]},"yoast_head":"<!-- This site is optimized with the Yoast SEO plugin v21.8 - https:\/\/yoast.com\/wordpress\/plugins\/seo\/ -->\n<title>Objetivos del sitio - Hospital Psiqui\u00e1trico \u201cLuis Ram\u00edrez L\u00f3pez\u201d<\/title>\n<meta name=\"robots\" content=\"index, follow, max-snippet:-1, max-image-preview:large, max-video-preview:-1\" \/>\n<link rel=\"canonical\" href=\"https:\/\/instituciones.gtm.sld.cu\/hplrl\/objetivos-del-sitio\/\" \/>\n<meta property=\"og:locale\" content=\"es_ES\" \/>\n<meta property=\"og:type\" content=\"article\" \/>\n<meta property=\"og:title\" content=\"Objetivos del sitio - Hospital Psiqui\u00e1trico \u201cLuis Ram\u00edrez L\u00f3pez\u201d\" \/>\n<meta property=\"og:description\" content=\"Nuestra web fue creada con el objetivo de brindar informaci\u00f3n a todos los trabajadores de la instituci\u00f3n y la poblaci\u00f3n en general, con la finalidad de dar a conocer las actividades que se realizan en la instituci\u00f3n as\u00ed como los servicios que se prestan a la poblaci\u00f3n, promover eventos cient\u00edficos y docentes que se realizan &hellip; Seguir leyendo\" \/>\n<meta property=\"og:url\" content=\"https:\/\/instituciones.gtm.sld.cu\/hplrl\/objetivos-del-sitio\/\" \/>\n<meta property=\"og:site_name\" content=\"Hospital Psiqui\u00e1trico \u201cLuis Ram\u00edrez L\u00f3pez\u201d\" \/>\n<meta property=\"article:modified_time\" content=\"2019-08-16T14:10:19+00:00\" \/>\n<meta name=\"twitter:card\" content=\"summary_large_image\" \/>\n<script type=\"application\/ld+json\" class=\"yoast-schema-graph\">{\"@context\":\"https:\/\/schema.org\",\"@graph\":[{\"@type\":\"WebPage\",\"@id\":\"https:\/\/instituciones.gtm.sld.cu\/hplrl\/objetivos-del-sitio\/\",\"url\":\"https:\/\/instituciones.gtm.sld.cu\/hplrl\/objetivos-del-sitio\/\",\"name\":\"Objetivos del sitio - Hospital Psiqui\u00e1trico \u201cLuis Ram\u00edrez L\u00f3pez\u201d\",\"isPartOf\":{\"@id\":\"https:\/\/instituciones.gtm.sld.cu\/hplrl\/#website\"},\"datePublished\":\"2019-08-06T14:28:04+00:00\",\"dateModified\":\"2019-08-16T14:10:19+00:00\",\"breadcrumb\":{\"@id\":\"https:\/\/instituciones.gtm.sld.cu\/hplrl\/objetivos-del-sitio\/#breadcrumb\"},\"inLanguage\":\"es\",\"potentialAction\":[{\"@type\":\"ReadAction\",\"target\":[\"https:\/\/instituciones.gtm.sld.cu\/hplrl\/objetivos-del-sitio\/\"]}]},{\"@type\":\"BreadcrumbList\",\"@id\":\"https:\/\/instituciones.gtm.sld.cu\/hplrl\/objetivos-del-sitio\/#breadcrumb\",\"itemListElement\":[{\"@type\":\"ListItem\",\"position\":1,\"name\":\"Portada\",\"item\":\"https:\/\/instituciones.gtm.sld.cu\/hplrl\/\"},{\"@type\":\"ListItem\",\"position\":2,\"name\":\"Objetivos del sitio\"}]},{\"@type\":\"WebSite\",\"@id\":\"https:\/\/instituciones.gtm.sld.cu\/hplrl\/#website\",\"url\":\"https:\/\/instituciones.gtm.sld.cu\/hplrl\/\",\"name\":\"Hospital Psiqui\u00e1trico \u201cLuis Ram\u00edrez L\u00f3pez\u201d\",\"description\":\"Hospital Psiqui\u00e1trico \u201cLuis Ram\u00edrez L\u00f3pez\u201d\",\"potentialAction\":[{\"@type\":\"SearchAction\",\"target\":{\"@type\":\"EntryPoint\",\"urlTemplate\":\"https:\/\/instituciones.gtm.sld.cu\/hplrl\/?s={search_term_string}\"},\"query-input\":\"required name=search_term_string\"}],\"inLanguage\":\"es\"}]}<\/script>\n<!-- \/ Yoast SEO plugin. -->","yoast_head_json":{"title":"Objetivos del sitio - Hospital Psiqui\u00e1trico \u201cLuis Ram\u00edrez L\u00f3pez\u201d","robots":{"index":"index","follow":"follow","max-snippet":"max-snippet:-1","max-image-preview":"max-image-preview:large","max-video-preview":"max-video-preview:-1"},"canonical":"https:\/\/instituciones.gtm.sld.cu\/hplrl\/objetivos-del-sitio\/","og_locale":"es_ES","og_type":"article","og_title":"Objetivos del sitio - Hospital Psiqui\u00e1trico \u201cLuis Ram\u00edrez L\u00f3pez\u201d","og_description":"Nuestra web fue creada con el objetivo de brindar informaci\u00f3n a todos los trabajadores de la instituci\u00f3n y la poblaci\u00f3n en general, con la finalidad de dar a conocer las actividades que se realizan en la instituci\u00f3n as\u00ed como los servicios que se prestan a la poblaci\u00f3n, promover eventos cient\u00edficos y docentes que se realizan &hellip; Seguir leyendo","og_url":"https:\/\/instituciones.gtm.sld.cu\/hplrl\/objetivos-del-sitio\/","og_site_name":"Hospital Psiqui\u00e1trico \u201cLuis Ram\u00edrez L\u00f3pez\u201d","article_modified_time":"2019-08-16T14:10:19+00:00","twitter_card":"summary_large_image","schema":{"@context":"https:\/\/schema.org","@graph":[{"@type":"WebPage","@id":"https:\/\/instituciones.gtm.sld.cu\/hplrl\/objetivos-del-sitio\/","url":"https:\/\/instituciones.gtm.sld.cu\/hplrl\/objetivos-del-sitio\/","name":"Objetivos del sitio - Hospital Psiqui\u00e1trico \u201cLuis Ram\u00edrez L\u00f3pez\u201d","isPartOf":{"@id":"https:\/\/instituciones.gtm.sld.cu\/hplrl\/#website"},"datePublished":"2019-08-06T14:28:04+00:00","dateModified":"2019-08-16T14:10:19+00:00","breadcrumb":{"@id":"https:\/\/instituciones.gtm.sld.cu\/hplrl\/objetivos-del-sitio\/#breadcrumb"},"inLanguage":"es","potentialAction":[{"@type":"ReadAction","target":["https:\/\/instituciones.gtm.sld.cu\/hplrl\/objetivos-del-sitio\/"]}]},{"@type":"BreadcrumbList","@id":"https:\/\/instituciones.gtm.sld.cu\/hplrl\/objetivos-del-sitio\/#breadcrumb","itemListElement":[{"@type":"ListItem","position":1,"name":"Portada","item":"https:\/\/instituciones.gtm.sld.cu\/hplrl\/"},{"@type":"ListItem","position":2,"name":"Objetivos del sitio"}]},{"@type":"WebSite","@id":"https:\/\/instituciones.gtm.sld.cu\/hplrl\/#website","url":"https:\/\/instituciones.gtm.sld.cu\/hplrl\/","name":"Hospital Psiqui\u00e1trico \u201cLuis Ram\u00edrez L\u00f3pez\u201d","description":"Hospital Psiqui\u00e1trico \u201cLuis Ram\u00edrez L\u00f3pez\u201d","potentialAction":[{"@type":"SearchAction","target":{"@type":"EntryPoint","urlTemplate":"https:\/\/instituciones.gtm.sld.cu\/hplrl\/?s={search_term_string}"},"query-input":"required name=search_term_string"}],"inLanguage":"es"}]}},"_links":{"self":[{"href":"https:\/\/instituciones.gtm.sld.cu\/hplrl\/wp-json\/wp\/v2\/pages\/349"}],"collection":[{"href":"https:\/\/instituciones.gtm.sld.cu\/hplrl\/wp-json\/wp\/v2\/pages"}],"about":[{"href":"https:\/\/instituciones.gtm.sld.cu\/hplrl\/wp-json\/wp\/v2\/types\/page"}],"author":[{"embeddable":true,"href":"https:\/\/instituciones.gtm.sld.cu\/hplrl\/wp-json\/wp\/v2\/users\/35"}],"replies":[{"embeddable":true,"href":"https:\/\/instituciones.gtm.sld.cu\/hplrl\/wp-json\/wp\/v2\/comments?post=349"}],"version-history":[{"count":0,"href":"https:\/\/instituciones.gtm.sld.cu\/hplrl\/wp-json\/wp\/v2\/pages\/349\/revisions"}],"wp:attachment":[{"href":"https:\/\/instituciones.gtm.sld.cu\/hplrl\/wp-json\/wp\/v2\/media?parent=349"}],"curies":[{"name":"wp","href":"https:\/\/api.w.org\/{rel}","templated":true}]}}