{"id":368,"date":"2019-09-25T12:14:45","date_gmt":"2019-09-25T16:14:45","guid":{"rendered":"http:\/\/instituciones2.gtm.sld.cu\/hplrl\/?page_id=368"},"modified":"2019-09-25T12:14:46","modified_gmt":"2019-09-25T16:14:46","slug":"hospital-de-dia","status":"publish","type":"page","link":"https:\/\/instituciones.gtm.sld.cu\/hplrl\/hospital-de-dia\/","title":{"rendered":"Hospital de d\u00eda"},"content":{"rendered":"\n<p> El Hospital de d\u00eda constituye un servicio que entre sus funciones principales est\u00e1 la rehabilitaci\u00f3n del paciente cuando termina la fase aguda de su patolog\u00eda de base y lograr de esta manera la mayor recuperaci\u00f3n del paciente. En el mismo contamos con 62 plazas de las cuales 10 son para la rehabilitaci\u00f3n de los pacientes con alcoholismo y 52 para los pacientes con otras enfermedades psiqui\u00e1tricas. Son de hospitalizaci\u00f3n parcial con un horario de 8.00am-4.00pm cumplimentando las actividades de la comunidad terap\u00e9utica, entre las que se encuentran: Matutino, terapia ocupacional, manualidades, salidas extrahospitalarias que logran su reincorporaci\u00f3n a la comunidad. <\/p>\n","protected":false},"excerpt":{"rendered":"<p>El Hospital de d\u00eda constituye un servicio que entre sus funciones principales est\u00e1 la rehabilitaci\u00f3n del paciente cuando termina la fase aguda de su patolog\u00eda de base y lograr de esta manera la mayor recuperaci\u00f3n del paciente. En el mismo contamos con 62 plazas de las cuales 10 son para la rehabilitaci\u00f3n de los pacientes &hellip; <\/p>\n<p><a class=\"more-link btn\" href=\"https:\/\/instituciones.gtm.sld.cu\/hplrl\/hospital-de-dia\/\">Seguir leyendo<\/a><\/p>\n","protected":false},"author":35,"featured_media":0,"parent":0,"menu_order":0,"comment_status":"closed","ping_status":"closed","template":"","meta":{"ngg_post_thumbnail":0,"_mc_calendar":[]},"yoast_head":"<!-- This site is optimized with the Yoast SEO plugin v21.8 - https:\/\/yoast.com\/wordpress\/plugins\/seo\/ -->\n<title>Hospital de d\u00eda - Hospital Psiqui\u00e1trico \u201cLuis Ram\u00edrez L\u00f3pez\u201d<\/title>\n<meta name=\"robots\" content=\"index, follow, max-snippet:-1, max-image-preview:large, max-video-preview:-1\" \/>\n<link rel=\"canonical\" href=\"https:\/\/instituciones.gtm.sld.cu\/hplrl\/hospital-de-dia\/\" \/>\n<meta property=\"og:locale\" content=\"es_ES\" \/>\n<meta property=\"og:type\" content=\"article\" \/>\n<meta property=\"og:title\" content=\"Hospital de d\u00eda - Hospital Psiqui\u00e1trico \u201cLuis Ram\u00edrez L\u00f3pez\u201d\" \/>\n<meta property=\"og:description\" content=\"El Hospital de d\u00eda constituye un servicio que entre sus funciones principales est\u00e1 la rehabilitaci\u00f3n del paciente cuando termina la fase aguda de su patolog\u00eda de base y lograr de esta manera la mayor recuperaci\u00f3n del paciente. En el mismo contamos con 62 plazas de las cuales 10 son para la rehabilitaci\u00f3n de los pacientes &hellip; Seguir leyendo\" \/>\n<meta property=\"og:url\" content=\"https:\/\/instituciones.gtm.sld.cu\/hplrl\/hospital-de-dia\/\" \/>\n<meta property=\"og:site_name\" content=\"Hospital Psiqui\u00e1trico \u201cLuis Ram\u00edrez L\u00f3pez\u201d\" \/>\n<meta property=\"article:modified_time\" content=\"2019-09-25T16:14:46+00:00\" \/>\n<meta name=\"twitter:card\" content=\"summary_large_image\" \/>\n<meta name=\"twitter:label1\" content=\"Tiempo de lectura\" \/>\n\t<meta name=\"twitter:data1\" content=\"1 minuto\" \/>\n<script type=\"application\/ld+json\" class=\"yoast-schema-graph\">{\"@context\":\"https:\/\/schema.org\",\"@graph\":[{\"@type\":\"WebPage\",\"@id\":\"https:\/\/instituciones.gtm.sld.cu\/hplrl\/hospital-de-dia\/\",\"url\":\"https:\/\/instituciones.gtm.sld.cu\/hplrl\/hospital-de-dia\/\",\"name\":\"Hospital de d\u00eda - Hospital Psiqui\u00e1trico \u201cLuis Ram\u00edrez L\u00f3pez\u201d\",\"isPartOf\":{\"@id\":\"https:\/\/instituciones.gtm.sld.cu\/hplrl\/#website\"},\"datePublished\":\"2019-09-25T16:14:45+00:00\",\"dateModified\":\"2019-09-25T16:14:46+00:00\",\"breadcrumb\":{\"@id\":\"https:\/\/instituciones.gtm.sld.cu\/hplrl\/hospital-de-dia\/#breadcrumb\"},\"inLanguage\":\"es\",\"potentialAction\":[{\"@type\":\"ReadAction\",\"target\":[\"https:\/\/instituciones.gtm.sld.cu\/hplrl\/hospital-de-dia\/\"]}]},{\"@type\":\"BreadcrumbList\",\"@id\":\"https:\/\/instituciones.gtm.sld.cu\/hplrl\/hospital-de-dia\/#breadcrumb\",\"itemListElement\":[{\"@type\":\"ListItem\",\"position\":1,\"name\":\"Portada\",\"item\":\"https:\/\/instituciones.gtm.sld.cu\/hplrl\/\"},{\"@type\":\"ListItem\",\"position\":2,\"name\":\"Hospital de d\u00eda\"}]},{\"@type\":\"WebSite\",\"@id\":\"https:\/\/instituciones.gtm.sld.cu\/hplrl\/#website\",\"url\":\"https:\/\/instituciones.gtm.sld.cu\/hplrl\/\",\"name\":\"Hospital Psiqui\u00e1trico \u201cLuis Ram\u00edrez L\u00f3pez\u201d\",\"description\":\"Hospital Psiqui\u00e1trico \u201cLuis Ram\u00edrez L\u00f3pez\u201d\",\"potentialAction\":[{\"@type\":\"SearchAction\",\"target\":{\"@type\":\"EntryPoint\",\"urlTemplate\":\"https:\/\/instituciones.gtm.sld.cu\/hplrl\/?s={search_term_string}\"},\"query-input\":\"required name=search_term_string\"}],\"inLanguage\":\"es\"}]}<\/script>\n<!-- \/ Yoast SEO plugin. -->","yoast_head_json":{"title":"Hospital de d\u00eda - Hospital Psiqui\u00e1trico \u201cLuis Ram\u00edrez L\u00f3pez\u201d","robots":{"index":"index","follow":"follow","max-snippet":"max-snippet:-1","max-image-preview":"max-image-preview:large","max-video-preview":"max-video-preview:-1"},"canonical":"https:\/\/instituciones.gtm.sld.cu\/hplrl\/hospital-de-dia\/","og_locale":"es_ES","og_type":"article","og_title":"Hospital de d\u00eda - Hospital Psiqui\u00e1trico \u201cLuis Ram\u00edrez L\u00f3pez\u201d","og_description":"El Hospital de d\u00eda constituye un servicio que entre sus funciones principales est\u00e1 la rehabilitaci\u00f3n del paciente cuando termina la fase aguda de su patolog\u00eda de base y lograr de esta manera la mayor recuperaci\u00f3n del paciente. En el mismo contamos con 62 plazas de las cuales 10 son para la rehabilitaci\u00f3n de los pacientes &hellip; Seguir leyendo","og_url":"https:\/\/instituciones.gtm.sld.cu\/hplrl\/hospital-de-dia\/","og_site_name":"Hospital Psiqui\u00e1trico \u201cLuis Ram\u00edrez L\u00f3pez\u201d","article_modified_time":"2019-09-25T16:14:46+00:00","twitter_card":"summary_large_image","twitter_misc":{"Tiempo de lectura":"1 minuto"},"schema":{"@context":"https:\/\/schema.org","@graph":[{"@type":"WebPage","@id":"https:\/\/instituciones.gtm.sld.cu\/hplrl\/hospital-de-dia\/","url":"https:\/\/instituciones.gtm.sld.cu\/hplrl\/hospital-de-dia\/","name":"Hospital de d\u00eda - Hospital Psiqui\u00e1trico \u201cLuis Ram\u00edrez L\u00f3pez\u201d","isPartOf":{"@id":"https:\/\/instituciones.gtm.sld.cu\/hplrl\/#website"},"datePublished":"2019-09-25T16:14:45+00:00","dateModified":"2019-09-25T16:14:46+00:00","breadcrumb":{"@id":"https:\/\/instituciones.gtm.sld.cu\/hplrl\/hospital-de-dia\/#breadcrumb"},"inLanguage":"es","potentialAction":[{"@type":"ReadAction","target":["https:\/\/instituciones.gtm.sld.cu\/hplrl\/hospital-de-dia\/"]}]},{"@type":"BreadcrumbList","@id":"https:\/\/instituciones.gtm.sld.cu\/hplrl\/hospital-de-dia\/#breadcrumb","itemListElement":[{"@type":"ListItem","position":1,"name":"Portada","item":"https:\/\/instituciones.gtm.sld.cu\/hplrl\/"},{"@type":"ListItem","position":2,"name":"Hospital de d\u00eda"}]},{"@type":"WebSite","@id":"https:\/\/instituciones.gtm.sld.cu\/hplrl\/#website","url":"https:\/\/instituciones.gtm.sld.cu\/hplrl\/","name":"Hospital Psiqui\u00e1trico \u201cLuis Ram\u00edrez L\u00f3pez\u201d","description":"Hospital Psiqui\u00e1trico \u201cLuis Ram\u00edrez L\u00f3pez\u201d","potentialAction":[{"@type":"SearchAction","target":{"@type":"EntryPoint","urlTemplate":"https:\/\/instituciones.gtm.sld.cu\/hplrl\/?s={search_term_string}"},"query-input":"required name=search_term_string"}],"inLanguage":"es"}]}},"_links":{"self":[{"href":"https:\/\/instituciones.gtm.sld.cu\/hplrl\/wp-json\/wp\/v2\/pages\/368"}],"collection":[{"href":"https:\/\/instituciones.gtm.sld.cu\/hplrl\/wp-json\/wp\/v2\/pages"}],"about":[{"href":"https:\/\/instituciones.gtm.sld.cu\/hplrl\/wp-json\/wp\/v2\/types\/page"}],"author":[{"embeddable":true,"href":"https:\/\/instituciones.gtm.sld.cu\/hplrl\/wp-json\/wp\/v2\/users\/35"}],"replies":[{"embeddable":true,"href":"https:\/\/instituciones.gtm.sld.cu\/hplrl\/wp-json\/wp\/v2\/comments?post=368"}],"version-history":[{"count":1,"href":"https:\/\/instituciones.gtm.sld.cu\/hplrl\/wp-json\/wp\/v2\/pages\/368\/revisions"}],"predecessor-version":[{"id":369,"href":"https:\/\/instituciones.gtm.sld.cu\/hplrl\/wp-json\/wp\/v2\/pages\/368\/revisions\/369"}],"wp:attachment":[{"href":"https:\/\/instituciones.gtm.sld.cu\/hplrl\/wp-json\/wp\/v2\/media?parent=368"}],"curies":[{"name":"wp","href":"https:\/\/api.w.org\/{rel}","templated":true}]}}