{"id":86,"date":"2019-03-02T09:48:20","date_gmt":"2019-03-02T14:48:20","guid":{"rendered":"http:\/\/instituciones2.gtm.sld.cu\/hplrl\/?page_id=86"},"modified":"2019-03-02T10:27:11","modified_gmt":"2019-03-02T15:27:11","slug":"biografia-luis-ramirez-lopez","status":"publish","type":"page","link":"https:\/\/instituciones.gtm.sld.cu\/hplrl\/biografia-luis-ramirez-lopez\/","title":{"rendered":"Biograf\u00eda Luis Ram\u00edrez L\u00f3pez"},"content":{"rendered":"<h2><span id=\"S\u00edntesis_biogr\u00e1fica\"><\/span><span id=\"S.C3.ADntesis_biogr.C3.A1fica\" class=\"mw-headline\">S\u00edntesis biogr\u00e1fica<\/span><\/h2>\n<p><img decoding=\"async\" loading=\"lazy\" class=\"size-medium wp-image-93 alignright\" src=\"http:\/\/instituciones2.gtm.sld.cu\/hplrl\/wp-content\/uploads\/sites\/25\/2019\/03\/luis-ramirez-174x300.png\" alt=\"\" width=\"174\" height=\"300\" srcset=\"https:\/\/instituciones.gtm.sld.cu\/hplrl\/wp-content\/uploads\/sites\/38\/2019\/03\/luis-ramirez-174x300.png 174w, https:\/\/instituciones.gtm.sld.cu\/hplrl\/wp-content\/uploads\/sites\/38\/2019\/03\/luis-ramirez.png 331w\" sizes=\"(max-width: 174px) 100vw, 174px\" \/><\/p>\n<h3><span id=\"Nacimiento\" class=\"mw-headline\">Nacimiento<\/span><\/h3>\n<p align=\"justify\">Naci\u00f3 en Horno de Mojar\u00e1, Guisa, Bayamo, el 19 de mayo de 1944, del matrimonio formado por Miguel Ram\u00edrez e Idelisa L\u00f3pez, campesinos pobres.<\/p>\n<h3><span id=\"Estudios\" class=\"mw-headline\">Estudios<\/span><\/h3>\n<p align=\"justify\">La realidad en que trascurri\u00f3 su infancia solo le permiti\u00f3 alcanzar el tercer grado de la ense\u00f1anza primaria.<\/p>\n<h3><span id=\"Incorporaci\u00f3n_a_la_vida_laboral_y_militar\"><\/span><span id=\"Incorporaci.C3.B3n_a_la_vida_laboral_y_militar\" class=\"mw-headline\">Incorporaci\u00f3n a la vida laboral y militar<\/span><\/h3>\n<p align=\"justify\">Laboraba como obrero de la construcci\u00f3n en la granja \u00abOrestes Acost\u00e9\u00bb en Bayamo, cuando el 25 de mayo de 1965 fue llamado a las filas del Servicio Militar Obligatorio. Al d\u00eda siguiente lleg\u00f3 a Banes en uni\u00f3n de otros compa\u00f1eros.<\/p>\n<p align=\"justify\">Por su condici\u00f3n de vanguardia fue incorporado a la Brigada de Fronteras, donde pas\u00f3 una escuela en la cual siempre se preocup\u00f3 porque todos dedicaran el m\u00e1ximo de atenci\u00f3n a las clases que se les impart\u00edan.<\/p>\n<p align=\"justify\">En el frente prest\u00f3 servicios a la Compa\u00f1\u00eda 5. Se destac\u00f3 por un gran inter\u00e9s en que los compa\u00f1eros cumplieran conscientemente las disposiciones del mando y ayudaba en todo cuanto le era posible.<\/p>\n<p align=\"justify\">Su car\u00e1cter alegre le agenciaba la simpat\u00eda de aquellos, de forma tal que todos quer\u00edan cubrir la posta con \u00e9l.<\/p>\n<h3><span id=\"Muerte\" class=\"mw-headline\">Muerte<\/span><\/h3>\n<p align=\"justify\">A las 19 horas del d\u00eda 21 de mayo de 1966, mientras cubr\u00eda su turno de guardia, recibi\u00f3 un disparo realizado desde el cami\u00f3n que transportaba el relevo de los soldados estadounidenses de la Base Naval de Guant\u00e1namo, cuando pasaba frente a la posta cubana.<\/p>\n<p align=\"justify\">Sus restos mortales yacen en el pante\u00f3n de las Fuerzas Armadas Revolucionarias del cementerio de Santa Ifigenia en la provincia de Santiago de Cuba.<\/p>\n<p align=\"justify\">En el carn\u00e9 de las FAR que ten\u00eda Luis apareci\u00f3 una hoja suelta del libro de \u201cH\u00e9roes de la Fortaleza de Brest\u201d que comenzaba con el t\u00edtulo \u201cLucharemos hasta el final\u201d. El comandante Ra\u00fal Castro en la despedida del duelo afirm\u00f3:<\/p>\n<div class=\"citado\">\n<p align=\"right\">\u00abSe que lucharemos hasta el final de los enemigos de nuestro pueblo. Han transcurrido varios a\u00f1os y el cubano m\u00e1s revolucionario, comunista, internacionalista, aguerrido y combativo levanta esta consigna de combate:Hasta la Victoria Siempre.\u00bb Ra\u00fal Castro<\/p>\n<\/div>\n<div>&nbsp;<\/div>\n<div>&nbsp;<\/div>\n","protected":false},"excerpt":{"rendered":"<p>S\u00edntesis biogr\u00e1fica Nacimiento Naci\u00f3 en Horno de Mojar\u00e1, Guisa, Bayamo, el 19 de mayo de 1944, del matrimonio formado por Miguel Ram\u00edrez e Idelisa L\u00f3pez, campesinos pobres. Estudios La realidad en que trascurri\u00f3 su infancia solo le permiti\u00f3 alcanzar el tercer grado de la ense\u00f1anza primaria. Incorporaci\u00f3n a la vida laboral y militar Laboraba como &hellip; <\/p>\n<p><a class=\"more-link btn\" href=\"https:\/\/instituciones.gtm.sld.cu\/hplrl\/biografia-luis-ramirez-lopez\/\">Seguir leyendo<\/a><\/p>\n","protected":false},"author":35,"featured_media":0,"parent":0,"menu_order":0,"comment_status":"closed","ping_status":"closed","template":"","meta":{"ngg_post_thumbnail":0,"_mc_calendar":[]},"yoast_head":"<!-- This site is optimized with the Yoast SEO plugin v21.8 - https:\/\/yoast.com\/wordpress\/plugins\/seo\/ -->\n<title>Biograf\u00eda Luis Ram\u00edrez L\u00f3pez - Hospital Psiqui\u00e1trico \u201cLuis Ram\u00edrez L\u00f3pez\u201d<\/title>\n<meta name=\"robots\" content=\"index, follow, max-snippet:-1, max-image-preview:large, max-video-preview:-1\" \/>\n<link rel=\"canonical\" href=\"https:\/\/instituciones.gtm.sld.cu\/hplrl\/biografia-luis-ramirez-lopez\/\" \/>\n<meta property=\"og:locale\" content=\"es_ES\" \/>\n<meta property=\"og:type\" content=\"article\" \/>\n<meta property=\"og:title\" content=\"Biograf\u00eda Luis Ram\u00edrez L\u00f3pez - Hospital Psiqui\u00e1trico \u201cLuis Ram\u00edrez L\u00f3pez\u201d\" \/>\n<meta property=\"og:description\" content=\"S\u00edntesis biogr\u00e1fica Nacimiento Naci\u00f3 en Horno de Mojar\u00e1, Guisa, Bayamo, el 19 de mayo de 1944, del matrimonio formado por Miguel Ram\u00edrez e Idelisa L\u00f3pez, campesinos pobres. Estudios La realidad en que trascurri\u00f3 su infancia solo le permiti\u00f3 alcanzar el tercer grado de la ense\u00f1anza primaria. Incorporaci\u00f3n a la vida laboral y militar Laboraba como &hellip; Seguir leyendo\" \/>\n<meta property=\"og:url\" content=\"https:\/\/instituciones.gtm.sld.cu\/hplrl\/biografia-luis-ramirez-lopez\/\" \/>\n<meta property=\"og:site_name\" content=\"Hospital Psiqui\u00e1trico \u201cLuis Ram\u00edrez L\u00f3pez\u201d\" \/>\n<meta property=\"article:modified_time\" content=\"2019-03-02T15:27:11+00:00\" \/>\n<meta property=\"og:image\" content=\"http:\/\/instituciones2.gtm.sld.cu\/hplrl\/wp-content\/uploads\/sites\/25\/2019\/03\/luis-ramirez-174x300.png\" \/>\n<meta name=\"twitter:card\" content=\"summary_large_image\" \/>\n<meta name=\"twitter:label1\" content=\"Tiempo de lectura\" \/>\n\t<meta name=\"twitter:data1\" content=\"2 minutos\" \/>\n<script type=\"application\/ld+json\" class=\"yoast-schema-graph\">{\"@context\":\"https:\/\/schema.org\",\"@graph\":[{\"@type\":\"WebPage\",\"@id\":\"https:\/\/instituciones.gtm.sld.cu\/hplrl\/biografia-luis-ramirez-lopez\/\",\"url\":\"https:\/\/instituciones.gtm.sld.cu\/hplrl\/biografia-luis-ramirez-lopez\/\",\"name\":\"Biograf\u00eda Luis Ram\u00edrez L\u00f3pez - Hospital Psiqui\u00e1trico \u201cLuis Ram\u00edrez L\u00f3pez\u201d\",\"isPartOf\":{\"@id\":\"https:\/\/instituciones.gtm.sld.cu\/hplrl\/#website\"},\"datePublished\":\"2019-03-02T14:48:20+00:00\",\"dateModified\":\"2019-03-02T15:27:11+00:00\",\"breadcrumb\":{\"@id\":\"https:\/\/instituciones.gtm.sld.cu\/hplrl\/biografia-luis-ramirez-lopez\/#breadcrumb\"},\"inLanguage\":\"es\",\"potentialAction\":[{\"@type\":\"ReadAction\",\"target\":[\"https:\/\/instituciones.gtm.sld.cu\/hplrl\/biografia-luis-ramirez-lopez\/\"]}]},{\"@type\":\"BreadcrumbList\",\"@id\":\"https:\/\/instituciones.gtm.sld.cu\/hplrl\/biografia-luis-ramirez-lopez\/#breadcrumb\",\"itemListElement\":[{\"@type\":\"ListItem\",\"position\":1,\"name\":\"Portada\",\"item\":\"https:\/\/instituciones.gtm.sld.cu\/hplrl\/\"},{\"@type\":\"ListItem\",\"position\":2,\"name\":\"Biograf\u00eda Luis Ram\u00edrez L\u00f3pez\"}]},{\"@type\":\"WebSite\",\"@id\":\"https:\/\/instituciones.gtm.sld.cu\/hplrl\/#website\",\"url\":\"https:\/\/instituciones.gtm.sld.cu\/hplrl\/\",\"name\":\"Hospital Psiqui\u00e1trico \u201cLuis Ram\u00edrez L\u00f3pez\u201d\",\"description\":\"Hospital Psiqui\u00e1trico \u201cLuis Ram\u00edrez L\u00f3pez\u201d\",\"potentialAction\":[{\"@type\":\"SearchAction\",\"target\":{\"@type\":\"EntryPoint\",\"urlTemplate\":\"https:\/\/instituciones.gtm.sld.cu\/hplrl\/?s={search_term_string}\"},\"query-input\":\"required name=search_term_string\"}],\"inLanguage\":\"es\"}]}<\/script>\n<!-- \/ Yoast SEO plugin. -->","yoast_head_json":{"title":"Biograf\u00eda Luis Ram\u00edrez L\u00f3pez - Hospital Psiqui\u00e1trico \u201cLuis Ram\u00edrez L\u00f3pez\u201d","robots":{"index":"index","follow":"follow","max-snippet":"max-snippet:-1","max-image-preview":"max-image-preview:large","max-video-preview":"max-video-preview:-1"},"canonical":"https:\/\/instituciones.gtm.sld.cu\/hplrl\/biografia-luis-ramirez-lopez\/","og_locale":"es_ES","og_type":"article","og_title":"Biograf\u00eda Luis Ram\u00edrez L\u00f3pez - Hospital Psiqui\u00e1trico \u201cLuis Ram\u00edrez L\u00f3pez\u201d","og_description":"S\u00edntesis biogr\u00e1fica Nacimiento Naci\u00f3 en Horno de Mojar\u00e1, Guisa, Bayamo, el 19 de mayo de 1944, del matrimonio formado por Miguel Ram\u00edrez e Idelisa L\u00f3pez, campesinos pobres. Estudios La realidad en que trascurri\u00f3 su infancia solo le permiti\u00f3 alcanzar el tercer grado de la ense\u00f1anza primaria. Incorporaci\u00f3n a la vida laboral y militar Laboraba como &hellip; Seguir leyendo","og_url":"https:\/\/instituciones.gtm.sld.cu\/hplrl\/biografia-luis-ramirez-lopez\/","og_site_name":"Hospital Psiqui\u00e1trico \u201cLuis Ram\u00edrez L\u00f3pez\u201d","article_modified_time":"2019-03-02T15:27:11+00:00","og_image":[{"url":"http:\/\/instituciones2.gtm.sld.cu\/hplrl\/wp-content\/uploads\/sites\/25\/2019\/03\/luis-ramirez-174x300.png"}],"twitter_card":"summary_large_image","twitter_misc":{"Tiempo de lectura":"2 minutos"},"schema":{"@context":"https:\/\/schema.org","@graph":[{"@type":"WebPage","@id":"https:\/\/instituciones.gtm.sld.cu\/hplrl\/biografia-luis-ramirez-lopez\/","url":"https:\/\/instituciones.gtm.sld.cu\/hplrl\/biografia-luis-ramirez-lopez\/","name":"Biograf\u00eda Luis Ram\u00edrez L\u00f3pez - Hospital Psiqui\u00e1trico \u201cLuis Ram\u00edrez L\u00f3pez\u201d","isPartOf":{"@id":"https:\/\/instituciones.gtm.sld.cu\/hplrl\/#website"},"datePublished":"2019-03-02T14:48:20+00:00","dateModified":"2019-03-02T15:27:11+00:00","breadcrumb":{"@id":"https:\/\/instituciones.gtm.sld.cu\/hplrl\/biografia-luis-ramirez-lopez\/#breadcrumb"},"inLanguage":"es","potentialAction":[{"@type":"ReadAction","target":["https:\/\/instituciones.gtm.sld.cu\/hplrl\/biografia-luis-ramirez-lopez\/"]}]},{"@type":"BreadcrumbList","@id":"https:\/\/instituciones.gtm.sld.cu\/hplrl\/biografia-luis-ramirez-lopez\/#breadcrumb","itemListElement":[{"@type":"ListItem","position":1,"name":"Portada","item":"https:\/\/instituciones.gtm.sld.cu\/hplrl\/"},{"@type":"ListItem","position":2,"name":"Biograf\u00eda Luis Ram\u00edrez L\u00f3pez"}]},{"@type":"WebSite","@id":"https:\/\/instituciones.gtm.sld.cu\/hplrl\/#website","url":"https:\/\/instituciones.gtm.sld.cu\/hplrl\/","name":"Hospital Psiqui\u00e1trico \u201cLuis Ram\u00edrez L\u00f3pez\u201d","description":"Hospital Psiqui\u00e1trico \u201cLuis Ram\u00edrez L\u00f3pez\u201d","potentialAction":[{"@type":"SearchAction","target":{"@type":"EntryPoint","urlTemplate":"https:\/\/instituciones.gtm.sld.cu\/hplrl\/?s={search_term_string}"},"query-input":"required name=search_term_string"}],"inLanguage":"es"}]}},"_links":{"self":[{"href":"https:\/\/instituciones.gtm.sld.cu\/hplrl\/wp-json\/wp\/v2\/pages\/86"}],"collection":[{"href":"https:\/\/instituciones.gtm.sld.cu\/hplrl\/wp-json\/wp\/v2\/pages"}],"about":[{"href":"https:\/\/instituciones.gtm.sld.cu\/hplrl\/wp-json\/wp\/v2\/types\/page"}],"author":[{"embeddable":true,"href":"https:\/\/instituciones.gtm.sld.cu\/hplrl\/wp-json\/wp\/v2\/users\/35"}],"replies":[{"embeddable":true,"href":"https:\/\/instituciones.gtm.sld.cu\/hplrl\/wp-json\/wp\/v2\/comments?post=86"}],"version-history":[{"count":0,"href":"https:\/\/instituciones.gtm.sld.cu\/hplrl\/wp-json\/wp\/v2\/pages\/86\/revisions"}],"wp:attachment":[{"href":"https:\/\/instituciones.gtm.sld.cu\/hplrl\/wp-json\/wp\/v2\/media?parent=86"}],"curies":[{"name":"wp","href":"https:\/\/api.w.org\/{rel}","templated":true}]}}