{"id":2004,"date":"2019-10-07T15:24:44","date_gmt":"2019-10-07T15:24:44","guid":{"rendered":"https:\/\/instituciones.gtm.sld.cu\/hppap\/?page_id=2004"},"modified":"2024-05-15T14:20:55","modified_gmt":"2024-05-15T14:20:55","slug":"consejo-de-direccion","status":"publish","type":"page","link":"https:\/\/instituciones.gtm.sld.cu\/hppap\/consejo-de-direccion\/","title":{"rendered":"Consejo de Direcci\u00f3n"},"content":{"rendered":"\r\n<p><strong>Miembros&nbsp; del&nbsp; Consejo De&nbsp; Direcci\u00f3n<\/strong><\/p>\r\n\r\n\r\n\r\n<table class=\"wp-block-table has-subtle-pale-blue-background-color has-background is-style-stripes\" style=\"width: 100%;height: 769px\">\r\n<tbody>\r\n<tr style=\"height: 62px\">\r\n<td style=\"width: 28.5333%;height: 62px\">MIEMBROS PERMANENTES<\/td>\r\n<td style=\"width: 32.1333%;height: 62px\">&nbsp;<\/td>\r\n<td style=\"width: 27.0667%;height: 62px\">&nbsp;<\/td>\r\n<td style=\"width: 12.1333%;height: 62px\">&nbsp;<\/td>\r\n<\/tr>\r\n<tr style=\"height: 39px\">\r\n<td style=\"width: 28.5333%;height: 39px\">Nombres y Apellidos<\/td>\r\n<td style=\"width: 32.1333%;height: 39px\">Cargo<\/td>\r\n<td style=\"width: 27.0667%;height: 39px\">Correo<\/td>\r\n<td style=\"width: 12.1333%;height: 39px\">Contacto<\/td>\r\n<\/tr>\r\n<tr style=\"height: 39px\">\r\n<td style=\"width: 28.5333%;height: 39px\">Dr. Francisco Marsill\u00ed Faure<\/td>\r\n<td style=\"width: 32.1333%;height: 39px\">Director<\/td>\r\n<td style=\"width: 27.0667%;height: 39px\">fmarsilli@ infomed.sld.cu<\/td>\r\n<td style=\"width: 12.1333%;height: 39px\">21357158<\/td>\r\n<\/tr>\r\n<tr style=\"height: 39px\">\r\n<td style=\"width: 28.5333%;height: 39px\">Dr Secundino Ortega F\u00e9lix<\/td>\r\n<td style=\"width: 32.1333%;height: 39px\">Subdirector Asistencia M\u00e9dica<\/td>\r\n<td style=\"width: 27.0667%;height: 39px\">secundino@infomed.sld.cu<\/td>\r\n<td style=\"width: 12.1333%;height: 39px\">21357104<\/td>\r\n<\/tr>\r\n<tr style=\"height: 62px\">\r\n<td style=\"width: 28.5333%;height: 62px\">Dra. Leonel Brugal Eliz\u00e1stigui<\/td>\r\n<td style=\"width: 32.1333%;height: 62px\">Subdirector Aseguramiento M\u00e9dico<\/td>\r\n<td style=\"width: 27.0667%;height: 62px\">&nbsp;<\/td>\r\n<td style=\"width: 12.1333%;height: 62px\">21357160<\/td>\r\n<\/tr>\r\n<tr style=\"height: 39px\">\r\n<td style=\"width: 28.5333%;height: 39px\">Lic Pavel P\u00e9rez Nelson<\/td>\r\n<td style=\"width: 32.1333%;height: 39px\">Subdirector Administrativo<\/td>\r\n<td style=\"width: 27.0667%;height: 39px\">&nbsp;<\/td>\r\n<td style=\"width: 12.1333%;height: 39px\">21357107<\/td>\r\n<\/tr>\r\n<tr style=\"height: 62px\">\r\n<td style=\"width: 28.5333%;height: 62px\">Lic. Maryelis Espinoza Abreu<\/td>\r\n<td style=\"width: 32.1333%;height: 62px\">Especialista de Cuadros<\/td>\r\n<td style=\"width: 27.0667%;height: 62px\">&nbsp;<\/td>\r\n<td style=\"width: 12.1333%;height: 62px\">21357159<\/td>\r\n<\/tr>\r\n<tr style=\"height: 39px\">\r\n<td style=\"width: 28.5333%;height: 39px\">&nbsp;<\/td>\r\n<td style=\"width: 32.1333%;height: 39px\">&nbsp;<\/td>\r\n<td style=\"width: 27.0667%;height: 39px\">&nbsp;<\/td>\r\n<td style=\"width: 12.1333%;height: 39px\">&nbsp;<\/td>\r\n<\/tr>\r\n<tr style=\"height: 62px\">\r\n<td style=\"width: 28.5333%;height: 62px\">Tec. Pablo Romero Ram\u00edrez<\/td>\r\n<td style=\"width: 32.1333%;height: 62px\">T\u00e9c Protecci\u00f3n Seguridad y Defensa<\/td>\r\n<td style=\"width: 27.0667%;height: 62px\">&nbsp;<\/td>\r\n<td style=\"width: 12.1333%;height: 62px\">&nbsp;<\/td>\r\n<\/tr>\r\n<tr style=\"height: 62px\">\r\n<td style=\"width: 28.5333%;height: 62px\">Dra. Limnet Crem\u00e9 Lambert<\/td>\r\n<td style=\"width: 32.1333%;height: 62px\">J\u00b4Dpto. &nbsp;Docencia e Investigaci\u00f3n<\/td>\r\n<td style=\"width: 27.0667%;height: 62px\">limnetcl@infomed.sld.cu<\/td>\r\n<td style=\"width: 12.1333%;height: 62px\">21357195<\/td>\r\n<\/tr>\r\n<tr style=\"height: 39px\">\r\n<td style=\"width: 28.5333%;height: 39px\">Lic. Ileisis Aguilar Mej\u00edas<\/td>\r\n<td style=\"width: 32.1333%;height: 39px\">J\u00b4de Dpto. de Enfermer\u00eda<\/td>\r\n<td style=\"width: 27.0667%;height: 39px\">niurdys@infomed.sld.cu<\/td>\r\n<td style=\"width: 12.1333%;height: 39px\">21357153<\/td>\r\n<\/tr>\r\n<tr style=\"height: 62px\">\r\n<td style=\"width: 28.5333%;height: 62px\">INVITADOS PERMANENTES<\/td>\r\n<td style=\"width: 32.1333%;height: 62px\">&nbsp;<\/td>\r\n<td style=\"width: 27.0667%;height: 62px\">&nbsp;<\/td>\r\n<td style=\"width: 12.1333%;height: 62px\">&nbsp;<\/td>\r\n<\/tr>\r\n<tr style=\"height: 62px\">\r\n<td style=\"width: 28.5333%;height: 62px\">Lic. Nancy Calzado Mena&nbsp;&nbsp;&nbsp;&nbsp;&nbsp; &nbsp;&nbsp;&nbsp;&nbsp;&nbsp;&nbsp;&nbsp;<\/td>\r\n<td style=\"width: 32.1333%;height: 62px\">Secretaria del Comit\u00e9 del Partido<\/td>\r\n<td style=\"width: 27.0667%;height: 62px\">ncalzado@infomed.sld.cu<\/td>\r\n<td style=\"width: 12.1333%;height: 62px\">&nbsp;<\/td>\r\n<\/tr>\r\n<tr style=\"height: 62px\">\r\n<td style=\"width: 28.5333%;height: 62px\">Lic. Amalia Barcelay Planche<\/td>\r\n<td style=\"width: 32.1333%;height: 62px\">Secretaria del Bur\u00f3 Sindical<\/td>\r\n<td style=\"width: 27.0667%;height: 62px\">abarcelay@infomed.sld.cu<\/td>\r\n<td style=\"width: 12.1333%;height: 62px\">&nbsp;<\/td>\r\n<\/tr>\r\n<tr style=\"height: 39px\">\r\n<td style=\"width: 28.5333%;height: 39px\">Lic. Limnet Estrada Ram\u00edrez<\/td>\r\n<td style=\"width: 32.1333%;height: 39px\">Secretaria del Comit\u00e9 UJC<\/td>\r\n<td style=\"width: 27.0667%;height: 39px\">&nbsp;<\/td>\r\n<td style=\"width: 12.1333%;height: 39px\">&nbsp;<\/td>\r\n<\/tr>\r\n<\/tbody>\r\n<\/table>\r\n\r\n\r\n\r\n<p>&nbsp;<\/p>\r\n","protected":false},"excerpt":{"rendered":"<p>Miembros&nbsp; del&nbsp; Consejo De&nbsp; Direcci\u00f3n MIEMBROS PERMANENTES &nbsp; &nbsp; &nbsp; Nombres y Apellidos Cargo Correo Contacto Dr. Francisco Marsill\u00ed Faure Director fmarsilli@ infomed.sld.cu 21357158 Dr Secundino Ortega F\u00e9lix Subdirector Asistencia M\u00e9dica secundino@infomed.sld.cu 21357104 Dra. Leonel Brugal Eliz\u00e1stigui Subdirector Aseguramiento M\u00e9dico &nbsp; 21357160 Lic Pavel P\u00e9rez Nelson Subdirector Administrativo &nbsp; 21357107 Lic. Maryelis Espinoza Abreu Especialista &hellip; <\/p>\n<p><a class=\"more-link btn\" href=\"https:\/\/instituciones.gtm.sld.cu\/hppap\/consejo-de-direccion\/\">Seguir leyendo<\/a><\/p>\n","protected":false},"author":96,"featured_media":0,"parent":0,"menu_order":0,"comment_status":"closed","ping_status":"closed","template":"","meta":{"ngg_post_thumbnail":0,"_mc_calendar":[]},"yoast_head":"<!-- This site is optimized with the Yoast SEO plugin v21.8 - https:\/\/yoast.com\/wordpress\/plugins\/seo\/ -->\n<title>Consejo de Direcci\u00f3n - Hospital Pedi\u00e1trico &quot;Pedro Agust\u00edn P\u00e9rez&quot;<\/title>\n<meta name=\"robots\" content=\"index, follow, max-snippet:-1, max-image-preview:large, max-video-preview:-1\" \/>\n<link rel=\"canonical\" href=\"https:\/\/instituciones.gtm.sld.cu\/hppap\/consejo-de-direccion\/\" \/>\n<meta property=\"og:locale\" content=\"es_ES\" \/>\n<meta property=\"og:type\" content=\"article\" \/>\n<meta property=\"og:title\" content=\"Consejo de Direcci\u00f3n - Hospital Pedi\u00e1trico &quot;Pedro Agust\u00edn P\u00e9rez&quot;\" \/>\n<meta property=\"og:description\" content=\"Miembros&nbsp; del&nbsp; Consejo De&nbsp; Direcci\u00f3n MIEMBROS PERMANENTES &nbsp; &nbsp; &nbsp; Nombres y Apellidos Cargo Correo Contacto Dr. Francisco Marsill\u00ed Faure Director fmarsilli@ infomed.sld.cu 21357158 Dr Secundino Ortega F\u00e9lix Subdirector Asistencia M\u00e9dica secundino@infomed.sld.cu 21357104 Dra. Leonel Brugal Eliz\u00e1stigui Subdirector Aseguramiento M\u00e9dico &nbsp; 21357160 Lic Pavel P\u00e9rez Nelson Subdirector Administrativo &nbsp; 21357107 Lic. Maryelis Espinoza Abreu Especialista &hellip; Seguir leyendo\" \/>\n<meta property=\"og:url\" content=\"https:\/\/instituciones.gtm.sld.cu\/hppap\/consejo-de-direccion\/\" \/>\n<meta property=\"og:site_name\" content=\"Hospital Pedi\u00e1trico &quot;Pedro Agust\u00edn P\u00e9rez&quot;\" \/>\n<meta property=\"article:modified_time\" content=\"2024-05-15T14:20:55+00:00\" \/>\n<meta name=\"twitter:card\" content=\"summary_large_image\" \/>\n<meta name=\"twitter:label1\" content=\"Tiempo de lectura\" \/>\n\t<meta name=\"twitter:data1\" content=\"1 minuto\" \/>\n<script type=\"application\/ld+json\" class=\"yoast-schema-graph\">{\"@context\":\"https:\/\/schema.org\",\"@graph\":[{\"@type\":\"WebPage\",\"@id\":\"https:\/\/instituciones.gtm.sld.cu\/hppap\/consejo-de-direccion\/\",\"url\":\"https:\/\/instituciones.gtm.sld.cu\/hppap\/consejo-de-direccion\/\",\"name\":\"Consejo de Direcci\u00f3n - Hospital Pedi\u00e1trico &quot;Pedro Agust\u00edn P\u00e9rez&quot;\",\"isPartOf\":{\"@id\":\"https:\/\/instituciones.gtm.sld.cu\/hppap\/#website\"},\"datePublished\":\"2019-10-07T15:24:44+00:00\",\"dateModified\":\"2024-05-15T14:20:55+00:00\",\"breadcrumb\":{\"@id\":\"https:\/\/instituciones.gtm.sld.cu\/hppap\/consejo-de-direccion\/#breadcrumb\"},\"inLanguage\":\"es\",\"potentialAction\":[{\"@type\":\"ReadAction\",\"target\":[\"https:\/\/instituciones.gtm.sld.cu\/hppap\/consejo-de-direccion\/\"]}]},{\"@type\":\"BreadcrumbList\",\"@id\":\"https:\/\/instituciones.gtm.sld.cu\/hppap\/consejo-de-direccion\/#breadcrumb\",\"itemListElement\":[{\"@type\":\"ListItem\",\"position\":1,\"name\":\"Inicio\",\"item\":\"https:\/\/instituciones.gtm.sld.cu\/hppap\/\"},{\"@type\":\"ListItem\",\"position\":2,\"name\":\"Consejo de Direcci\u00f3n\"}]},{\"@type\":\"WebSite\",\"@id\":\"https:\/\/instituciones.gtm.sld.cu\/hppap\/#website\",\"url\":\"https:\/\/instituciones.gtm.sld.cu\/hppap\/\",\"name\":\"Hospital Pedi\u00e1trico \\\"Pedro Agust\u00edn P\u00e9rez\\\"\",\"description\":\"\",\"publisher\":{\"@id\":\"https:\/\/instituciones.gtm.sld.cu\/hppap\/#organization\"},\"potentialAction\":[{\"@type\":\"SearchAction\",\"target\":{\"@type\":\"EntryPoint\",\"urlTemplate\":\"https:\/\/instituciones.gtm.sld.cu\/hppap\/?s={search_term_string}\"},\"query-input\":\"required name=search_term_string\"}],\"inLanguage\":\"es\"},{\"@type\":\"Organization\",\"@id\":\"https:\/\/instituciones.gtm.sld.cu\/hppap\/#organization\",\"name\":\"Hospital Pedi\u00e1trico \\\"Pedro Agust\u00edn P\u00e9rez\\\"\",\"url\":\"https:\/\/instituciones.gtm.sld.cu\/hppap\/\",\"logo\":{\"@type\":\"ImageObject\",\"inLanguage\":\"es\",\"@id\":\"https:\/\/instituciones.gtm.sld.cu\/hppap\/#\/schema\/logo\/image\/\",\"url\":\"https:\/\/instituciones.gtm.sld.cu\/hppap\/wp-content\/uploads\/sites\/37\/2024\/05\/299145640_582996300017682_8206920265837739482_n-1.jpg\",\"contentUrl\":\"https:\/\/instituciones.gtm.sld.cu\/hppap\/wp-content\/uploads\/sites\/37\/2024\/05\/299145640_582996300017682_8206920265837739482_n-1.jpg\",\"width\":960,\"height\":479,\"caption\":\"Hospital Pedi\u00e1trico \\\"Pedro Agust\u00edn P\u00e9rez\\\"\"},\"image\":{\"@id\":\"https:\/\/instituciones.gtm.sld.cu\/hppap\/#\/schema\/logo\/image\/\"}}]}<\/script>\n<!-- \/ Yoast SEO plugin. -->","yoast_head_json":{"title":"Consejo de Direcci\u00f3n - Hospital Pedi\u00e1trico &quot;Pedro Agust\u00edn P\u00e9rez&quot;","robots":{"index":"index","follow":"follow","max-snippet":"max-snippet:-1","max-image-preview":"max-image-preview:large","max-video-preview":"max-video-preview:-1"},"canonical":"https:\/\/instituciones.gtm.sld.cu\/hppap\/consejo-de-direccion\/","og_locale":"es_ES","og_type":"article","og_title":"Consejo de Direcci\u00f3n - Hospital Pedi\u00e1trico &quot;Pedro Agust\u00edn P\u00e9rez&quot;","og_description":"Miembros&nbsp; del&nbsp; Consejo De&nbsp; Direcci\u00f3n MIEMBROS PERMANENTES &nbsp; &nbsp; &nbsp; Nombres y Apellidos Cargo Correo Contacto Dr. Francisco Marsill\u00ed Faure Director fmarsilli@ infomed.sld.cu 21357158 Dr Secundino Ortega F\u00e9lix Subdirector Asistencia M\u00e9dica secundino@infomed.sld.cu 21357104 Dra. Leonel Brugal Eliz\u00e1stigui Subdirector Aseguramiento M\u00e9dico &nbsp; 21357160 Lic Pavel P\u00e9rez Nelson Subdirector Administrativo &nbsp; 21357107 Lic. Maryelis Espinoza Abreu Especialista &hellip; Seguir leyendo","og_url":"https:\/\/instituciones.gtm.sld.cu\/hppap\/consejo-de-direccion\/","og_site_name":"Hospital Pedi\u00e1trico &quot;Pedro Agust\u00edn P\u00e9rez&quot;","article_modified_time":"2024-05-15T14:20:55+00:00","twitter_card":"summary_large_image","twitter_misc":{"Tiempo de lectura":"1 minuto"},"schema":{"@context":"https:\/\/schema.org","@graph":[{"@type":"WebPage","@id":"https:\/\/instituciones.gtm.sld.cu\/hppap\/consejo-de-direccion\/","url":"https:\/\/instituciones.gtm.sld.cu\/hppap\/consejo-de-direccion\/","name":"Consejo de Direcci\u00f3n - Hospital Pedi\u00e1trico &quot;Pedro Agust\u00edn P\u00e9rez&quot;","isPartOf":{"@id":"https:\/\/instituciones.gtm.sld.cu\/hppap\/#website"},"datePublished":"2019-10-07T15:24:44+00:00","dateModified":"2024-05-15T14:20:55+00:00","breadcrumb":{"@id":"https:\/\/instituciones.gtm.sld.cu\/hppap\/consejo-de-direccion\/#breadcrumb"},"inLanguage":"es","potentialAction":[{"@type":"ReadAction","target":["https:\/\/instituciones.gtm.sld.cu\/hppap\/consejo-de-direccion\/"]}]},{"@type":"BreadcrumbList","@id":"https:\/\/instituciones.gtm.sld.cu\/hppap\/consejo-de-direccion\/#breadcrumb","itemListElement":[{"@type":"ListItem","position":1,"name":"Inicio","item":"https:\/\/instituciones.gtm.sld.cu\/hppap\/"},{"@type":"ListItem","position":2,"name":"Consejo de Direcci\u00f3n"}]},{"@type":"WebSite","@id":"https:\/\/instituciones.gtm.sld.cu\/hppap\/#website","url":"https:\/\/instituciones.gtm.sld.cu\/hppap\/","name":"Hospital Pedi\u00e1trico \"Pedro Agust\u00edn P\u00e9rez\"","description":"","publisher":{"@id":"https:\/\/instituciones.gtm.sld.cu\/hppap\/#organization"},"potentialAction":[{"@type":"SearchAction","target":{"@type":"EntryPoint","urlTemplate":"https:\/\/instituciones.gtm.sld.cu\/hppap\/?s={search_term_string}"},"query-input":"required name=search_term_string"}],"inLanguage":"es"},{"@type":"Organization","@id":"https:\/\/instituciones.gtm.sld.cu\/hppap\/#organization","name":"Hospital Pedi\u00e1trico \"Pedro Agust\u00edn P\u00e9rez\"","url":"https:\/\/instituciones.gtm.sld.cu\/hppap\/","logo":{"@type":"ImageObject","inLanguage":"es","@id":"https:\/\/instituciones.gtm.sld.cu\/hppap\/#\/schema\/logo\/image\/","url":"https:\/\/instituciones.gtm.sld.cu\/hppap\/wp-content\/uploads\/sites\/37\/2024\/05\/299145640_582996300017682_8206920265837739482_n-1.jpg","contentUrl":"https:\/\/instituciones.gtm.sld.cu\/hppap\/wp-content\/uploads\/sites\/37\/2024\/05\/299145640_582996300017682_8206920265837739482_n-1.jpg","width":960,"height":479,"caption":"Hospital Pedi\u00e1trico \"Pedro Agust\u00edn P\u00e9rez\""},"image":{"@id":"https:\/\/instituciones.gtm.sld.cu\/hppap\/#\/schema\/logo\/image\/"}}]}},"_links":{"self":[{"href":"https:\/\/instituciones.gtm.sld.cu\/hppap\/wp-json\/wp\/v2\/pages\/2004"}],"collection":[{"href":"https:\/\/instituciones.gtm.sld.cu\/hppap\/wp-json\/wp\/v2\/pages"}],"about":[{"href":"https:\/\/instituciones.gtm.sld.cu\/hppap\/wp-json\/wp\/v2\/types\/page"}],"author":[{"embeddable":true,"href":"https:\/\/instituciones.gtm.sld.cu\/hppap\/wp-json\/wp\/v2\/users\/96"}],"replies":[{"embeddable":true,"href":"https:\/\/instituciones.gtm.sld.cu\/hppap\/wp-json\/wp\/v2\/comments?post=2004"}],"version-history":[{"count":10,"href":"https:\/\/instituciones.gtm.sld.cu\/hppap\/wp-json\/wp\/v2\/pages\/2004\/revisions"}],"predecessor-version":[{"id":3680,"href":"https:\/\/instituciones.gtm.sld.cu\/hppap\/wp-json\/wp\/v2\/pages\/2004\/revisions\/3680"}],"wp:attachment":[{"href":"https:\/\/instituciones.gtm.sld.cu\/hppap\/wp-json\/wp\/v2\/media?parent=2004"}],"curies":[{"name":"wp","href":"https:\/\/api.w.org\/{rel}","templated":true}]}}