{"id":2021,"date":"2019-10-07T12:13:17","date_gmt":"2019-10-07T12:13:17","guid":{"rendered":"https:\/\/instituciones.gtm.sld.cu\/hppap\/?page_id=2021"},"modified":"2024-05-16T17:05:57","modified_gmt":"2024-05-16T17:05:57","slug":"comision-etica-medica","status":"publish","type":"page","link":"https:\/\/instituciones.gtm.sld.cu\/hppap\/comision-etica-medica\/","title":{"rendered":"Comisi\u00f3n \u00c9tica M\u00e9dica"},"content":{"rendered":"\r\n<p><strong>Las funciones de la Comisiones de \u00c9tica M\u00e9dica son:<\/strong><\/p>\r\n\r\n\r\n\r\n<ol>\r\n<li style=\"text-align: justify\">Participar de forma activa y programada, en la educaci\u00f3n moral en el campo de la salud que se realiza sistem\u00e1ticamente con profesionales t\u00e9cnicos y estudiantes del sector cuyo contenido est\u00e1 recogido en los Principios de la \u00c9tica M\u00e9dica.<\/li>\r\n<li style=\"text-align: justify\">Realizar evaluaciones peri\u00f3dicas, en coordinaci\u00f3n con la direcci\u00f3n del centro o del territorio, del estado de la educaci\u00f3n \u00e9tica en su radio de acci\u00f3n, identificando los principales problemas que existen en este sentido y proponiendo medidas para su soluci\u00f3n.<\/li>\r\n<li style=\"text-align: justify\">Asesorar aportando elementos de juicio, en las decisiones \u00e9ticas de la pr\u00e1ctica asistencial, cuando se solicite por el Director del Centro, el m\u00e9dico de asistencia o el colectivo correspondiente, en particular en aquellos casos en que por sus caracter\u00edsticas se considere que hay problemas de car\u00e1cter moral.<\/li>\r\n<li style=\"text-align: justify\">Dictaminar, cuando se le solicite, sobre la presunta violaci\u00f3n de los Principios de la \u00c9tica M\u00e9dica establecida, especialmente en casos de error profesional o \u00a8mala praxis\u00a8. Esta funci\u00f3n solo faculta a las Comisiones para emitir criterios sobre s\u00ed ha ocurrido o no violaci\u00f3n de algunos de estos principios, absteni\u00e9ndose de sugerir cualquier tipo de medida, papel que le corresponde a las direcciones institucionales, seg\u00fan las disposiciones legales establecidas, por tanto como regla no debe considerarse como un paso previo a la adopci\u00f3n de otras medidas que el hecho cometido requiera.<\/li>\r\n<li style=\"text-align: justify\">Adoptar en todo momento y durante la tramitaci\u00f3n y soluci\u00f3n de los expedientes, la mayor celeridad en el proceso sin afectar la calidad del mismo.<\/li>\r\n<\/ol>\r\n\r\n\r\n\r\n<p><strong>Miembros de la comisi\u00f3n<\/strong><\/p>\r\n\r\n\r\n\r\n<table class=\"wp-block-table\">\r\n<tbody>\r\n<tr>\r\n<td><strong>No.<\/strong><\/td>\r\n<td><strong>Nombres y Apellidos<\/strong><\/td>\r\n<td><strong>Cargo en la Comisi\u00f3n.<\/strong><\/td>\r\n<\/tr>\r\n<tr>\r\n<td>1.<\/td>\r\n<td>Dra. Sureya Matos Guibert &nbsp;&nbsp;&nbsp;&nbsp;&nbsp;&nbsp;&nbsp;&nbsp;<\/td>\r\n<td>Presidente<\/td>\r\n<\/tr>\r\n<tr>\r\n<td>2.<\/td>\r\n<td>Lic. Miguelina Brooks Rev\u00e9<\/td>\r\n<td>Secretaria<\/td>\r\n<\/tr>\r\n<tr>\r\n<td>3.<\/td>\r\n<td>Lic. Magali&nbsp; Duvergel Rodr\u00edguez &nbsp;&nbsp;&nbsp;&nbsp;&nbsp;&nbsp;&nbsp;&nbsp;&nbsp;&nbsp;&nbsp;&nbsp;&nbsp;<\/td>\r\n<td>Miembro<\/td>\r\n<\/tr>\r\n<tr>\r\n<td>4.<\/td>\r\n<td>Dra. Lourdes Soto Acosta<\/td>\r\n<td>Miembro<\/td>\r\n<\/tr>\r\n<tr>\r\n<td>5.<\/td>\r\n<td>Lic. Jorge F\u00e9lix Zulueta<\/td>\r\n<td>Miembro<\/td>\r\n<\/tr>\r\n<tr>\r\n<td>6.<\/td>\r\n<td>Dra. Yannara Fern\u00e1ndez Castellanos<\/td>\r\n<td>Miembro<\/td>\r\n<\/tr>\r\n<tr>\r\n<td>7.<\/td>\r\n<td>Lic.Leonor Brown Jacobo<\/td>\r\n<td>Miembro<\/td>\r\n<\/tr>\r\n<tr>\r\n<td>&nbsp;<\/td>\r\n<td>&nbsp;<\/td>\r\n<td>&nbsp;<\/td>\r\n<\/tr>\r\n<\/tbody>\r\n<\/table>\r\n","protected":false},"excerpt":{"rendered":"<p>Las funciones de la Comisiones de \u00c9tica M\u00e9dica son: Participar de forma activa y programada, en la educaci\u00f3n moral en el campo de la salud que se realiza sistem\u00e1ticamente con profesionales t\u00e9cnicos y estudiantes del sector cuyo contenido est\u00e1 recogido en los Principios de la \u00c9tica M\u00e9dica. Realizar evaluaciones peri\u00f3dicas, en coordinaci\u00f3n con la direcci\u00f3n &hellip; <\/p>\n<p><a class=\"more-link btn\" href=\"https:\/\/instituciones.gtm.sld.cu\/hppap\/comision-etica-medica\/\">Seguir leyendo<\/a><\/p>\n","protected":false},"author":96,"featured_media":0,"parent":0,"menu_order":0,"comment_status":"closed","ping_status":"closed","template":"","meta":{"ngg_post_thumbnail":0,"_mc_calendar":[]},"yoast_head":"<!-- This site is optimized with the Yoast SEO plugin v21.8 - https:\/\/yoast.com\/wordpress\/plugins\/seo\/ -->\n<title>Comisi\u00f3n \u00c9tica M\u00e9dica - Hospital Pedi\u00e1trico &quot;Pedro Agust\u00edn P\u00e9rez&quot;<\/title>\n<meta name=\"robots\" content=\"index, follow, max-snippet:-1, max-image-preview:large, max-video-preview:-1\" \/>\n<link rel=\"canonical\" href=\"https:\/\/instituciones.gtm.sld.cu\/hppap\/comision-etica-medica\/\" \/>\n<meta property=\"og:locale\" content=\"es_ES\" \/>\n<meta property=\"og:type\" content=\"article\" \/>\n<meta property=\"og:title\" content=\"Comisi\u00f3n \u00c9tica M\u00e9dica - Hospital Pedi\u00e1trico &quot;Pedro Agust\u00edn P\u00e9rez&quot;\" \/>\n<meta property=\"og:description\" content=\"Las funciones de la Comisiones de \u00c9tica M\u00e9dica son: Participar de forma activa y programada, en la educaci\u00f3n moral en el campo de la salud que se realiza sistem\u00e1ticamente con profesionales t\u00e9cnicos y estudiantes del sector cuyo contenido est\u00e1 recogido en los Principios de la \u00c9tica M\u00e9dica. Realizar evaluaciones peri\u00f3dicas, en coordinaci\u00f3n con la direcci\u00f3n &hellip; Seguir leyendo\" \/>\n<meta property=\"og:url\" content=\"https:\/\/instituciones.gtm.sld.cu\/hppap\/comision-etica-medica\/\" \/>\n<meta property=\"og:site_name\" content=\"Hospital Pedi\u00e1trico &quot;Pedro Agust\u00edn P\u00e9rez&quot;\" \/>\n<meta property=\"article:modified_time\" content=\"2024-05-16T17:05:57+00:00\" \/>\n<meta name=\"twitter:card\" content=\"summary_large_image\" \/>\n<meta name=\"twitter:label1\" content=\"Tiempo de lectura\" \/>\n\t<meta name=\"twitter:data1\" content=\"2 minutos\" \/>\n<script type=\"application\/ld+json\" class=\"yoast-schema-graph\">{\"@context\":\"https:\/\/schema.org\",\"@graph\":[{\"@type\":\"WebPage\",\"@id\":\"https:\/\/instituciones.gtm.sld.cu\/hppap\/comision-etica-medica\/\",\"url\":\"https:\/\/instituciones.gtm.sld.cu\/hppap\/comision-etica-medica\/\",\"name\":\"Comisi\u00f3n \u00c9tica M\u00e9dica - Hospital Pedi\u00e1trico &quot;Pedro Agust\u00edn P\u00e9rez&quot;\",\"isPartOf\":{\"@id\":\"https:\/\/instituciones.gtm.sld.cu\/hppap\/#website\"},\"datePublished\":\"2019-10-07T12:13:17+00:00\",\"dateModified\":\"2024-05-16T17:05:57+00:00\",\"breadcrumb\":{\"@id\":\"https:\/\/instituciones.gtm.sld.cu\/hppap\/comision-etica-medica\/#breadcrumb\"},\"inLanguage\":\"es\",\"potentialAction\":[{\"@type\":\"ReadAction\",\"target\":[\"https:\/\/instituciones.gtm.sld.cu\/hppap\/comision-etica-medica\/\"]}]},{\"@type\":\"BreadcrumbList\",\"@id\":\"https:\/\/instituciones.gtm.sld.cu\/hppap\/comision-etica-medica\/#breadcrumb\",\"itemListElement\":[{\"@type\":\"ListItem\",\"position\":1,\"name\":\"Inicio\",\"item\":\"https:\/\/instituciones.gtm.sld.cu\/hppap\/\"},{\"@type\":\"ListItem\",\"position\":2,\"name\":\"Comisi\u00f3n \u00c9tica M\u00e9dica\"}]},{\"@type\":\"WebSite\",\"@id\":\"https:\/\/instituciones.gtm.sld.cu\/hppap\/#website\",\"url\":\"https:\/\/instituciones.gtm.sld.cu\/hppap\/\",\"name\":\"Hospital Pedi\u00e1trico \\\"Pedro Agust\u00edn P\u00e9rez\\\"\",\"description\":\"\",\"publisher\":{\"@id\":\"https:\/\/instituciones.gtm.sld.cu\/hppap\/#organization\"},\"potentialAction\":[{\"@type\":\"SearchAction\",\"target\":{\"@type\":\"EntryPoint\",\"urlTemplate\":\"https:\/\/instituciones.gtm.sld.cu\/hppap\/?s={search_term_string}\"},\"query-input\":\"required name=search_term_string\"}],\"inLanguage\":\"es\"},{\"@type\":\"Organization\",\"@id\":\"https:\/\/instituciones.gtm.sld.cu\/hppap\/#organization\",\"name\":\"Hospital Pedi\u00e1trico \\\"Pedro Agust\u00edn P\u00e9rez\\\"\",\"url\":\"https:\/\/instituciones.gtm.sld.cu\/hppap\/\",\"logo\":{\"@type\":\"ImageObject\",\"inLanguage\":\"es\",\"@id\":\"https:\/\/instituciones.gtm.sld.cu\/hppap\/#\/schema\/logo\/image\/\",\"url\":\"https:\/\/instituciones.gtm.sld.cu\/hppap\/wp-content\/uploads\/sites\/37\/2024\/05\/299145640_582996300017682_8206920265837739482_n-1.jpg\",\"contentUrl\":\"https:\/\/instituciones.gtm.sld.cu\/hppap\/wp-content\/uploads\/sites\/37\/2024\/05\/299145640_582996300017682_8206920265837739482_n-1.jpg\",\"width\":960,\"height\":479,\"caption\":\"Hospital Pedi\u00e1trico \\\"Pedro Agust\u00edn P\u00e9rez\\\"\"},\"image\":{\"@id\":\"https:\/\/instituciones.gtm.sld.cu\/hppap\/#\/schema\/logo\/image\/\"}}]}<\/script>\n<!-- \/ Yoast SEO plugin. -->","yoast_head_json":{"title":"Comisi\u00f3n \u00c9tica M\u00e9dica - Hospital Pedi\u00e1trico &quot;Pedro Agust\u00edn P\u00e9rez&quot;","robots":{"index":"index","follow":"follow","max-snippet":"max-snippet:-1","max-image-preview":"max-image-preview:large","max-video-preview":"max-video-preview:-1"},"canonical":"https:\/\/instituciones.gtm.sld.cu\/hppap\/comision-etica-medica\/","og_locale":"es_ES","og_type":"article","og_title":"Comisi\u00f3n \u00c9tica M\u00e9dica - Hospital Pedi\u00e1trico &quot;Pedro Agust\u00edn P\u00e9rez&quot;","og_description":"Las funciones de la Comisiones de \u00c9tica M\u00e9dica son: Participar de forma activa y programada, en la educaci\u00f3n moral en el campo de la salud que se realiza sistem\u00e1ticamente con profesionales t\u00e9cnicos y estudiantes del sector cuyo contenido est\u00e1 recogido en los Principios de la \u00c9tica M\u00e9dica. Realizar evaluaciones peri\u00f3dicas, en coordinaci\u00f3n con la direcci\u00f3n &hellip; Seguir leyendo","og_url":"https:\/\/instituciones.gtm.sld.cu\/hppap\/comision-etica-medica\/","og_site_name":"Hospital Pedi\u00e1trico &quot;Pedro Agust\u00edn P\u00e9rez&quot;","article_modified_time":"2024-05-16T17:05:57+00:00","twitter_card":"summary_large_image","twitter_misc":{"Tiempo de lectura":"2 minutos"},"schema":{"@context":"https:\/\/schema.org","@graph":[{"@type":"WebPage","@id":"https:\/\/instituciones.gtm.sld.cu\/hppap\/comision-etica-medica\/","url":"https:\/\/instituciones.gtm.sld.cu\/hppap\/comision-etica-medica\/","name":"Comisi\u00f3n \u00c9tica M\u00e9dica - Hospital Pedi\u00e1trico &quot;Pedro Agust\u00edn P\u00e9rez&quot;","isPartOf":{"@id":"https:\/\/instituciones.gtm.sld.cu\/hppap\/#website"},"datePublished":"2019-10-07T12:13:17+00:00","dateModified":"2024-05-16T17:05:57+00:00","breadcrumb":{"@id":"https:\/\/instituciones.gtm.sld.cu\/hppap\/comision-etica-medica\/#breadcrumb"},"inLanguage":"es","potentialAction":[{"@type":"ReadAction","target":["https:\/\/instituciones.gtm.sld.cu\/hppap\/comision-etica-medica\/"]}]},{"@type":"BreadcrumbList","@id":"https:\/\/instituciones.gtm.sld.cu\/hppap\/comision-etica-medica\/#breadcrumb","itemListElement":[{"@type":"ListItem","position":1,"name":"Inicio","item":"https:\/\/instituciones.gtm.sld.cu\/hppap\/"},{"@type":"ListItem","position":2,"name":"Comisi\u00f3n \u00c9tica M\u00e9dica"}]},{"@type":"WebSite","@id":"https:\/\/instituciones.gtm.sld.cu\/hppap\/#website","url":"https:\/\/instituciones.gtm.sld.cu\/hppap\/","name":"Hospital Pedi\u00e1trico \"Pedro Agust\u00edn P\u00e9rez\"","description":"","publisher":{"@id":"https:\/\/instituciones.gtm.sld.cu\/hppap\/#organization"},"potentialAction":[{"@type":"SearchAction","target":{"@type":"EntryPoint","urlTemplate":"https:\/\/instituciones.gtm.sld.cu\/hppap\/?s={search_term_string}"},"query-input":"required name=search_term_string"}],"inLanguage":"es"},{"@type":"Organization","@id":"https:\/\/instituciones.gtm.sld.cu\/hppap\/#organization","name":"Hospital Pedi\u00e1trico \"Pedro Agust\u00edn P\u00e9rez\"","url":"https:\/\/instituciones.gtm.sld.cu\/hppap\/","logo":{"@type":"ImageObject","inLanguage":"es","@id":"https:\/\/instituciones.gtm.sld.cu\/hppap\/#\/schema\/logo\/image\/","url":"https:\/\/instituciones.gtm.sld.cu\/hppap\/wp-content\/uploads\/sites\/37\/2024\/05\/299145640_582996300017682_8206920265837739482_n-1.jpg","contentUrl":"https:\/\/instituciones.gtm.sld.cu\/hppap\/wp-content\/uploads\/sites\/37\/2024\/05\/299145640_582996300017682_8206920265837739482_n-1.jpg","width":960,"height":479,"caption":"Hospital Pedi\u00e1trico \"Pedro Agust\u00edn P\u00e9rez\""},"image":{"@id":"https:\/\/instituciones.gtm.sld.cu\/hppap\/#\/schema\/logo\/image\/"}}]}},"_links":{"self":[{"href":"https:\/\/instituciones.gtm.sld.cu\/hppap\/wp-json\/wp\/v2\/pages\/2021"}],"collection":[{"href":"https:\/\/instituciones.gtm.sld.cu\/hppap\/wp-json\/wp\/v2\/pages"}],"about":[{"href":"https:\/\/instituciones.gtm.sld.cu\/hppap\/wp-json\/wp\/v2\/types\/page"}],"author":[{"embeddable":true,"href":"https:\/\/instituciones.gtm.sld.cu\/hppap\/wp-json\/wp\/v2\/users\/96"}],"replies":[{"embeddable":true,"href":"https:\/\/instituciones.gtm.sld.cu\/hppap\/wp-json\/wp\/v2\/comments?post=2021"}],"version-history":[{"count":4,"href":"https:\/\/instituciones.gtm.sld.cu\/hppap\/wp-json\/wp\/v2\/pages\/2021\/revisions"}],"predecessor-version":[{"id":3682,"href":"https:\/\/instituciones.gtm.sld.cu\/hppap\/wp-json\/wp\/v2\/pages\/2021\/revisions\/3682"}],"wp:attachment":[{"href":"https:\/\/instituciones.gtm.sld.cu\/hppap\/wp-json\/wp\/v2\/media?parent=2021"}],"curies":[{"name":"wp","href":"https:\/\/api.w.org\/{rel}","templated":true}]}}