{"id":3513,"date":"2023-06-21T15:10:55","date_gmt":"2023-06-21T15:10:55","guid":{"rendered":"https:\/\/instituciones.gtm.sld.cu\/hppap\/?page_id=3513"},"modified":"2023-06-21T15:37:16","modified_gmt":"2023-06-21T15:37:16","slug":"evento-de-mujeres-creadoras","status":"publish","type":"page","link":"https:\/\/instituciones.gtm.sld.cu\/hppap\/evento-de-mujeres-creadoras\/","title":{"rendered":"Evento de Mujeres Creadoras"},"content":{"rendered":"<p><img fetchpriority=\"high\" decoding=\"async\" class=\"alignnone wp-image-3515 size-full\" src=\"https:\/\/instituciones.gtm.sld.cu\/hppap\/wp-content\/uploads\/sites\/37\/2023\/06\/evento.png\" alt=\"\" width=\"979\" height=\"665\" srcset=\"https:\/\/instituciones.gtm.sld.cu\/hppap\/wp-content\/uploads\/sites\/37\/2023\/06\/evento.png 979w, https:\/\/instituciones.gtm.sld.cu\/hppap\/wp-content\/uploads\/sites\/37\/2023\/06\/evento-300x204.png 300w, https:\/\/instituciones.gtm.sld.cu\/hppap\/wp-content\/uploads\/sites\/37\/2023\/06\/evento-768x522.png 768w, https:\/\/instituciones.gtm.sld.cu\/hppap\/wp-content\/uploads\/sites\/37\/2023\/06\/evento-595x404.png 595w\" sizes=\"(max-width: 979px) 100vw, 979px\" \/><\/p>\n<p>La Asociaci\u00f3n Nacional de Innovadores y Racionalizadores del Hospital Pedi\u00e1trico Docente \u00a8Pedro Agust\u00edn P\u00e9rez\u00a8 invita a todas las mujeres profesionales, t\u00e9cnicas o directivos vinculadas a los procesos docente, asistencial y administrativo a participar en el Evento de MUJERES CREADORAS, a celebrarse el pr\u00f3ximo 30 de Junio de 2023 en homenaje al Guerrillero Heroico Ernesto \u00abChe\u00bb Guevara.<\/p>\n<p>La ANIR es una organizaci\u00f3n creada para promover y orientar la iniciativa creadora de los trabajadores cubanos, social, no profesional, voluntaria y selectiva; su universo de actuaci\u00f3n est\u00e1 en la masa trabajadora, sindicalistas del pa\u00eds, sus miembros aprueban sus propios reglamentos, discuten y adoptan acuerdos bajo la direcci\u00f3n de la CTC y se rige por los estatutos de \u00e9sta. Posee autonom\u00eda, personalidad jur\u00eddica y patrimonio propio.<\/p>\n<p>Objetivos<br \/>\n&#8211; Crear espacios para el intercambio creativo<br \/>\n&#8211; Ofrecer soluciones a los problemas econ\u00f3micos, sociales y para la defensa del pa\u00eds identificados en la instituci\u00f3n, con \u00e9nfasis en los procesos asistenciales, docentes y administrativos.<\/p>\n<p>El tribunal estar\u00e1 integrado por reconocidos profesores vinculados al proceso acad\u00e9mico, quienes impartir\u00e1n adem\u00e1s conferencias magistrales de gran inter\u00e9s para los participantes, donde se expondr\u00e1n resultados cient\u00edficos que propiciar\u00e1n el intercambio entre profesionales provenientes de las distintas \u00e1reas de trabajo; \u00fatil en el desarrollo de las investigaciones en los diferentes servicios, estableciendo lazos de cooperaci\u00f3n, fortaleciendo los v\u00ednculos cient\u00edficos y creativo.<\/p>\n<p>Programa<br \/>\n8:30 am Acreditaci\u00f3n y c\u00f3ctel de bienvenida<br \/>\n9:00 am Conferencia Magistral<br \/>\n9:30 am Ponencia de trabajos<br \/>\n11:00 am Recorrido por la instituci\u00f3n<\/p>\n<p>Modalidades<br \/>\n\u2022 Conferencias<br \/>\n\u2022 Video, fotograf\u00eda<br \/>\n\u2022 Temas libres o ponencia oral<br \/>\n\u2022 Cartel o P\u00f3ster<\/p>\n<p>Requisitos para la participaci\u00f3n<br \/>\n&#8211; Los trabajos deber\u00e1n ser entregados en formato digital e impreso .<br \/>\n&#8211; El autor deber\u00e1 indicar en el momento de la entrega del trabajo la modalidad y los requerimientos t\u00e9cnicos que necesite.<br \/>\n&#8211; Las presentaciones de los trabajos dispondr\u00e1n de 10 minutos y se organizar\u00e1n seg\u00fan el tipo de modalidad para el que sea aprobado.<\/p>\n<p>PONENCIAS DE NUEVO APORTE<br \/>\nINSTRUCCIONES AL AUTOR<br \/>\nCon el objetivo de garantizar una mayor calidad y uniformidad en la presentaci\u00f3n de los trabajos, han sido creadas las siguientes normas de redacci\u00f3n que regir\u00e1n la entrada de los trabajos a partir del presente a\u00f1o.<\/p>\n<p>1 PORTADA<br \/>\nDebe reflejar los siguientes datos:<br \/>\n&#8211; Nombre del evento.<br \/>\n&#8211; T\u00edtulo del trabajo (no mayor de 15 palabras)<br \/>\n&#8211; Nombres y apellidos de los autores y coautores.<br \/>\n&#8211; Departamento de procedencia.<\/p>\n<p>2 RESUMEN<br \/>\nEl resumen del trabajo se presentar\u00e1 en una sola cuartilla, en cuya parte superior se escribir\u00e1 la palabra RESUMEN, no mayor de 250 palabras y reflejar\u00e1 el contenido del trabajo, se\u00f1alando los objetivos, m\u00e9todos, materiales utilizados, resultados obtenidos y conclusiones fundamentales. Debe contener adem\u00e1s, en qu\u00e9 etapa de aplicaci\u00f3n se encuentra el trabajo y no se debe escribir en abreviatura.<\/p>\n<p>3 INTRODUCCI\u00d3N: Expone en forma breve y concisa el problema con an\u00e1lisis de sus antecedentes. Establece claramente el objetivo del estudio, as\u00ed como la hip\u00f3tesis que se pretende probar. No incluye resultados ni conclusiones del trabajo.<\/p>\n<p>El plazo de admisi\u00f3n vence el pr\u00f3ximo 28 de junio de 2023. Los trabajos deber\u00e1n ser entregados en el departamento de Docencia e Investigaci\u00f3n del Hospital Pedi\u00e1trico \u00abPedro Agust\u00edn P\u00e9rez\u00bb<\/p>\n<p>Comit\u00e9 Organizador<br \/>\nDra Limnet Crem\u00e9 Lambert. Jefa Departamento de Docencia e Investigaci\u00f3n<br \/>\nMartha Tabera Cobas,Representante ANIR<br \/>\nDra Yenis Kleydis Torres Naranjo. Subdirectora de Aseguramientos M\u00e9dicos<\/p>\n<p>Tel\u00e9fono: 21-357160<\/p>\n<p>Comit\u00e9 de honor<br \/>\nMSc. Dr. Francisco Marsill\u00ed Faure. Director Hospital Pedi\u00e1trico<br \/>\nMSc. Dra. Limnet Crem\u00e9 Lambert. Jefa de Dpto. de Docencia e investigaciones<br \/>\nLic. Paver P\u00e9rez Nelson. Sub Director Administrativo<br \/>\nMSc. Nancy Calzado Mena. Secretaria del Comit\u00e9 PCC<br \/>\nLic. Amalia Barcelay Planche Secretaria Gral del Bur\u00f3 Sindical<\/p>\n","protected":false},"excerpt":{"rendered":"<p>La Asociaci\u00f3n Nacional de Innovadores y Racionalizadores del Hospital Pedi\u00e1trico Docente \u00a8Pedro Agust\u00edn P\u00e9rez\u00a8 invita a todas las mujeres profesionales, t\u00e9cnicas o directivos vinculadas a los procesos docente, asistencial y administrativo a participar en el Evento de MUJERES CREADORAS, a celebrarse el pr\u00f3ximo 30 de Junio de 2023 en homenaje al Guerrillero Heroico Ernesto \u00abChe\u00bb &hellip; <\/p>\n<p><a class=\"more-link btn\" href=\"https:\/\/instituciones.gtm.sld.cu\/hppap\/evento-de-mujeres-creadoras\/\">Seguir leyendo<\/a><\/p>\n","protected":false},"author":95,"featured_media":0,"parent":0,"menu_order":0,"comment_status":"closed","ping_status":"closed","template":"","meta":{"ngg_post_thumbnail":0,"_mc_calendar":[]},"yoast_head":"<!-- This site is optimized with the Yoast SEO plugin v21.8 - https:\/\/yoast.com\/wordpress\/plugins\/seo\/ -->\n<title>Evento de Mujeres Creadoras - Hospital Pedi\u00e1trico &quot;Pedro Agust\u00edn P\u00e9rez&quot;<\/title>\n<meta name=\"robots\" content=\"index, follow, max-snippet:-1, max-image-preview:large, max-video-preview:-1\" \/>\n<link rel=\"canonical\" href=\"https:\/\/instituciones.gtm.sld.cu\/hppap\/evento-de-mujeres-creadoras\/\" \/>\n<meta property=\"og:locale\" content=\"es_ES\" \/>\n<meta property=\"og:type\" content=\"article\" \/>\n<meta property=\"og:title\" content=\"Evento de Mujeres Creadoras - Hospital Pedi\u00e1trico &quot;Pedro Agust\u00edn P\u00e9rez&quot;\" \/>\n<meta property=\"og:description\" content=\"La Asociaci\u00f3n Nacional de Innovadores y Racionalizadores del Hospital Pedi\u00e1trico Docente \u00a8Pedro Agust\u00edn P\u00e9rez\u00a8 invita a todas las mujeres profesionales, t\u00e9cnicas o directivos vinculadas a los procesos docente, asistencial y administrativo a participar en el Evento de MUJERES CREADORAS, a celebrarse el pr\u00f3ximo 30 de Junio de 2023 en homenaje al Guerrillero Heroico Ernesto \u00abChe\u00bb &hellip; Seguir leyendo\" \/>\n<meta property=\"og:url\" content=\"https:\/\/instituciones.gtm.sld.cu\/hppap\/evento-de-mujeres-creadoras\/\" \/>\n<meta property=\"og:site_name\" content=\"Hospital Pedi\u00e1trico &quot;Pedro Agust\u00edn P\u00e9rez&quot;\" \/>\n<meta property=\"article:modified_time\" content=\"2023-06-21T15:37:16+00:00\" \/>\n<meta property=\"og:image\" content=\"https:\/\/instituciones.gtm.sld.cu\/hppap\/wp-content\/uploads\/sites\/37\/2023\/06\/evento.png\" \/>\n<meta name=\"twitter:card\" content=\"summary_large_image\" \/>\n<meta name=\"twitter:label1\" content=\"Tiempo de lectura\" \/>\n\t<meta name=\"twitter:data1\" content=\"3 minutos\" \/>\n<script type=\"application\/ld+json\" class=\"yoast-schema-graph\">{\"@context\":\"https:\/\/schema.org\",\"@graph\":[{\"@type\":\"WebPage\",\"@id\":\"https:\/\/instituciones.gtm.sld.cu\/hppap\/evento-de-mujeres-creadoras\/\",\"url\":\"https:\/\/instituciones.gtm.sld.cu\/hppap\/evento-de-mujeres-creadoras\/\",\"name\":\"Evento de Mujeres Creadoras - Hospital Pedi\u00e1trico &quot;Pedro Agust\u00edn P\u00e9rez&quot;\",\"isPartOf\":{\"@id\":\"https:\/\/instituciones.gtm.sld.cu\/hppap\/#website\"},\"datePublished\":\"2023-06-21T15:10:55+00:00\",\"dateModified\":\"2023-06-21T15:37:16+00:00\",\"breadcrumb\":{\"@id\":\"https:\/\/instituciones.gtm.sld.cu\/hppap\/evento-de-mujeres-creadoras\/#breadcrumb\"},\"inLanguage\":\"es\",\"potentialAction\":[{\"@type\":\"ReadAction\",\"target\":[\"https:\/\/instituciones.gtm.sld.cu\/hppap\/evento-de-mujeres-creadoras\/\"]}]},{\"@type\":\"BreadcrumbList\",\"@id\":\"https:\/\/instituciones.gtm.sld.cu\/hppap\/evento-de-mujeres-creadoras\/#breadcrumb\",\"itemListElement\":[{\"@type\":\"ListItem\",\"position\":1,\"name\":\"Inicio\",\"item\":\"https:\/\/instituciones.gtm.sld.cu\/hppap\/\"},{\"@type\":\"ListItem\",\"position\":2,\"name\":\"Evento de Mujeres Creadoras\"}]},{\"@type\":\"WebSite\",\"@id\":\"https:\/\/instituciones.gtm.sld.cu\/hppap\/#website\",\"url\":\"https:\/\/instituciones.gtm.sld.cu\/hppap\/\",\"name\":\"Hospital Pedi\u00e1trico \\\"Pedro Agust\u00edn P\u00e9rez\\\"\",\"description\":\"\",\"publisher\":{\"@id\":\"https:\/\/instituciones.gtm.sld.cu\/hppap\/#organization\"},\"potentialAction\":[{\"@type\":\"SearchAction\",\"target\":{\"@type\":\"EntryPoint\",\"urlTemplate\":\"https:\/\/instituciones.gtm.sld.cu\/hppap\/?s={search_term_string}\"},\"query-input\":\"required name=search_term_string\"}],\"inLanguage\":\"es\"},{\"@type\":\"Organization\",\"@id\":\"https:\/\/instituciones.gtm.sld.cu\/hppap\/#organization\",\"name\":\"Hospital Pedi\u00e1trico \\\"Pedro Agust\u00edn P\u00e9rez\\\"\",\"url\":\"https:\/\/instituciones.gtm.sld.cu\/hppap\/\",\"logo\":{\"@type\":\"ImageObject\",\"inLanguage\":\"es\",\"@id\":\"https:\/\/instituciones.gtm.sld.cu\/hppap\/#\/schema\/logo\/image\/\",\"url\":\"https:\/\/instituciones.gtm.sld.cu\/hppap\/wp-content\/uploads\/sites\/37\/2024\/05\/299145640_582996300017682_8206920265837739482_n-1.jpg\",\"contentUrl\":\"https:\/\/instituciones.gtm.sld.cu\/hppap\/wp-content\/uploads\/sites\/37\/2024\/05\/299145640_582996300017682_8206920265837739482_n-1.jpg\",\"width\":960,\"height\":479,\"caption\":\"Hospital Pedi\u00e1trico \\\"Pedro Agust\u00edn P\u00e9rez\\\"\"},\"image\":{\"@id\":\"https:\/\/instituciones.gtm.sld.cu\/hppap\/#\/schema\/logo\/image\/\"}}]}<\/script>\n<!-- \/ Yoast SEO plugin. -->","yoast_head_json":{"title":"Evento de Mujeres Creadoras - Hospital Pedi\u00e1trico &quot;Pedro Agust\u00edn P\u00e9rez&quot;","robots":{"index":"index","follow":"follow","max-snippet":"max-snippet:-1","max-image-preview":"max-image-preview:large","max-video-preview":"max-video-preview:-1"},"canonical":"https:\/\/instituciones.gtm.sld.cu\/hppap\/evento-de-mujeres-creadoras\/","og_locale":"es_ES","og_type":"article","og_title":"Evento de Mujeres Creadoras - Hospital Pedi\u00e1trico &quot;Pedro Agust\u00edn P\u00e9rez&quot;","og_description":"La Asociaci\u00f3n Nacional de Innovadores y Racionalizadores del Hospital Pedi\u00e1trico Docente \u00a8Pedro Agust\u00edn P\u00e9rez\u00a8 invita a todas las mujeres profesionales, t\u00e9cnicas o directivos vinculadas a los procesos docente, asistencial y administrativo a participar en el Evento de MUJERES CREADORAS, a celebrarse el pr\u00f3ximo 30 de Junio de 2023 en homenaje al Guerrillero Heroico Ernesto \u00abChe\u00bb &hellip; Seguir leyendo","og_url":"https:\/\/instituciones.gtm.sld.cu\/hppap\/evento-de-mujeres-creadoras\/","og_site_name":"Hospital Pedi\u00e1trico &quot;Pedro Agust\u00edn P\u00e9rez&quot;","article_modified_time":"2023-06-21T15:37:16+00:00","og_image":[{"url":"https:\/\/instituciones.gtm.sld.cu\/hppap\/wp-content\/uploads\/sites\/37\/2023\/06\/evento.png"}],"twitter_card":"summary_large_image","twitter_misc":{"Tiempo de lectura":"3 minutos"},"schema":{"@context":"https:\/\/schema.org","@graph":[{"@type":"WebPage","@id":"https:\/\/instituciones.gtm.sld.cu\/hppap\/evento-de-mujeres-creadoras\/","url":"https:\/\/instituciones.gtm.sld.cu\/hppap\/evento-de-mujeres-creadoras\/","name":"Evento de Mujeres Creadoras - Hospital Pedi\u00e1trico &quot;Pedro Agust\u00edn P\u00e9rez&quot;","isPartOf":{"@id":"https:\/\/instituciones.gtm.sld.cu\/hppap\/#website"},"datePublished":"2023-06-21T15:10:55+00:00","dateModified":"2023-06-21T15:37:16+00:00","breadcrumb":{"@id":"https:\/\/instituciones.gtm.sld.cu\/hppap\/evento-de-mujeres-creadoras\/#breadcrumb"},"inLanguage":"es","potentialAction":[{"@type":"ReadAction","target":["https:\/\/instituciones.gtm.sld.cu\/hppap\/evento-de-mujeres-creadoras\/"]}]},{"@type":"BreadcrumbList","@id":"https:\/\/instituciones.gtm.sld.cu\/hppap\/evento-de-mujeres-creadoras\/#breadcrumb","itemListElement":[{"@type":"ListItem","position":1,"name":"Inicio","item":"https:\/\/instituciones.gtm.sld.cu\/hppap\/"},{"@type":"ListItem","position":2,"name":"Evento de Mujeres Creadoras"}]},{"@type":"WebSite","@id":"https:\/\/instituciones.gtm.sld.cu\/hppap\/#website","url":"https:\/\/instituciones.gtm.sld.cu\/hppap\/","name":"Hospital Pedi\u00e1trico \"Pedro Agust\u00edn P\u00e9rez\"","description":"","publisher":{"@id":"https:\/\/instituciones.gtm.sld.cu\/hppap\/#organization"},"potentialAction":[{"@type":"SearchAction","target":{"@type":"EntryPoint","urlTemplate":"https:\/\/instituciones.gtm.sld.cu\/hppap\/?s={search_term_string}"},"query-input":"required name=search_term_string"}],"inLanguage":"es"},{"@type":"Organization","@id":"https:\/\/instituciones.gtm.sld.cu\/hppap\/#organization","name":"Hospital Pedi\u00e1trico \"Pedro Agust\u00edn P\u00e9rez\"","url":"https:\/\/instituciones.gtm.sld.cu\/hppap\/","logo":{"@type":"ImageObject","inLanguage":"es","@id":"https:\/\/instituciones.gtm.sld.cu\/hppap\/#\/schema\/logo\/image\/","url":"https:\/\/instituciones.gtm.sld.cu\/hppap\/wp-content\/uploads\/sites\/37\/2024\/05\/299145640_582996300017682_8206920265837739482_n-1.jpg","contentUrl":"https:\/\/instituciones.gtm.sld.cu\/hppap\/wp-content\/uploads\/sites\/37\/2024\/05\/299145640_582996300017682_8206920265837739482_n-1.jpg","width":960,"height":479,"caption":"Hospital Pedi\u00e1trico \"Pedro Agust\u00edn P\u00e9rez\""},"image":{"@id":"https:\/\/instituciones.gtm.sld.cu\/hppap\/#\/schema\/logo\/image\/"}}]}},"_links":{"self":[{"href":"https:\/\/instituciones.gtm.sld.cu\/hppap\/wp-json\/wp\/v2\/pages\/3513"}],"collection":[{"href":"https:\/\/instituciones.gtm.sld.cu\/hppap\/wp-json\/wp\/v2\/pages"}],"about":[{"href":"https:\/\/instituciones.gtm.sld.cu\/hppap\/wp-json\/wp\/v2\/types\/page"}],"author":[{"embeddable":true,"href":"https:\/\/instituciones.gtm.sld.cu\/hppap\/wp-json\/wp\/v2\/users\/95"}],"replies":[{"embeddable":true,"href":"https:\/\/instituciones.gtm.sld.cu\/hppap\/wp-json\/wp\/v2\/comments?post=3513"}],"version-history":[{"count":2,"href":"https:\/\/instituciones.gtm.sld.cu\/hppap\/wp-json\/wp\/v2\/pages\/3513\/revisions"}],"predecessor-version":[{"id":3516,"href":"https:\/\/instituciones.gtm.sld.cu\/hppap\/wp-json\/wp\/v2\/pages\/3513\/revisions\/3516"}],"wp:attachment":[{"href":"https:\/\/instituciones.gtm.sld.cu\/hppap\/wp-json\/wp\/v2\/media?parent=3513"}],"curies":[{"name":"wp","href":"https:\/\/api.w.org\/{rel}","templated":true}]}}