{"id":548,"date":"2019-01-22T20:25:47","date_gmt":"2019-01-22T20:25:47","guid":{"rendered":"https:\/\/instituciones.gtm.sld.cu\/hppap\/?page_id=548"},"modified":"2022-03-03T13:59:53","modified_gmt":"2022-03-03T13:59:53","slug":"consultas-externas","status":"publish","type":"page","link":"https:\/\/instituciones.gtm.sld.cu\/hppap\/consultas-externas\/","title":{"rendered":"Horarios de Consultas Externas"},"content":{"rendered":"<table style=\"height: 1438px\" width=\"641\">\n<tbody>\n<tr style=\"height: 61px\">\n<td style=\"height: 61px;width: 251.417px\"><strong>ESPECIALIDADES<\/strong><\/td>\n<td style=\"height: 61px;width: 248.8px\"><strong>FRECUENCIA<\/strong><\/td>\n<td style=\"height: 61px;width: 248.783px\"><strong>HORARIOS DE CONSULTAS<br \/>\n<\/strong><\/td>\n<\/tr>\n<tr style=\"height: 140px\">\n<td style=\"height: 140px;width: 251.417px;text-align: left\"><span style=\"font-size: 14pt\"><strong>Dermatolog\u00eda<\/strong><\/span><\/td>\n<td style=\"height: 140px;width: 248.8px\">1 er Mi\u00e9rcoles<\/p>\n<p>2do Mi\u00e9rcoles<\/p>\n<p>4To Mi\u00e9rcoles<\/td>\n<td style=\"height: 140px;width: 248.783px\">8:30am<\/td>\n<\/tr>\n<tr style=\"height: 193px\">\n<td style=\"height: 193px;width: 251.417px;text-align: left\"><span style=\"font-size: 14pt\"><strong>Hematolog\u00eda<\/strong><\/span><\/td>\n<td style=\"height: 193px;width: 248.8px\">1 er Lunes<\/p>\n<p>2do Lunes<\/p>\n<p>4To Lunes<\/p>\n<p>1er y 3er \u00a0Jueves<\/td>\n<td style=\"height: 193px;width: 248.783px\">8:30am<\/td>\n<\/tr>\n<tr style=\"height: 149px\">\n<td style=\"height: 149px;width: 251.417px;text-align: left\"><span style=\"font-size: 14pt\"><strong>Inmunolog\u00eda<\/strong><\/span><\/td>\n<td style=\"height: 149px;width: 248.8px\">1 er Mi\u00e9rcoles<\/p>\n<p>2do Mi\u00e9rcoles<\/p>\n<p>4To Mi\u00e9rcoles<\/td>\n<td style=\"height: 149px;width: 248.783px\">8:30am<\/td>\n<\/tr>\n<tr style=\"height: 105px\">\n<td style=\"height: 105px;width: 251.417px;text-align: left\"><span style=\"font-size: 14pt\"><strong>Cardiolog\u00eda<\/strong><\/span><\/td>\n<td style=\"height: 105px;width: 248.8px\">1er Martes<\/p>\n<p>2do Martes<\/td>\n<td style=\"height: 105px;width: 248.783px\">8:30am<\/td>\n<\/tr>\n<tr style=\"height: 61px\">\n<td style=\"height: 61px;width: 251.417px;text-align: left\"><span style=\"font-size: 14pt\"><strong>Neurocirug\u00eda<\/strong><\/span><\/td>\n<td style=\"height: 61px;width: 248.8px\">3er Lunes de cada mes<\/td>\n<td style=\"height: 61px;width: 248.783px\">1:30pm<\/td>\n<\/tr>\n<tr style=\"height: 61px\">\n<td style=\"height: 61px;width: 251.417px;text-align: left\"><span style=\"font-size: 14pt\"><strong>Neurolog\u00eda<\/strong><\/span><\/td>\n<td style=\"height: 61px;width: 248.8px\">1ery 2do Mi\u00e9rcoles<\/td>\n<td style=\"height: 61px;width: 248.783px\">8:30am<\/td>\n<\/tr>\n<tr style=\"height: 149px\">\n<td style=\"height: 149px;width: 251.417px;text-align: left\"><span style=\"font-size: 14pt\"><strong>Nefrolog\u00eda<\/strong><\/span><\/td>\n<td style=\"height: 149px;width: 248.8px\">1er Jueves<\/p>\n<p>2do Jueves<\/p>\n<p>3er Jueves<\/td>\n<td style=\"height: 149px;width: 248.783px\">8:30am<\/td>\n<\/tr>\n<tr style=\"height: 61px\">\n<td style=\"height: 61px;width: 251.417px;text-align: left\"><span style=\"font-size: 14pt\"><strong>Neumolog\u00eda<\/strong><\/span><\/td>\n<td style=\"height: 61px;width: 248.8px\">1er \u00a0Martes de cada mes<\/td>\n<td style=\"height: 61px;width: 248.783px\">1:30pm<\/td>\n<\/tr>\n<tr style=\"height: 61px\">\n<td style=\"height: 61px;width: 251.417px;text-align: left\"><span style=\"font-size: 14pt\"><strong>Cirug\u00eda<\/strong><\/span><\/td>\n<td style=\"height: 61px;width: 248.8px\">Todos los martes<\/td>\n<td style=\"height: 61px;width: 248.783px\">1:30pm<\/td>\n<\/tr>\n<tr style=\"height: 61px\">\n<td style=\"height: 61px;width: 251.417px;text-align: left\"><span style=\"font-size: 14pt\"><strong>Otorrino<\/strong><\/span><\/td>\n<td style=\"height: 61px;width: 248.8px\">Todos los Lunes<\/td>\n<td style=\"height: 61px;width: 248.783px\">10:00am<\/td>\n<\/tr>\n<tr style=\"height: 193px\">\n<td style=\"height: 193px;width: 251.417px;text-align: left\"><span style=\"font-size: 14pt\"><strong>Urolog\u00eda<\/strong><\/span><\/td>\n<td style=\"height: 193px;width: 248.8px\">2do y 3er Lunes<\/p>\n<p>1er Mi\u00e9rcoles<\/p>\n<p>2do Mi\u00e9rcoles<\/p>\n<p>3er Mi\u00e9rcoles<\/td>\n<td style=\"height: 193px;width: 248.783px\">8:30am<\/td>\n<\/tr>\n<tr style=\"height: 149px\">\n<td style=\"height: 149px;width: 251.417px;text-align: left\"><span style=\"font-size: 14pt\"><strong>Gastroenterolog\u00eda<\/strong><\/span><\/td>\n<td style=\"height: 149px;width: 248.8px\">2do Martes<\/p>\n<p>3er Martes<\/p>\n<p>4to Martes<\/td>\n<td style=\"height: 149px;width: 248.783px\">8:30am<\/td>\n<\/tr>\n<tr style=\"height: 105px\">\n<td style=\"height: 105px;width: 251.417px;text-align: left\"><span style=\"font-size: 14pt\"><strong>Endocrino<\/strong><\/span><\/td>\n<td style=\"height: 105px;width: 248.8px\">2do Martes<\/p>\n<p>4to Martes<\/td>\n<td style=\"height: 105px;width: 248.783px\">8:30am<\/td>\n<\/tr>\n<\/tbody>\n<\/table>\n<p><em>\u00a0<strong><u>Nota:<\/u><\/strong> Los egresados de Oftalmolog\u00eda , Reumatolog\u00eda , Fisiatras , Logo foniatr\u00eda deben sacar el turno cualquier d\u00eda de la semana en el departamento de informaci\u00f3n del Policl\u00ednico de Especialidades Pedi\u00e1trica en el horario de 8:00am hasta las <strong>4.30 pm<\/strong>.<\/em><\/p>\n","protected":false},"excerpt":{"rendered":"<p>ESPECIALIDADES FRECUENCIA HORARIOS DE CONSULTAS Dermatolog\u00eda 1 er Mi\u00e9rcoles 2do Mi\u00e9rcoles 4To Mi\u00e9rcoles 8:30am Hematolog\u00eda 1 er Lunes 2do Lunes 4To Lunes 1er y 3er \u00a0Jueves 8:30am Inmunolog\u00eda 1 er Mi\u00e9rcoles 2do Mi\u00e9rcoles 4To Mi\u00e9rcoles 8:30am Cardiolog\u00eda 1er Martes 2do Martes 8:30am Neurocirug\u00eda 3er Lunes de cada mes 1:30pm Neurolog\u00eda 1ery 2do Mi\u00e9rcoles 8:30am Nefrolog\u00eda &hellip; <\/p>\n<p><a class=\"more-link btn\" href=\"https:\/\/instituciones.gtm.sld.cu\/hppap\/consultas-externas\/\">Seguir leyendo<\/a><\/p>\n","protected":false},"author":18,"featured_media":0,"parent":0,"menu_order":0,"comment_status":"closed","ping_status":"closed","template":"","meta":{"ngg_post_thumbnail":0,"_mc_calendar":[]},"yoast_head":"<!-- This site is optimized with the Yoast SEO plugin v21.8 - https:\/\/yoast.com\/wordpress\/plugins\/seo\/ -->\n<title>Horarios de Consultas Externas - Hospital Pedi\u00e1trico &quot;Pedro Agust\u00edn P\u00e9rez&quot;<\/title>\n<meta name=\"robots\" content=\"index, follow, max-snippet:-1, max-image-preview:large, max-video-preview:-1\" \/>\n<link rel=\"canonical\" href=\"https:\/\/instituciones.gtm.sld.cu\/hppap\/consultas-externas\/\" \/>\n<meta property=\"og:locale\" content=\"es_ES\" \/>\n<meta property=\"og:type\" content=\"article\" \/>\n<meta property=\"og:title\" content=\"Horarios de Consultas Externas - Hospital Pedi\u00e1trico &quot;Pedro Agust\u00edn P\u00e9rez&quot;\" \/>\n<meta property=\"og:description\" content=\"ESPECIALIDADES FRECUENCIA HORARIOS DE CONSULTAS Dermatolog\u00eda 1 er Mi\u00e9rcoles 2do Mi\u00e9rcoles 4To Mi\u00e9rcoles 8:30am Hematolog\u00eda 1 er Lunes 2do Lunes 4To Lunes 1er y 3er \u00a0Jueves 8:30am Inmunolog\u00eda 1 er Mi\u00e9rcoles 2do Mi\u00e9rcoles 4To Mi\u00e9rcoles 8:30am Cardiolog\u00eda 1er Martes 2do Martes 8:30am Neurocirug\u00eda 3er Lunes de cada mes 1:30pm Neurolog\u00eda 1ery 2do Mi\u00e9rcoles 8:30am Nefrolog\u00eda &hellip; Seguir leyendo\" \/>\n<meta property=\"og:url\" content=\"https:\/\/instituciones.gtm.sld.cu\/hppap\/consultas-externas\/\" \/>\n<meta property=\"og:site_name\" content=\"Hospital Pedi\u00e1trico &quot;Pedro Agust\u00edn P\u00e9rez&quot;\" \/>\n<meta property=\"article:modified_time\" content=\"2022-03-03T13:59:53+00:00\" \/>\n<meta name=\"twitter:card\" content=\"summary_large_image\" \/>\n<meta name=\"twitter:label1\" content=\"Tiempo de lectura\" \/>\n\t<meta name=\"twitter:data1\" content=\"1 minuto\" \/>\n<script type=\"application\/ld+json\" class=\"yoast-schema-graph\">{\"@context\":\"https:\/\/schema.org\",\"@graph\":[{\"@type\":\"WebPage\",\"@id\":\"https:\/\/instituciones.gtm.sld.cu\/hppap\/consultas-externas\/\",\"url\":\"https:\/\/instituciones.gtm.sld.cu\/hppap\/consultas-externas\/\",\"name\":\"Horarios de Consultas Externas - Hospital Pedi\u00e1trico &quot;Pedro Agust\u00edn P\u00e9rez&quot;\",\"isPartOf\":{\"@id\":\"https:\/\/instituciones.gtm.sld.cu\/hppap\/#website\"},\"datePublished\":\"2019-01-22T20:25:47+00:00\",\"dateModified\":\"2022-03-03T13:59:53+00:00\",\"breadcrumb\":{\"@id\":\"https:\/\/instituciones.gtm.sld.cu\/hppap\/consultas-externas\/#breadcrumb\"},\"inLanguage\":\"es\",\"potentialAction\":[{\"@type\":\"ReadAction\",\"target\":[\"https:\/\/instituciones.gtm.sld.cu\/hppap\/consultas-externas\/\"]}]},{\"@type\":\"BreadcrumbList\",\"@id\":\"https:\/\/instituciones.gtm.sld.cu\/hppap\/consultas-externas\/#breadcrumb\",\"itemListElement\":[{\"@type\":\"ListItem\",\"position\":1,\"name\":\"Inicio\",\"item\":\"https:\/\/instituciones.gtm.sld.cu\/hppap\/\"},{\"@type\":\"ListItem\",\"position\":2,\"name\":\"Horarios de Consultas Externas\"}]},{\"@type\":\"WebSite\",\"@id\":\"https:\/\/instituciones.gtm.sld.cu\/hppap\/#website\",\"url\":\"https:\/\/instituciones.gtm.sld.cu\/hppap\/\",\"name\":\"Hospital Pedi\u00e1trico \\\"Pedro Agust\u00edn P\u00e9rez\\\"\",\"description\":\"\",\"publisher\":{\"@id\":\"https:\/\/instituciones.gtm.sld.cu\/hppap\/#organization\"},\"potentialAction\":[{\"@type\":\"SearchAction\",\"target\":{\"@type\":\"EntryPoint\",\"urlTemplate\":\"https:\/\/instituciones.gtm.sld.cu\/hppap\/?s={search_term_string}\"},\"query-input\":\"required name=search_term_string\"}],\"inLanguage\":\"es\"},{\"@type\":\"Organization\",\"@id\":\"https:\/\/instituciones.gtm.sld.cu\/hppap\/#organization\",\"name\":\"Hospital Pedi\u00e1trico \\\"Pedro Agust\u00edn P\u00e9rez\\\"\",\"url\":\"https:\/\/instituciones.gtm.sld.cu\/hppap\/\",\"logo\":{\"@type\":\"ImageObject\",\"inLanguage\":\"es\",\"@id\":\"https:\/\/instituciones.gtm.sld.cu\/hppap\/#\/schema\/logo\/image\/\",\"url\":\"https:\/\/instituciones.gtm.sld.cu\/hppap\/wp-content\/uploads\/sites\/37\/2024\/05\/299145640_582996300017682_8206920265837739482_n-1.jpg\",\"contentUrl\":\"https:\/\/instituciones.gtm.sld.cu\/hppap\/wp-content\/uploads\/sites\/37\/2024\/05\/299145640_582996300017682_8206920265837739482_n-1.jpg\",\"width\":960,\"height\":479,\"caption\":\"Hospital Pedi\u00e1trico \\\"Pedro Agust\u00edn P\u00e9rez\\\"\"},\"image\":{\"@id\":\"https:\/\/instituciones.gtm.sld.cu\/hppap\/#\/schema\/logo\/image\/\"}}]}<\/script>\n<!-- \/ Yoast SEO plugin. -->","yoast_head_json":{"title":"Horarios de Consultas Externas - Hospital Pedi\u00e1trico &quot;Pedro Agust\u00edn P\u00e9rez&quot;","robots":{"index":"index","follow":"follow","max-snippet":"max-snippet:-1","max-image-preview":"max-image-preview:large","max-video-preview":"max-video-preview:-1"},"canonical":"https:\/\/instituciones.gtm.sld.cu\/hppap\/consultas-externas\/","og_locale":"es_ES","og_type":"article","og_title":"Horarios de Consultas Externas - Hospital Pedi\u00e1trico &quot;Pedro Agust\u00edn P\u00e9rez&quot;","og_description":"ESPECIALIDADES FRECUENCIA HORARIOS DE CONSULTAS Dermatolog\u00eda 1 er Mi\u00e9rcoles 2do Mi\u00e9rcoles 4To Mi\u00e9rcoles 8:30am Hematolog\u00eda 1 er Lunes 2do Lunes 4To Lunes 1er y 3er \u00a0Jueves 8:30am Inmunolog\u00eda 1 er Mi\u00e9rcoles 2do Mi\u00e9rcoles 4To Mi\u00e9rcoles 8:30am Cardiolog\u00eda 1er Martes 2do Martes 8:30am Neurocirug\u00eda 3er Lunes de cada mes 1:30pm Neurolog\u00eda 1ery 2do Mi\u00e9rcoles 8:30am Nefrolog\u00eda &hellip; Seguir leyendo","og_url":"https:\/\/instituciones.gtm.sld.cu\/hppap\/consultas-externas\/","og_site_name":"Hospital Pedi\u00e1trico &quot;Pedro Agust\u00edn P\u00e9rez&quot;","article_modified_time":"2022-03-03T13:59:53+00:00","twitter_card":"summary_large_image","twitter_misc":{"Tiempo de lectura":"1 minuto"},"schema":{"@context":"https:\/\/schema.org","@graph":[{"@type":"WebPage","@id":"https:\/\/instituciones.gtm.sld.cu\/hppap\/consultas-externas\/","url":"https:\/\/instituciones.gtm.sld.cu\/hppap\/consultas-externas\/","name":"Horarios de Consultas Externas - Hospital Pedi\u00e1trico &quot;Pedro Agust\u00edn P\u00e9rez&quot;","isPartOf":{"@id":"https:\/\/instituciones.gtm.sld.cu\/hppap\/#website"},"datePublished":"2019-01-22T20:25:47+00:00","dateModified":"2022-03-03T13:59:53+00:00","breadcrumb":{"@id":"https:\/\/instituciones.gtm.sld.cu\/hppap\/consultas-externas\/#breadcrumb"},"inLanguage":"es","potentialAction":[{"@type":"ReadAction","target":["https:\/\/instituciones.gtm.sld.cu\/hppap\/consultas-externas\/"]}]},{"@type":"BreadcrumbList","@id":"https:\/\/instituciones.gtm.sld.cu\/hppap\/consultas-externas\/#breadcrumb","itemListElement":[{"@type":"ListItem","position":1,"name":"Inicio","item":"https:\/\/instituciones.gtm.sld.cu\/hppap\/"},{"@type":"ListItem","position":2,"name":"Horarios de Consultas Externas"}]},{"@type":"WebSite","@id":"https:\/\/instituciones.gtm.sld.cu\/hppap\/#website","url":"https:\/\/instituciones.gtm.sld.cu\/hppap\/","name":"Hospital Pedi\u00e1trico \"Pedro Agust\u00edn P\u00e9rez\"","description":"","publisher":{"@id":"https:\/\/instituciones.gtm.sld.cu\/hppap\/#organization"},"potentialAction":[{"@type":"SearchAction","target":{"@type":"EntryPoint","urlTemplate":"https:\/\/instituciones.gtm.sld.cu\/hppap\/?s={search_term_string}"},"query-input":"required name=search_term_string"}],"inLanguage":"es"},{"@type":"Organization","@id":"https:\/\/instituciones.gtm.sld.cu\/hppap\/#organization","name":"Hospital Pedi\u00e1trico \"Pedro Agust\u00edn P\u00e9rez\"","url":"https:\/\/instituciones.gtm.sld.cu\/hppap\/","logo":{"@type":"ImageObject","inLanguage":"es","@id":"https:\/\/instituciones.gtm.sld.cu\/hppap\/#\/schema\/logo\/image\/","url":"https:\/\/instituciones.gtm.sld.cu\/hppap\/wp-content\/uploads\/sites\/37\/2024\/05\/299145640_582996300017682_8206920265837739482_n-1.jpg","contentUrl":"https:\/\/instituciones.gtm.sld.cu\/hppap\/wp-content\/uploads\/sites\/37\/2024\/05\/299145640_582996300017682_8206920265837739482_n-1.jpg","width":960,"height":479,"caption":"Hospital Pedi\u00e1trico \"Pedro Agust\u00edn P\u00e9rez\""},"image":{"@id":"https:\/\/instituciones.gtm.sld.cu\/hppap\/#\/schema\/logo\/image\/"}}]}},"_links":{"self":[{"href":"https:\/\/instituciones.gtm.sld.cu\/hppap\/wp-json\/wp\/v2\/pages\/548"}],"collection":[{"href":"https:\/\/instituciones.gtm.sld.cu\/hppap\/wp-json\/wp\/v2\/pages"}],"about":[{"href":"https:\/\/instituciones.gtm.sld.cu\/hppap\/wp-json\/wp\/v2\/types\/page"}],"author":[{"embeddable":true,"href":"https:\/\/instituciones.gtm.sld.cu\/hppap\/wp-json\/wp\/v2\/users\/18"}],"replies":[{"embeddable":true,"href":"https:\/\/instituciones.gtm.sld.cu\/hppap\/wp-json\/wp\/v2\/comments?post=548"}],"version-history":[{"count":1,"href":"https:\/\/instituciones.gtm.sld.cu\/hppap\/wp-json\/wp\/v2\/pages\/548\/revisions"}],"predecessor-version":[{"id":2616,"href":"https:\/\/instituciones.gtm.sld.cu\/hppap\/wp-json\/wp\/v2\/pages\/548\/revisions\/2616"}],"wp:attachment":[{"href":"https:\/\/instituciones.gtm.sld.cu\/hppap\/wp-json\/wp\/v2\/media?parent=548"}],"curies":[{"name":"wp","href":"https:\/\/api.w.org\/{rel}","templated":true}]}}